{"id":785,"date":"2016-10-21T12:46:46","date_gmt":"2016-10-21T17:46:46","guid":{"rendered":"http:\/\/www.imer.mx\/yucatanfm\/?page_id=785"},"modified":"2019-02-18T12:01:08","modified_gmt":"2019-02-18T18:01:08","slug":"haciendo-negocios","status":"publish","type":"page","link":"https:\/\/www.imer.mx\/yucatanfm\/programas\/haciendo-negocios\/","title":{"rendered":"Haciendo negocios"},"content":{"rendered":"<p>Finanzas para todos, orientaci\u00f3n econ\u00f3mica y fiscal para cualquier emprendedor.<\/p>\n<p>Periodicidad: Todos los martes<\/p>\n<p>Horario: 10:00 de la ma\u00f1ana.<\/p>\n","protected":false},"excerpt":{"rendered":"<p>Finanzas para todos, orientaci\u00f3n econ\u00f3mica y fiscal para cualquier emprendedor. Periodicidad: Todos los martes Horario: 10:00 de la ma\u00f1ana.<\/p>\n","protected":false},"author":26,"featured_media":0,"parent":45,"menu_order":0,"comment_status":"closed","ping_status":"closed","template":"","meta":{"wp_popup_display_lightbox":0,"wp_popup_suppress":"","wp_popup_trigger":"","wp_popup_trigger_amount":0,"wp_popup_disable_on_mobile":false,"footnotes":""},"class_list":["post-785","page","type-page","status-publish","hentry","description-off"],"_links":{"self":[{"href":"https:\/\/www.imer.mx\/yucatanfm\/wp-json\/wp\/v2\/pages\/785","targetHints":{"allow":["GET"]}}],"collection":[{"href":"https:\/\/www.imer.mx\/yucatanfm\/wp-json\/wp\/v2\/pages"}],"about":[{"href":"https:\/\/www.imer.mx\/yucatanfm\/wp-json\/wp\/v2\/types\/page"}],"author":[{"embeddable":true,"href":"https:\/\/www.imer.mx\/yucatanfm\/wp-json\/wp\/v2\/users\/26"}],"replies":[{"embeddable":true,"href":"https:\/\/www.imer.mx\/yucatanfm\/wp-json\/wp\/v2\/comments?post=785"}],"version-history":[{"count":0,"href":"https:\/\/www.imer.mx\/yucatanfm\/wp-json\/wp\/v2\/pages\/785\/revisions"}],"up":[{"embeddable":true,"href":"https:\/\/www.imer.mx\/yucatanfm\/wp-json\/wp\/v2\/pages\/45"}],"wp:attachment":[{"href":"https:\/\/www.imer.mx\/yucatanfm\/wp-json\/wp\/v2\/media?parent=785"}],"curies":[{"name":"wp","href":"https:\/\/api.w.org\/{rel}","templated":true}]}}