{"id":487,"date":"2014-05-23T18:23:39","date_gmt":"2014-05-23T23:23:39","guid":{"rendered":"http:\/\/www.imer.mx\/yucatanfm\/?page_id=487"},"modified":"2019-09-13T12:29:06","modified_gmt":"2019-09-13T17:29:06","slug":"todas-las-voces-del-mundo","status":"publish","type":"page","link":"https:\/\/www.imer.mx\/yucatanfm\/programas\/todas-las-voces-del-mundo\/","title":{"rendered":"Todas las voces del mundo"},"content":{"rendered":"<p>Recordar a interpretes internacionales que se hicieron famosos durante las d\u00e9cadas de los 40\u2019s a los 60\u2019s.<\/p>\n<p>Conductora: Mtra. Elide\u00e9 Soberanis.<\/p>\n<p>Mi\u00e9rcoles a las 16:00 horas y los domingos a las 10:00 horas.<\/p>\n<p><strong>PODCAST<\/strong><br \/>\n&#8220;Georgie Fame &#8221;<br \/>\nLas mejores melod\u00edas del m\u00fasico brit\u00e1nico Georgie Fame<br \/>\nFecha de transmisi\u00f3n: 19 octubre 2016<\/p>\n<audio class=\"wp-audio-shortcode\" id=\"audio-487-1\" preload=\"none\" style=\"width: 100%;\" controls=\"controls\"><source type=\"audio\/mpeg\" src=\"https:\/\/www.imer.mx\/yucatanfm\/wp-content\/uploads\/sites\/21\/TLV19102016_Georgy_Fame.mp3?_=1\" \/><a href=\"https:\/\/www.imer.mx\/yucatanfm\/wp-content\/uploads\/sites\/21\/TLV19102016_Georgy_Fame.mp3\">https:\/\/www.imer.mx\/yucatanfm\/wp-content\/uploads\/sites\/21\/TLV19102016_Georgy_Fame.mp3<\/a><\/audio>\n<p>&#8220;Nigeria independiente&#8221;<br \/>\n<em>M\u00fasica de la Nigeria independiente de los a\u00f1os sesenta<\/em><br \/>\nFecha de transmisi\u00f3n: 12 octubre 2016<\/p>\n<audio class=\"wp-audio-shortcode\" id=\"audio-487-2\" preload=\"none\" style=\"width: 100%;\" controls=\"controls\"><source type=\"audio\/mpeg\" src=\"https:\/\/www.imer.mx\/yucatanfm\/wp-content\/uploads\/sites\/21\/Nigeria-independiente.mp3?_=2\" \/><a href=\"https:\/\/www.imer.mx\/yucatanfm\/wp-content\/uploads\/sites\/21\/Nigeria-independiente.mp3\">https:\/\/www.imer.mx\/yucatanfm\/wp-content\/uploads\/sites\/21\/Nigeria-independiente.mp3<\/a><\/audio>\n","protected":false},"excerpt":{"rendered":"<p>Recordar a interpretes internacionales que se hicieron famosos durante las d\u00e9cadas de los 40\u2019s a los 60\u2019s. Conductora: Mtra. Elide\u00e9 Soberanis. Mi\u00e9rcoles a las 16:00 horas y los domingos a las 10:00 horas. PODCAST &#8220;Georgie Fame &#8221; Las mejores melod\u00edas del m\u00fasico brit\u00e1nico Georgie Fame Fecha de transmisi\u00f3n: 19 octubre 2016 &#8220;Nigeria independiente&#8221; M\u00fasica de&hellip;<\/p>\n","protected":false},"author":1,"featured_media":0,"parent":45,"menu_order":0,"comment_status":"open","ping_status":"closed","template":"","meta":{"wp_popup_display_lightbox":0,"wp_popup_suppress":"","wp_popup_trigger":"","wp_popup_trigger_amount":0,"wp_popup_disable_on_mobile":false,"footnotes":""},"class_list":["post-487","page","type-page","status-publish","hentry","description-off"],"_links":{"self":[{"href":"https:\/\/www.imer.mx\/yucatanfm\/wp-json\/wp\/v2\/pages\/487","targetHints":{"allow":["GET"]}}],"collection":[{"href":"https:\/\/www.imer.mx\/yucatanfm\/wp-json\/wp\/v2\/pages"}],"about":[{"href":"https:\/\/www.imer.mx\/yucatanfm\/wp-json\/wp\/v2\/types\/page"}],"author":[{"embeddable":true,"href":"https:\/\/www.imer.mx\/yucatanfm\/wp-json\/wp\/v2\/users\/1"}],"replies":[{"embeddable":true,"href":"https:\/\/www.imer.mx\/yucatanfm\/wp-json\/wp\/v2\/comments?post=487"}],"version-history":[{"count":0,"href":"https:\/\/www.imer.mx\/yucatanfm\/wp-json\/wp\/v2\/pages\/487\/revisions"}],"up":[{"embeddable":true,"href":"https:\/\/www.imer.mx\/yucatanfm\/wp-json\/wp\/v2\/pages\/45"}],"wp:attachment":[{"href":"https:\/\/www.imer.mx\/yucatanfm\/wp-json\/wp\/v2\/media?parent=487"}],"curies":[{"name":"wp","href":"https:\/\/api.w.org\/{rel}","templated":true}]}}