{"id":4603,"date":"2016-06-29T17:12:49","date_gmt":"2016-06-29T17:12:49","guid":{"rendered":"http:\/\/www.imer.mx\/xeb\/?page_id=4603"},"modified":"2019-09-12T14:09:13","modified_gmt":"2019-09-12T19:09:13","slug":"conversaciones-sobre-historia-constitucional","status":"publish","type":"page","link":"https:\/\/www.imer.mx\/xeb\/series\/conversaciones-sobre-historia-constitucional\/","title":{"rendered":"Historia del pueblo mexicano"},"content":{"rendered":"<p>Un programa que busca entender las grandes transformaciones nacionales a trav\u00e9s de sus principales actores: los pueblos y la sociedad mexicana.<\/p>\n<p>S\u00e1bados 9:00 horas.<\/p>\n<p>Conducen: Pedro Agust\u00edn Salmer\u00f3n y Felipe \u00c1vila.<\/p>\n","protected":false},"excerpt":{"rendered":"<p>Un programa que busca entender las grandes transformaciones nacionales a trav\u00e9s de sus principales actores: los pueblos y la sociedad mexicana. S\u00e1bados 9:00 horas. Conducen: Pedro Agust\u00edn Salmer\u00f3n y Felipe \u00c1vila.<\/p>\n","protected":false},"author":17,"featured_media":5763,"parent":111,"menu_order":0,"comment_status":"closed","ping_status":"closed","template":"","meta":{"wp_popup_display_lightbox":0,"wp_popup_suppress":"","wp_popup_trigger":"","wp_popup_trigger_amount":0,"wp_popup_disable_on_mobile":false,"footnotes":""},"class_list":["post-4603","page","type-page","status-publish","has-post-thumbnail","hentry","description-off"],"_links":{"self":[{"href":"https:\/\/www.imer.mx\/xeb\/wp-json\/wp\/v2\/pages\/4603","targetHints":{"allow":["GET"]}}],"collection":[{"href":"https:\/\/www.imer.mx\/xeb\/wp-json\/wp\/v2\/pages"}],"about":[{"href":"https:\/\/www.imer.mx\/xeb\/wp-json\/wp\/v2\/types\/page"}],"author":[{"embeddable":true,"href":"https:\/\/www.imer.mx\/xeb\/wp-json\/wp\/v2\/users\/17"}],"replies":[{"embeddable":true,"href":"https:\/\/www.imer.mx\/xeb\/wp-json\/wp\/v2\/comments?post=4603"}],"version-history":[{"count":0,"href":"https:\/\/www.imer.mx\/xeb\/wp-json\/wp\/v2\/pages\/4603\/revisions"}],"up":[{"embeddable":true,"href":"https:\/\/www.imer.mx\/xeb\/wp-json\/wp\/v2\/pages\/111"}],"wp:featuredmedia":[{"embeddable":true,"href":"https:\/\/www.imer.mx\/xeb\/wp-json\/wp\/v2\/media\/5763"}],"wp:attachment":[{"href":"https:\/\/www.imer.mx\/xeb\/wp-json\/wp\/v2\/media?parent=4603"}],"curies":[{"name":"wp","href":"https:\/\/api.w.org\/{rel}","templated":true}]}}