{"id":3908,"date":"2013-06-10T18:31:12","date_gmt":"2013-06-10T18:31:12","guid":{"rendered":"http:\/\/tropicalisima.imer.gob.mx\/wordpress\/?page_id=3908"},"modified":"2022-03-14T17:51:39","modified_gmt":"2022-03-14T23:51:39","slug":"salon-cubano","status":"publish","type":"page","link":"https:\/\/www.imer.mx\/tropicalisima\/programas\/salon-cubano\/","title":{"rendered":"Sal\u00f3n Cubano"},"content":{"rendered":"<div class=\"wpb-content-wrapper\"><p>[vc_row][vc_column width=&#8221;1\/2&#8243;][vc_single_image image=&#8221;17482&#8243; img_size=&#8221;full&#8221;][\/vc_column][vc_column width=&#8221;1\/2&#8243;][vc_column_text]<\/p>\n<p>Cuba es y ha sido una f\u00e1brica exportadora de m\u00fasica; su riqueza mel\u00f3dica ha llevado al son caribe\u00f1o a todos los rincones del mundo, entre ellos a M\u00e9xico.<\/p>\n<p>Escucha lo mejor de la m\u00fasica cubana: son, guaracha, chang\u00fc\u00ed, timba, rumba y mucho m\u00e1s. Un oasis en medio de la ca\u00f3tica ciudad; eso es Sal\u00f3n Cubano.<\/p>\n<p>&nbsp;<\/p>\n<p><strong>Lunes a viernes:<\/strong> 11:00 horas<\/p>\n<p><strong>Conduce:<\/strong> Montserrat Arroyo[\/vc_column_text][\/vc_column][\/vc_row][vc_row full_width=&#8221;stretch_row&#8221; parallax=&#8221;content-moving-fade&#8221; parallax_image=&#8221;17335&#8243;][vc_column][vc_empty_space height=&#8221;80px&#8221;][\/vc_column][\/vc_row]<\/p>\n<\/div>","protected":false},"excerpt":{"rendered":"<p>[vc_row][vc_column width=&#8221;1\/2&#8243;][vc_single_image image=&#8221;17482&#8243; img_size=&#8221;full&#8221;][\/vc_column][vc_column width=&#8221;1\/2&#8243;][vc_column_text] Cuba es y ha sido una f\u00e1brica exportadora de m\u00fasica; su riqueza mel\u00f3dica ha llevado al son caribe\u00f1o a todos los rincones del mundo, entre ellos a M\u00e9xico. Escucha lo mejor de la m\u00fasica cubana: son, guaracha, chang\u00fc\u00ed, timba, rumba y mucho m\u00e1s. Un oasis en medio de la ca\u00f3tica&hellip;<\/p>\n","protected":false},"author":1,"featured_media":17482,"parent":13574,"menu_order":0,"comment_status":"closed","ping_status":"open","template":"","meta":{"wp_popup_display_lightbox":0,"wp_popup_suppress":"","wp_popup_trigger":"","wp_popup_trigger_amount":0,"wp_popup_disable_on_mobile":false,"footnotes":""},"class_list":["post-3908","page","type-page","status-publish","has-post-thumbnail","hentry","description-off"],"_links":{"self":[{"href":"https:\/\/www.imer.mx\/tropicalisima\/wp-json\/wp\/v2\/pages\/3908","targetHints":{"allow":["GET"]}}],"collection":[{"href":"https:\/\/www.imer.mx\/tropicalisima\/wp-json\/wp\/v2\/pages"}],"about":[{"href":"https:\/\/www.imer.mx\/tropicalisima\/wp-json\/wp\/v2\/types\/page"}],"author":[{"embeddable":true,"href":"https:\/\/www.imer.mx\/tropicalisima\/wp-json\/wp\/v2\/users\/1"}],"replies":[{"embeddable":true,"href":"https:\/\/www.imer.mx\/tropicalisima\/wp-json\/wp\/v2\/comments?post=3908"}],"version-history":[{"count":0,"href":"https:\/\/www.imer.mx\/tropicalisima\/wp-json\/wp\/v2\/pages\/3908\/revisions"}],"up":[{"embeddable":true,"href":"https:\/\/www.imer.mx\/tropicalisima\/wp-json\/wp\/v2\/pages\/13574"}],"wp:featuredmedia":[{"embeddable":true,"href":"https:\/\/www.imer.mx\/tropicalisima\/wp-json\/wp\/v2\/media\/17482"}],"wp:attachment":[{"href":"https:\/\/www.imer.mx\/tropicalisima\/wp-json\/wp\/v2\/media?parent=3908"}],"curies":[{"name":"wp","href":"https:\/\/api.w.org\/{rel}","templated":true}]}}