{"id":9426,"date":"2014-06-09T09:51:26","date_gmt":"2014-06-09T14:51:26","guid":{"rendered":"http:\/\/www.imer.mx\/rmi\/?page_id=9426"},"modified":"2014-12-09T13:18:00","modified_gmt":"2014-12-09T19:18:00","slug":"historia-de-las-mujeres-en-mexico","status":"publish","type":"page","link":"https:\/\/www.imer.mx\/rmi\/programas-ant\/historia-de-las-mujeres-en-mexico\/","title":{"rendered":"Historia de las mujeres en M\u00e9xico"},"content":{"rendered":"<p><a href=\"https:\/\/www.imer.mx\/rmi\/wp-content\/uploads\/sites\/3\/2014\/06\/sldr_historia_mujeres_mexico_nvo_horario.jpg\"><img loading=\"lazy\" decoding=\"async\" class=\"alignleft wp-image-9415 size-thumbnail\" src=\"https:\/\/www.imer.mx\/rmi\/wp-content\/uploads\/sites\/3\/2014\/06\/avatar_historia_mujeres_mexico-150x150.jpg\" alt=\"avatar_historia_mujeres_mexico\" width=\"150\" height=\"150\" srcset=\"https:\/\/www.imer.mx\/rmi\/wp-content\/uploads\/sites\/3\/2014\/06\/avatar_historia_mujeres_mexico-150x150.jpg 150w, https:\/\/www.imer.mx\/rmi\/wp-content\/uploads\/sites\/3\/2014\/06\/avatar_historia_mujeres_mexico.jpg 300w\" sizes=\"auto, (max-width: 150px) 100vw, 150px\" \/><\/a>Contar la historia de las mujeres en M\u00e9xico no es cosa sencilla, y no porque su presencia en los acontecimientos m\u00e1s trascendentes de nuestro pa\u00eds sea menor, sino porque existe poca documentaci\u00f3n que recoja, que narre, sus acciones y sus esfuerzos. Quienes se han abocado a reconstruir la historia de las mujeres en M\u00e9xico son investigadores que, con gran sensibilidad y rigor, nos est\u00e1n abriendo la posibilidad de escuchar una enorme cantidad de voces que hab\u00edan quedado ocultas en el pasado\u2026 <em>Historia de las Mujeres en M\u00e9xico<\/em> es un esfuerzo conjunto del IMER y el Instituto Nacional de Estudios Hist\u00f3ricos de las Revoluciones de M\u00e9xico (INEHRM) para abrir un foro para esas historias. Este programa es conducido por Tessa Uribe quien, semana a semana, conversa con diversos historiadores sobre la huella y la vida de alguna mujer en particular: La Malinche, Leona Vicario, Hermila Galindo, Sor Juana In\u00e9s de la Cruz, la Emperatriz Carlota, Margarita Paz Paredes, Remedios Varo, todas ellas y muchas m\u00e1s se har\u00e1n presentes en esta serie\u2026 <em>Historia de las mujeres en M\u00e9xico<\/em>, esc\u00fachalo todos los jueves a las 20:00 hrs (hcM) en <a href=\"https:\/\/www.imer.mx\/rmi\">www.imer.mx\/rmi<\/a> o en radio digital en el 105.7 canal HD2. Radio M\u00e9xico Internacional: armon\u00edas, sonidos y palabras de M\u00e9xico&#8230;<br \/>\n&nbsp;<br \/>\n<object width=\"600\" height=\"253\" classid=\"clsid:d27cdb6e-ae6d-11cf-96b8-444553540000\" codebase=\"http:\/\/download.macromedia.com\/pub\/shockwave\/cabs\/flash\/swflash.cab#version=6,0,40,0\"><param name=\"flashvars\" value=\"file=https:\/\/www.imer.mx\/phpwrappers\/podcast\/apitrck\/uploads\/350\/playlistpodcastimer.xml&amp;displayheight=0&amp;volume=80&amp;autostart=false&amp;repeat=false&amp;shuffle=false&amp;showeq=false&amp;showdigits=true&amp;autoscroll=false&amp;thumbsinplaylist=false&amp;lightcolor=0xDFFBDC&amp;backcolor=0xe83832&amp;frontcolor=0xFFFFFF\" \/><param name=\"src\" value=\"https:\/\/www.imer.mx\/phpwrappers\/podcast\/apitrck\/uploads\/350\/mp3player.swf\" \/><embed width=\"600\" height=\"253\" type=\"application\/x-shockwave-flash\" src=\"https:\/\/www.imer.mx\/phpwrappers\/podcast\/apitrck\/uploads\/350\/mp3player.swf\" flashvars=\"file=https:\/\/www.imer.mx\/phpwrappers\/podcast\/apitrck\/uploads\/350\/playlistpodcastimer.xml&amp;displayheight=0&amp;volume=80&amp;autostart=false&amp;repeat=false&amp;shuffle=false&amp;showeq=false&amp;showdigits=true&amp;autoscroll=false&amp;thumbsinplaylist=false&amp;lightcolor=0xDFFBDC&amp;backcolor=0xe83832&amp;frontcolor=0xFFFFFF\" \/><\/object><\/p>\n<p>&nbsp;<\/p>\n","protected":false},"excerpt":{"rendered":"<p>Contar la historia de las mujeres en M\u00e9xico no es cosa sencilla, y no porque su presencia en los acontecimientos m\u00e1s trascendentes de nuestro pa\u00eds sea menor, sino porque existe poca documentaci\u00f3n que recoja, que narre, sus acciones y sus esfuerzos. Quienes se han abocado a reconstruir la historia de las mujeres en M\u00e9xico son&hellip;<\/p>\n","protected":false},"author":19,"featured_media":9415,"parent":26,"menu_order":0,"comment_status":"closed","ping_status":"open","template":"","meta":{"wp_popup_display_lightbox":0,"wp_popup_suppress":"","wp_popup_trigger":"","wp_popup_trigger_amount":0,"wp_popup_disable_on_mobile":false,"footnotes":""},"class_list":["post-9426","page","type-page","status-publish","has-post-thumbnail","hentry","description-off"],"_links":{"self":[{"href":"https:\/\/www.imer.mx\/rmi\/wp-json\/wp\/v2\/pages\/9426","targetHints":{"allow":["GET"]}}],"collection":[{"href":"https:\/\/www.imer.mx\/rmi\/wp-json\/wp\/v2\/pages"}],"about":[{"href":"https:\/\/www.imer.mx\/rmi\/wp-json\/wp\/v2\/types\/page"}],"author":[{"embeddable":true,"href":"https:\/\/www.imer.mx\/rmi\/wp-json\/wp\/v2\/users\/19"}],"replies":[{"embeddable":true,"href":"https:\/\/www.imer.mx\/rmi\/wp-json\/wp\/v2\/comments?post=9426"}],"version-history":[{"count":0,"href":"https:\/\/www.imer.mx\/rmi\/wp-json\/wp\/v2\/pages\/9426\/revisions"}],"up":[{"embeddable":true,"href":"https:\/\/www.imer.mx\/rmi\/wp-json\/wp\/v2\/pages\/26"}],"wp:featuredmedia":[{"embeddable":true,"href":"https:\/\/www.imer.mx\/rmi\/wp-json\/wp\/v2\/media\/9415"}],"wp:attachment":[{"href":"https:\/\/www.imer.mx\/rmi\/wp-json\/wp\/v2\/media?parent=9426"}],"curies":[{"name":"wp","href":"https:\/\/api.w.org\/{rel}","templated":true}]}}