{"id":9413,"date":"2014-06-06T13:13:12","date_gmt":"2014-06-06T18:13:12","guid":{"rendered":"http:\/\/www.imer.mx\/rmi\/?page_id=9413"},"modified":"2015-01-13T18:40:54","modified_gmt":"2015-01-14T00:40:54","slug":"oye-corazon","status":"publish","type":"page","link":"https:\/\/www.imer.mx\/rmi\/oye-corazon\/","title":{"rendered":"Oye, coraz\u00f3n&#8230;"},"content":{"rendered":"<p><a href=\"https:\/\/www.imer.mx\/rmi\/wp-content\/uploads\/sites\/3\/2014\/06\/avatar_oye_corazon.jpg\"><img loading=\"lazy\" decoding=\"async\" class=\"alignleft wp-image-9416 size-full\" src=\"https:\/\/www.imer.mx\/rmi\/wp-content\/uploads\/sites\/3\/2014\/06\/avatar_oye_corazon.jpg\" alt=\"avatar_oye_corazon\" width=\"300\" height=\"300\" srcset=\"https:\/\/www.imer.mx\/rmi\/wp-content\/uploads\/sites\/3\/2014\/06\/avatar_oye_corazon.jpg 300w, https:\/\/www.imer.mx\/rmi\/wp-content\/uploads\/sites\/3\/2014\/06\/avatar_oye_corazon-150x150.jpg 150w\" sizes=\"auto, (max-width: 300px) 100vw, 300px\" \/><\/a>Hay canciones que le hablan al coraz\u00f3n, que conocen su leguaje\u2026 Son canciones que, aunque pase el tiempo, aunque cambien las \u00e9pocas, nunca dejar\u00e1n de estar de moda y prestar\u00e1n por siempre sus palabras y sus notas al amor y al desamor.<\/p>\n<p><em>Oye Coraz\u00f3n<\/em>\u2026 es una serie dedicada a esas canciones, las canciones rom\u00e1nticas de M\u00e9xico y a todos los hombres y mujeres que las crearon. A trav\u00e9s de estos programas conoceremos las historias de esas composiciones y las an\u00e9cdotas y trayectos de vida de quienes, a trav\u00e9s del tiempo, han sabido combinar, con maestr\u00eda y pasi\u00f3n, lo mejor de la m\u00fasica, la poes\u00eda y el sentimiento: Mar\u00eda Greever, Gonzalo Curiel, Agust\u00edn Lara, Alberto Dom\u00ednguez, Consuelo Vel\u00e1squez y muchos, muchos m\u00e1s. <em>Oye Coraz\u00f3n\u2026<\/em> todos los\u00a0lunes y viernes\u00a0a las\u00a003:00 y a las\u00a018:00 (hcM) a trav\u00e9s de RMI: <a href=\"https:\/\/www.imer.mx\/rmi\">www.imer.mx\/rmi<\/a> y 105.7 canal HD2 en radio digital. Radio M\u00e9xico Internacional: armon\u00edas, sonidos y palabras de M\u00e9xico\u2026<\/p>\n<p><object width=\"620\" height=\"253\" classid=\"clsid:d27cdb6e-ae6d-11cf-96b8-444553540000\" codebase=\"http:\/\/download.macromedia.com\/pub\/shockwave\/cabs\/flash\/swflash.cab#version=6,0,40,0\"><param name=\"flashvars\" value=\"file=https:\/\/www.imer.mx\/phpwrappers\/podcast\/apitrck\/uploads\/366\/playlistpodcastimer.xml&amp;displayheight=0&amp;volume=80&amp;autostart=false&amp;repeat=false&amp;shuffle=false&amp;showeq=false&amp;showdigits=true&amp;autoscroll=false&amp;thumbsinplaylist=false&amp;lightcolor=0xDFFBDC&amp;backcolor=0xe83832&amp;frontcolor=0xFFFFFF\" \/><param name=\"src\" value=\"https:\/\/www.imer.mx\/phpwrappers\/podcast\/apitrck\/uploads\/366\/mp3player.swf\" \/><embed width=\"620\" height=\"253\" type=\"application\/x-shockwave-flash\" src=\"https:\/\/www.imer.mx\/phpwrappers\/podcast\/apitrck\/uploads\/366\/mp3player.swf\" flashvars=\"file=https:\/\/www.imer.mx\/phpwrappers\/podcast\/apitrck\/uploads\/366\/playlistpodcastimer.xml&amp;displayheight=0&amp;volume=80&amp;autostart=false&amp;repeat=false&amp;shuffle=false&amp;showeq=false&amp;showdigits=true&amp;autoscroll=false&amp;thumbsinplaylist=false&amp;lightcolor=0xDFFBDC&amp;backcolor=0xe83832&amp;frontcolor=0xFFFFFF\" \/><\/object><\/p>\n","protected":false},"excerpt":{"rendered":"<p>Hay canciones que le hablan al coraz\u00f3n, que conocen su leguaje\u2026 Son canciones que, aunque pase el tiempo, aunque cambien las \u00e9pocas, nunca dejar\u00e1n de estar de moda y prestar\u00e1n por siempre sus palabras y sus notas al amor y al desamor. Oye Coraz\u00f3n\u2026 es una serie dedicada a esas canciones, las canciones rom\u00e1nticas de&hellip;<\/p>\n","protected":false},"author":19,"featured_media":0,"parent":0,"menu_order":0,"comment_status":"closed","ping_status":"open","template":"","meta":{"wp_popup_display_lightbox":0,"wp_popup_suppress":"","wp_popup_trigger":"","wp_popup_trigger_amount":0,"wp_popup_disable_on_mobile":false,"footnotes":""},"class_list":["post-9413","page","type-page","status-publish","hentry","description-off"],"_links":{"self":[{"href":"https:\/\/www.imer.mx\/rmi\/wp-json\/wp\/v2\/pages\/9413","targetHints":{"allow":["GET"]}}],"collection":[{"href":"https:\/\/www.imer.mx\/rmi\/wp-json\/wp\/v2\/pages"}],"about":[{"href":"https:\/\/www.imer.mx\/rmi\/wp-json\/wp\/v2\/types\/page"}],"author":[{"embeddable":true,"href":"https:\/\/www.imer.mx\/rmi\/wp-json\/wp\/v2\/users\/19"}],"replies":[{"embeddable":true,"href":"https:\/\/www.imer.mx\/rmi\/wp-json\/wp\/v2\/comments?post=9413"}],"version-history":[{"count":0,"href":"https:\/\/www.imer.mx\/rmi\/wp-json\/wp\/v2\/pages\/9413\/revisions"}],"wp:attachment":[{"href":"https:\/\/www.imer.mx\/rmi\/wp-json\/wp\/v2\/media?parent=9413"}],"curies":[{"name":"wp","href":"https:\/\/api.w.org\/{rel}","templated":true}]}}