{"id":82,"date":"2011-02-17T01:59:13","date_gmt":"2011-02-17T07:59:13","guid":{"rendered":"http:\/\/radiomexicointernacional.imer.gob.mx\/wordpress\/elevacion-y-folia\/"},"modified":"2023-12-14T10:08:13","modified_gmt":"2023-12-14T16:08:13","slug":"elevacion-y-folia","status":"publish","type":"page","link":"https:\/\/www.imer.mx\/rmi\/programas-ant\/elevacion-y-folia\/","title":{"rendered":"Elevaci\u00f3n y fol\u00eda con Ra\u00fal Zambrano."},"content":{"rendered":"<p><img loading=\"lazy\" decoding=\"async\" class=\"alignleft size-full wp-image-81\" src=\"https:\/\/www.imer.mx\/rmi\/wp-content\/uploads\/sites\/3\/2011\/02\/08elevacionyfolia.png\" alt=\"Elevaci\u00f3n y fol\u00eda\" width=\"121\" height=\"122\" \/>Captar la atenci\u00f3n del auditorio que gusta de la buena m\u00fasica, es una de las principales virtudes de esta serie. Los conocimientos y la conducci\u00f3n del maestro Ra\u00fal Zambrano, son sin duda aspectos que la hacen m\u00e1s atractiva. Con un lenguaje ameno y sencillo, Zambrano nos conduce por los momentos hist\u00f3ricos en que las obras fueron creadas, y nos deleita con fragmentos maravillosos de las mismas.<\/p>\n<p>Una serie que se vuelve disfrute pleno para todos los oyentes.<\/p>\n<div id=\"audioigniter-24265\" class=\"audioigniter-root \" data-player-type=\"full\" data-tracks-url=\"https:\/\/www.imer.mx\/rmi\/?audioigniter_playlist_id=24265\" data-display-track-no=\"false\" data-reverse-track-order=\"true\" data-display-tracklist-covers=\"false\" data-display-active-cover=\"false\" data-display-artist-names=\"true\" data-display-buy-buttons=\"false\" data-buy-buttons-target=\"false\" data-cycle-tracks=\"false\" data-display-credits=\"false\" data-display-tracklist=\"true\" data-allow-tracklist-toggle=\"true\" data-allow-tracklist-loop=\"true\" data-limit-tracklist-height=\"true\" data-volume=\"100\" data-tracklist-height=\"300\" ><\/div>\n","protected":false},"excerpt":{"rendered":"<p><img loading=\"lazy\" decoding=\"async\" alt=\"Elevaci\u00f3n y fol\u00eda\" src=\"http:\/\/radiomexicointernacional.imer.gob.mx\/wordpress\/wp-content\/uploads\/08elevacionyfolia.png\" height=\"122\" width=\"121\" \/><\/p>\n","protected":false},"author":1,"featured_media":81,"parent":26,"menu_order":0,"comment_status":"closed","ping_status":"closed","template":"","meta":{"wp_popup_display_lightbox":0,"wp_popup_suppress":"","wp_popup_trigger":"","wp_popup_trigger_amount":0,"wp_popup_disable_on_mobile":false,"footnotes":""},"class_list":["post-82","page","type-page","status-publish","has-post-thumbnail","hentry","description-off"],"_links":{"self":[{"href":"https:\/\/www.imer.mx\/rmi\/wp-json\/wp\/v2\/pages\/82","targetHints":{"allow":["GET"]}}],"collection":[{"href":"https:\/\/www.imer.mx\/rmi\/wp-json\/wp\/v2\/pages"}],"about":[{"href":"https:\/\/www.imer.mx\/rmi\/wp-json\/wp\/v2\/types\/page"}],"author":[{"embeddable":true,"href":"https:\/\/www.imer.mx\/rmi\/wp-json\/wp\/v2\/users\/1"}],"replies":[{"embeddable":true,"href":"https:\/\/www.imer.mx\/rmi\/wp-json\/wp\/v2\/comments?post=82"}],"version-history":[{"count":0,"href":"https:\/\/www.imer.mx\/rmi\/wp-json\/wp\/v2\/pages\/82\/revisions"}],"up":[{"embeddable":true,"href":"https:\/\/www.imer.mx\/rmi\/wp-json\/wp\/v2\/pages\/26"}],"wp:featuredmedia":[{"embeddable":true,"href":"https:\/\/www.imer.mx\/rmi\/wp-json\/wp\/v2\/media\/81"}],"wp:attachment":[{"href":"https:\/\/www.imer.mx\/rmi\/wp-json\/wp\/v2\/media?parent=82"}],"curies":[{"name":"wp","href":"https:\/\/api.w.org\/{rel}","templated":true}]}}