{"id":283,"date":"2011-06-10T22:52:55","date_gmt":"2011-06-11T03:52:55","guid":{"rendered":"http:\/\/radiomexicointernacional.imer.gob.mx\/wordpress\/mexico-y-sus-historiadores\/"},"modified":"2014-06-20T15:03:19","modified_gmt":"2014-06-20T20:03:19","slug":"mexico-y-sus-historiadores","status":"publish","type":"page","link":"https:\/\/www.imer.mx\/rmi\/mexico-y-sus-historiadores\/","title":{"rendered":"M\u00e9xico y sus historiadores."},"content":{"rendered":"<p><img loading=\"lazy\" decoding=\"async\" class=\"alignleft size-full wp-image-282\" src=\"https:\/\/www.imer.mx\/rmi\/wp-content\/uploads\/sites\/3\/2011\/06\/46mexicoysushistoriadores.jpg\" alt=\"M\u00e9xico y sus historiadores\" width=\"121\" height=\"122\" \/>Un viaje por la historia de nuestro pa\u00eds con la participaci\u00f3n de historiadores del Instituto Nacional de Estudios Hist\u00f3ricos de las Revoluciones de M\u00e9xico.<\/p>\n<p>Conducen el histioriador Pablo Serrano \u00c1lvarez y Elsa Aguilar Casas<\/p>\n<p>&nbsp;<\/p>\n<p>&nbsp;<\/p>\n<p>&nbsp;<\/p>\n<p><object width=\"620\" height=\"253\" classid=\"clsid:d27cdb6e-ae6d-11cf-96b8-444553540000\" codebase=\"http:\/\/download.macromedia.com\/pub\/shockwave\/cabs\/flash\/swflash.cab#version=6,0,40,0\"><param name=\"flashvars\" value=\"file=https:\/\/www.imer.mx\/phpwrappers\/podcast\/apitrck\/uploads\/124\/playlistpodcastimer.xml&amp;displayheight=0&amp;volume=80&amp;autostart=false&amp;repeat=false&amp;shuffle=false&amp;showeq=false&amp;showdigits=true&amp;autoscroll=false&amp;thumbsinplaylist=false&amp;lightcolor=0xDFFBDC&amp;backcolor=0xe83832&amp;frontcolor=0xFFFFFF\" \/><param name=\"src\" value=\"https:\/\/www.imer.mx\/phpwrappers\/podcast\/apitrck\/uploads\/124\/mp3player.swf\" \/><embed width=\"620\" height=\"253\" type=\"application\/x-shockwave-flash\" src=\"https:\/\/www.imer.mx\/phpwrappers\/podcast\/apitrck\/uploads\/124\/mp3player.swf\" flashvars=\"file=https:\/\/www.imer.mx\/phpwrappers\/podcast\/apitrck\/uploads\/124\/playlistpodcastimer.xml&amp;displayheight=0&amp;volume=80&amp;autostart=false&amp;repeat=false&amp;shuffle=false&amp;showeq=false&amp;showdigits=true&amp;autoscroll=false&amp;thumbsinplaylist=false&amp;lightcolor=0xDFFBDC&amp;backcolor=0xe83832&amp;frontcolor=0xFFFFFF\" \/><\/object><\/p>\n","protected":false},"excerpt":{"rendered":"<p><img loading=\"lazy\" decoding=\"async\" style=\"border: 0\" alt=\"M\u00e9xico y sus historiadores\" src=\"http:\/\/radiomexicointernacional.imer.gob.mx\/wordpress\/wp-content\/uploads\/46mexicoysushistoriadores.jpg\" border=\"0\" height=\"122\" width=\"121\" \/><\/p>\n","protected":false},"author":1,"featured_media":282,"parent":0,"menu_order":76,"comment_status":"closed","ping_status":"closed","template":"","meta":{"wp_popup_display_lightbox":0,"wp_popup_suppress":"","wp_popup_trigger":"","wp_popup_trigger_amount":0,"wp_popup_disable_on_mobile":false,"footnotes":""},"class_list":["post-283","page","type-page","status-publish","has-post-thumbnail","hentry","description-off"],"_links":{"self":[{"href":"https:\/\/www.imer.mx\/rmi\/wp-json\/wp\/v2\/pages\/283","targetHints":{"allow":["GET"]}}],"collection":[{"href":"https:\/\/www.imer.mx\/rmi\/wp-json\/wp\/v2\/pages"}],"about":[{"href":"https:\/\/www.imer.mx\/rmi\/wp-json\/wp\/v2\/types\/page"}],"author":[{"embeddable":true,"href":"https:\/\/www.imer.mx\/rmi\/wp-json\/wp\/v2\/users\/1"}],"replies":[{"embeddable":true,"href":"https:\/\/www.imer.mx\/rmi\/wp-json\/wp\/v2\/comments?post=283"}],"version-history":[{"count":0,"href":"https:\/\/www.imer.mx\/rmi\/wp-json\/wp\/v2\/pages\/283\/revisions"}],"wp:featuredmedia":[{"embeddable":true,"href":"https:\/\/www.imer.mx\/rmi\/wp-json\/wp\/v2\/media\/282"}],"wp:attachment":[{"href":"https:\/\/www.imer.mx\/rmi\/wp-json\/wp\/v2\/media?parent=283"}],"curies":[{"name":"wp","href":"https:\/\/api.w.org\/{rel}","templated":true}]}}