{"id":245,"date":"2011-04-16T00:34:06","date_gmt":"2011-04-16T05:34:06","guid":{"rendered":"http:\/\/radiomexicointernacional.imer.gob.mx\/wordpress\/los-mejores-musicos\/"},"modified":"2014-05-19T17:46:56","modified_gmt":"2014-05-19T22:46:56","slug":"los-mejores-musicos","status":"publish","type":"page","link":"https:\/\/www.imer.mx\/rmi\/los-mejores-musicos\/","title":{"rendered":"Los mejores m\u00fasicos IMER"},"content":{"rendered":"<p><img loading=\"lazy\" decoding=\"async\" src=\"https:\/\/www.imer.mx\/rmi\/wp-content\/uploads\/sites\/3\/2011\/04\/44losmejoresmusicos.jpg\" alt=\"44losmejoresmusicos\" width=\"121\" height=\"122\" class=\"alignleft size-full wp-image-244\" \/><\/p>\n<p>Conciertos en vivo con los mejores m\u00fasicos de nuestro pa\u00eds, grabados en el Estudio A del Instituto Mexicano de la Radio. En esta serie se presentan una gran variedad de artistas que dominan diferentes g\u00e9neros musicales, desde el jazz, la salsa, el bolero, la m\u00fasica ranchera y de mariachi, entre otros.<\/p>\n<p>Conducen y amenizan el programa: Armando B\u00e1ez, Germ\u00e1n Palomares, Jaime Almeida y Dagmar Ru\u00edz y en las c\u00e1psulas informativas,\u00a0Manuel del Real.<\/p>\n<p><object width=\"620\" height=\"253\" classid=\"clsid:d27cdb6e-ae6d-11cf-96b8-444553540000\" codebase=\"http:\/\/download.macromedia.com\/pub\/shockwave\/cabs\/flash\/swflash.cab#version=6,0,40,0\"><param name=\"flashvars\" value=\"file=https:\/\/www.imer.mx\/phpwrappers\/podcast\/apitrck\/uploads\/108\/playlistpodcastimer.xml&amp;displayheight=0&amp;volume=80&amp;autostart=false&amp;repeat=false&amp;shuffle=false&amp;showeq=false&amp;showdigits=true&amp;autoscroll=false&amp;thumbsinplaylist=false&amp;lightcolor=0xDFFBDC&amp;backcolor=0xe83832&amp;frontcolor=0xFFFFFF\" \/><param name=\"src\" value=\"https:\/\/www.imer.mx\/phpwrappers\/podcast\/apitrck\/uploads\/108\/mp3player.swf\" \/><embed width=\"620\" height=\"253\" type=\"application\/x-shockwave-flash\" src=\"https:\/\/www.imer.mx\/phpwrappers\/podcast\/apitrck\/uploads\/108\/mp3player.swf\" flashvars=\"file=https:\/\/www.imer.mx\/phpwrappers\/podcast\/apitrck\/uploads\/108\/playlistpodcastimer.xml&amp;displayheight=0&amp;volume=80&amp;autostart=false&amp;repeat=false&amp;shuffle=false&amp;showeq=false&amp;showdigits=true&amp;autoscroll=false&amp;thumbsinplaylist=false&amp;lightcolor=0xDFFBDC&amp;backcolor=0xe83832&amp;frontcolor=0xFFFFFF\" \/><\/object><\/p>\n","protected":false},"excerpt":{"rendered":"<p><img loading=\"lazy\" decoding=\"async\" src=\"http:\/\/radiomexicointernacional.imer.gob.mx\/wordpress\/wp-content\/uploads\/44losmejoresmusicos.jpg\" alt=\"44losmejoresmusicos\" height=\"122\" width=\"121\" \/><\/p>\n","protected":false},"author":1,"featured_media":244,"parent":0,"menu_order":60,"comment_status":"closed","ping_status":"closed","template":"","meta":{"wp_popup_display_lightbox":0,"wp_popup_suppress":"","wp_popup_trigger":"","wp_popup_trigger_amount":0,"wp_popup_disable_on_mobile":false,"footnotes":""},"class_list":["post-245","page","type-page","status-publish","has-post-thumbnail","hentry","description-off"],"_links":{"self":[{"href":"https:\/\/www.imer.mx\/rmi\/wp-json\/wp\/v2\/pages\/245","targetHints":{"allow":["GET"]}}],"collection":[{"href":"https:\/\/www.imer.mx\/rmi\/wp-json\/wp\/v2\/pages"}],"about":[{"href":"https:\/\/www.imer.mx\/rmi\/wp-json\/wp\/v2\/types\/page"}],"author":[{"embeddable":true,"href":"https:\/\/www.imer.mx\/rmi\/wp-json\/wp\/v2\/users\/1"}],"replies":[{"embeddable":true,"href":"https:\/\/www.imer.mx\/rmi\/wp-json\/wp\/v2\/comments?post=245"}],"version-history":[{"count":0,"href":"https:\/\/www.imer.mx\/rmi\/wp-json\/wp\/v2\/pages\/245\/revisions"}],"wp:featuredmedia":[{"embeddable":true,"href":"https:\/\/www.imer.mx\/rmi\/wp-json\/wp\/v2\/media\/244"}],"wp:attachment":[{"href":"https:\/\/www.imer.mx\/rmi\/wp-json\/wp\/v2\/media?parent=245"}],"curies":[{"name":"wp","href":"https:\/\/api.w.org\/{rel}","templated":true}]}}