{"id":19375,"date":"2019-02-13T13:58:36","date_gmt":"2019-02-13T19:58:36","guid":{"rendered":"https:\/\/www.imer.mx\/rmi\/?page_id=19375"},"modified":"2024-01-16T17:35:54","modified_gmt":"2024-01-16T23:35:54","slug":"aromas-semillas-y-mestizaje","status":"publish","type":"page","link":"https:\/\/www.imer.mx\/rmi\/programas-ant\/aromas-semillas-y-mestizaje\/","title":{"rendered":"Aromas, Semillas y Mestizaje"},"content":{"rendered":"<div class=\"wpb-content-wrapper\"><p>[vc_row][vc_column width=&#8221;1\/2&#8243;][vc_custom_heading text=&#8221;Aromas, Semillas y Mestizaje&#8221; google_fonts=&#8221;font_family:Montserrat%3Aregular%2C700|font_style:700%20bold%20regular%3A700%3Anormal&#8221;][vc_empty_space height=&#8221;15px&#8221;][vc_column_text]Una serie radiof\u00f3nica capsular que muestra un recorrido gastron\u00f3mico a trav\u00e9s de los sabores de M\u00e9xico, desde el periodo prehisp\u00e1nico y la \u00e9poca de la conquista, hasta el mestizaje alimentario que result\u00f3 de la mezcla de las culturas ind\u00edgena, europea y africana. Cocina que entrelaza religi\u00f3n, creencias y costumbres de cada rinc\u00f3n de nuestro pa\u00eds y que hoy disfrutamos a lo largo y ancho de la Rep\u00fablica Mexicana.<\/p>\n<p>&nbsp;<\/p>\n<p><span style=\"font-weight: 400;\">Esta serie se transmite a trav\u00e9s de Radio M\u00e9xico Internacional los mi\u00e9rcoles a las 20:15 hrs y los domingos a las 10:00 hrs (tiempo del centro de M\u00e9xico), con una opci\u00f3n para el p\u00fablico de otras regiones horarias los jueves a las 3 AM.\u00a0 <\/span><span style=\"font-weight: 400;\">(Actualmente hay un apartado en la p\u00e1gina de Radio M\u00e9xico, pero est\u00e1n los programas de 15 minutos, no hay nada que diga que son c\u00e1psulas).<\/span><\/p>\n<p>&nbsp;<\/p>\n<p style=\"text-align: left;\"><strong>Mi\u00e9rcoles: <\/strong>21:00 \/ <strong>Jueves: <\/strong>3:00 \/ <strong>Domingo: <\/strong>10:00<\/p>\n<p>&nbsp;<\/p>\n<p style=\"text-align: left;\"><strong>Conductora:<\/strong> Rogelio Castro Hern\u00e1ndez y Miriam Rodr\u00edguez<\/p>\n<p style=\"text-align: left;\"><strong>Producci\u00f3n:<\/strong> Gloria Bazet<\/p>\n<p>[\/vc_column_text][vc_empty_space height=&#8221;15px&#8221;][\/vc_column][vc_column width=&#8221;1\/2&#8243;][vc_column_text]<\/p>\n<div id=\"audioigniter-22757\" class=\"audioigniter-root \" data-player-type=\"full\" data-tracks-url=\"https:\/\/www.imer.mx\/rmi\/?audioigniter_playlist_id=22757\" data-display-track-no=\"true\" data-reverse-track-order=\"true\" data-display-tracklist-covers=\"true\" data-display-active-cover=\"true\" data-display-artist-names=\"true\" data-display-buy-buttons=\"true\" data-buy-buttons-target=\"true\" data-cycle-tracks=\"false\" data-display-credits=\"false\" data-display-tracklist=\"true\" data-allow-tracklist-toggle=\"true\" data-allow-tracklist-loop=\"true\" data-limit-tracklist-height=\"true\" data-volume=\"100\" data-tracklist-height=\"185\" ><\/div>\n<p>[\/vc_column_text][\/vc_column][\/vc_row][vc_row][vc_column][vc_column_text]<\/p>\n<p>[\/vc_column_text][\/vc_column][\/vc_row][vc_row type=&#8221;vc_default&#8221; full_width=&#8221;stretch_row&#8221; disable_element=&#8221;yes&#8221; css=&#8221;.vc_custom_1705448016635{margin-bottom: -50px !important;background-color: #cd3e20 !important;}&#8221;][vc_column width=&#8221;1\/2&#8243;]<div class=\"hr-thin style-line\" style=\"width: 100%;border-top-width: 1px;\"><\/div>[vc_empty_space height=&#8221;15px&#8221;][vc_column_text]<span style=\"color: #ffffff;\">Pr\u00f3ximamente m\u00e1s informaci\u00f3n<\/span>[\/vc_column_text][\/vc_column][vc_column width=&#8221;1\/2&#8243;][vc_single_image image=&#8221;19376&#8243; img_size=&#8221;350&#215;350&#8243; alignment=&#8221;center&#8221; style=&#8221;vc_box_circle_2&#8243;][vc_column_text]<\/p>\n<h4 style=\"text-align: center;\"><span style=\"color: #ffff99;\"><strong>Pr\u00f3ximamente m\u00e1s informaci\u00f3n<\/strong><\/span><\/h4>\n<h5 style=\"text-align: center;\"><span style=\"color: #ffffff;\"><strong>Conductores<\/strong><\/span><\/h5>\n<p>[\/vc_column_text][vc_empty_space height=&#8221;10px&#8221;][\/vc_column][\/vc_row]<\/p>\n<\/div>","protected":false},"excerpt":{"rendered":"<p>[vc_row][vc_column width=&#8221;1\/2&#8243;][vc_custom_heading text=&#8221;Aromas, Semillas y Mestizaje&#8221; google_fonts=&#8221;font_family:Montserrat%3Aregular%2C700|font_style:700%20bold%20regular%3A700%3Anormal&#8221;][vc_empty_space height=&#8221;15px&#8221;][vc_column_text]Una serie radiof\u00f3nica capsular que muestra un recorrido gastron\u00f3mico a trav\u00e9s de los sabores de M\u00e9xico, desde el periodo prehisp\u00e1nico y la \u00e9poca de la conquista, hasta el mestizaje alimentario que result\u00f3 de la mezcla de las culturas ind\u00edgena, europea y africana. Cocina que entrelaza religi\u00f3n, creencias y&hellip;<\/p>\n","protected":false},"author":120,"featured_media":0,"parent":26,"menu_order":0,"comment_status":"closed","ping_status":"closed","template":"","meta":{"wp_popup_display_lightbox":0,"wp_popup_suppress":"","wp_popup_trigger":"","wp_popup_trigger_amount":0,"wp_popup_disable_on_mobile":false,"footnotes":""},"class_list":["post-19375","page","type-page","status-publish","hentry","description-off"],"_links":{"self":[{"href":"https:\/\/www.imer.mx\/rmi\/wp-json\/wp\/v2\/pages\/19375","targetHints":{"allow":["GET"]}}],"collection":[{"href":"https:\/\/www.imer.mx\/rmi\/wp-json\/wp\/v2\/pages"}],"about":[{"href":"https:\/\/www.imer.mx\/rmi\/wp-json\/wp\/v2\/types\/page"}],"author":[{"embeddable":true,"href":"https:\/\/www.imer.mx\/rmi\/wp-json\/wp\/v2\/users\/120"}],"replies":[{"embeddable":true,"href":"https:\/\/www.imer.mx\/rmi\/wp-json\/wp\/v2\/comments?post=19375"}],"version-history":[{"count":0,"href":"https:\/\/www.imer.mx\/rmi\/wp-json\/wp\/v2\/pages\/19375\/revisions"}],"up":[{"embeddable":true,"href":"https:\/\/www.imer.mx\/rmi\/wp-json\/wp\/v2\/pages\/26"}],"wp:attachment":[{"href":"https:\/\/www.imer.mx\/rmi\/wp-json\/wp\/v2\/media?parent=19375"}],"curies":[{"name":"wp","href":"https:\/\/api.w.org\/{rel}","templated":true}]}}