{"id":15168,"date":"2016-07-29T18:34:03","date_gmt":"2016-07-29T23:34:03","guid":{"rendered":"http:\/\/www.imer.mx\/rmi\/?page_id=15168"},"modified":"2016-11-07T17:08:18","modified_gmt":"2016-11-07T23:08:18","slug":"el-periquillo-sarniento","status":"publish","type":"page","link":"https:\/\/www.imer.mx\/rmi\/programas-ant\/el-periquillo-sarniento\/","title":{"rendered":"Celebrando 200 a\u00f1os de la primera novela mexicana: El Periquillo Sarniento de Jos\u00e9 Joaqu\u00edn Fern\u00e1ndez de Lizardi"},"content":{"rendered":"<p class=\"p1\"><span class=\"s1\"><img loading=\"lazy\" decoding=\"async\" class=\"alignleft wp-image-15170 \" src=\"https:\/\/www.imer.mx\/rmi\/wp-content\/uploads\/sites\/3\/2016\/07\/rmi_avatar_elperiquillo_sarniento-300x300.jpg\" alt=\"rmi_avatar_elperiquillo_sarniento\" width=\"220\" height=\"220\" srcset=\"https:\/\/www.imer.mx\/rmi\/wp-content\/uploads\/sites\/3\/2016\/07\/rmi_avatar_elperiquillo_sarniento-300x300.jpg 300w, https:\/\/www.imer.mx\/rmi\/wp-content\/uploads\/sites\/3\/2016\/07\/rmi_avatar_elperiquillo_sarniento-150x150.jpg 150w, https:\/\/www.imer.mx\/rmi\/wp-content\/uploads\/sites\/3\/2016\/07\/rmi_avatar_elperiquillo_sarniento.jpg 600w\" sizes=\"auto, (max-width: 220px) 100vw, 220px\" \/>Publicada<span class=\"Apple-converted-space\">\u00a0 <\/span>en 1816, en una de las etapas m\u00e1s complicadas de la lucha de Independencia<i>,<span class=\"Apple-converted-space\">\u00a0 <\/span>El Periquillo Sarniento<\/i> resulta ser no s\u00f3lo la primera novela mexicana, sino tambi\u00e9n la<span class=\"Apple-converted-space\">\u00a0 <\/span>primera narraci\u00f3n cr\u00edtica, sat\u00edrica y desafiante de la literatura nacional, lo cual resulta extraordinario si pensamos en que apareci\u00f3 en una \u00e9poca en la que, por decreto real, \u201clas historias fingidas\u201d estaban prohibidas y la Inquisici\u00f3n hab\u00eda anulado la libertad de imprenta.<span class=\"Apple-converted-space\">\u00a0 <\/span><i>El Periquillo Sarniento, <\/i>relata la vida de un habitante com\u00fan de<span class=\"Apple-converted-space\">\u00a0 <\/span>los \u00faltimos a\u00f1os de la Nueva Espa\u00f1a, un p\u00edcaro que a base de ingenio, trampas, simulaci\u00f3n y mucha astucia casi siempre consigue lo que quiere.<span class=\"Apple-converted-space\">\u00a0 <\/span>El Instituto Mexicano de la Radio, a trav\u00e9s de Radio M\u00e9xico Internacional, rinde un homenaje sonoro a esta obra bicentenaria y al talento de su autor, Jos\u00e9 Joaqu\u00edn Fern\u00e1ndez de Lizardi, llamado por sus contempor\u00e1neos el Pensador Mexicano, a trav\u00e9s de una serie de 10 c\u00e1psulas radiof\u00f3nicas con fragmentos de la novela <i>El Periquillo Sarniento<\/i>,<i> <\/i>con la participaci\u00f3n del primer actor Joaqu\u00edn Chabl\u00e9 y de Rita Abreu en la narraci\u00f3n. Les invitamos a descubrir, a trav\u00e9s de este relato, la memoria de un M\u00e9xico que estaba a punto de nacer, un M\u00e9xico que, a trav\u00e9s de todos los vicios y virtudes que se reflejan en la vida de Periquillo, nos sigue dando lecciones vigentes que todav\u00eda estamos aprendiendo.<\/span><\/p>\n<p class=\"p1\">Cr\u00e9ditos<\/p>\n<p>Periquillo: Joaqu\u00edn Chabl\u00e9<\/p>\n<p>Narradora: Rita Abreu<\/p>\n<p>Adaptaci\u00f3n y gui\u00f3n: Cecilia K\u00fchne<\/p>\n<p>Producci\u00f3n: Carlos Serrano<\/p>\n<h4 class=\"p2\"><strong>Escucha las c\u00e1psulas<\/strong><\/h4>\n<h5>Para escuchar los audios haz clic sobre el nombre de cada uno, en la lista numerada debajo del reproductor.<\/h5>\n<div class=\"wp-playlist wp-audio-playlist wp-playlist-light\">\n\t\t\t<div class=\"wp-playlist-current-item\"><\/div>\n\t\t<audio controls=\"controls\" preload=\"none\" width=\"1178\"\n\t\t\t><\/audio>\n\t<div class=\"wp-playlist-next\"><\/div>\n\t<div class=\"wp-playlist-prev\"><\/div>\n\t<noscript>\n\t<ol>\n\t\t<li><a href='https:\/\/www.imer.mx\/rmi\/wp-content\/uploads\/sites\/3\/2015\/10\/rmi_periquillo_sarniento_01.mp3'>El Periquillo Sarniento 01<\/a><\/li><li><a href='https:\/\/www.imer.mx\/rmi\/wp-content\/uploads\/sites\/3\/2015\/10\/rmi_periquillo_sarniento_02.mp3'>El Periquillo Sarniento 02<\/a><\/li><li><a href='https:\/\/www.imer.mx\/rmi\/wp-content\/uploads\/sites\/3\/2016\/07\/rmi_periquillo_sarniento_03.mp3'>El Periquillo Sarniento 03<\/a><\/li><li><a href='https:\/\/www.imer.mx\/rmi\/wp-content\/uploads\/sites\/3\/2016\/07\/rmi_periquillo_sarniento_04.mp3'>El Periquillo Sarniento 04<\/a><\/li><li><a href='https:\/\/www.imer.mx\/rmi\/wp-content\/uploads\/sites\/3\/2015\/10\/rmi_periquillo_sarniento_05.mp3'>El Periquillo Sarniento 05<\/a><\/li><li><a href='https:\/\/www.imer.mx\/rmi\/wp-content\/uploads\/sites\/3\/2015\/10\/rmi_periquillo_sarniento_06.mp3'>El Periquillo Sarniento 06<\/a><\/li><li><a href='https:\/\/www.imer.mx\/rmi\/wp-content\/uploads\/sites\/3\/2016\/07\/07_periquillo.mp3'>El Periquillo Sarniento 07<\/a><\/li><li><a href='https:\/\/www.imer.mx\/rmi\/wp-content\/uploads\/sites\/3\/2016\/07\/08_periquillo.mp3'>El Periquillo Sarniento 08<\/a><\/li><li><a href='https:\/\/www.imer.mx\/rmi\/wp-content\/uploads\/sites\/3\/2016\/07\/09_periquillo.mp3'>El Periquillo Sarniento 09<\/a><\/li><li><a href='https:\/\/www.imer.mx\/rmi\/wp-content\/uploads\/sites\/3\/2016\/07\/10_periquillo.mp3'>El Periquillo Sarniento 10<\/a><\/li>\t<\/ol>\n\t<\/noscript>\n\t<script type=\"application\/json\" class=\"wp-playlist-script\">{\"type\":\"audio\",\"tracklist\":true,\"tracknumbers\":true,\"images\":false,\"artists\":false,\"tracks\":[{\"src\":\"https:\/\/www.imer.mx\/rmi\/wp-content\/uploads\/sites\/3\/2015\/10\/rmi_periquillo_sarniento_01.mp3\",\"type\":\"audio\/mpeg\",\"title\":\"El Periquillo Sarniento 01\",\"caption\":\"\",\"description\":\"\\\"El Periquillo Sarniento 01\\\" en Radio M\\u00e9xico Internacional - IMER.\",\"meta\":{\"artist\":\"Radio M\\u00e9xico Internacional - IMER\",\"length_formatted\":\"4:51\"},\"image\":{\"src\":\"https:\/\/www.imer.mx\/rmi\/wp-includes\/images\/media\/audio.svg\",\"width\":48,\"height\":64},\"thumb\":{\"src\":\"https:\/\/www.imer.mx\/rmi\/wp-includes\/images\/media\/audio.svg\",\"width\":48,\"height\":64}},{\"src\":\"https:\/\/www.imer.mx\/rmi\/wp-content\/uploads\/sites\/3\/2015\/10\/rmi_periquillo_sarniento_02.mp3\",\"type\":\"audio\/mpeg\",\"title\":\"El Periquillo Sarniento 02\",\"caption\":\"\",\"description\":\"\\\"El Periquillo Sarniento 02\\\" en Radio M\\u00e9xico Internacional - IMER.\",\"meta\":{\"artist\":\"Radio M\\u00e9xico Internacional - IMER\",\"length_formatted\":\"4:31\"},\"image\":{\"src\":\"https:\/\/www.imer.mx\/rmi\/wp-includes\/images\/media\/audio.svg\",\"width\":48,\"height\":64},\"thumb\":{\"src\":\"https:\/\/www.imer.mx\/rmi\/wp-includes\/images\/media\/audio.svg\",\"width\":48,\"height\":64}},{\"src\":\"https:\/\/www.imer.mx\/rmi\/wp-content\/uploads\/sites\/3\/2016\/07\/rmi_periquillo_sarniento_03.mp3\",\"type\":\"audio\/mpeg\",\"title\":\"El Periquillo Sarniento 03\",\"caption\":\"\",\"description\":\"\\\"El Periquillo Sarniento 03\\\" en Radio M\\u00e9xico Internacional - IMER.\",\"meta\":{\"artist\":\"Radio M\\u00e9xico Internacional - IMER\",\"length_formatted\":\"4:39\"},\"image\":{\"src\":\"https:\/\/www.imer.mx\/rmi\/wp-includes\/images\/media\/audio.svg\",\"width\":48,\"height\":64},\"thumb\":{\"src\":\"https:\/\/www.imer.mx\/rmi\/wp-includes\/images\/media\/audio.svg\",\"width\":48,\"height\":64}},{\"src\":\"https:\/\/www.imer.mx\/rmi\/wp-content\/uploads\/sites\/3\/2016\/07\/rmi_periquillo_sarniento_04.mp3\",\"type\":\"audio\/mpeg\",\"title\":\"El Periquillo Sarniento 04\",\"caption\":\"\",\"description\":\"\\\"El Periquillo Sarniento 04\\\" en Radio M\\u00e9xico Internacional - IMER.\",\"meta\":{\"artist\":\"Radio M\\u00e9xico Internacional - IMER\",\"genre\":\"Other\",\"length_formatted\":\"4:51\"},\"image\":{\"src\":\"https:\/\/www.imer.mx\/rmi\/wp-includes\/images\/media\/audio.svg\",\"width\":48,\"height\":64},\"thumb\":{\"src\":\"https:\/\/www.imer.mx\/rmi\/wp-includes\/images\/media\/audio.svg\",\"width\":48,\"height\":64}},{\"src\":\"https:\/\/www.imer.mx\/rmi\/wp-content\/uploads\/sites\/3\/2015\/10\/rmi_periquillo_sarniento_05.mp3\",\"type\":\"audio\/mpeg\",\"title\":\"El Periquillo Sarniento 05\",\"caption\":\"\",\"description\":\"\\\"El Periquillo Sarniento 05\\\" en IMER - Radio M\\u00e9xico Internacional.\",\"meta\":{\"artist\":\"IMER - Radio M\\u00e9xico Internacional\",\"length_formatted\":\"4:14\"},\"image\":{\"src\":\"https:\/\/www.imer.mx\/rmi\/wp-includes\/images\/media\/audio.svg\",\"width\":48,\"height\":64},\"thumb\":{\"src\":\"https:\/\/www.imer.mx\/rmi\/wp-includes\/images\/media\/audio.svg\",\"width\":48,\"height\":64}},{\"src\":\"https:\/\/www.imer.mx\/rmi\/wp-content\/uploads\/sites\/3\/2015\/10\/rmi_periquillo_sarniento_06.mp3\",\"type\":\"audio\/mpeg\",\"title\":\"El Periquillo Sarniento 06\",\"caption\":\"\",\"description\":\"\\\"El Periquillo Sarniento 06\\\" en IMER - Radio M\\u00e9xico Internacional.\",\"meta\":{\"artist\":\"IMER - Radio M\\u00e9xico Internacional\",\"length_formatted\":\"4:41\"},\"image\":{\"src\":\"https:\/\/www.imer.mx\/rmi\/wp-includes\/images\/media\/audio.svg\",\"width\":48,\"height\":64},\"thumb\":{\"src\":\"https:\/\/www.imer.mx\/rmi\/wp-includes\/images\/media\/audio.svg\",\"width\":48,\"height\":64}},{\"src\":\"https:\/\/www.imer.mx\/rmi\/wp-content\/uploads\/sites\/3\/2016\/07\/07_periquillo.mp3\",\"type\":\"audio\/mpeg\",\"title\":\"El Periquillo Sarniento 07\",\"caption\":\"\",\"description\":\"\\\"PERIQUILLO SARNIENTO-V7-\\\". G\\u00e9nero: Other.\",\"meta\":{\"genre\":\"Other\",\"length_formatted\":\"5:57\"},\"image\":{\"src\":\"https:\/\/www.imer.mx\/rmi\/wp-includes\/images\/media\/audio.svg\",\"width\":48,\"height\":64},\"thumb\":{\"src\":\"https:\/\/www.imer.mx\/rmi\/wp-includes\/images\/media\/audio.svg\",\"width\":48,\"height\":64}},{\"src\":\"https:\/\/www.imer.mx\/rmi\/wp-content\/uploads\/sites\/3\/2016\/07\/08_periquillo.mp3\",\"type\":\"audio\/mpeg\",\"title\":\"El Periquillo Sarniento 08\",\"caption\":\"\",\"description\":\"\\\"PERIQUILLO SARNIENTO-V8-\\\". G\\u00e9nero: Other.\",\"meta\":{\"genre\":\"Other\",\"length_formatted\":\"5:30\"},\"image\":{\"src\":\"https:\/\/www.imer.mx\/rmi\/wp-includes\/images\/media\/audio.svg\",\"width\":48,\"height\":64},\"thumb\":{\"src\":\"https:\/\/www.imer.mx\/rmi\/wp-includes\/images\/media\/audio.svg\",\"width\":48,\"height\":64}},{\"src\":\"https:\/\/www.imer.mx\/rmi\/wp-content\/uploads\/sites\/3\/2016\/07\/09_periquillo.mp3\",\"type\":\"audio\/mpeg\",\"title\":\"El Periquillo Sarniento 09\",\"caption\":\"\",\"description\":\"\\\"PERIQUILLO SARNIENTO-V9-\\\".\",\"meta\":{\"length_formatted\":\"6:17\"},\"image\":{\"src\":\"https:\/\/www.imer.mx\/rmi\/wp-includes\/images\/media\/audio.svg\",\"width\":48,\"height\":64},\"thumb\":{\"src\":\"https:\/\/www.imer.mx\/rmi\/wp-includes\/images\/media\/audio.svg\",\"width\":48,\"height\":64}},{\"src\":\"https:\/\/www.imer.mx\/rmi\/wp-content\/uploads\/sites\/3\/2016\/07\/10_periquillo.mp3\",\"type\":\"audio\/mpeg\",\"title\":\"El Periquillo Sarniento 10\",\"caption\":\"\",\"description\":\"\\\"PERIQUILLO SARNIENTO-V10-\\\".\",\"meta\":{\"length_formatted\":\"5:58\"},\"image\":{\"src\":\"https:\/\/www.imer.mx\/rmi\/wp-includes\/images\/media\/audio.svg\",\"width\":48,\"height\":64},\"thumb\":{\"src\":\"https:\/\/www.imer.mx\/rmi\/wp-includes\/images\/media\/audio.svg\",\"width\":48,\"height\":64}}]}<\/script>\n<\/div>\n\t\n","protected":false},"excerpt":{"rendered":"<p>Publicada\u00a0 en 1816, en una de las etapas m\u00e1s complicadas de la lucha de Independencia,\u00a0 El Periquillo Sarniento resulta ser no s\u00f3lo la primera novela mexicana, sino tambi\u00e9n la\u00a0 primera narraci\u00f3n cr\u00edtica, sat\u00edrica y desafiante de la literatura nacional, lo cual resulta extraordinario si pensamos en que apareci\u00f3 en una \u00e9poca en la que, por&hellip;<\/p>\n","protected":false},"author":1,"featured_media":15170,"parent":26,"menu_order":0,"comment_status":"closed","ping_status":"closed","template":"","meta":{"wp_popup_display_lightbox":0,"wp_popup_suppress":"","wp_popup_trigger":"","wp_popup_trigger_amount":0,"wp_popup_disable_on_mobile":false,"footnotes":""},"class_list":["post-15168","page","type-page","status-publish","has-post-thumbnail","hentry","description-off"],"_links":{"self":[{"href":"https:\/\/www.imer.mx\/rmi\/wp-json\/wp\/v2\/pages\/15168","targetHints":{"allow":["GET"]}}],"collection":[{"href":"https:\/\/www.imer.mx\/rmi\/wp-json\/wp\/v2\/pages"}],"about":[{"href":"https:\/\/www.imer.mx\/rmi\/wp-json\/wp\/v2\/types\/page"}],"author":[{"embeddable":true,"href":"https:\/\/www.imer.mx\/rmi\/wp-json\/wp\/v2\/users\/1"}],"replies":[{"embeddable":true,"href":"https:\/\/www.imer.mx\/rmi\/wp-json\/wp\/v2\/comments?post=15168"}],"version-history":[{"count":0,"href":"https:\/\/www.imer.mx\/rmi\/wp-json\/wp\/v2\/pages\/15168\/revisions"}],"up":[{"embeddable":true,"href":"https:\/\/www.imer.mx\/rmi\/wp-json\/wp\/v2\/pages\/26"}],"wp:featuredmedia":[{"embeddable":true,"href":"https:\/\/www.imer.mx\/rmi\/wp-json\/wp\/v2\/media\/15170"}],"wp:attachment":[{"href":"https:\/\/www.imer.mx\/rmi\/wp-json\/wp\/v2\/media?parent=15168"}],"curies":[{"name":"wp","href":"https:\/\/api.w.org\/{rel}","templated":true}]}}