{"id":1086,"date":"2013-01-25T00:13:44","date_gmt":"2013-01-25T06:13:44","guid":{"rendered":"http:\/\/radiomexicointernacional.imer.gob.mx\/wordpress\/perticladevoz\/"},"modified":"2015-10-09T17:33:34","modified_gmt":"2015-10-09T22:33:34","slug":"perticladevoz","status":"publish","type":"page","link":"https:\/\/www.imer.mx\/rmi\/perticladevoz\/","title":{"rendered":"Part\u00edcula de voz con Pura L\u00f3pez Colom\u00e9."},"content":{"rendered":"<p><img loading=\"lazy\" decoding=\"async\" class=\"alignleft size-full wp-image-1085\" src=\"https:\/\/www.imer.mx\/rmi\/wp-content\/uploads\/sites\/3\/2013\/01\/avatar_particula_de_voz.jpg\" alt=\"avatar_particula_de_voz\" width=\"120\" height=\"120\" \/><span lang=\"ES\" style=\"font-size: 12pt; font-family: 'Arial','sans-serif';\">La poes\u00eda suena y se convierte en presencia auditiva, en textura sonora, en susurro, en voz&#8230; <span style=\"color: #ff0000;\"><strong><i>radiomexicointernacional <\/i><\/strong><\/span> te invita a escuchar la voz y los textos po\u00e9ticos de Pura L\u00f3pez Colom\u00e9, en una producci\u00f3n y dise\u00f1o de audio de Antonio Russek, a trav\u00e9s de la serie <b><i>Part\u00edcula de voz<\/i><\/b>, una forma diferente de acercarse al universo de la poes\u00eda a trav\u00e9s de la magia del sonido.<\/span><\/p>\n<p><object width=\"620\" height=\"253\" classid=\"clsid:d27cdb6e-ae6d-11cf-96b8-444553540000\" codebase=\"http:\/\/download.macromedia.com\/pub\/shockwave\/cabs\/flash\/swflash.cab#version=6,0,40,0\"><param name=\"flashvars\" value=\"file=https:\/\/www.imer.mx\/phpwrappers\/podcast\/apitrck\/uploads\/270\/playlistpodcastimer.xml&amp;displayheight=0&amp;volume=80&amp;autostart=false&amp;repeat=false&amp;shuffle=false&amp;showeq=false&amp;showdigits=true&amp;autoscroll=false&amp;thumbsinplaylist=false&amp;lightcolor=0xDFFBDC&amp;backcolor=0xe83832&amp;frontcolor=0xFFFFFF\" \/><param name=\"src\" value=\"https:\/\/www.imer.mx\/phpwrappers\/podcast\/apitrck\/uploads\/270\/mp3player.swf\" \/><embed width=\"620\" height=\"253\" type=\"application\/x-shockwave-flash\" src=\"https:\/\/www.imer.mx\/phpwrappers\/podcast\/apitrck\/uploads\/270\/mp3player.swf\" flashvars=\"file=https:\/\/www.imer.mx\/phpwrappers\/podcast\/apitrck\/uploads\/270\/playlistpodcastimer.xml&amp;displayheight=0&amp;volume=80&amp;autostart=false&amp;repeat=false&amp;shuffle=false&amp;showeq=false&amp;showdigits=true&amp;autoscroll=false&amp;thumbsinplaylist=false&amp;lightcolor=0xDFFBDC&amp;backcolor=0xe83832&amp;frontcolor=0xFFFFFF\" \/><\/object><\/p>\n","protected":false},"excerpt":{"rendered":"<p><img loading=\"lazy\" decoding=\"async\" alt=\"avatar_particula_de_voz\" src=\"http:\/\/radiomexicointernacional.imer.gob.mx\/wordpress\/wp-content\/uploads\/avatar_particula_de_voz.jpg\" height=\"120\" width=\"120\" \/><\/p>\n","protected":false},"author":1,"featured_media":1085,"parent":0,"menu_order":93,"comment_status":"closed","ping_status":"closed","template":"","meta":{"wp_popup_display_lightbox":0,"wp_popup_suppress":"","wp_popup_trigger":"","wp_popup_trigger_amount":0,"wp_popup_disable_on_mobile":false,"footnotes":""},"class_list":["post-1086","page","type-page","status-publish","has-post-thumbnail","hentry","description-off"],"_links":{"self":[{"href":"https:\/\/www.imer.mx\/rmi\/wp-json\/wp\/v2\/pages\/1086","targetHints":{"allow":["GET"]}}],"collection":[{"href":"https:\/\/www.imer.mx\/rmi\/wp-json\/wp\/v2\/pages"}],"about":[{"href":"https:\/\/www.imer.mx\/rmi\/wp-json\/wp\/v2\/types\/page"}],"author":[{"embeddable":true,"href":"https:\/\/www.imer.mx\/rmi\/wp-json\/wp\/v2\/users\/1"}],"replies":[{"embeddable":true,"href":"https:\/\/www.imer.mx\/rmi\/wp-json\/wp\/v2\/comments?post=1086"}],"version-history":[{"count":0,"href":"https:\/\/www.imer.mx\/rmi\/wp-json\/wp\/v2\/pages\/1086\/revisions"}],"wp:featuredmedia":[{"embeddable":true,"href":"https:\/\/www.imer.mx\/rmi\/wp-json\/wp\/v2\/media\/1085"}],"wp:attachment":[{"href":"https:\/\/www.imer.mx\/rmi\/wp-json\/wp\/v2\/media?parent=1086"}],"curies":[{"name":"wp","href":"https:\/\/api.w.org\/{rel}","templated":true}]}}