{"id":10584,"date":"2014-12-17T13:36:27","date_gmt":"2014-12-17T19:36:27","guid":{"rendered":"http:\/\/www.imer.mx\/rmi\/?page_id=10584"},"modified":"2014-12-19T17:34:24","modified_gmt":"2014-12-19T23:34:24","slug":"pa-ciencia-la-de-mexico","status":"publish","type":"page","link":"https:\/\/www.imer.mx\/rmi\/programas-ant\/pa-ciencia-la-de-mexico\/","title":{"rendered":"Pa\u00b4ciencia la de M\u00e9xico"},"content":{"rendered":"<p><img loading=\"lazy\" decoding=\"async\" class=\"alignleft wp-image-10587\" src=\"https:\/\/www.imer.mx\/rmi\/wp-content\/uploads\/sites\/3\/2014\/12\/avatar_pa_ciencia_la_de_mexico_v2.jpg\" alt=\"avatar_pa_ciencia_la_de_mexico_v2\" width=\"200\" height=\"200\" srcset=\"https:\/\/www.imer.mx\/rmi\/wp-content\/uploads\/sites\/3\/2014\/12\/avatar_pa_ciencia_la_de_mexico_v2.jpg 300w, https:\/\/www.imer.mx\/rmi\/wp-content\/uploads\/sites\/3\/2014\/12\/avatar_pa_ciencia_la_de_mexico_v2-150x150.jpg 150w\" sizes=\"auto, (max-width: 200px) 100vw, 200px\" \/>El desarrollo cient\u00edfico y tecnol\u00f3gico en M\u00e9xico, desde una perspectiva biol\u00f3gica. Un espacio para conocer la cultura cient\u00edfica y sus usos cotidianos.<\/p>\n<p>La excelencia y labor cient\u00edfica de nuestros investigadores. Conducen Parsifal Islas y Alejandra Atzin.<\/p>\n<p>Mi\u00e9rcoles a las 20:30 horas (tiempo del centro de M\u00e9xico).<\/p>\n<p>&nbsp;<\/p>\n<p>&nbsp;<\/p>\n<p>&nbsp;<\/p>\n<p><object width=\"620\" height=\"253\" classid=\"clsid:d27cdb6e-ae6d-11cf-96b8-444553540000\" codebase=\"http:\/\/download.macromedia.com\/pub\/shockwave\/cabs\/flash\/swflash.cab#version=6,0,40,0\"><param name=\"flashvars\" value=\"file=https:\/\/www.imer.mx\/phpwrappers\/podcast\/apitrck\/uploads\/362\/playlistpodcastimer.xml&amp;displayheight=0&amp;volume=80&amp;autostart=false&amp;repeat=false&amp;shuffle=false&amp;showeq=false&amp;showdigits=true&amp;autoscroll=false&amp;thumbsinplaylist=false&amp;lightcolor=0xDFFBDC&amp;backcolor=0xe83832&amp;frontcolor=0xFFFFFF\" \/><param name=\"src\" value=\"https:\/\/www.imer.mx\/phpwrappers\/podcast\/apitrck\/uploads\/362\/mp3player.swf\" \/><embed width=\"620\" height=\"253\" type=\"application\/x-shockwave-flash\" src=\"https:\/\/www.imer.mx\/phpwrappers\/podcast\/apitrck\/uploads\/362\/mp3player.swf\" flashvars=\"file=https:\/\/www.imer.mx\/phpwrappers\/podcast\/apitrck\/uploads\/362\/playlistpodcastimer.xml&amp;displayheight=0&amp;volume=80&amp;autostart=false&amp;repeat=false&amp;shuffle=false&amp;showeq=false&amp;showdigits=true&amp;autoscroll=false&amp;thumbsinplaylist=false&amp;lightcolor=0xDFFBDC&amp;backcolor=0xe83832&amp;frontcolor=0xFFFFFF\" \/><\/object><\/p>\n<h4>Galer\u00eda<\/h4>\n<pre>Haz clic en las im\u00e1genes para ampliarlas.<\/pre>\n\n\t\t\t<style type='text\/css'>\n\t\t\t\t#gallery-1 {\n\t\t\t\t\tmargin: auto;\n\t\t\t\t}\n\t\t\t\t#gallery-1 .gallery-item {\n\t\t\t\t\tfloat: left;\n\t\t\t\t\tmargin-top: 10px;\n\t\t\t\t\ttext-align: center;\n\t\t\t\t\twidth: 20%;\n\t\t\t\t}\n\t\t\t\t#gallery-1 img {\n\t\t\t\t\tborder: 2px solid #cfcfcf;\n\t\t\t\t}\n\t\t\t\t#gallery-1 .gallery-caption {\n\t\t\t\t\tmargin-left: 0;\n\t\t\t\t}\n\t\t\t\t\/* see gallery_shortcode() in wp-includes\/media.php *\/\n\t\t\t<\/style>\n\t\t<div id='gallery-1' class='dt-gallery-container gallery galleryid-10584 gallery-columns-5 gallery-size-thumbnail'><dl class='gallery-item'>\n\t\t\t\t<dt class='gallery-icon landscape'>\n\t\t\t\t\t<a class=\"rollover rollover-zoom dt-pswp-item\" title=\"galeria_pa_ciencia_01\" data-dt-img-description=\"\" data-large_image_width=\"556\" data-large_image_height=\"417\"href='https:\/\/www.imer.mx\/rmi\/wp-content\/uploads\/sites\/3\/2014\/12\/galeria_pa_ciencia_01.jpg'><img loading=\"lazy\" decoding=\"async\" width=\"150\" height=\"150\" src=\"https:\/\/www.imer.mx\/rmi\/wp-content\/uploads\/sites\/3\/2014\/12\/galeria_pa_ciencia_01-150x150.jpg\" class=\"attachment-thumbnail size-thumbnail\" alt=\"\" aria-describedby=\"gallery-1-10608\" \/><\/a>\n\t\t\t\t<\/dt>\n\t\t\t\t\t<dd class='wp-caption-text gallery-caption' id='gallery-1-10608'>\n\t\t\t\t\tGrabaci\u00f3n del primer programa: \u201cOrigen de la Vida\u201d, como invitado el Doctor y miembro del Colegio Nacional Antonio Lazcano Araujo.\n\t\t\t\t\t<\/dd><\/dl><dl class='gallery-item'>\n\t\t\t\t<dt class='gallery-icon landscape'>\n\t\t\t\t\t<a class=\"rollover rollover-zoom dt-pswp-item\" title=\"galeria_pa_ciencia_02\" data-dt-img-description=\"\" data-large_image_width=\"600\" data-large_image_height=\"600\"href='https:\/\/www.imer.mx\/rmi\/wp-content\/uploads\/sites\/3\/2014\/12\/galeria_pa_ciencia_02.jpg'><img loading=\"lazy\" decoding=\"async\" width=\"150\" height=\"150\" src=\"https:\/\/www.imer.mx\/rmi\/wp-content\/uploads\/sites\/3\/2014\/12\/galeria_pa_ciencia_02-150x150.jpg\" class=\"attachment-thumbnail size-thumbnail\" alt=\"\" aria-describedby=\"gallery-1-10609\" srcset=\"https:\/\/www.imer.mx\/rmi\/wp-content\/uploads\/sites\/3\/2014\/12\/galeria_pa_ciencia_02-150x150.jpg 150w, https:\/\/www.imer.mx\/rmi\/wp-content\/uploads\/sites\/3\/2014\/12\/galeria_pa_ciencia_02-300x300.jpg 300w, https:\/\/www.imer.mx\/rmi\/wp-content\/uploads\/sites\/3\/2014\/12\/galeria_pa_ciencia_02.jpg 600w\" sizes=\"auto, (max-width: 150px) 100vw, 150px\" \/><\/a>\n\t\t\t\t<\/dt>\n\t\t\t\t\t<dd class='wp-caption-text gallery-caption' id='gallery-1-10609'>\n\t\t\t\t\tLibros obsequiados por el Dr. Antonio Lazcano.\n\t\t\t\t\t<\/dd><\/dl><dl class='gallery-item'>\n\t\t\t\t<dt class='gallery-icon landscape'>\n\t\t\t\t\t<a class=\"rollover rollover-zoom dt-pswp-item\" title=\"galeria_pa_ciencia_03\" data-dt-img-description=\"\" data-large_image_width=\"460\" data-large_image_height=\"460\"href='https:\/\/www.imer.mx\/rmi\/wp-content\/uploads\/sites\/3\/2014\/12\/galeria_pa_ciencia_03.jpg'><img loading=\"lazy\" decoding=\"async\" width=\"150\" height=\"150\" src=\"https:\/\/www.imer.mx\/rmi\/wp-content\/uploads\/sites\/3\/2014\/12\/galeria_pa_ciencia_03-150x150.jpg\" class=\"attachment-thumbnail size-thumbnail\" alt=\"\" aria-describedby=\"gallery-1-10610\" srcset=\"https:\/\/www.imer.mx\/rmi\/wp-content\/uploads\/sites\/3\/2014\/12\/galeria_pa_ciencia_03-150x150.jpg 150w, https:\/\/www.imer.mx\/rmi\/wp-content\/uploads\/sites\/3\/2014\/12\/galeria_pa_ciencia_03-300x300.jpg 300w, https:\/\/www.imer.mx\/rmi\/wp-content\/uploads\/sites\/3\/2014\/12\/galeria_pa_ciencia_03.jpg 460w\" sizes=\"auto, (max-width: 150px) 100vw, 150px\" \/><\/a>\n\t\t\t\t<\/dt>\n\t\t\t\t\t<dd class='wp-caption-text gallery-caption' id='gallery-1-10610'>\n\t\t\t\t\tAlejandra Atz\u00edn, conductora del programa.\n\t\t\t\t\t<\/dd><\/dl><dl class='gallery-item'>\n\t\t\t\t<dt class='gallery-icon landscape'>\n\t\t\t\t\t<a class=\"rollover rollover-zoom dt-pswp-item\" title=\"galeria_pa_ciencia_04\" data-dt-img-description=\"\" data-large_image_width=\"800\" data-large_image_height=\"562\"href='https:\/\/www.imer.mx\/rmi\/wp-content\/uploads\/sites\/3\/2014\/12\/galeria_pa_ciencia_04.jpg'><img loading=\"lazy\" decoding=\"async\" width=\"150\" height=\"150\" src=\"https:\/\/www.imer.mx\/rmi\/wp-content\/uploads\/sites\/3\/2014\/12\/galeria_pa_ciencia_04-150x150.jpg\" class=\"attachment-thumbnail size-thumbnail\" alt=\"\" aria-describedby=\"gallery-1-10611\" \/><\/a>\n\t\t\t\t<\/dt>\n\t\t\t\t\t<dd class='wp-caption-text gallery-caption' id='gallery-1-10611'>\n\t\t\t\t\tEquipo de Pa Ciencia la de M\u00e9xico en  grabaci\u00f3n del programa de DNA en compa\u00f1\u00eda del M. en C. R\u00e1mses Gamboa y el Doctor No\u00e9.\n\t\t\t\t\t<\/dd><\/dl><dl class='gallery-item'>\n\t\t\t\t<dt class='gallery-icon landscape'>\n\t\t\t\t\t<a class=\"rollover rollover-zoom dt-pswp-item\" title=\"galeria_pa_ciencia_05\" data-dt-img-description=\"\" data-large_image_width=\"800\" data-large_image_height=\"540\"href='https:\/\/www.imer.mx\/rmi\/wp-content\/uploads\/sites\/3\/2014\/12\/galeria_pa_ciencia_05.jpg'><img loading=\"lazy\" decoding=\"async\" width=\"150\" height=\"150\" src=\"https:\/\/www.imer.mx\/rmi\/wp-content\/uploads\/sites\/3\/2014\/12\/galeria_pa_ciencia_05-150x150.jpg\" class=\"attachment-thumbnail size-thumbnail\" alt=\"\" aria-describedby=\"gallery-1-10612\" \/><\/a>\n\t\t\t\t<\/dt>\n\t\t\t\t\t<dd class='wp-caption-text gallery-caption' id='gallery-1-10612'>\n\t\t\t\t\tCharla en el programa de DNA en compa\u00f1\u00eda del M. en C. R\u00e1mses Gamboa y el Doctor No\u00e9.\n\t\t\t\t\t<\/dd><\/dl><br style=\"clear: both\" \/><dl class='gallery-item'>\n\t\t\t\t<dt class='gallery-icon landscape'>\n\t\t\t\t\t<a class=\"rollover rollover-zoom dt-pswp-item\" title=\"galeria_pa_ciencia_06\" data-dt-img-description=\"\" data-large_image_width=\"800\" data-large_image_height=\"596\"href='https:\/\/www.imer.mx\/rmi\/wp-content\/uploads\/sites\/3\/2014\/12\/galeria_pa_ciencia_06.jpg'><img loading=\"lazy\" decoding=\"async\" width=\"150\" height=\"150\" src=\"https:\/\/www.imer.mx\/rmi\/wp-content\/uploads\/sites\/3\/2014\/12\/galeria_pa_ciencia_06-150x150.jpg\" class=\"attachment-thumbnail size-thumbnail\" alt=\"\" aria-describedby=\"gallery-1-10613\" \/><\/a>\n\t\t\t\t<\/dt>\n\t\t\t\t\t<dd class='wp-caption-text gallery-caption' id='gallery-1-10613'>\n\t\t\t\t\tNanobiolog\u00eda, en compa\u00f1\u00eda del Doctor Luis Felipe Jim\u00e9nez y Dra. Lourdes Segura.\n\t\t\t\t\t<\/dd><\/dl><dl class='gallery-item'>\n\t\t\t\t<dt class='gallery-icon landscape'>\n\t\t\t\t\t<a class=\"rollover rollover-zoom dt-pswp-item\" title=\"galeria_pa_ciencia_07\" data-dt-img-description=\"\" data-large_image_width=\"399\" data-large_image_height=\"399\"href='https:\/\/www.imer.mx\/rmi\/wp-content\/uploads\/sites\/3\/2014\/12\/galeria_pa_ciencia_07.jpg'><img loading=\"lazy\" decoding=\"async\" width=\"150\" height=\"150\" src=\"https:\/\/www.imer.mx\/rmi\/wp-content\/uploads\/sites\/3\/2014\/12\/galeria_pa_ciencia_07-150x150.jpg\" class=\"attachment-thumbnail size-thumbnail\" alt=\"\" aria-describedby=\"gallery-1-10614\" srcset=\"https:\/\/www.imer.mx\/rmi\/wp-content\/uploads\/sites\/3\/2014\/12\/galeria_pa_ciencia_07-150x150.jpg 150w, https:\/\/www.imer.mx\/rmi\/wp-content\/uploads\/sites\/3\/2014\/12\/galeria_pa_ciencia_07-300x300.jpg 300w, https:\/\/www.imer.mx\/rmi\/wp-content\/uploads\/sites\/3\/2014\/12\/galeria_pa_ciencia_07.jpg 399w\" sizes=\"auto, (max-width: 150px) 100vw, 150px\" \/><\/a>\n\t\t\t\t<\/dt>\n\t\t\t\t\t<dd class='wp-caption-text gallery-caption' id='gallery-1-10614'>\n\t\t\t\t\tLa Dra. Lourdes Segura nos cuenta su experiencia.\n\t\t\t\t\t<\/dd><\/dl><dl class='gallery-item'>\n\t\t\t\t<dt class='gallery-icon landscape'>\n\t\t\t\t\t<a class=\"rollover rollover-zoom dt-pswp-item\" title=\"galeria_pa_ciencia_08\" data-dt-img-description=\"\" data-large_image_width=\"600\" data-large_image_height=\"600\"href='https:\/\/www.imer.mx\/rmi\/wp-content\/uploads\/sites\/3\/2014\/12\/galeria_pa_ciencia_08.jpg'><img loading=\"lazy\" decoding=\"async\" width=\"150\" height=\"150\" src=\"https:\/\/www.imer.mx\/rmi\/wp-content\/uploads\/sites\/3\/2014\/12\/galeria_pa_ciencia_08-150x150.jpg\" class=\"attachment-thumbnail size-thumbnail\" alt=\"\" aria-describedby=\"gallery-1-10615\" srcset=\"https:\/\/www.imer.mx\/rmi\/wp-content\/uploads\/sites\/3\/2014\/12\/galeria_pa_ciencia_08-150x150.jpg 150w, https:\/\/www.imer.mx\/rmi\/wp-content\/uploads\/sites\/3\/2014\/12\/galeria_pa_ciencia_08-300x300.jpg 300w, https:\/\/www.imer.mx\/rmi\/wp-content\/uploads\/sites\/3\/2014\/12\/galeria_pa_ciencia_08.jpg 600w\" sizes=\"auto, (max-width: 150px) 100vw, 150px\" \/><\/a>\n\t\t\t\t<\/dt>\n\t\t\t\t\t<dd class='wp-caption-text gallery-caption' id='gallery-1-10615'>\n\t\t\t\t\tEn el estudio B del IMER charlando acerca del ma\u00edz con la investigadora Montserrat Gispert.\n\t\t\t\t\t<\/dd><\/dl><dl class='gallery-item'>\n\t\t\t\t<dt class='gallery-icon landscape'>\n\t\t\t\t\t<a class=\"rollover rollover-zoom dt-pswp-item\" title=\"galeria_pa_ciencia_09\" data-dt-img-description=\"\" data-large_image_width=\"800\" data-large_image_height=\"800\"href='https:\/\/www.imer.mx\/rmi\/wp-content\/uploads\/sites\/3\/2014\/12\/galeria_pa_ciencia_09.jpg'><img loading=\"lazy\" decoding=\"async\" width=\"150\" height=\"150\" src=\"https:\/\/www.imer.mx\/rmi\/wp-content\/uploads\/sites\/3\/2014\/12\/galeria_pa_ciencia_09-150x150.jpg\" class=\"attachment-thumbnail size-thumbnail\" alt=\"\" aria-describedby=\"gallery-1-10616\" srcset=\"https:\/\/www.imer.mx\/rmi\/wp-content\/uploads\/sites\/3\/2014\/12\/galeria_pa_ciencia_09-150x150.jpg 150w, https:\/\/www.imer.mx\/rmi\/wp-content\/uploads\/sites\/3\/2014\/12\/galeria_pa_ciencia_09-300x300.jpg 300w, https:\/\/www.imer.mx\/rmi\/wp-content\/uploads\/sites\/3\/2014\/12\/galeria_pa_ciencia_09.jpg 800w\" sizes=\"auto, (max-width: 150px) 100vw, 150px\" \/><\/a>\n\t\t\t\t<\/dt>\n\t\t\t\t\t<dd class='wp-caption-text gallery-caption' id='gallery-1-10616'>\n\t\t\t\t\tGrabando en cabina.\n\t\t\t\t\t<\/dd><\/dl><dl class='gallery-item'>\n\t\t\t\t<dt class='gallery-icon landscape'>\n\t\t\t\t\t<a class=\"rollover rollover-zoom dt-pswp-item\" title=\"galeria_pa_ciencia_10\" data-dt-img-description=\"\" data-large_image_width=\"600\" data-large_image_height=\"600\"href='https:\/\/www.imer.mx\/rmi\/wp-content\/uploads\/sites\/3\/2014\/12\/galeria_pa_ciencia_10.jpg'><img loading=\"lazy\" decoding=\"async\" width=\"150\" height=\"150\" src=\"https:\/\/www.imer.mx\/rmi\/wp-content\/uploads\/sites\/3\/2014\/12\/galeria_pa_ciencia_10-150x150.jpg\" class=\"attachment-thumbnail size-thumbnail\" alt=\"\" aria-describedby=\"gallery-1-10617\" srcset=\"https:\/\/www.imer.mx\/rmi\/wp-content\/uploads\/sites\/3\/2014\/12\/galeria_pa_ciencia_10-150x150.jpg 150w, https:\/\/www.imer.mx\/rmi\/wp-content\/uploads\/sites\/3\/2014\/12\/galeria_pa_ciencia_10-300x300.jpg 300w, https:\/\/www.imer.mx\/rmi\/wp-content\/uploads\/sites\/3\/2014\/12\/galeria_pa_ciencia_10.jpg 600w\" sizes=\"auto, (max-width: 150px) 100vw, 150px\" \/><\/a>\n\t\t\t\t<\/dt>\n\t\t\t\t\t<dd class='wp-caption-text gallery-caption' id='gallery-1-10617'>\n\t\t\t\t\tFoto con la cient\u00edfica Montserrat Gipert Cruells.\n\t\t\t\t\t<\/dd><\/dl><br style=\"clear: both\" \/><dl class='gallery-item'>\n\t\t\t\t<dt class='gallery-icon landscape'>\n\t\t\t\t\t<a class=\"rollover rollover-zoom dt-pswp-item\" title=\"galeria_pa_ciencia_11\" data-dt-img-description=\"\" data-large_image_width=\"512\" data-large_image_height=\"391\"href='https:\/\/www.imer.mx\/rmi\/wp-content\/uploads\/sites\/3\/2014\/12\/galeria_pa_ciencia_11.jpg'><img loading=\"lazy\" decoding=\"async\" width=\"150\" height=\"150\" src=\"https:\/\/www.imer.mx\/rmi\/wp-content\/uploads\/sites\/3\/2014\/12\/galeria_pa_ciencia_11-150x150.jpg\" class=\"attachment-thumbnail size-thumbnail\" alt=\"\" aria-describedby=\"gallery-1-10618\" \/><\/a>\n\t\t\t\t<\/dt>\n\t\t\t\t\t<dd class='wp-caption-text gallery-caption' id='gallery-1-10618'>\n\t\t\t\t\tEquipo de trabajo en compa\u00f1\u00eda del Dr. Arturo Becerra.\n\t\t\t\t\t<\/dd><\/dl><dl class='gallery-item'>\n\t\t\t\t<dt class='gallery-icon landscape'>\n\t\t\t\t\t<a class=\"rollover rollover-zoom dt-pswp-item\" title=\"galeria_pa_ciencia_12\" data-dt-img-description=\"\" data-large_image_width=\"800\" data-large_image_height=\"600\"href='https:\/\/www.imer.mx\/rmi\/wp-content\/uploads\/sites\/3\/2014\/12\/galeria_pa_ciencia_12.jpg'><img loading=\"lazy\" decoding=\"async\" width=\"150\" height=\"150\" src=\"https:\/\/www.imer.mx\/rmi\/wp-content\/uploads\/sites\/3\/2014\/12\/galeria_pa_ciencia_12-150x150.jpg\" class=\"attachment-thumbnail size-thumbnail\" alt=\"\" aria-describedby=\"gallery-1-10619\" \/><\/a>\n\t\t\t\t<\/dt>\n\t\t\t\t\t<dd class='wp-caption-text gallery-caption' id='gallery-1-10619'>\n\t\t\t\t\tParsifal Islas, conductor del programa.\n\t\t\t\t\t<\/dd><\/dl><dl class='gallery-item'>\n\t\t\t\t<dt class='gallery-icon landscape'>\n\t\t\t\t\t<a class=\"rollover rollover-zoom dt-pswp-item\" title=\"galeria_pa_ciencia_13\" data-dt-img-description=\"\" data-large_image_width=\"600\" data-large_image_height=\"569\"href='https:\/\/www.imer.mx\/rmi\/wp-content\/uploads\/sites\/3\/2014\/12\/galeria_pa_ciencia_13.jpg'><img loading=\"lazy\" decoding=\"async\" width=\"150\" height=\"150\" src=\"https:\/\/www.imer.mx\/rmi\/wp-content\/uploads\/sites\/3\/2014\/12\/galeria_pa_ciencia_13-150x150.jpg\" class=\"attachment-thumbnail size-thumbnail\" alt=\"\" aria-describedby=\"gallery-1-10620\" \/><\/a>\n\t\t\t\t<\/dt>\n\t\t\t\t\t<dd class='wp-caption-text gallery-caption' id='gallery-1-10620'>\n\t\t\t\t\tEl Dr. Arturo Becerra charlando acerca de evoluci\u00f3n.\n\t\t\t\t\t<\/dd><\/dl><dl class='gallery-item'>\n\t\t\t\t<dt class='gallery-icon landscape'>\n\t\t\t\t\t<a class=\"rollover rollover-zoom dt-pswp-item\" title=\"galeria_pa_ciencia_14\" data-dt-img-description=\"\" data-large_image_width=\"800\" data-large_image_height=\"600\"href='https:\/\/www.imer.mx\/rmi\/wp-content\/uploads\/sites\/3\/2014\/12\/galeria_pa_ciencia_14.jpg'><img loading=\"lazy\" decoding=\"async\" width=\"150\" height=\"150\" src=\"https:\/\/www.imer.mx\/rmi\/wp-content\/uploads\/sites\/3\/2014\/12\/galeria_pa_ciencia_14-150x150.jpg\" class=\"attachment-thumbnail size-thumbnail\" alt=\"\" aria-describedby=\"gallery-1-10621\" \/><\/a>\n\t\t\t\t<\/dt>\n\t\t\t\t\t<dd class='wp-caption-text gallery-caption' id='gallery-1-10621'>\n\t\t\t\t\tEquipo presente en la grabaci\u00f3n del programa \u00bfPor qu\u00e9 y para qu\u00e9 estudiar Ciencia?\n\t\t\t\t\t<\/dd><\/dl><dl class='gallery-item'>\n\t\t\t\t<dt class='gallery-icon landscape'>\n\t\t\t\t\t<a class=\"rollover rollover-zoom dt-pswp-item\" title=\"galeria_pa_ciencia_15\" data-dt-img-description=\"\" data-large_image_width=\"602\" data-large_image_height=\"361\"href='https:\/\/www.imer.mx\/rmi\/wp-content\/uploads\/sites\/3\/2014\/12\/galeria_pa_ciencia_15.jpg'><img loading=\"lazy\" decoding=\"async\" width=\"150\" height=\"150\" src=\"https:\/\/www.imer.mx\/rmi\/wp-content\/uploads\/sites\/3\/2014\/12\/galeria_pa_ciencia_15-150x150.jpg\" class=\"attachment-thumbnail size-thumbnail\" alt=\"\" aria-describedby=\"gallery-1-10622\" \/><\/a>\n\t\t\t\t<\/dt>\n\t\t\t\t\t<dd class='wp-caption-text gallery-caption' id='gallery-1-10622'>\n\t\t\t\t\t\tParsifal Islas y Alejandra Atz\u00edn, conductores.\n\t\t\t\t\t<\/dd><\/dl><br style=\"clear: both\" \/><dl class='gallery-item'>\n\t\t\t\t<dt class='gallery-icon landscape'>\n\t\t\t\t\t<a class=\"rollover rollover-zoom dt-pswp-item\" title=\"galeria_pa_ciencia_16\" data-dt-img-description=\"\" data-large_image_width=\"800\" data-large_image_height=\"607\"href='https:\/\/www.imer.mx\/rmi\/wp-content\/uploads\/sites\/3\/2014\/12\/galeria_pa_ciencia_16.jpg'><img loading=\"lazy\" decoding=\"async\" width=\"150\" height=\"150\" src=\"https:\/\/www.imer.mx\/rmi\/wp-content\/uploads\/sites\/3\/2014\/12\/galeria_pa_ciencia_16-150x150.jpg\" class=\"attachment-thumbnail size-thumbnail\" alt=\"\" aria-describedby=\"gallery-1-10623\" \/><\/a>\n\t\t\t\t<\/dt>\n\t\t\t\t\t<dd class='wp-caption-text gallery-caption' id='gallery-1-10623'>\n\t\t\t\t\tAlejandro Monterrosas y Eduardo Hern\u00e1ndez  integrantes del equipo.\n\t\t\t\t\t<\/dd><\/dl>\n\t\t\t\t<br style='clear: both' \/>\n\t\t\t<\/div>\n\n","protected":false},"excerpt":{"rendered":"<p>El desarrollo cient\u00edfico y tecnol\u00f3gico en M\u00e9xico, desde una perspectiva biol\u00f3gica. Un espacio para conocer la cultura cient\u00edfica y sus usos cotidianos. La excelencia y labor cient\u00edfica de nuestros investigadores. Conducen Parsifal Islas y Alejandra Atzin. Mi\u00e9rcoles a las 20:30 horas (tiempo del centro de M\u00e9xico). &nbsp; &nbsp; &nbsp; Galer\u00eda Haz clic en las im\u00e1genes&hellip;<\/p>\n","protected":false},"author":1,"featured_media":10587,"parent":26,"menu_order":0,"comment_status":"closed","ping_status":"closed","template":"","meta":{"wp_popup_display_lightbox":0,"wp_popup_suppress":"","wp_popup_trigger":"","wp_popup_trigger_amount":0,"wp_popup_disable_on_mobile":false,"footnotes":""},"class_list":["post-10584","page","type-page","status-publish","has-post-thumbnail","hentry","description-off"],"_links":{"self":[{"href":"https:\/\/www.imer.mx\/rmi\/wp-json\/wp\/v2\/pages\/10584","targetHints":{"allow":["GET"]}}],"collection":[{"href":"https:\/\/www.imer.mx\/rmi\/wp-json\/wp\/v2\/pages"}],"about":[{"href":"https:\/\/www.imer.mx\/rmi\/wp-json\/wp\/v2\/types\/page"}],"author":[{"embeddable":true,"href":"https:\/\/www.imer.mx\/rmi\/wp-json\/wp\/v2\/users\/1"}],"replies":[{"embeddable":true,"href":"https:\/\/www.imer.mx\/rmi\/wp-json\/wp\/v2\/comments?post=10584"}],"version-history":[{"count":0,"href":"https:\/\/www.imer.mx\/rmi\/wp-json\/wp\/v2\/pages\/10584\/revisions"}],"up":[{"embeddable":true,"href":"https:\/\/www.imer.mx\/rmi\/wp-json\/wp\/v2\/pages\/26"}],"wp:featuredmedia":[{"embeddable":true,"href":"https:\/\/www.imer.mx\/rmi\/wp-json\/wp\/v2\/media\/10587"}],"wp:attachment":[{"href":"https:\/\/www.imer.mx\/rmi\/wp-json\/wp\/v2\/media?parent=10584"}],"curies":[{"name":"wp","href":"https:\/\/api.w.org\/{rel}","templated":true}]}}