{"id":51889,"date":"2020-03-05T17:27:09","date_gmt":"2020-03-05T23:27:09","guid":{"rendered":"https:\/\/www.imer.mx\/reactor\/?page_id=51889"},"modified":"2020-03-05T19:37:47","modified_gmt":"2020-03-06T01:37:47","slug":"el-debate-de-la-neutralidad-de-la-red","status":"publish","type":"page","link":"https:\/\/www.imer.mx\/reactor\/el-debate-de-la-neutralidad-de-la-red\/","title":{"rendered":"El debate de la neutralidad de la Red"},"content":{"rendered":"<div class=\"wpb-content-wrapper\"><p>[vc_row][vc_column][vc_single_image image=&#8221;51927&#8243; img_size=&#8221;full&#8221;][\/vc_column][\/vc_row][vc_row][vc_column width=&#8221;1\/2&#8243;][vc_empty_space height=&#8221;22px&#8221;][vc_single_image image=&#8221;51894&#8243; img_size=&#8221;full&#8221;][\/vc_column][vc_column width=&#8221;1\/2&#8243;][vc_custom_heading text=&#8221;El debate de la neutralidad de la Red&#8221; font_container=&#8221;tag:h2|font_size:25|text_align:left|color:%23000000&#8243; google_fonts=&#8221;font_family:Cantata%20One%3Aregular|font_style:400%20regular%3A400%3Anormal&#8221;][vc_empty_space height=&#8221;15px&#8221; css=&#8221;.vc_custom_1565797599486{background-color: #ffffff !important;}&#8221;][vc_column_text]<\/p>\n<div class=\"\"><span class=\"\">Internet, como lo conocemos, podr\u00eda cambiar. El \u00f3rgano regulador de las telecomunicaciones, el IFT (Instituto Federal de Telecomunicaciones) realiza una consulta p\u00fablica del \u201cAnteproyecto de lineamientos para la gesti\u00f3n de tr\u00e1fico y administraci\u00f3n de red\u201d (neutralidad de la red), \u00bfqu\u00e9 se discute? \u00bfqu\u00e9 cambiar\u00eda?\u00a0<\/span><\/div>\n<p>&nbsp;<\/p>\n<div class=\"\"><strong><span class=\"\">Escucha estas mesas de an\u00e1lisis que transmitimos en Reactor para conocer \u00bfqu\u00e9 es la neutralidad de la red? Y por qu\u00e9 es tan importante estar informad@s al respecto.<\/span><\/strong><\/div>\n<p>[\/vc_column_text][\/vc_column][\/vc_row][vc_row][vc_column][vc_empty_space height=&#8221;22px&#8221;]<div class=\"hr-thin style-line accent-border-color\" style=\"width: 100%;border-top-width: 1px;\"><\/div>[\/vc_column][\/vc_row][vc_row][vc_column width=&#8221;1\/2&#8243;][vc_empty_space height=&#8221;22px&#8221;][vc_column_text]<strong>Mesa 1: El acceso a Internet<\/strong><br \/>\n<strong><em>Invitados:<\/em> <\/strong>Juan Manuel Casanueva, director ejecutivo de SocialTIC; Dr. Jorge Bravo Torres Coto, Director General de Digital Policy &amp; Law y Profesor de la Facultad de Ciencias Pol\u00edticas y Sociales de la UNAM, con la moderaci\u00f3n de Luisa Iglesias Arvide.<\/p>\n<p>&nbsp;<\/p>\n<p><strong>Mesa 2: Perspectiva Econ\u00f3mica e Innovaci\u00f3n en Internet<\/strong><br \/>\n<strong><em>Invitadas:<\/em> <\/strong>Alexandra Arg\u00fcelles, oficial de comunicaci\u00f3n e incidencia de Derechos Digitales; Lic. Ana de Saracho O\u00b4Brien; directora de Regulaci\u00f3n de Telef\u00f3nica , con la moderaci\u00f3n de Hayde\u00e9 Quijano Rosado, coordinadora del \u00e1rea de comunicaci\u00f3n de SocialTIC.<\/p>\n<p>&nbsp;<\/p>\n<p><strong>Mesa 3: Perspectiva legal de la neutralidad de la red<\/strong><br \/>\n<strong><em>Invitad@s: <\/em><\/strong>Luis Fernando Garc\u00eda, director ejecutivo de R3D (Red en defensa de los derechos digitales); Mtra. Adriana Labardini Inzunza, Directora de Derecho, tecnolog\u00eda y desarrollo A.C., con la moderaci\u00f3n de Luisa Iglesias Arvide.<\/p>\n<p>&nbsp;<\/p>\n<p><strong>Mesa 4: Impacto social de la neutralidad de la red<\/strong><br \/>\n<strong><em>Invitad@s:<\/em><\/strong> Vladimir Cort\u00e9s, oficial del programa de derechos digitales de Art\u00edculo 19, Oficina para M\u00e9xico y Centroam\u00e9rica (perspectiva de impacto social); Bertha Viviana Nava Flores,voluntaria de Mozilla M\u00e9xico; Dr. Luis Miguel Mart\u00ednez, presidente del cap\u00edtulo M\u00e9xico de la Internet Society (ISOC) y Acad\u00e9mico de la Universidad Iberoamericana, con la moderaci\u00f3n de Hayde\u00e9 Quijano Rosado, coordinadora del \u00e1rea de comunicaci\u00f3n de SocialTIC.[\/vc_column_text][\/vc_column][vc_column width=&#8221;1\/2&#8243;][vc_empty_space height=&#8221;22px&#8221;][vc_column_text]<div id=\"audioigniter-51919\" class=\"audioigniter-root \" data-player-type=\"full\" data-tracks-url=\"https:\/\/www.imer.mx\/reactor\/?audioigniter_playlist_id=51919\" data-display-track-no=\"true\" data-reverse-track-order=\"false\" data-display-tracklist-covers=\"true\" data-display-active-cover=\"true\" data-display-artist-names=\"true\" data-display-buy-buttons=\"true\" data-buy-buttons-target=\"true\" data-cycle-tracks=\"false\" data-display-credits=\"false\" data-display-tracklist=\"true\" data-allow-tracklist-toggle=\"true\" data-allow-tracklist-loop=\"true\" data-limit-tracklist-height=\"true\" data-volume=\"100\" data-tracklist-height=\"185\" ><\/div>[\/vc_column_text][\/vc_column][\/vc_row][vc_row][vc_column]<style type=\"text\/css\" data-type=\"the7_shortcodes-inline-css\">.gallery-carousel-shortcode.gallery-carousel-shortcode-id-4e438dbf2d758547b862bde609c78357.owl-carousel .owl-nav div {\n  width: 36px;\n  height: 36px;\n  border-radius: 500px;\n}\n.dt-arrow-border-on.gallery-carousel-shortcode.gallery-carousel-shortcode-id-4e438dbf2d758547b862bde609c78357.owl-carousel .owl-nav div:not(:hover):before {\n  border-width: 0px;\n}\n.dt-arrow-hover-border-on.gallery-carousel-shortcode.gallery-carousel-shortcode-id-4e438dbf2d758547b862bde609c78357.owl-carousel .owl-nav div:hover:after {\n  border-width: 0px;\n}\n.gallery-carousel-shortcode.gallery-carousel-shortcode-id-4e438dbf2d758547b862bde609c78357.owl-carousel .owl-nav div.owl-prev {\n  top: 50%;\n  transform: translateY(calc(-50% + 0px));\n  left: -43px;\n}\n@media all and (-ms-high-contrast: none) {\n  .gallery-carousel-shortcode.gallery-carousel-shortcode-id-4e438dbf2d758547b862bde609c78357.owl-carousel .owl-nav div.owl-prev {\n    transform: translateY(-50%);\n    margin-top: 0px;\n  }\n}\n.gallery-carousel-shortcode.gallery-carousel-shortcode-id-4e438dbf2d758547b862bde609c78357.owl-carousel .owl-nav div.owl-prev i {\n  padding: 0px 0px 0px 0px;\n}\n.gallery-carousel-shortcode.gallery-carousel-shortcode-id-4e438dbf2d758547b862bde609c78357.owl-carousel .owl-nav div.owl-next {\n  top: 50%;\n  transform: translateY(calc(-50% + 0px));\n  right: -43px;\n}\n@media all and (-ms-high-contrast: none) {\n  .gallery-carousel-shortcode.gallery-carousel-shortcode-id-4e438dbf2d758547b862bde609c78357.owl-carousel .owl-nav div.owl-next {\n    transform: translateY(-50%);\n    margin-top: 0px;\n  }\n}\n.gallery-carousel-shortcode.gallery-carousel-shortcode-id-4e438dbf2d758547b862bde609c78357.owl-carousel .owl-nav div.owl-next i {\n  padding: 0px 0px 0px 0px;\n}\n.gallery-carousel-shortcode.gallery-carousel-shortcode-id-4e438dbf2d758547b862bde609c78357.owl-carousel .owl-nav i {\n  font-size: 18px;\n}\n.gallery-carousel-shortcode.gallery-carousel-shortcode-id-4e438dbf2d758547b862bde609c78357.owl-carousel .owl-nav div:not(:hover) i,\n.gallery-carousel-shortcode.gallery-carousel-shortcode-id-4e438dbf2d758547b862bde609c78357.owl-carousel .owl-nav div:not(:hover) i:before {\n  color: #ffffff;\n  background: none;\n}\n.gallery-carousel-shortcode.gallery-carousel-shortcode-id-4e438dbf2d758547b862bde609c78357.owl-carousel .owl-nav div:hover i,\n.gallery-carousel-shortcode.gallery-carousel-shortcode-id-4e438dbf2d758547b862bde609c78357.owl-carousel .owl-nav div:hover i:before {\n  color: rgba(255,255,255,0.75);\n  background: none;\n}\n.gallery-carousel-shortcode.gallery-carousel-shortcode-id-4e438dbf2d758547b862bde609c78357 .owl-dots {\n  top: calc(100% + 20px);\n  left: 50%;\n  transform: translateX(calc(-50% + 0px));\n}\n@media all and (-ms-high-contrast: none) {\n  .gallery-carousel-shortcode.gallery-carousel-shortcode-id-4e438dbf2d758547b862bde609c78357 .owl-dots {\n    transform: translateX(-50%);\n    margin-left: 0px;\n  }\n}\n.gallery-carousel-shortcode.gallery-carousel-shortcode-id-4e438dbf2d758547b862bde609c78357 .owl-dot {\n  width: 10px;\n  height: 10px;\n  margin: 0 8px;\n}\n@media screen and (max-width: 778px) {\n  .gallery-carousel-shortcode.gallery-carousel-shortcode-id-4e438dbf2d758547b862bde609c78357.hide-arrows .owl-nav a {\n    display: none;\n  }\n}\n@media screen and (max-width: 778px) {\n  .gallery-carousel-shortcode.gallery-carousel-shortcode-id-4e438dbf2d758547b862bde609c78357.reposition-arrows .owl-nav .owl-prev {\n    top: 50%;\n    transform: translateY(calc(-50% + 0px));\n    left: 10px;\n  }\n  .gallery-carousel-shortcode.gallery-carousel-shortcode-id-4e438dbf2d758547b862bde609c78357.reposition-arrows .owl-nav .owl-next {\n    top: 50%;\n    transform: translateY(calc(-50% + 0px));\n    right: 10px;\n  }\n}\n@media screen and (max-width: 778px) and all and (-ms-high-contrast: none) {\n  .gallery-carousel-shortcode.gallery-carousel-shortcode-id-4e438dbf2d758547b862bde609c78357.reposition-arrows .owl-nav .owl-prev {\n    transform: translateY(-50%);\n    margin-top: 0px;\n  }\n}\n@media screen and (max-width: 778px) and all and (-ms-high-contrast: none) {\n  .gallery-carousel-shortcode.gallery-carousel-shortcode-id-4e438dbf2d758547b862bde609c78357.reposition-arrows .owl-nav .owl-next {\n    transform: translateY(-50%);\n    margin-top: 0px;\n  }\n}\n.gallery-carousel-shortcode.gallery-carousel-shortcode-id-4e438dbf2d758547b862bde609c78357 figure,\n.gallery-carousel-shortcode.gallery-carousel-shortcode-id-4e438dbf2d758547b862bde609c78357 .rollover,\n.gallery-carousel-shortcode.gallery-carousel-shortcode-id-4e438dbf2d758547b862bde609c78357 img,\n.gallery-carousel-shortcode.gallery-carousel-shortcode-id-4e438dbf2d758547b862bde609c78357 .gallery-rollover {\n  border-radius: 0px;\n}\n.gallery-carousel-shortcode.gallery-carousel-shortcode-id-4e438dbf2d758547b862bde609c78357.enable-bg-rollover .gallery-rollover {\n  background: -webkit-linear-gradient();\n  background: linear-gradient();\n}\n.gallery-carousel-shortcode.gallery-carousel-shortcode-id-4e438dbf2d758547b862bde609c78357.enable-img-shadow .owl-stage-outer {\n  padding: 14px 0;\n}\n.gallery-carousel-shortcode.gallery-carousel-shortcode-id-4e438dbf2d758547b862bde609c78357.enable-bg-rollover.hover-scale figure .rollover:after {\n  background: -webkit-linear-gradient();\n  background: linear-gradient();\n}\n.gallery-carousel-shortcode.gallery-carousel-shortcode-id-4e438dbf2d758547b862bde609c78357.gallery-shortcode .gallery-zoom-ico {\n  width: 44px;\n  height: 44px;\n  line-height: 44px;\n  border-radius: 100px;\n  margin: -22px 0 0 -22px;\n  border-width: 0px;\n}\n.dt-icon-bg-on.gallery-carousel-shortcode.gallery-carousel-shortcode-id-4e438dbf2d758547b862bde609c78357.gallery-shortcode .gallery-zoom-ico {\n  background: rgba(255,255,255,0.3);\n  box-shadow: none;\n}\n.gallery-carousel-shortcode.gallery-carousel-shortcode-id-4e438dbf2d758547b862bde609c78357.gallery-shortcode .gallery-zoom-ico:before,\n.gallery-carousel-shortcode.gallery-carousel-shortcode-id-4e438dbf2d758547b862bde609c78357.gallery-shortcode .gallery-zoom-ico span {\n  font-size: 32px;\n  line-height: 44px;\n  color: #ffffff;\n  background: none;\n}<\/style><div class=\"owl-carousel gallery-carousel-shortcode gallery-shortcode  dt-gallery-container dt-owl-carousel-call gallery-carousel-shortcode-id-4e438dbf2d758547b862bde609c78357 quick-scale-img enable-bg-rollover meta-info-off dt-arrow-border-on dt-arrow-hover-border-on bullets-small-dot-stroke reposition-arrows dt-icon-bg-off arrows-bg-on disable-arrows-hover-bg arrows-hover-bg-on  hover-fade \" data-scroll-mode=\"1\" data-col-num=\"5\" data-wide-col-num=\"5\" data-laptop-col=\"5\" data-h-tablet-columns-num=\"4\" data-v-tablet-columns-num=\"3\" data-phone-columns-num=\"1\" data-col-gap=\"10\" data-stage-padding=\"0\" data-speed=\"600\" data-autoplay=\"false\" data-autoplay_speed=\"6000\" data-arrows=\"true\" data-bullet=\"false\" data-next-icon=\"icon-ar-017-r\" data-prev-icon=\"icon-ar-017-l\" data-img-shadow-size=\"12px\" data-img-shadow-spread=\"3px\"><div data-post-id=\"51897\" data-date=\"2020-03-05T17:26:48-06:00\" data-name=\"susana3marzo\"><figure class=\"post\"><a href=\"https:\/\/www.imer.mx\/reactor\/wp-content\/uploads\/sites\/40\/susana3marzo.jpeg\" class=\"rollover dt-pswp-item layzr-bg\" data-large_image_width=\"1280\" data-large_image_height=\"590\" data-dt-img-description=\"\" title=\"susana3marzo\"><img fetchpriority=\"high\" decoding=\"async\" class=\"preload-me owl-lazy-load aspect\" src=\"data:image\/svg+xml,%3Csvg%20xmlns%3D&#39;http%3A%2F%2Fwww.w3.org%2F2000%2Fsvg&#39;%20viewBox%3D&#39;0%200%20590%20590&#39;%2F%3E\" data-src=\"https:\/\/www.imer.mx\/reactor\/wp-content\/uploads\/sites\/40\/susana3marzo-590x590.jpeg\" data-srcset=\"https:\/\/www.imer.mx\/reactor\/wp-content\/uploads\/sites\/40\/susana3marzo-590x590.jpeg 590w\" loading=\"eager\" style=\"--ratio: 590 \/ 590\" sizes=\"(max-width: 590px) 100vw, 590px\" alt=\"\" width=\"590\" height=\"590\"  \/><span class=\"gallery-rollover\"><span class=\"gallery-zoom-ico icomoon-the7-font-the7-zoom-06\"><span><\/span><\/span><\/span><\/a><\/figure><\/div><div data-post-id=\"51896\" data-date=\"2020-03-05T17:26:47-06:00\" data-name=\"susana_ana\"><figure class=\"post\"><a href=\"https:\/\/www.imer.mx\/reactor\/wp-content\/uploads\/sites\/40\/susana_ana.jpeg\" class=\"rollover dt-pswp-item layzr-bg\" data-large_image_width=\"1280\" data-large_image_height=\"590\" data-dt-img-description=\"\" title=\"susana_ana\"><img decoding=\"async\" class=\"preload-me owl-lazy-load aspect\" src=\"data:image\/svg+xml,%3Csvg%20xmlns%3D&#39;http%3A%2F%2Fwww.w3.org%2F2000%2Fsvg&#39;%20viewBox%3D&#39;0%200%20590%20590&#39;%2F%3E\" data-src=\"https:\/\/www.imer.mx\/reactor\/wp-content\/uploads\/sites\/40\/susana_ana-590x590.jpeg\" data-srcset=\"https:\/\/www.imer.mx\/reactor\/wp-content\/uploads\/sites\/40\/susana_ana-590x590.jpeg 590w\" loading=\"eager\" style=\"--ratio: 590 \/ 590\" sizes=\"(max-width: 590px) 100vw, 590px\" alt=\"\" width=\"590\" height=\"590\"  \/><span class=\"gallery-rollover\"><span class=\"gallery-zoom-ico icomoon-the7-font-the7-zoom-06\"><span><\/span><\/span><\/span><\/a><\/figure><\/div><div data-post-id=\"51893\" data-date=\"2020-03-05T17:26:42-06:00\" data-name=\"luis_fernando_garcia\"><figure class=\"post\"><a href=\"https:\/\/www.imer.mx\/reactor\/wp-content\/uploads\/sites\/40\/luis_fernando_garcia.jpeg\" class=\"rollover dt-pswp-item layzr-bg\" data-large_image_width=\"960\" data-large_image_height=\"1280\" data-dt-img-description=\"\" title=\"luis_fernando_garcia\"><img decoding=\"async\" class=\"preload-me owl-lazy-load aspect\" src=\"data:image\/svg+xml,%3Csvg%20xmlns%3D&#39;http%3A%2F%2Fwww.w3.org%2F2000%2Fsvg&#39;%20viewBox%3D&#39;0%200%20960%20960&#39;%2F%3E\" data-src=\"https:\/\/www.imer.mx\/reactor\/wp-content\/uploads\/sites\/40\/luis_fernando_garcia-960x960.jpeg\" data-srcset=\"https:\/\/www.imer.mx\/reactor\/wp-content\/uploads\/sites\/40\/luis_fernando_garcia-960x960.jpeg 960w\" loading=\"eager\" style=\"--ratio: 960 \/ 960\" sizes=\"(max-width: 960px) 100vw, 960px\" alt=\"\" width=\"960\" height=\"960\"  \/><span class=\"gallery-rollover\"><span class=\"gallery-zoom-ico icomoon-the7-font-the7-zoom-06\"><span><\/span><\/span><\/span><\/a><\/figure><\/div><div data-post-id=\"51892\" data-date=\"2020-03-05T17:26:41-06:00\" data-name=\"labardini_luisfernando_luisa\"><figure class=\"post\"><a href=\"https:\/\/www.imer.mx\/reactor\/wp-content\/uploads\/sites\/40\/labardini_luisfernando_luisa.jpeg\" class=\"rollover dt-pswp-item layzr-bg\" data-large_image_width=\"1280\" data-large_image_height=\"960\" data-dt-img-description=\"\" title=\"labardini_luisfernando_luisa\"><img decoding=\"async\" class=\"preload-me owl-lazy-load aspect\" src=\"data:image\/svg+xml,%3Csvg%20xmlns%3D&#39;http%3A%2F%2Fwww.w3.org%2F2000%2Fsvg&#39;%20viewBox%3D&#39;0%200%20960%20960&#39;%2F%3E\" data-src=\"https:\/\/www.imer.mx\/reactor\/wp-content\/uploads\/sites\/40\/labardini_luisfernando_luisa-960x960.jpeg\" data-srcset=\"https:\/\/www.imer.mx\/reactor\/wp-content\/uploads\/sites\/40\/labardini_luisfernando_luisa-960x960.jpeg 960w\" loading=\"eager\" style=\"--ratio: 960 \/ 960\" sizes=\"(max-width: 960px) 100vw, 960px\" alt=\"\" width=\"960\" height=\"960\"  \/><span class=\"gallery-rollover\"><span class=\"gallery-zoom-ico icomoon-the7-font-the7-zoom-06\"><span><\/span><\/span><\/span><\/a><\/figure><\/div><div data-post-id=\"51891\" data-date=\"2020-03-05T17:26:39-06:00\" data-name=\"ana_de_saracho\"><figure class=\"post\"><a href=\"https:\/\/www.imer.mx\/reactor\/wp-content\/uploads\/sites\/40\/ana_de_saracho.jpeg\" class=\"rollover dt-pswp-item layzr-bg\" data-large_image_width=\"1280\" data-large_image_height=\"590\" data-dt-img-description=\"\" title=\"ana_de_saracho\"><img decoding=\"async\" class=\"preload-me owl-lazy-load aspect\" src=\"data:image\/svg+xml,%3Csvg%20xmlns%3D&#39;http%3A%2F%2Fwww.w3.org%2F2000%2Fsvg&#39;%20viewBox%3D&#39;0%200%20590%20590&#39;%2F%3E\" data-src=\"https:\/\/www.imer.mx\/reactor\/wp-content\/uploads\/sites\/40\/ana_de_saracho-590x590.jpeg\" data-srcset=\"https:\/\/www.imer.mx\/reactor\/wp-content\/uploads\/sites\/40\/ana_de_saracho-590x590.jpeg 590w\" loading=\"eager\" style=\"--ratio: 590 \/ 590\" sizes=\"(max-width: 590px) 100vw, 590px\" alt=\"\" width=\"590\" height=\"590\"  \/><span class=\"gallery-rollover\"><span class=\"gallery-zoom-ico icomoon-the7-font-the7-zoom-06\"><span><\/span><\/span><\/span><\/a><\/figure><\/div><div data-post-id=\"51895\" data-date=\"2020-03-05T17:26:45-06:00\" data-name=\"mesa3marzo\"><figure class=\"post\"><a href=\"https:\/\/www.imer.mx\/reactor\/wp-content\/uploads\/sites\/40\/mesa3marzo.jpeg\" class=\"rollover dt-pswp-item layzr-bg\" data-large_image_width=\"1280\" data-large_image_height=\"589\" data-dt-img-description=\"\" title=\"mesa3marzo\"><img decoding=\"async\" class=\"preload-me owl-lazy-load aspect\" src=\"data:image\/svg+xml,%3Csvg%20xmlns%3D&#39;http%3A%2F%2Fwww.w3.org%2F2000%2Fsvg&#39;%20viewBox%3D&#39;0%200%20589%20589&#39;%2F%3E\" data-src=\"https:\/\/www.imer.mx\/reactor\/wp-content\/uploads\/sites\/40\/mesa3marzo-589x589.jpeg\" data-srcset=\"https:\/\/www.imer.mx\/reactor\/wp-content\/uploads\/sites\/40\/mesa3marzo-589x589.jpeg 589w\" loading=\"eager\" style=\"--ratio: 589 \/ 589\" sizes=\"(max-width: 589px) 100vw, 589px\" alt=\"\" width=\"589\" height=\"589\"  \/><span class=\"gallery-rollover\"><span class=\"gallery-zoom-ico icomoon-the7-font-the7-zoom-06\"><span><\/span><\/span><\/span><\/a><\/figure><\/div><\/div>[\/vc_column][\/vc_row][vc_row][vc_column][vc_empty_space][\/vc_column][\/vc_row][vc_row type=&#8221;vc_default&#8221; full_width=&#8221;stretch_row&#8221; parallax=&#8221;content-moving-fade&#8221; parallax_image=&#8221;51634&#8243; css=&#8221;.vc_custom_1583453623516{margin-bottom: -50px !important;border-bottom-width: -50px !important;padding-bottom: -50px !important;}&#8221;][vc_column][vc_empty_space height=&#8221;200px&#8221;][\/vc_column][\/vc_row]<\/p>\n<\/div>","protected":false},"excerpt":{"rendered":"<p>[vc_row][vc_column][vc_single_image image=&#8221;51927&#8243; img_size=&#8221;full&#8221;][\/vc_column][\/vc_row][vc_row][vc_column width=&#8221;1\/2&#8243;][vc_empty_space height=&#8221;22px&#8221;][vc_single_image image=&#8221;51894&#8243; img_size=&#8221;full&#8221;][\/vc_column][vc_column width=&#8221;1\/2&#8243;][vc_custom_heading text=&#8221;El debate de la neutralidad de la Red&#8221; font_container=&#8221;tag:h2|font_size:25|text_align:left|color:%23000000&#8243; google_fonts=&#8221;font_family:Cantata%20One%3Aregular|font_style:400%20regular%3A400%3Anormal&#8221;][vc_empty_space height=&#8221;15px&#8221; css=&#8221;.vc_custom_1565797599486{background-color: #ffffff !important;}&#8221;][vc_column_text] Internet, como lo conocemos, podr\u00eda cambiar. El \u00f3rgano regulador de las telecomunicaciones, el IFT (Instituto Federal de Telecomunicaciones) realiza una consulta p\u00fablica del \u201cAnteproyecto de lineamientos para la gesti\u00f3n de tr\u00e1fico y administraci\u00f3n&hellip;<\/p>\n","protected":false},"author":1,"featured_media":51930,"parent":0,"menu_order":0,"comment_status":"closed","ping_status":"closed","template":"","meta":{"wp_popup_display_lightbox":0,"wp_popup_suppress":"","wp_popup_trigger":"","wp_popup_trigger_amount":0,"wp_popup_disable_on_mobile":false,"footnotes":""},"class_list":["post-51889","page","type-page","status-publish","has-post-thumbnail","hentry","description-off"],"_links":{"self":[{"href":"https:\/\/www.imer.mx\/reactor\/wp-json\/wp\/v2\/pages\/51889","targetHints":{"allow":["GET"]}}],"collection":[{"href":"https:\/\/www.imer.mx\/reactor\/wp-json\/wp\/v2\/pages"}],"about":[{"href":"https:\/\/www.imer.mx\/reactor\/wp-json\/wp\/v2\/types\/page"}],"author":[{"embeddable":true,"href":"https:\/\/www.imer.mx\/reactor\/wp-json\/wp\/v2\/users\/1"}],"replies":[{"embeddable":true,"href":"https:\/\/www.imer.mx\/reactor\/wp-json\/wp\/v2\/comments?post=51889"}],"version-history":[{"count":0,"href":"https:\/\/www.imer.mx\/reactor\/wp-json\/wp\/v2\/pages\/51889\/revisions"}],"wp:featuredmedia":[{"embeddable":true,"href":"https:\/\/www.imer.mx\/reactor\/wp-json\/wp\/v2\/media\/51930"}],"wp:attachment":[{"href":"https:\/\/www.imer.mx\/reactor\/wp-json\/wp\/v2\/media?parent=51889"}],"curies":[{"name":"wp","href":"https:\/\/api.w.org\/{rel}","templated":true}]}}