{"id":10,"date":"2011-12-05T20:19:18","date_gmt":"2011-12-06T02:19:18","guid":{"rendered":"http:\/\/radiolagarto.imer.gob.mx\/wordpress\/?p=10"},"modified":"2014-05-21T19:45:44","modified_gmt":"2014-05-22T00:45:44","slug":"cronologia-2","status":"publish","type":"page","link":"https:\/\/www.imer.mx\/radiolagarto\/acerca-de-radio-lagarto\/cronologia-2\/","title":{"rendered":"Cronolog\u00eda"},"content":{"rendered":"<p><a name=\"cronologia\"><\/a><br \/>\nConoce las fechas m\u00e1s importantes en la historia de Radio Lagarto<\/p>\n<table border=\"1\" width=\"100%\" cellspacing=\"4\" cellpadding=\"2\">\n<tbody>\n<tr>\n<th>1985<\/th>\n<\/tr>\n<tr>\n<td>\n<ul>\n<li>Mediante un acuerdo de coinversi\u00f3n el IMER y el estado de Chiapas instalaron cuatro radiodifusoras en el estado: XECAH en Cacahoat\u00e1n, XEMIT en Comit\u00e1n y XERA La voz del ca\u00f1\u00f3n, en San Crist\u00f3bal de las Casas.<\/li>\n<\/ul>\n<\/td>\n<\/tr>\n<tr>\n<th>1990<\/th>\n<\/tr>\n<tr>\n<td>\n<ul>\n<li>El gobierno chiapaneco decide volver a encargarse de la operaci\u00f3n de XERA y la desincorpora del Grupo IMER. Para sustituirla, el IMER comienza la operaci\u00f3n de una nueva emisora, la XECHZ.<\/li>\n<\/ul>\n<\/td>\n<\/tr>\n<tr>\n<th>1991<\/th>\n<\/tr>\n<tr>\n<td>\n<ul>\n<li>Instalada en Chiapa de Corzo y ubicada en la frecuencia de 1560 kilohertz, XECHZ opera con una potencia autorizada de 20 mil watts y transmite con el lema: La voz del ca\u00f1\u00f3n.<\/li>\n<\/ul>\n<\/td>\n<\/tr>\n<tr>\n<th>1994<\/th>\n<\/tr>\n<tr>\n<td>\n<ul>\n<li>La emisora cambia de nombre y de lema: XECHZ, Radio Lagarto, Un oasis en el cuadrante radiof\u00f3nico.<\/li>\n<li>Transmite 12 horas al d\u00eda con una potencia de solo 4 mil 500 watts, casi la quinta parte de su potencia autorizada, debido a que desde su instalaci\u00f3n opera con un transmisor de tecnolog\u00eda atrasada y de \u00fanicamente 5 mil watts. Se espera que al finalizar el a\u00f1o, Radio Lagarto transmita con los 20 mil watts de potencia autorizada una vez concluida su rehabilitaci\u00f3n t\u00e9cnica que incluye la adquisici\u00f3n de un nuevo transmisor de 25 mil watts.<\/li>\n<li>En este mismo a\u00f1o se instala la Plantade emergencia y se construye el espacio que la albergar\u00e1. La planta cuenta con un motor de 6 cilindros turbocargado para generar 130 kilowatss, energ\u00eda suficiente para alimentar toda la estaci\u00f3n y con margen para mayor cargaEn este mismo a\u00f1o se instala la Plantade emergencia y se construye el espacio que la albergar\u00e1. La planta cuenta con un motor de 6 cilindros turbocargado para generar 130 kilowatss, energ\u00eda suficiente para alimentar toda la estaci\u00f3n y con margen para mayor carga.<\/li>\n<\/ul>\n<\/td>\n<\/tr>\n<tr>\n<th>2001<\/th>\n<\/tr>\n<tr>\n<td>\n<ul>\n<li>Se instala el equipo Dalet para transmisi\u00f3n y grabaci\u00f3n, as\u00ed como nuevas consolas de 16 y 32 canales para cada una de las cabinas.<\/li>\n<\/ul>\n<\/td>\n<\/tr>\n<tr>\n<th>2002<\/th>\n<\/tr>\n<tr>\n<td>\n<ul>\n<li>Cambia el slogan de Radio Lagarto por el de \u201cVoz viva de Chiapas\u201d.<\/li>\n<\/ul>\n<\/td>\n<\/tr>\n<tr>\n<th>2003<\/th>\n<\/tr>\n<tr>\n<td>\n<ul>\n<li>Se adquiere la nueva antena de transmisi\u00f3n; una torre de estructura tubular de 48 metros de altura.<\/li>\n<\/ul>\n<\/td>\n<\/tr>\n<tr>\n<th>2006<\/th>\n<\/tr>\n<tr>\n<td>\n<ul>\n<li>Inicia el redimensionamiento de las estaciones del IMER, con el cambio a nuevas tecnolog\u00edas.Se instala una nueva consola de transmisi\u00f3n y receptor de sat\u00e9lite, as\u00ed como el logger que permitir\u00e1 monitorear la estaci\u00f3n desde oficinas centrales.A 15 a\u00f1os del inicio de sus transmisiones, XECHZ, Radio Lagarto cambia completamente el vestido de estaci\u00f3n. Se reestructura la barra program\u00e1tica y se da mayor realce al slogan Voz viva de Chiapas.<\/li>\n<\/ul>\n<\/td>\n<\/tr>\n<tr>\n<th>2007<\/th>\n<\/tr>\n<tr>\n<td>\n<ul>\n<li>Contin\u00faa el trabajo de redimensionamiento con la instalaci\u00f3n de la consola digital y sistema no lineal de grabaci\u00f3n Pro tools para la cabina de producci\u00f3n; y la modernizaci\u00f3n del sistema Dalet con una mayor capacidad de almacenamiento de datos.<\/li>\n<\/ul>\n<\/td>\n<\/tr>\n<tr>\n<th>2009<\/th>\n<\/tr>\n<tr>\n<td>\n<ul>\n<li>Se instala el programa Team Radio, con el cual se trabajar\u00eda de manera m\u00e1s coordinada y precisa los promocionales que se transmiten en la emisora, comerciales, tiempos de estado y patrocinios.<\/li>\n<\/ul>\n<\/td>\n<\/tr>\n<tr>\n<th>2010<\/th>\n<\/tr>\n<tr>\n<td>\n<ul>\n<li>Cambio la imagen institucional de la emisora, adecu\u00e1ndose a la imagen que se maneja en todo el Instituto.<\/li>\n<\/ul>\n<ul>\n<li>A finales de este a\u00f1o comienzan los trabajos para llevar a cabo la conversi\u00f3n a FM, instalando una nueva antena de transmisi\u00f3n de 90 metros.<\/li>\n<\/ul>\n<\/td>\n<\/tr>\n<tr>\n<th>2011<\/th>\n<\/tr>\n<tr>\n<td>\n<ul>\n<li>Se da la inclusi\u00f3n del fonotipo actual que maneja el Instituto Mexicano de la Radio, en el vestido de la emisora.<\/li>\n<li>Dando continuidad a los trabajos para la conversi\u00f3n a F.M.\u00a0 se lleva a cabo la instalaci\u00f3n de \u00a02 transmisores marca Harris y al equipo con el que operar\u00e1 en la nueva frecuencia.<\/li>\n<\/ul>\n<\/td>\n<\/tr>\n<tr>\n<th>2012<\/th>\n<\/tr>\n<tr>\n<td>\n<ul>\n<li>El 27 de Junio de 2012 a las 23:00hrs. da inicio la\u00a0 transmisi\u00f3n en F.M.\u00a0 en la frecuencia 107.9, continuando de manera simult\u00e1nea con la tradicional 1560A.M. y el 02 de octubre da inicio la transmisi\u00f3n en HD, con lo que Radio Lagarto se pone a la vanguardia tecnol\u00f3gica.<\/li>\n<\/ul>\n<\/td>\n<\/tr>\n<\/tbody>\n<\/table>\n<table border=\"1\" width=\"100%\" cellspacing=\"4\" cellpadding=\"2\">\n<tbody>\n<tr>\n<th>2013<\/th>\n<\/tr>\n<tr>\n<td>\n<ul>\n<li>El 01 de Diciembre de 2013, dio inicio las transmisiones de los canales digitales HD 2 con la se\u00f1al de la emisora XEB La B Grande de M\u00e9xico y en el canal HD 3 Tropical\u00edsima, que transmiten desde la Cd. de M\u00e9xico, con esto Radio Lagarto es la primera emisora en la capital del estado que le ofrece esta tecnolog\u00eda digital a sus radioescuchas.<\/li>\n<\/ul>\n<\/td>\n<\/tr>\n<\/tbody>\n<\/table>\n","protected":false},"excerpt":{"rendered":"<p>Conoce las fechas m\u00e1s importantes en la historia de Radio Lagarto 1985 Mediante un acuerdo de coinversi\u00f3n el IMER y el estado de Chiapas instalaron cuatro radiodifusoras en el estado: XECAH en Cacahoat\u00e1n, XEMIT en Comit\u00e1n y XERA La voz del ca\u00f1\u00f3n, en San Crist\u00f3bal de las Casas. 1990 El gobierno chiapaneco decide volver a&hellip;<\/p>\n","protected":false},"author":1,"featured_media":0,"parent":64,"menu_order":0,"comment_status":"open","ping_status":"closed","template":"","meta":{"wp_popup_display_lightbox":0,"wp_popup_suppress":"","wp_popup_trigger":"","wp_popup_trigger_amount":0,"wp_popup_disable_on_mobile":false,"footnotes":""},"class_list":["post-10","page","type-page","status-publish","hentry","description-off"],"_links":{"self":[{"href":"https:\/\/www.imer.mx\/radiolagarto\/wp-json\/wp\/v2\/pages\/10","targetHints":{"allow":["GET"]}}],"collection":[{"href":"https:\/\/www.imer.mx\/radiolagarto\/wp-json\/wp\/v2\/pages"}],"about":[{"href":"https:\/\/www.imer.mx\/radiolagarto\/wp-json\/wp\/v2\/types\/page"}],"author":[{"embeddable":true,"href":"https:\/\/www.imer.mx\/radiolagarto\/wp-json\/wp\/v2\/users\/1"}],"replies":[{"embeddable":true,"href":"https:\/\/www.imer.mx\/radiolagarto\/wp-json\/wp\/v2\/comments?post=10"}],"version-history":[{"count":0,"href":"https:\/\/www.imer.mx\/radiolagarto\/wp-json\/wp\/v2\/pages\/10\/revisions"}],"up":[{"embeddable":true,"href":"https:\/\/www.imer.mx\/radiolagarto\/wp-json\/wp\/v2\/pages\/64"}],"wp:attachment":[{"href":"https:\/\/www.imer.mx\/radiolagarto\/wp-json\/wp\/v2\/media?parent=10"}],"curies":[{"name":"wp","href":"https:\/\/api.w.org\/{rel}","templated":true}]}}