{"id":3614,"date":"2025-04-23T18:00:21","date_gmt":"2025-04-24T00:00:21","guid":{"rendered":"https:\/\/www.imer.mx\/radioimer\/?page_id=3614"},"modified":"2025-11-13T12:33:19","modified_gmt":"2025-11-13T18:33:19","slug":"sos-ambiental-2","status":"publish","type":"page","link":"https:\/\/www.imer.mx\/radioimer\/sos-ambiental-2\/","title":{"rendered":"Temporada 2"},"content":{"rendered":"<div class=\"wpb-content-wrapper\"><p>[vc_row][vc_column][vc_single_image image=&#8221;3609&#8243; img_size=&#8221;full&#8221; alignment=&#8221;center&#8221; css=&#8221;.vc_custom_1745452721410{margin-top: -50px !important;}&#8221;][vc_empty_space][\/vc_column][\/vc_row][vc_row][vc_column][vc_column_text]<\/p>\r\n<h3 class=\"p1\">S.O.S Ambiental \u00a1Crea, act\u00faa, transforma!<\/h3>\r\n<p>S.O.S Ambiental es un espacio donde exploramos las iniciativas y acciones que est\u00e1n transformando nuestro entorno para crear un futuro m\u00e1s sustentable. \u00a1Crea conciencia, act\u00faa hoy y transforma el ma\u00f1ana!\u00a0 Este proyecto nace con un prop\u00f3sito: concientizar, movilizar y cambiar la relaci\u00f3n que tenemos con nuestro planeta. Cada episodio ofrece herramientas, ideas y voces que inspiran a la acci\u00f3n en favor del medio ambiente. \u00a0 M\u00e1s que un programa de radio es una plataforma de informaci\u00f3n y educaci\u00f3n ambiental, donde compartimos historias reales de cambio, con el apoyo de personas expertas, habitantes comunidades y ciudadan\u00eda, que desde sus trincheras hacen la diferencia. [\/vc_column_text][\/vc_column][\/vc_row][vc_row][vc_column width=&#8221;1\/3&#8243;][vc_single_image image=&#8221;3610&#8243; img_size=&#8221;full&#8221;][vc_custom_heading text=&#8221;Meta-crisis y cambio de paradigma:reconectar con un futuro sostenible&#8221; font_container=&#8221;tag:h5|text_align:left&#8221; google_fonts=&#8221;font_family:Montserrat%3Aregular%2C700|font_style:700%20bold%20regular%3A700%3Anormal&#8221;][vc_empty_space height=&#8221;15px&#8221;][vc_column_text]<\/p>\r\n<p class=\"p1\"><strong>Invitada:<\/strong> Alejandro Urbieta, licenciado en Administraci\u00f3n y Negocios Internacionales con maestr\u00eda en Negocios por la Universidad de Barcelona. Actualmente se desempe\u00f1a como colaborador del observatorio ciudadano de San Crist\u00f3bal de las Casas.<\/p>\r\n<p>&nbsp;<\/p>\r\n<p class=\"p1\"><strong>Sinopsis<\/strong><\/p>\r\n<p>En este episodio exploraremos la meta-crisis global y c\u00f3mo nuestra forma de pensar ha llevado al mundo a un punto cr\u00edtico. Analizaremos sus causas, la desconexi\u00f3n con la naturaleza y la urgencia de cambiar nuestra forma de pensar para reconstruir un futuro sostenible basado en valores que promuevan y sostengan la vida.<\/p>\r\n<p>[\/vc_column_text][vc_column_text]<\/p>\r\n<p><audio src=\"https:\/\/www.imer.mx\/radioimer\/wp-content\/uploads\/sites\/25\/sos-ambiental-ep1-metacrisis-y-cambio-de-paradigma-reconectar-con-un-futuro-sostenible-v1.mp3\" controls=\"controls\"><\/audio><\/p>\r\n<p>[\/vc_column_text][\/vc_column][vc_column width=&#8221;1\/3&#8243;][vc_single_image image=&#8221;3611&#8243; img_size=&#8221;full&#8221;][vc_custom_heading text=&#8221;Meta-crisis y cambio de paradigma:reconectar con un futuro sostenible (Parte 2)&#8221; font_container=&#8221;tag:h5|text_align:left&#8221; google_fonts=&#8221;font_family:Montserrat%3Aregular%2C700|font_style:700%20bold%20regular%3A700%3Anormal&#8221;][vc_empty_space height=&#8221;15px&#8221;][vc_column_text]<\/p>\r\n<p class=\"p1\"><strong>Invitada:<\/strong> Alejandro Urbieta, licenciado en Administraci\u00f3n y Negocios Internacionales con maestr\u00eda en Negocios por la Universidad de Barcelona. Actualmente se desempe\u00f1a como colaborador del observatorio ciudadano de San Crist\u00f3bal de las Casas.<\/p>\r\n<p>&nbsp;<\/p>\r\n<p class=\"p1\"><strong>Sinopsis<\/strong><\/p>\r\n<p>En este episodio, analizaremos c\u00f3mo transformar nuestra forma de pensar para afrontar la meta-crisis global por la que atravesamos. Descubriremos c\u00f3mo reconectar con la naturaleza, redefinir nuestros valores y adoptar nuevas perspectivas que pueden ayudar a construir un futuro sostenible, donde el equilibrio con el entorno sea prioridad.<\/p>\r\n<p>[\/vc_column_text][vc_column_text]<\/p>\r\n<p><audio src=\"https:\/\/www.imer.mx\/radioimer\/wp-content\/uploads\/sites\/25\/sos-ambiental-ep2-metacrisis-y-cambio-de-paradigma-reconectar-con-un-futuro-sostenible-v2.mp3\" controls=\"controls\"><\/audio><\/p>\r\n<p>[\/vc_column_text][\/vc_column][vc_column width=&#8221;1\/3&#8243;][vc_single_image image=&#8221;3612&#8243; img_size=&#8221;full&#8221;][vc_custom_heading text=&#8221;Mujeres por la naturaleza&#8221; font_container=&#8221;tag:h5|text_align:left&#8221; google_fonts=&#8221;font_family:Montserrat%3Aregular%2C700|font_style:700%20bold%20regular%3A700%3Anormal&#8221;][vc_empty_space height=&#8221;15px&#8221;][vc_column_text]<\/p>\r\n<p class=\"p1\"><strong>Invitada:<\/strong> Nayely Mart\u00ednez Mel\u00e9ndez, bi\u00f3loga, investigadora y asesora de Conservaci\u00f3n de la Biodiversidad en Eizia Asociaci\u00f3n Civil.<\/p>\r\n<p>&nbsp;<\/p>\r\n<p class=\"p1\"><strong>Sinopsis<\/strong><\/p>\r\n<p>En este episodio, descubriremos el trabajo del grupo San Nicol\u00e1s La Orqu\u00eddea, una cooperativa de mujeres en Chiapas que rescatan y conservan orqu\u00eddeas en peligro de extinci\u00f3n. Aprenderemos c\u00f3mo a trav\u00e9s de su orquidario comunitario, protegen la biodiversidad y promueven la educaci\u00f3n ambiental, impulsando el turismo sostenible y el manejo responsable de estas especies en riesgo.<\/p>\r\n<p>[\/vc_column_text][vc_column_text]<\/p>\r\n<p><audio src=\"https:\/\/www.imer.mx\/radioimer\/wp-content\/uploads\/sites\/25\/sos-ambiental-ep3-mujeres-por-la-naturaleza.mp3\" controls=\"controls\"><\/audio><\/p>\r\n<p>[\/vc_column_text][\/vc_column][\/vc_row][vc_row][vc_column][vc_empty_space]<div class=\"hr-thin style-line\" style=\"width: 100%;border-color: #db4b0d;border-top-width: 1px;\"><\/div>[vc_empty_space][\/vc_column][\/vc_row][vc_row][vc_column width=&#8221;1\/3&#8243;][vc_single_image image=&#8221;3697&#8243; img_size=&#8221;full&#8221; css=&#8221;&#8221;][vc_custom_heading text=&#8221;Turismo ambiental responsable&#8221; font_container=&#8221;tag:h5|text_align:left&#8221; google_fonts=&#8221;font_family:Montserrat%3Aregular%2C700|font_style:700%20bold%20regular%3A700%3Anormal&#8221;][vc_column_text css=&#8221;&#8221;]<\/p>\r\n<p><strong>Invitado:<\/strong> Jamie Eduardo G\u00f3mez Rodr\u00edguez, gu\u00eda en turismo de aventura, promotor de turismo responsable y educaci\u00f3n ambiental y colaborador\u00a0 de la asociaci\u00f3n civil Conservaci\u00f3n de la Biodiversidad en Tierra Verde Naturaleza y Cultura.<\/p>\r\n<p><strong>Sinopsis:<\/strong> En este episodio, exploramos sobre el turismo ambiental responsable en Chiapas, una alternativa que protege la biodiversidad y fortalece a las comunidades locales. Descubriremos c\u00f3mo iniciativas sostenibles en selvas, lagunas y sitios arqueol\u00f3gicos buscan equilibrar el desarrollo y la conservaci\u00f3n, promoviendo un turismo consciente y respetuoso con el entorno.<\/p>\r\n<p>[\/vc_column_text][vc_column_text]<\/p>\r\n<p><audio src=\"https:\/\/www.imer.mx\/radioimer\/wp-content\/uploads\/sites\/25\/sos-ambiental-ep4-turismo-ambiental-responsable.mp3\" controls=\"controls\"><\/audio><\/p>\r\n<p>[\/vc_column_text][\/vc_column][vc_column width=&#8221;1\/3&#8243;][vc_single_image image=&#8221;3680&#8243; img_size=&#8221;full&#8221; css=&#8221;&#8221;][vc_custom_heading text=&#8221;Participaci\u00f3n de las mujeres en la conservaci\u00f3n de los ecosistemas y su biodiversidad&#8221; font_container=&#8221;tag:h5|text_align:left&#8221; google_fonts=&#8221;font_family:Montserrat%3Aregular%2C700|font_style:700%20bold%20regular%3A700%3Anormal&#8221; css=&#8221;&#8221;][vc_column_text css=&#8221;&#8221;]<\/p>\r\n<p><b>Invitado:<\/b><span style=\"font-weight: 400;\"> Patricia Hern\u00e1ndez Rodr\u00edguez<\/span><\/p>\r\n<p><b>Sinopsis: <\/b><span style=\"font-weight: 400;\">En este episodio, descubriremos c\u00f3mo las mujeres de la regi\u00f3n de Montebello desde su conocimiento ancestral, contribuyen al cuidado de los ecosistemas, compartiendo su conocimiento sobre especies le\u00f1osas, plantas y ciclos naturales. Desde cocinas tur\u00edsticas hasta recorridos comunitarios, su sabidur\u00eda ancestral es clave para el manejo responsable y la preservaci\u00f3n de la biodiversidad.<\/span>.<\/p>\r\n<p>[\/vc_column_text][vc_column_text css=&#8221;&#8221;]<\/p>\r\n<p><audio src=\"https:\/\/www.imer.mx\/radioimer\/wp-content\/uploads\/sites\/25\/05\u2013ep-sos-participacion-delas-mujeres-en-la-conservacion-delos-ecosistemas-ysu-biodiversidad.mp3\" controls=\"controls\"><\/audio><\/p>\r\n<p>[\/vc_column_text][\/vc_column][vc_column width=&#8221;1\/3&#8243;][vc_single_image image=&#8221;3679&#8243; img_size=&#8221;full&#8221; css=&#8221;&#8221;][vc_custom_heading text=&#8221;La Lengua de Vaca: el \u00e1rbol de mil usos y su importancia ambiental&#8221; font_container=&#8221;tag:h5|text_align:left&#8221; google_fonts=&#8221;font_family:Montserrat%3Aregular%2C700|font_style:700%20bold%20regular%3A700%3Anormal&#8221; css=&#8221;&#8221;][vc_column_text css=&#8221;&#8221;]<\/p>\r\n<p><b>Invitado:<\/b><span style=\"font-weight: 400;\"> Nayely Mart\u00ednez Mel\u00e9ndez, bi\u00f3loga, investigadora y asesora de Conservaci\u00f3n de la Biodiversidad en Eizia Asociaci\u00f3n Civil.\u00a0<\/span><\/p>\r\n<p>&nbsp;<\/p>\r\n<p><b>Sinopsis:\u00a0 <\/b><span style=\"font-weight: 400;\">En este episodio, conoceremos sobre la importancia del \u00e1rbol <\/span><i><span style=\"font-weight: 400;\">Lengua de vaca<\/span><\/i><span style=\"font-weight: 400;\">, una especie en peligro cr\u00edtico, amenazada por la deforestaci\u00f3n en Chiapas y Guatemala. Exploramos sus m\u00faltiples usos, su valor ecol\u00f3gico y la urgente necesidad de su conservaci\u00f3n, dada su distribuci\u00f3n limitada y su inclusi\u00f3n en la lista de especies en peligro cr\u00edtico seg\u00fan la Uni\u00f3n Internacional para la Conservaci\u00f3n de la Naturaleza<\/span><\/p>\r\n<p>&nbsp;<\/p>\r\n<p><span style=\"font-weight: 400;\">Descubre c\u00f3mo comunidades como \u201cEl Machetillo\u201d trabajan en su conservaci\u00f3n a trav\u00e9s de viveros y reforestaci\u00f3n.<\/span><\/p>\r\n<p>[\/vc_column_text][vc_column_text css=&#8221;&#8221;]<\/p>\r\n<p><audio src=\"https:\/\/www.imer.mx\/radioimer\/wp-content\/uploads\/sites\/25\/06\u2013ep-sos-la-lengua-de-vaca-elarbol-demil-usos-ysu-importancia-ambiental.mp3\" controls=\"controls\"><\/audio><\/p>\r\n<p>[\/vc_column_text][\/vc_column][\/vc_row][vc_row][vc_column][vc_empty_space]<div class=\"hr-thin style-line\" style=\"width: 100%;border-color: #db4b0d;border-top-width: 1px;\"><\/div>[vc_empty_space][\/vc_column][\/vc_row][vc_row][vc_column width=&#8221;1\/3&#8243;][vc_single_image image=&#8221;3698&#8243; img_size=&#8221;full&#8221; css=&#8221;&#8221;][vc_custom_heading text=&#8221;Aves del Humedal La Ci\u00e9nega&#8221; font_container=&#8221;tag:h5|text_align:left&#8221; google_fonts=&#8221;font_family:Montserrat%3Aregular%2C700|font_style:700%20bold%20regular%3A700%3Anormal&#8221; css=&#8221;&#8221;][vc_column_text css=&#8221;&#8221;]<\/p>\r\n<p><b>Invitado:<\/b><span style=\"font-weight: 400;\">\u00a0 Aureliano Arg\u00fcello Figueroa, Bi\u00f3logo por la Universidad de Ciencias y Artes de Chiapas, con experiencia en el monitoreo de fauna silvestre en la Reserva de la Biosfera El Triunfo.<\/span><\/p>\r\n<p><b>Sinopsis: <\/b><span style=\"font-weight: 400;\">En este episodio, aprenderemos acerca de la riqueza de aves del Humedal La Ci\u00e9nega de Comit\u00e1n, Chiapas. Con 130 especies registradas, muchas migratorias o en riesgo, analizaremos porque este ecosistema es vital para la conservaci\u00f3n, impulsando el cuidado de las aves y su h\u00e1bitat frente a la creciente presi\u00f3n humana.<\/span><\/p>\r\n<p>[\/vc_column_text][vc_column_text css=&#8221;&#8221;]<\/p>\r\n<p><audio src=\"https:\/\/www.imer.mx\/radioimer\/wp-content\/uploads\/sites\/25\/07\u2013ep-sos-aves-del-humedal-la-cienega.mp3\" controls=\"controls\"><\/audio><\/p>\r\n<p>[\/vc_column_text][\/vc_column][vc_column width=&#8221;1\/3&#8243;][vc_single_image image=&#8221;3724&#8243; img_size=&#8221;full&#8221; css=&#8221;&#8221;][vc_custom_heading text=&#8221;Las comunidades locales en la restauraci\u00f3n de bosques en la regi\u00f3n de Montebello&#8221; font_container=&#8221;tag:h5|text_align:left&#8221; google_fonts=&#8221;font_family:Montserrat%3Aregular%2C700|font_style:700%20bold%20regular%3A700%3Anormal&#8221; css=&#8221;&#8221;][vc_column_text css=&#8221;&#8221;]<\/p>\r\n<p><b>Invitado:<\/b><span style=\"font-weight: 400;\"> Manuel Mart\u00ednez Mel\u00e9ndez, Bi\u00f3logo.<\/span><\/p>\r\n<p><b>Sinopsis: <span style=\"font-weight: 400;\">En este episodio, reconocemos el papel clave de las comunidades rurales en la restauraci\u00f3n de los bosques de Montebello. A trav\u00e9s de modelos locales y viveros comunitarios, que impulsan la recuperaci\u00f3n de ecosistemas afectados, rescatando especies nativas y saberes tradicionales, esenciales para conservar la biodiversidad y asegurar servicios ecosist\u00e9micos vitales para una vida digna.<\/span><\/b><\/p>\r\n<p>[\/vc_column_text][vc_column_text css=&#8221;&#8221;]<\/p>\r\n<p><audio src=\"https:\/\/www.imer.mx\/radioimer\/wp-content\/uploads\/sites\/25\/08-ep-sos-lascomunidades-locales-enla-restauracion-de-bosques-enla-region-de-montebello.mp3\" controls=\"controls\"><\/audio><\/p>\r\n<p>[\/vc_column_text][\/vc_column][vc_column width=&#8221;1\/3&#8243;][vc_single_image image=&#8221;3723&#8243; img_size=&#8221;full&#8221; css=&#8221;&#8221;][vc_custom_heading text=&#8221;Acciones de compensaci\u00f3n ambiental&#8221; font_container=&#8221;tag:h5|text_align:left&#8221; google_fonts=&#8221;font_family:Montserrat%3Aregular%2C700|font_style:700%20bold%20regular%3A700%3Anormal&#8221; css=&#8221;&#8221;][vc_column_text css=&#8221;&#8221;]<\/p>\r\n<p><b>Invitado:<\/b><span style=\"font-weight: 400;\"> Patricia Hern\u00e1ndez Rodr\u00edguez, Maestra en Gesti\u00f3n para el Desarrollo, cofundadora de Eizia Asociaci\u00f3n Civil y de Amazilias la Red de observadoras de aves en M\u00e9xico.<\/span><\/p>\r\n<p><b>Sinopsis: <span style=\"font-weight: 400;\">En este episodio, reflexionaremos sobre c\u00f3mo nuestras acciones cotidianas afectan al medio ambiente y exploramos estrategias para mitigar ese impacto. Conoceremos iniciativas de compensaci\u00f3n ambiental y c\u00f3mo organizaciones civiles, como Eizia, desarrollan proyectos comunitarios que contribuyen activamente a la restauraci\u00f3n y conservaci\u00f3n de los ecosistemas<\/span><\/b><\/p>\r\n<p>[\/vc_column_text][vc_column_text css=&#8221;&#8221;]<\/p>\r\n<p><audio src=\"https:\/\/www.imer.mx\/radioimer\/wp-content\/uploads\/sites\/25\/09-sos-ep-lascomunidades-localesenla-restauracionde-bosquesenla-regionde-montebello.mp3\" controls=\"controls\"><\/audio><\/p>\r\n<p>[\/vc_column_text][\/vc_column][\/vc_row][vc_row][vc_column width=&#8221;1\/3&#8243;][vc_single_image image=&#8221;3725&#8243; img_size=&#8221;full&#8221; css=&#8221;&#8221;][vc_custom_heading text=&#8221;\u00bfC\u00f3mo impactan las especias invasoras en la biodiversidad?&#8221; font_container=&#8221;tag:h5|text_align:left&#8221; google_fonts=&#8221;font_family:Montserrat%3Aregular%2C700|font_style:700%20bold%20regular%3A700%3Anormal&#8221; css=&#8221;&#8221;][vc_column_text css=&#8221;&#8221;]<\/p>\r\n<p><b>Invitado:<\/b><span style=\"font-weight: 400;\"> Rosa Eugenia Sandoval Perea, maestra y bi\u00f3loga en Ciencias por la Universidad Michoacana de San Nicol\u00e1s de Hidalgo, y colaboradora del Orquidario y Jard\u00edn Bot\u00e1nico de Comit\u00e1n.<\/span><\/p>\r\n<p><b>Sinopsis: <span style=\"font-weight: 400;\">En este episodio, aprenderemos c\u00f3mo las especies ex\u00f3ticas invasoras amenazan la biodiversidad al alterar ecosistemas, desplazando especies nativas y afectando la salud humana y la econom\u00eda. Con m\u00e1s de 800 especies identificadas en M\u00e9xico, vizibilizaremos la urgencia de prevenir, controlar y legislar su presencia para proteger nuestros entornos naturales.<\/span><\/b><\/p>\r\n<p>[\/vc_column_text][vc_column_text css=&#8221;&#8221;]<\/p>\r\n<p><audio src=\"https:\/\/www.imer.mx\/radioimer\/wp-content\/uploads\/sites\/25\/10-sos-ep-como-impactan-las-especies-invasoras.mp3\" controls=\"controls\"><span data-mce-type=\"bookmark\" style=\"display: inline-block; width: 0px; overflow: hidden; line-height: 0;\" class=\"mce_SELRES_start\">\ufeff<\/span><\/audio><\/p>\r\n<p>[\/vc_column_text][\/vc_column][vc_column width=&#8221;1\/3&#8243;][\/vc_column][vc_column width=&#8221;1\/3&#8243;][\/vc_column][\/vc_row][vc_row][vc_column css=&#8221;.vc_custom_1728942285838{margin-bottom: -90px !important;border-bottom-width: -90px !important;}&#8221;][vc_single_image image=&#8221;3232&#8243; img_size=&#8221;full&#8221;][\/vc_column][\/vc_row][vc_row][vc_column][vc_column_text]<\/p>\r\n<p>[\/vc_column_text][\/vc_column][\/vc_row]<\/p><\/div>","protected":false},"excerpt":{"rendered":"<p>[vc_row][vc_column][vc_single_image image=&#8221;3609&#8243; img_size=&#8221;full&#8221; alignment=&#8221;center&#8221; css=&#8221;.vc_custom_1745452721410{margin-top: -50px !important;}&#8221;][vc_empty_space][\/vc_column][\/vc_row][vc_row][vc_column][vc_column_text] S.O.S Ambiental \u00a1Crea, act\u00faa, transforma! S.O.S Ambiental es un espacio donde exploramos las iniciativas y acciones que est\u00e1n transformando nuestro entorno para crear un futuro m\u00e1s sustentable. \u00a1Crea conciencia, act\u00faa hoy y transforma el ma\u00f1ana!\u00a0 Este proyecto nace con un prop\u00f3sito: concientizar, movilizar y cambiar la relaci\u00f3n que&hellip;<\/p>\n","protected":false},"author":1,"featured_media":0,"parent":0,"menu_order":0,"comment_status":"closed","ping_status":"closed","template":"","meta":{"wp_popup_display_lightbox":0,"wp_popup_suppress":"","wp_popup_trigger":"","wp_popup_trigger_amount":0,"wp_popup_disable_on_mobile":false,"footnotes":""},"class_list":["post-3614","page","type-page","status-publish","hentry","description-off"],"_links":{"self":[{"href":"https:\/\/www.imer.mx\/radioimer\/wp-json\/wp\/v2\/pages\/3614","targetHints":{"allow":["GET"]}}],"collection":[{"href":"https:\/\/www.imer.mx\/radioimer\/wp-json\/wp\/v2\/pages"}],"about":[{"href":"https:\/\/www.imer.mx\/radioimer\/wp-json\/wp\/v2\/types\/page"}],"author":[{"embeddable":true,"href":"https:\/\/www.imer.mx\/radioimer\/wp-json\/wp\/v2\/users\/1"}],"replies":[{"embeddable":true,"href":"https:\/\/www.imer.mx\/radioimer\/wp-json\/wp\/v2\/comments?post=3614"}],"version-history":[{"count":4,"href":"https:\/\/www.imer.mx\/radioimer\/wp-json\/wp\/v2\/pages\/3614\/revisions"}],"predecessor-version":[{"id":4019,"href":"https:\/\/www.imer.mx\/radioimer\/wp-json\/wp\/v2\/pages\/3614\/revisions\/4019"}],"wp:attachment":[{"href":"https:\/\/www.imer.mx\/radioimer\/wp-json\/wp\/v2\/media?parent=3614"}],"curies":[{"name":"wp","href":"https:\/\/api.w.org\/{rel}","templated":true}]}}