{"id":3182,"date":"2024-10-10T13:01:26","date_gmt":"2024-10-10T19:01:26","guid":{"rendered":"https:\/\/www.imer.mx\/radioimer\/?page_id=3182"},"modified":"2025-11-13T12:31:51","modified_gmt":"2025-11-13T18:31:51","slug":"sos-ambiental","status":"publish","type":"page","link":"https:\/\/www.imer.mx\/radioimer\/sos-ambiental\/","title":{"rendered":"Temporada 1"},"content":{"rendered":"<div class=\"wpb-content-wrapper\"><p>[vc_row][vc_column][vc_single_image image=&#8221;3268&#8243; img_size=&#8221;full&#8221; alignment=&#8221;center&#8221; css=&#8221;.vc_custom_1729115246592{margin-top: -50px !important;}&#8221;][vc_empty_space][\/vc_column][\/vc_row][vc_row][vc_column][vc_column_text]<\/p>\r\n<h3 class=\"p1\">S.O.S Ambiental \u00a1Crea, act\u00faa, transforma!<\/h3>\r\n<p>S.O.S Ambiental es un espacio donde exploramos las iniciativas y acciones que est\u00e1n transformando nuestro entorno para crear un futuro m\u00e1s sustentable. \u00a1Crea conciencia, act\u00faa hoy y transforma el ma\u00f1ana!\u00a0 Este proyecto nace con un prop\u00f3sito: concientizar, movilizar y cambiar la relaci\u00f3n que tenemos con nuestro planeta. Cada episodio ofrece herramientas, ideas y voces que inspiran a la acci\u00f3n en favor del medio ambiente.<\/p>\r\n<p>&nbsp;<\/p>\r\n<p>M\u00e1s que un programa de radio es una plataforma de informaci\u00f3n y educaci\u00f3n ambiental, donde compartimos historias reales de cambio, con el apoyo de personas expertas, habitantes comunidades y ciudadan\u00eda, que desde sus trincheras hacen la diferencia.<\/p>\r\n<p>[\/vc_column_text][\/vc_column][\/vc_row][vc_row][vc_column width=&#8221;1\/3&#8243;][vc_single_image image=&#8221;3249&#8243; img_size=&#8221;full&#8221;][vc_custom_heading text=&#8221;Tr\u00e1fico Ilegal de Orqu\u00eddeas&#8221; font_container=&#8221;tag:h5|text_align:left&#8221; google_fonts=&#8221;font_family:Montserrat%3Aregular%2C700|font_style:700%20bold%20regular%3A700%3Anormal&#8221;][vc_empty_space height=&#8221;15px&#8221;][vc_column_text]<\/p>\r\n<p class=\"p1\"><strong>Invitada:<\/strong> Nayely Mart\u00ednez Mel\u00e9ndez, bi\u00f3loga, curadora general del Orquidario y Jard\u00edn Bot\u00e1nico \u201cComit\u00e1n\u201d de la Secretar\u00eda de Medio Ambiente e Historia Natural del estado de Chiapas.<\/p>\r\n<p>&nbsp;<\/p>\r\n<p class=\"p1\"><strong>Sinopsis<\/strong><\/p>\r\n<p>En regiones como Montebello y la Meseta Comiteca Tojolabal, m\u00e1s del 8% de las especies locales se comercializan ilegalmente. Esta situaci\u00f3n pone en peligro su existencia y tambi\u00e9n el equilibrio ambiental.<\/p>\r\n<p>Te invitamos a conocer iniciativas de conservaci\u00f3n comunitaria, programas de manejo sostenible y algunos consejos para evitar la compra ilegal de estas ex\u00f3ticas flores.<\/p>\r\n<p>[\/vc_column_text][vc_column_text]<\/p>\r\n<p><audio src=\"https:\/\/www.imer.mx\/radioimer\/wp-content\/uploads\/sites\/25\/01-prog-sos-ambiental-trafico-ilegal-de-orquideas.mp3\" controls=\"controls\"><\/audio><\/p>\r\n<p>[\/vc_column_text][\/vc_column][vc_column width=&#8221;1\/3&#8243;][vc_single_image image=&#8221;3250&#8243; img_size=&#8221;full&#8221;][vc_custom_heading text=&#8221;Cuidado de Orqu\u00eddeas&#8221; font_container=&#8221;tag:h5|text_align:left&#8221; google_fonts=&#8221;font_family:Montserrat%3Aregular%2C700|font_style:700%20bold%20regular%3A700%3Anormal&#8221;][vc_empty_space height=&#8221;15px&#8221;][vc_column_text]<\/p>\r\n<p class=\"p1\"><strong>Invitada:<\/strong> Rosa Eugenia Sandoval Perea, bi\u00f3loga y maestra en Ciencias por parte de la Universidad Michoacana de San Nicol\u00e1s de Hidalgo. Es integrante del equipo del Orquidario y Jard\u00edn Bot\u00e1nico \u201cComit\u00e1n\u201d.<\/p>\r\n<p>&nbsp;<\/p>\r\n<p class=\"p1\"><strong>Sinopsis<\/strong><\/p>\r\n<p>En este programa te acompa\u00f1amos a descubrir los secretos para cuidar y mantener tus orqu\u00eddeas siempre radiantes. Desde c\u00f3mo elegir el lugar perfecto en tu hogar, hasta los trucos m\u00e1s sencillos para regarlas y hacerlas florecer todo el a\u00f1o, aqu\u00ed aprender\u00e1s todo lo necesario para que estas joyas de la naturaleza se conviertan en el orgullo de tu jard\u00edn interior.<\/p>\r\n<p>[\/vc_column_text][vc_column_text]<\/p>\r\n<p><audio src=\"https:\/\/www.imer.mx\/radioimer\/wp-content\/uploads\/sites\/25\/02-prog-sos-ambiental-cuidado-de-orquideas.mp3\" controls=\"controls\"><\/audio><\/p>\r\n<p>[\/vc_column_text][\/vc_column][vc_column width=&#8221;1\/3&#8243;][vc_single_image image=&#8221;3251&#8243; img_size=&#8221;full&#8221;][vc_custom_heading text=&#8221;El impacto de los abonos org\u00e1nicos&#8221; font_container=&#8221;tag:h5|text_align:left&#8221; google_fonts=&#8221;font_family:Montserrat%3Aregular%2C700|font_style:700%20bold%20regular%3A700%3Anormal&#8221;][vc_empty_space height=&#8221;15px&#8221;][vc_column_text]<\/p>\r\n<p class=\"p1\"><strong>Invitada:<\/strong> Mar\u00eda Castellanos N\u00e1jera, ingeniera qu\u00edmica agroindustrial, analista t\u00e9cnico del departamento de curadur\u00eda de herbario y laboratorio del Orquidario y Jard\u00edn Bot\u00e1nico \u201cComit\u00e1n\u201d.<\/p>\r\n<p>&nbsp;<\/p>\r\n<p class=\"p1\"><strong>Sinopsis<\/strong><\/p>\r\n<p>En este programa exploramos c\u00f3mo algo tan simple como los abonos org\u00e1nicos puede tener un impacto profundo en la biodiversidad de nuestro entorno. Descubre c\u00f3mo al nutrir tus plantas de manera natural, tambi\u00e9n ayudas a crear un h\u00e1bitat vibrante para insectos, aves y otros organismos que mantienen el equilibrio ecol\u00f3gico.<\/p>\r\n<p>[\/vc_column_text][vc_column_text]<\/p>\r\n<p><audio src=\"https:\/\/www.imer.mx\/radioimer\/wp-content\/uploads\/sites\/25\/03-prog-sos-ambiental-el-impacto-de-los-abonos-organicos-en-la-biodiversidad.mp3\" controls=\"controls\"><\/audio><\/p>\r\n<p>[\/vc_column_text][\/vc_column][\/vc_row][vc_row][vc_column][vc_empty_space]<div class=\"hr-thin style-line\" style=\"width: 100%;border-color: #db4b0d;border-top-width: 1px;\"><\/div>[vc_empty_space][\/vc_column][\/vc_row][vc_row][vc_column width=&#8221;1\/3&#8243;][vc_single_image image=&#8221;3288&#8243; img_size=&#8221;full&#8221;][vc_custom_heading text=&#8221;Micofilia y micofobia: el consumo seguro de hongos (Parte 1)&#8221; font_container=&#8221;tag:h5|text_align:left&#8221; google_fonts=&#8221;font_family:Montserrat%3Aregular%2C700|font_style:700%20bold%20regular%3A700%3Anormal&#8221;][vc_column_text]<\/p>\r\n<p><strong>Invitado:<\/strong> C\u00e9sar Daniel Couti\u00f1o Ovando, bi\u00f3logo y parte del equipo del Orquidario y Jard\u00edn bot\u00e1nico \u201cComit\u00e1n\u201d de la Secretar\u00eda de Medio Ambiente e Historia Natural.<\/p>\r\n<p>&nbsp;<\/p>\r\n<p><strong>Sinopsis<\/strong><\/p>\r\n<p>En este episodio exploramos la fascinante relaci\u00f3n entre la micofilia y la micofobia, es decir, la pasi\u00f3n y el temor hacia los hongos. Descubre las claves para disfrutar del consumo de hongos de forma segura, desmitificando creencias y aprendiendo a identificar las especies comestibles y evitar las peligrosas. Si te intrigan estos misteriosos organismos, pero te da miedo probarlos, aqu\u00ed te damos las herramientas para conocerlos mejor. \u00a1Atr\u00e9vete a explorar el mundo de los hongos!<\/p>\r\n<p>[\/vc_column_text][vc_column_text]<\/p>\r\n<p><audio src=\"https:\/\/www.imer.mx\/radioimer\/wp-content\/uploads\/sites\/25\/04-prog-sos-ambiental-micofilia-y-micofobia-el-consumo-seguro-de-hongos-parte-1.mp3\" controls=\"controls\"><\/audio><\/p>\r\n<p>[\/vc_column_text][\/vc_column][vc_column width=&#8221;1\/3&#8243;][vc_single_image image=&#8221;3289&#8243; img_size=&#8221;full&#8221;][vc_custom_heading text=&#8221;Micofilia y micofobia: el consumo seguro de hongos (Parte 2)&#8221; font_container=&#8221;tag:h5|text_align:left&#8221; google_fonts=&#8221;font_family:Montserrat%3Aregular%2C700|font_style:700%20bold%20regular%3A700%3Anormal&#8221;][vc_column_text]<\/p>\r\n<p><strong>Invitado:<\/strong> C\u00e9sar Daniel Couti\u00f1o Ovando, bi\u00f3logo y parte del equipo del Orquidario y Jard\u00edn bot\u00e1nico \u201cComit\u00e1n\u201d de la Secretar\u00eda de Medio Ambiente e Historia Natural.<\/p>\r\n<p>&nbsp;<\/p>\r\n<p><strong>Sinopsis\u00a0<\/strong><\/p>\r\n<p>En este episodio, profundizamos en c\u00f3mo superar el temor a los hongos y convertirte en un experto en su identificaci\u00f3n. Hablaremos de las mejores pr\u00e1cticas para recolectar hongos de forma segura, qu\u00e9 se\u00f1ales te ayudan a diferenciarlos y c\u00f3mo disfrutar de recetas deliciosas sin riesgos. Si en la primera parte te quedaste con curiosidad, esta vez despejaremos todas tus dudas para que disfrutes al m\u00e1ximo del mundo micol\u00f3gico. \u00a1No te lo pierdas!<\/p>\r\n<p>[\/vc_column_text][vc_column_text]<\/p>\r\n<p><audio src=\"https:\/\/www.imer.mx\/radioimer\/wp-content\/uploads\/sites\/25\/05-prog-sos-ambiental-micofilia-y-micofobia-el-consumo-seguro-de-hongos-parte2.mp3\" controls=\"controls\"><span data-mce-type=\"bookmark\" style=\"width: 0px; overflow: hidden; line-height: 0;\" class=\"mce_SELRES_start\">\ufeff<\/span><\/audio><\/p>\r\n<p>[\/vc_column_text][\/vc_column][vc_column width=&#8221;1\/3&#8243;][vc_single_image image=&#8221;3321&#8243; img_size=&#8221;full&#8221;][vc_custom_heading text=&#8221;Tesoros nativos, jardines bot\u00e1nicos como refugio de especies end\u00e9micas&#8221; font_container=&#8221;tag:h5|text_align:left&#8221; google_fonts=&#8221;font_family:Montserrat%3Aregular%2C700|font_style:700%20bold%20regular%3A700%3Anormal&#8221;][vc_column_text]<\/p>\r\n<p><strong>Invitado:<\/strong> Luis Humberto Vicente Rivera, bi\u00f3logo y parte del equipo del Orquidario y Jard\u00edn bot\u00e1nico \u201cComit\u00e1n\u201d de la Secretar\u00eda de Medio Ambiente e Historia Natural.<\/p>\r\n<p>&nbsp;<\/p>\r\n<p><strong>Sinopsis\u00a0<\/strong><\/p>\r\n<p>En este episodio, exploramos c\u00f3mo los jardines bot\u00e1nicos se convierten en santuarios de especies \u00fanicas y esenciales. Conoce c\u00f3mo estos espacios protegen plantas en peligro y preservan la biodiversidad de nuestros ecosistemas. Desde \u00e1rboles ancestrales hasta flores ex\u00f3ticas, descubre por qu\u00e9 cada especie cuenta en la batalla por salvar nuestro planeta. \u00a1Esc\u00fachanos y aprende c\u00f3mo puedes ayudar tambi\u00e9n!<\/p>\r\n<p>[\/vc_column_text][vc_column_text]<\/p>\r\n<p><audio src=\"https:\/\/www.imer.mx\/radioimer\/wp-content\/uploads\/sites\/25\/06-prog-sos-ambiental-tesoros-nativos-jardines-botanicos-como-refugio-de-especies-endemicas.mp3\" controls=\"controls\"><span data-mce-type=\"bookmark\" style=\"width: 0px; overflow: hidden; line-height: 0;\" class=\"mce_SELRES_start\">\ufeff<\/span><span data-mce-type=\"bookmark\" style=\"width: 0px; overflow: hidden; line-height: 0;\" class=\"mce_SELRES_start\">\ufeff<\/span><\/audio><\/p>\r\n<p>[\/vc_column_text][\/vc_column][\/vc_row][vc_row][vc_column][vc_empty_space]<div class=\"hr-thin style-line\" style=\"width: 100%;border-color: #db4b0d;border-top-width: 1px;\"><\/div>[vc_empty_space][\/vc_column][\/vc_row][vc_row][vc_column width=&#8221;1\/3&#8243;][vc_single_image image=&#8221;3356&#8243; img_size=&#8221;full&#8221;][vc_custom_heading text=&#8221;Oasis florales jardines para polinizadores&#8221; font_container=&#8221;tag:h5|text_align:left&#8221; google_fonts=&#8221;font_family:Montserrat%3Aregular%2C700|font_style:700%20bold%20regular%3A700%3Anormal&#8221;][vc_column_text]<\/p>\r\n<p><strong>Invitado:<\/strong> <span class=\"s5\">Aureliano Arg\u00fcello Figueroa, bi\u00f3logo y parte del equipo del <\/span><span class=\"s5\">Orquidario<\/span><span class=\"s5\"> y Jard\u00edn bot\u00e1nico \u201cComit\u00e1n\u201d de la Secretar\u00eda de Medio Ambiente e Historia Natural.<\/span><\/p>\r\n<p>&nbsp;<\/p>\r\n<p><strong>Sinopsis<\/strong><\/p>\r\n<p>En este episodio exploramos los oasis florales, esos jardines llenos de vida dise\u00f1ados para atraer y proteger a los polinizadores. Descubre c\u00f3mo estas peque\u00f1as pero poderosas criaturas son clave para nuestro ecosistema y qu\u00e9 puedes hacer para ayudarlas desde tu propio rinc\u00f3n verde. Inspiraci\u00f3n, consejos pr\u00e1cticos y datos sorprendentes te esperan. \u00a1Crea tu oasis y s\u00e9 parte del cambio!<\/p>\r\n<p>[\/vc_column_text][vc_column_text]<audio src=\"https:\/\/www.imer.mx\/radioimer\/wp-content\/uploads\/sites\/25\/07-prog-sos-ambiental-oasis-florales-jardinespara-polinizadores.mp3\" controls=\"controls\"><span data-mce-type=\"bookmark\" style=\"width: 0px; overflow: hidden; line-height: 0;\" class=\"mce_SELRES_start\"> <\/span><\/audio>[\/vc_column_text][\/vc_column][vc_column width=&#8221;1\/3&#8243;][vc_single_image image=&#8221;3355&#8243; img_size=&#8221;full&#8221;][vc_custom_heading text=&#8221;Guardianes verdes: jardines bot\u00e1nicos y conservaci\u00f3n la de la biodiversidad&#8221; font_container=&#8221;tag:h5|text_align:left&#8221; google_fonts=&#8221;font_family:Montserrat%3Aregular%2C700|font_style:700%20bold%20regular%3A700%3Anormal&#8221;][vc_column_text]<\/p>\r\n<p><strong>Invitado:<\/strong> <span class=\"s5\">Nancy Martinez Corre, bi\u00f3loga y Doctora en Ciencias Biol\u00f3gicas por la Universidad Aut\u00f3noma Metropolitana. Jefa de Departamento de Curadur\u00eda de Herbario y Labor<\/span><span class=\"s5\">atorio del <\/span><span class=\"s5\">Orquidario<\/span><span class=\"s5\"> y Jard\u00edn b<\/span><span class=\"s5\">ot\u00e1nico \u201cComit\u00e1n\u201d de la Secretar\u00eda de Medio Ambiente e Historia Natural.<\/span><\/p>\r\n<p>&nbsp;<\/p>\r\n<p><strong>Sinopsis\u00a0<\/strong><\/p>\r\n<p>En este episodio nos adentramos en el mundo de los jardines bot\u00e1nicos y su papel vital como guardianes de la biodiversidad. Descubre c\u00f3mo estos espacios no solo embellecen nuestras ciudades, sino que tambi\u00e9n protegen especies \u00fanicas y ayudan a conservar el equilibrio natural. Conoce historias inspiradoras y c\u00f3mo t\u00fa tambi\u00e9n puedes contribuir a la protecci\u00f3n de la naturaleza. \u00a1Escucha y \u00fanete a la causa!<\/p>\r\n<p>[\/vc_column_text][vc_column_text]<\/p>\r\n<p><audio src=\"https:\/\/www.imer.mx\/radioimer\/wp-content\/uploads\/sites\/25\/08-prog-sos-ambiental-guardianes-verdes-jardines-botanicos-y-conservacion-de-la-biodevirsidad.mp3\" controls=\"controls\"><span data-mce-type=\"bookmark\" style=\"width: 0px; overflow: hidden; line-height: 0;\" class=\"mce_SELRES_start\"> <\/span><\/audio><\/p>\r\n<p>[\/vc_column_text][\/vc_column][vc_column width=&#8221;1\/3&#8243;][vc_single_image image=&#8221;3391&#8243; img_size=&#8221;full&#8221;][vc_custom_heading text=&#8221;Preservar el tesoro de la medicina tradicional&#8221; font_container=&#8221;tag:h5|text_align:left&#8221; google_fonts=&#8221;font_family:Montserrat%3Aregular%2C700|font_style:700%20bold%20regular%3A700%3Anormal&#8221;][vc_column_text]<\/p>\r\n<p><strong>Invitado:<\/strong> Shadia Michelle L\u00f3pez Espinosa, bi\u00f3loga egresada del Instituto de Ciencias Biol\u00f3gicas-UNICACH y parte del equipo del Orquidario y Jard\u00edn bot\u00e1nico \u201cComit\u00e1n\u201d de la Secretar\u00eda de Medio Ambiente e Historia Natural.<\/p>\r\n<p>&nbsp;<\/p>\r\n<p><strong>Sinopsis\u00a0<\/strong><\/p>\r\n<p>En este episodio exploramos el fascinante mundo de la medicina tradicional y su conexi\u00f3n con la naturaleza. Descubre c\u00f3mo las plantas medicinales, transmitidas de generaci\u00f3n en generaci\u00f3n, son un tesoro invaluable para la salud y la biodiversidad. Hablamos sobre su preservaci\u00f3n, el respeto por los saberes ancestrales y c\u00f3mo proteger este legado.\u00a0 \u00a1Escucha y conecta con la sabidur\u00eda de la tierra!<\/p>\r\n<p>[\/vc_column_text][vc_column_text]<\/p>\r\n<p><audio src=\"https:\/\/www.imer.mx\/radioimer\/wp-content\/uploads\/sites\/25\/09-prog-sos-ambiental-preservar-el-tesoro-de-la-medicina-tradicional.mp3\" controls=\"controls\"><span data-mce-type=\"bookmark\" style=\"width: 0px; overflow: hidden; line-height: 0;\" class=\"mce_SELRES_start\"> <\/span><\/audio><\/p>\r\n<p>[\/vc_column_text][\/vc_column][\/vc_row][vc_row][vc_column][vc_empty_space]<div class=\"hr-thin style-line\" style=\"width: 100%;border-color: #db4b0d;border-top-width: 1px;\"><\/div>[vc_empty_space][\/vc_column][\/vc_row][vc_row][vc_column width=&#8221;1\/3&#8243;][vc_single_image image=&#8221;3392&#8243; img_size=&#8221;full&#8221;][vc_custom_heading text=&#8221;Milpa: una tradici\u00f3n con sabidur\u00eda&#8221; font_container=&#8221;tag:h5|text_align:left&#8221; google_fonts=&#8221;font_family:Montserrat%3Aregular%2C700|font_style:700%20bold%20regular%3A700%3Anormal&#8221;][vc_column_text]<\/p>\r\n<p><strong>Invitado:<\/strong> Aureliano Arg\u00fcello Figueroa, bi\u00f3logo y parte del equipo del Orquidario y Jard\u00edn bot\u00e1nico \u201cComit\u00e1n\u201d de la Secretar\u00eda de Medio Ambiente e Historia Natural.<\/p>\r\n<p>&nbsp;<\/p>\r\n<p><strong>Sinopsis<\/strong><\/p>\r\n<p>En este episodio, nos sumergimos en la milpa, una tradici\u00f3n agr\u00edcola llena de sabidur\u00eda ancestral. Descubre c\u00f3mo este sistema sostenible, que combina ma\u00edz, frijol, quelite, calabaza, es mucho m\u00e1s que cultivo: es cultura, conexi\u00f3n con la tierra y cuidado del medio ambiente. Conoce su importancia para la biodiversidad y la alimentaci\u00f3n, y c\u00f3mo podemos aprender de ella hoy. \u00a1Escucha y d\u00e9jate inspirar por esta herencia viva!<\/p>\r\n<p>[\/vc_column_text][vc_column_text]<\/p>\r\n<p><audio src=\"https:\/\/www.imer.mx\/radioimer\/wp-content\/uploads\/sites\/25\/10-pro-sos-ambiental-milpa-una-tradicion-con-sabiduria.mp3\" controls=\"controls\"><span data-mce-type=\"bookmark\" style=\"width: 0px; overflow: hidden; line-height: 0;\" class=\"mce_SELRES_start\">\ufeff<\/span><span data-mce-type=\"bookmark\" style=\"width: 0px; overflow: hidden; line-height: 0;\" class=\"mce_SELRES_start\"> <\/span><\/audio><\/p>\r\n<p>[\/vc_column_text][\/vc_column][vc_column width=&#8221;1\/3&#8243;][vc_single_image image=&#8221;3393&#8243; img_size=&#8221;full&#8221;][vc_custom_heading text=&#8221;Bio-arquitectura: innovaci\u00f3n y naturaleza en construcci\u00f3n&#8221; font_container=&#8221;tag:h5|text_align:left&#8221; google_fonts=&#8221;font_family:Montserrat%3Aregular%2C700|font_style:700%20bold%20regular%3A700%3Anormal&#8221;][vc_column_text]<\/p>\r\n<p><strong>Invitado:<\/strong> Osmar Alberto Altuzar Arguello, arquitecto y parte del equipo del Orquidario y Jard\u00edn bot\u00e1nico \u201cComit\u00e1n\u201d de la Secretar\u00eda de Medio Ambiente e Historia Natural.<\/p>\r\n<p>&nbsp;<\/p>\r\n<p><strong>Sinopsis<\/strong><\/p>\r\n<p>En este episodio nos adentramos en el mundo de la bio-arquitectura. Exploramos c\u00f3mo en Chiapas\u00a0 con su rica tradici\u00f3n de t\u00e9cnicas ancestrales como el adobe y el bahareque se da un ejemplo de sostenibilidad. Tambi\u00e9n abordamos los retos de llevar esta bioconstrucci\u00f3n a entornos urbanos donde la necesidad de viviendas sostenibles es cada vez m\u00e1s urgente.<\/p>\r\n<p>[\/vc_column_text][vc_column_text]<\/p>\r\n<p><audio src=\"https:\/\/www.imer.mx\/radioimer\/wp-content\/uploads\/sites\/25\/11-prog-sos-ambiental-bioarquitectura-innovacion-ynaturaleza-en-construccion.mp3\" controls=\"controls\"><span data-mce-type=\"bookmark\" style=\"width: 0px; overflow: hidden; line-height: 0;\" class=\"mce_SELRES_start\">\ufeff<\/span><span data-mce-type=\"bookmark\" style=\"width: 0px; overflow: hidden; line-height: 0;\" class=\"mce_SELRES_start\"> <\/span><\/audio><\/p>\r\n<p>[\/vc_column_text][\/vc_column][vc_column width=&#8221;1\/3&#8243;][vc_single_image image=&#8221;3436&#8243; img_size=&#8221;full&#8221;][vc_custom_heading text=&#8221;Verde en la ciudad: huerto y compostaje urbano&#8221; font_container=&#8221;tag:h5|text_align:left&#8221; google_fonts=&#8221;font_family:Montserrat%3Aregular%2C700|font_style:700%20bold%20regular%3A700%3Anormal&#8221;][vc_column_text]<\/p>\r\n<p><strong>Invitado:<\/strong> C\u00e9sar Daniel Couti\u00f1o Ovando, bi\u00f3logo y parte del equipo del Orquidario y Jard\u00edn bot\u00e1nico \u201cComit\u00e1n\u201d de la Secretar\u00eda de Medio Ambiente e Historia Natural.<\/p>\r\n<p>&nbsp;<\/p>\r\n<p><strong>Sinopsis<\/strong><\/p>\r\n<p>En este episodio traemos el verde a la ciudad con ideas pr\u00e1cticas para crear tu propio huerto urbano y aprender sobre compostaje. Descubre c\u00f3mo transformar espacios peque\u00f1os en rincones productivos y reducir tus desechos org\u00e1nicos mientras cuidas del planeta. Inspiraci\u00f3n, consejos f\u00e1ciles y mucho m\u00e1s para que te sumes al movimiento de ciudades m\u00e1s sostenibles. \u00a1Escucha, act\u00faa y cultiva el cambio!<\/p>\r\n<p>[\/vc_column_text][vc_column_text]<\/p>\r\n<p><audio src=\"https:\/\/www.imer.mx\/radioimer\/wp-content\/uploads\/sites\/25\/12-prog-sos-ambiental-verde-enla-ciudad-huertoy-compostaje-urbano.mp3\" controls=\"controls\"><span data-mce-type=\"bookmark\" style=\"width: 0px; overflow: hidden; line-height: 0;\" class=\"mce_SELRES_start\">\ufeff<\/span><span data-mce-type=\"bookmark\" style=\"width: 0px; overflow: hidden; line-height: 0;\" class=\"mce_SELRES_start\"> <\/span><\/audio><\/p>\r\n<p>[\/vc_column_text][\/vc_column][\/vc_row][vc_row][vc_column][vc_empty_space]<div class=\"hr-thin style-line\" style=\"width: 100%;border-color: #db4b0d;border-top-width: 1px;\"><\/div>[vc_empty_space][\/vc_column][\/vc_row][vc_row][vc_column width=&#8221;1\/3&#8243;][vc_single_image image=&#8221;3437&#8243; img_size=&#8221;full&#8221;][vc_custom_heading text=&#8221;Edificando el futuro: construcci\u00f3n con conciencia ambiental&#8221; font_container=&#8221;tag:h5|text_align:left&#8221; google_fonts=&#8221;font_family:Montserrat%3Aregular%2C700|font_style:700%20bold%20regular%3A700%3Anormal&#8221;][vc_column_text]<\/p>\r\n<p><strong>Invitado:<\/strong> Osmar Alberto Altuzar Arguello, arquitecto y parte del equipo del Orquidario y Jard\u00edn bot\u00e1nico \u201cComit\u00e1n\u201d de la Secretar\u00eda de Medio Ambiente e Historia Natural.<\/p>\r\n<p>&nbsp;<\/p>\r\n<p><strong>Sinopsis<\/strong><\/p>\r\n<p>En este episodio abordamos c\u00f3mo el sector de la construcci\u00f3n impacta al medio ambiente y exploramos alternativas para reducir su huella ecol\u00f3gica. Discutiremos soluciones sostenibles como la energ\u00eda solar, el ahorro de agua y la construcci\u00f3n consciente, en busca de un futuro donde edificar no signifique destruir.<\/p>\r\n<p>[\/vc_column_text][vc_column_text]<\/p>\r\n<p><audio src=\"https:\/\/www.imer.mx\/radioimer\/wp-content\/uploads\/sites\/25\/13-prog-sos-ambiental-edificando-el-futuro-construccioncon-consiencia-ambiental.mp3\" controls=\"controls\"><span data-mce-type=\"bookmark\" style=\"width: 0px; overflow: hidden; line-height: 0;\" class=\"mce_SELRES_start\">\ufeff<\/span><span data-mce-type=\"bookmark\" style=\"width: 0px; overflow: hidden; line-height: 0;\" class=\"mce_SELRES_start\"> <\/span><\/audio><\/p>\r\n<p>[\/vc_column_text][\/vc_column][vc_column width=&#8221;1\/3&#8243;][\/vc_column][vc_column width=&#8221;1\/3&#8243;][\/vc_column][\/vc_row][vc_row][vc_column css=&#8221;.vc_custom_1728942285838{margin-bottom: -90px !important;border-bottom-width: -90px !important;}&#8221;][vc_single_image image=&#8221;3232&#8243; img_size=&#8221;full&#8221;][\/vc_column][\/vc_row][vc_row][vc_column][vc_column_text]<\/p>\r\n<p>[\/vc_column_text][\/vc_column][\/vc_row]<\/p><\/div>","protected":false},"excerpt":{"rendered":"<p>[vc_row][vc_column][vc_single_image image=&#8221;3268&#8243; img_size=&#8221;full&#8221; alignment=&#8221;center&#8221; css=&#8221;.vc_custom_1729115246592{margin-top: -50px !important;}&#8221;][vc_empty_space][\/vc_column][\/vc_row][vc_row][vc_column][vc_column_text] S.O.S Ambiental \u00a1Crea, act\u00faa, transforma! S.O.S Ambiental es un espacio donde exploramos las iniciativas y acciones que est\u00e1n transformando nuestro entorno para crear un futuro m\u00e1s sustentable. \u00a1Crea conciencia, act\u00faa hoy y transforma el ma\u00f1ana!\u00a0 Este proyecto nace con un prop\u00f3sito: concientizar, movilizar y cambiar la relaci\u00f3n que&hellip;<\/p>\n","protected":false},"author":1,"featured_media":0,"parent":0,"menu_order":0,"comment_status":"closed","ping_status":"closed","template":"","meta":{"wp_popup_display_lightbox":0,"wp_popup_suppress":"","wp_popup_trigger":"","wp_popup_trigger_amount":0,"wp_popup_disable_on_mobile":false,"footnotes":""},"class_list":["post-3182","page","type-page","status-publish","hentry","description-off"],"_links":{"self":[{"href":"https:\/\/www.imer.mx\/radioimer\/wp-json\/wp\/v2\/pages\/3182","targetHints":{"allow":["GET"]}}],"collection":[{"href":"https:\/\/www.imer.mx\/radioimer\/wp-json\/wp\/v2\/pages"}],"about":[{"href":"https:\/\/www.imer.mx\/radioimer\/wp-json\/wp\/v2\/types\/page"}],"author":[{"embeddable":true,"href":"https:\/\/www.imer.mx\/radioimer\/wp-json\/wp\/v2\/users\/1"}],"replies":[{"embeddable":true,"href":"https:\/\/www.imer.mx\/radioimer\/wp-json\/wp\/v2\/comments?post=3182"}],"version-history":[{"count":3,"href":"https:\/\/www.imer.mx\/radioimer\/wp-json\/wp\/v2\/pages\/3182\/revisions"}],"predecessor-version":[{"id":4017,"href":"https:\/\/www.imer.mx\/radioimer\/wp-json\/wp\/v2\/pages\/3182\/revisions\/4017"}],"wp:attachment":[{"href":"https:\/\/www.imer.mx\/radioimer\/wp-json\/wp\/v2\/media?parent=3182"}],"curies":[{"name":"wp","href":"https:\/\/api.w.org\/{rel}","templated":true}]}}