{"id":30,"date":"2012-10-11T18:40:56","date_gmt":"2012-10-11T18:40:56","guid":{"rendered":"http:\/\/radioimer.imer.gob.mx\/wordpress\/?page_id=30"},"modified":"2024-06-06T12:37:22","modified_gmt":"2024-06-06T18:37:22","slug":"contacto","status":"publish","type":"page","link":"https:\/\/www.imer.mx\/radioimer\/contacto\/","title":{"rendered":"Contacto"},"content":{"rendered":"<div class=\"wpb-content-wrapper\"><p>[vc_row][vc_column][vc_single_image image=&#8221;2835&#8243; img_size=&#8221;full&#8221; alignment=&#8221;center&#8221;][vc_column_text]<\/p>\n<p style=\"text-align: center;\">Nos interesa conocer tu opini\u00f3n y comentarios. Ll\u00e1manos por tel\u00e9fono o env\u00edanos un correo electr\u00f3nico.<\/p>\n<table style=\"width: 600px; border: 0px solid;\" border=\"0\" cellspacing=\"0\" align=\"center\">\n<tbody>\n<tr>\n<td>\n<div style=\"text-align: center;\" align=\"center\"><img loading=\"lazy\" decoding=\"async\" class=\"aligncenter wp-image-2833 \" src=\"https:\/\/www.imer.mx\/radioimer\/wp-content\/uploads\/sites\/25\/radio_imer_contacto_logo_2024.jpg\" alt=\"\" width=\"401\" height=\"180\" srcset=\"https:\/\/www.imer.mx\/radioimer\/wp-content\/uploads\/sites\/25\/radio_imer_contacto_logo_2024.jpg 575w, https:\/\/www.imer.mx\/radioimer\/wp-content\/uploads\/sites\/25\/radio_imer_contacto_logo_2024-300x135.jpg 300w\" sizes=\"auto, (max-width: 401px) 100vw, 401px\" \/><\/div>\n<\/td>\n<\/tr>\n<tr>\n<td style=\"background-color: #f1e2db;\">\n<p align=\"center\"><span style=\"font-size: 12pt;\">Tel\u00e9fono en cabina:<\/span><\/p>\n<p style=\"text-align: left;\" align=\"center\"><span style=\"color: #993300; font-size: 24px;\">(01-963) 632-4124<\/span><\/p>\n<p>(01-963) 632-4123<\/p>\n<p style=\"text-align: left;\" align=\"center\"><span style=\"font-size: 12pt;\"> Correo electr\u00f3nico<\/span><\/p>\n<p><span style=\"font-size: 20pt; color: #810081;\"><a href=\"mailto:radioimer@imer.com.mx\"><span style=\"text-decoration: underline;\">radioimer@imer.com.mx<\/span><\/a><\/span><\/td>\n<\/tr>\n<\/tbody>\n<\/table>\n<p>[\/vc_column_text][\/vc_column][\/vc_row]<\/p>\n<\/div>","protected":false},"excerpt":{"rendered":"<p>[vc_row][vc_column][vc_single_image image=&#8221;2835&#8243; img_size=&#8221;full&#8221; alignment=&#8221;center&#8221;][vc_column_text] Nos interesa conocer tu opini\u00f3n y comentarios. Ll\u00e1manos por tel\u00e9fono o env\u00edanos un correo electr\u00f3nico. Tel\u00e9fono en cabina: (01-963) 632-4124 (01-963) 632-4123 Correo electr\u00f3nico radioimer@imer.com.mx [\/vc_column_text][\/vc_column][\/vc_row]<\/p>\n","protected":false},"author":1,"featured_media":0,"parent":0,"menu_order":0,"comment_status":"closed","ping_status":"closed","template":"","meta":{"wp_popup_display_lightbox":0,"wp_popup_suppress":"","wp_popup_trigger":"","wp_popup_trigger_amount":0,"wp_popup_disable_on_mobile":false,"footnotes":""},"class_list":["post-30","page","type-page","status-publish","hentry","description-off"],"_links":{"self":[{"href":"https:\/\/www.imer.mx\/radioimer\/wp-json\/wp\/v2\/pages\/30","targetHints":{"allow":["GET"]}}],"collection":[{"href":"https:\/\/www.imer.mx\/radioimer\/wp-json\/wp\/v2\/pages"}],"about":[{"href":"https:\/\/www.imer.mx\/radioimer\/wp-json\/wp\/v2\/types\/page"}],"author":[{"embeddable":true,"href":"https:\/\/www.imer.mx\/radioimer\/wp-json\/wp\/v2\/users\/1"}],"replies":[{"embeddable":true,"href":"https:\/\/www.imer.mx\/radioimer\/wp-json\/wp\/v2\/comments?post=30"}],"version-history":[{"count":3,"href":"https:\/\/www.imer.mx\/radioimer\/wp-json\/wp\/v2\/pages\/30\/revisions"}],"predecessor-version":[{"id":2836,"href":"https:\/\/www.imer.mx\/radioimer\/wp-json\/wp\/v2\/pages\/30\/revisions\/2836"}],"wp:attachment":[{"href":"https:\/\/www.imer.mx\/radioimer\/wp-json\/wp\/v2\/media?parent=30"}],"curies":[{"name":"wp","href":"https:\/\/api.w.org\/{rel}","templated":true}]}}