{"id":49,"date":"2012-10-11T19:10:39","date_gmt":"2012-10-11T19:10:39","guid":{"rendered":"http:\/\/radioazul.imer.gob.mx\/wordpress\/?page_id=49"},"modified":"2021-01-25T10:52:43","modified_gmt":"2021-01-25T16:52:43","slug":"directorio","status":"publish","type":"page","link":"https:\/\/www.imer.mx\/radioazul\/directorio\/","title":{"rendered":"Directorio"},"content":{"rendered":"<div class=\"wpb-content-wrapper\"><p>[vc_row type=&#8221;vc_default&#8221; full_width=&#8221;stretch_row&#8221; parallax=&#8221;content-moving-fade&#8221; parallax_image=&#8221;2838&#8243; parallax_speed_bg=&#8221;2.5&#8243; css=&#8221;.vc_custom_1573586611023{margin-top: -50px !important;border-top-width: -50px !important;padding-top: -50px !important;}&#8221;][vc_column][vc_empty_space height=&#8221;100px&#8221;][vc_custom_heading text=&#8221;Radio Azul 99.7 FM&#8221; font_container=&#8221;tag:h1|font_size:55|text_align:center|color:%23ffffff&#8221; google_fonts=&#8221;font_family:Montserrat%3Aregular%2C700|font_style:700%20bold%20regular%3A700%3Anormal&#8221;][vc_empty_space height=&#8221;8px&#8221;]<div class=\"hr-thin style-line\" style=\"width: 45%;border-color: #ffaa22;border-top-width: 2px;\"><\/div>[vc_empty_space height=&#8221;100px&#8221;][\/vc_column][\/vc_row][vc_row][vc_column]<div class=\"dt-fancy-separator h4-size\" style=\"width: 100%;\"><div class=\"dt-fancy-title\" style=\"color: #ffaa22;\"><span class=\"separator-holder separator-left\"><\/span>Gerencia<span class=\"separator-holder separator-right\"><\/span><\/div><\/div>[vc_empty_space height=&#8221;15px&#8221;][vc_column_text]<\/p>\n<h5 style=\"text-align: center;\">Jos\u00e9 Ala\u00edn Sonora Pacheco<\/h5>\n<p>[\/vc_column_text][vc_empty_space height=&#8221;15px&#8221;][\/vc_column][\/vc_row][vc_row][vc_column]<div class=\"dt-fancy-separator h4-size\" style=\"width: 100%;\"><div class=\"dt-fancy-title\" style=\"color: #ffaa22;\"><span class=\"separator-holder separator-left\"><\/span>Subgerencia<span class=\"separator-holder separator-right\"><\/span><\/div><\/div>[vc_empty_space height=&#8221;15px&#8221;][vc_column_text]<\/p>\n<h5 style=\"text-align: center;\">Alberto Manuel Meza Carmen<\/h5>\n<p>[\/vc_column_text][vc_empty_space height=&#8221;15px&#8221;][\/vc_column][\/vc_row][vc_row][vc_column]<div class=\"dt-fancy-separator h4-size\" style=\"width: 100%;\"><div class=\"dt-fancy-title\" style=\"color: #ffaa22;\"><span class=\"separator-holder separator-left\"><\/span>Secretaria<span class=\"separator-holder separator-right\"><\/span><\/div><\/div>[vc_empty_space height=&#8221;15px&#8221;][vc_column_text]<\/p>\n<h5 align=\"center\">Hilda Torres Rosas<\/h5>\n<p>[\/vc_column_text][vc_empty_space height=&#8221;15px&#8221;][\/vc_column][\/vc_row][vc_row][vc_column]<div class=\"dt-fancy-separator h4-size\" style=\"width: 100%;\"><div class=\"dt-fancy-title\" style=\"color: #ffaa22;\"><span class=\"separator-holder separator-left\"><\/span>Operadores y Locutores<span class=\"separator-holder separator-right\"><\/span><\/div><\/div>[vc_empty_space height=&#8221;15px&#8221;][vc_column_text]<\/p>\n<h5 align=\"center\">Bol\u00edvar Huerta Mata<\/h5>\n<h5 align=\"center\">El\u00edas S\u00e1nchez Gonz\u00e1lez<\/h5>\n<h5 align=\"center\">Jos\u00e9 Manuel Virrueta Salas<\/h5>\n<h5 align=\"center\">Uriel Rivera Soto<\/h5>\n<h5 align=\"center\">Francisco Ram\u00edrez Ram\u00edrez.<\/h5>\n<p>[\/vc_column_text][vc_empty_space height=&#8221;15px&#8221;][\/vc_column][\/vc_row][vc_row][vc_column]<div class=\"dt-fancy-separator h4-size\" style=\"width: 100%;\"><div class=\"dt-fancy-title\" style=\"color: #ffaa22;\"><span class=\"separator-holder separator-left\"><\/span>Producci\u00f3n<span class=\"separator-holder separator-right\"><\/span><\/div><\/div>[vc_empty_space height=&#8221;15px&#8221;][vc_column_text]<\/p>\n<h5 align=\"center\">Pedro Mart\u00ednez Casas<\/h5>\n<h5 align=\"center\">Jeriel Vargas Ambriz<\/h5>\n<h5 align=\"center\">Selina Cruz L\u00f3pez<\/h5>\n<p>[\/vc_column_text][vc_empty_space height=&#8221;15px&#8221;][\/vc_column][\/vc_row][vc_row][vc_column]<div class=\"dt-fancy-separator h4-size\" style=\"width: 100%;\"><div class=\"dt-fancy-title\" style=\"color: #ffaa22;\"><span class=\"separator-holder separator-left\"><\/span>Operadores y vigilantes<span class=\"separator-holder separator-right\"><\/span><\/div><\/div>[vc_empty_space height=&#8221;15px&#8221;][vc_column_text]<\/p>\n<h5 align=\"center\">Genaro Torres Rosas<\/h5>\n<h5 align=\"center\">Maria A. Pacheco V.<\/h5>\n<h5 align=\"center\">Alex Yered Ram\u00edrez L\u00f3pez<\/h5>\n<h5 align=\"center\">C\u00e9sar Y. Cisneros Sosa<\/h5>\n<h5 align=\"center\">Alfonso Plancarte Verboonen<\/h5>\n<p>[\/vc_column_text][vc_empty_space height=&#8221;15px&#8221;][\/vc_column][\/vc_row][vc_row][vc_column]<div class=\"dt-fancy-separator h4-size\" style=\"width: 100%;\"><div class=\"dt-fancy-title\" style=\"color: #ffaa22;\"><span class=\"separator-holder separator-left\"><\/span>Conductores<span class=\"separator-holder separator-right\"><\/span><\/div><\/div>[vc_empty_space height=&#8221;15px&#8221;][vc_column_text]<\/p>\n<h5 align=\"center\">Isabel S. Cano Trejo<\/h5>\n<h5 align=\"center\">Pedro Cortez Lorenzo<\/h5>\n<h5 align=\"center\">Pedro Tapia Mora<\/h5>\n<h5 align=\"center\">Gabriel Ramiro Jim\u00e9nez<\/h5>\n<p>[\/vc_column_text][vc_empty_space height=&#8221;15px&#8221;][\/vc_column][\/vc_row][vc_row][vc_column]<div class=\"dt-fancy-separator h4-size\" style=\"width: 100%;\"><div class=\"dt-fancy-title\" style=\"color: #ffaa22;\"><span class=\"separator-holder separator-left\"><\/span>Programaci\u00f3n musical<span class=\"separator-holder separator-right\"><\/span><\/div><\/div>[vc_empty_space height=&#8221;15px&#8221;][vc_column_text]<\/p>\n<h5 style=\"text-align: center;\">Francisco Ram\u00edrez Galeana<\/h5>\n<p>[\/vc_column_text][vc_empty_space height=&#8221;15px&#8221;][\/vc_column][\/vc_row][vc_row][vc_column]<div class=\"dt-fancy-separator h4-size\" style=\"width: 100%;\"><div class=\"dt-fancy-title\" style=\"color: #ffaa22;\"><span class=\"separator-holder separator-left\"><\/span>Continuidad<span class=\"separator-holder separator-right\"><\/span><\/div><\/div>[vc_empty_space height=&#8221;15px&#8221;][vc_column_text]<\/p>\n<h5 align=\"center\">Vacante<\/h5>\n<p>[\/vc_column_text][vc_empty_space height=&#8221;15px&#8221;][\/vc_column][\/vc_row][vc_row][vc_column]<div class=\"dt-fancy-separator h4-size\" style=\"width: 100%;\"><div class=\"dt-fancy-title\" style=\"color: #ffaa22;\"><span class=\"separator-holder separator-left\"><\/span>Intendencia<span class=\"separator-holder separator-right\"><\/span><\/div><\/div>[vc_empty_space height=&#8221;15px&#8221;][vc_column_text]<\/p>\n<h5 align=\"center\">Mayra Zavala Pacheco<\/h5>\n<p>[\/vc_column_text][vc_empty_space height=&#8221;15px&#8221;][\/vc_column][\/vc_row][vc_row type=&#8221;vc_default&#8221; full_width=&#8221;stretch_row&#8221; parallax=&#8221;content-moving-fade&#8221; parallax_image=&#8221;2838&#8243; parallax_speed_bg=&#8221;2.5&#8243;][vc_column][vc_empty_space height=&#8221;200px&#8221; css=&#8221;.vc_custom_1573586675030{margin-bottom: -50px !important;border-bottom-width: -50px !important;padding-bottom: -50px !important;}&#8221;][\/vc_column][\/vc_row]<\/p>\n<\/div>","protected":false},"excerpt":{"rendered":"<p>[vc_row type=&#8221;vc_default&#8221; full_width=&#8221;stretch_row&#8221; parallax=&#8221;content-moving-fade&#8221; parallax_image=&#8221;2838&#8243; parallax_speed_bg=&#8221;2.5&#8243; css=&#8221;.vc_custom_1573586611023{margin-top: -50px !important;border-top-width: -50px !important;padding-top: -50px !important;}&#8221;][vc_column][vc_empty_space height=&#8221;100px&#8221;][vc_custom_heading text=&#8221;Radio Azul 99.7 FM&#8221; font_container=&#8221;tag:h1|font_size:55|text_align:center|color:%23ffffff&#8221; google_fonts=&#8221;font_family:Montserrat%3Aregular%2C700|font_style:700%20bold%20regular%3A700%3Anormal&#8221;][vc_empty_space height=&#8221;8px&#8221;][vc_empty_space height=&#8221;100px&#8221;][\/vc_column][\/vc_row][vc_row][vc_column][vc_empty_space height=&#8221;15px&#8221;][vc_column_text] Jos\u00e9 Ala\u00edn Sonora Pacheco [\/vc_column_text][vc_empty_space height=&#8221;15px&#8221;][\/vc_column][\/vc_row][vc_row][vc_column][vc_empty_space height=&#8221;15px&#8221;][vc_column_text] Alberto Manuel Meza Carmen [\/vc_column_text][vc_empty_space height=&#8221;15px&#8221;][\/vc_column][\/vc_row][vc_row][vc_column][vc_empty_space height=&#8221;15px&#8221;][vc_column_text] Hilda Torres Rosas [\/vc_column_text][vc_empty_space height=&#8221;15px&#8221;][\/vc_column][\/vc_row][vc_row][vc_column][vc_empty_space height=&#8221;15px&#8221;][vc_column_text] Bol\u00edvar Huerta Mata El\u00edas S\u00e1nchez Gonz\u00e1lez Jos\u00e9 Manuel Virrueta Salas Uriel Rivera&hellip;<\/p>\n","protected":false},"author":1,"featured_media":0,"parent":0,"menu_order":0,"comment_status":"closed","ping_status":"open","template":"","meta":{"wp_popup_display_lightbox":0,"wp_popup_suppress":"","wp_popup_trigger":"","wp_popup_trigger_amount":0,"wp_popup_disable_on_mobile":false,"footnotes":""},"class_list":["post-49","page","type-page","status-publish","hentry","description-off"],"_links":{"self":[{"href":"https:\/\/www.imer.mx\/radioazul\/wp-json\/wp\/v2\/pages\/49","targetHints":{"allow":["GET"]}}],"collection":[{"href":"https:\/\/www.imer.mx\/radioazul\/wp-json\/wp\/v2\/pages"}],"about":[{"href":"https:\/\/www.imer.mx\/radioazul\/wp-json\/wp\/v2\/types\/page"}],"author":[{"embeddable":true,"href":"https:\/\/www.imer.mx\/radioazul\/wp-json\/wp\/v2\/users\/1"}],"replies":[{"embeddable":true,"href":"https:\/\/www.imer.mx\/radioazul\/wp-json\/wp\/v2\/comments?post=49"}],"version-history":[{"count":0,"href":"https:\/\/www.imer.mx\/radioazul\/wp-json\/wp\/v2\/pages\/49\/revisions"}],"wp:attachment":[{"href":"https:\/\/www.imer.mx\/radioazul\/wp-json\/wp\/v2\/media?parent=49"}],"curies":[{"name":"wp","href":"https:\/\/api.w.org\/{rel}","templated":true}]}}