{"id":2806,"date":"2024-03-06T13:42:21","date_gmt":"2024-03-06T19:42:21","guid":{"rendered":"https:\/\/www.imer.mx\/radio710\/?page_id=2806"},"modified":"2024-03-06T14:41:05","modified_gmt":"2024-03-06T20:41:05","slug":"autonomas-libres-y-empoderadas","status":"publish","type":"page","link":"https:\/\/www.imer.mx\/radio710\/autonomas-libres-y-empoderadas\/","title":{"rendered":"Aut\u00f3nomas, libres y empoderadas"},"content":{"rendered":"<div class=\"wpb-content-wrapper\"><p>[vc_row type=&#8221;vc_default&#8221; full_width=&#8221;stretch_row&#8221; bg_type=&#8221;image&#8221; parallax_style=&#8221;vcpb-default&#8221; bg_image_new=&#8221;id^2818|url^https:\/\/www.imer.mx\/radio710\/wp-content\/uploads\/sites\/17\/autonomas_empoderadas_radio710_parallaxjpg.jpg|caption^null|alt^null|title^autonomas_empoderadas_radio710_parallaxjpg|description^null&#8221; bg_image_repeat=&#8221;no-repeat&#8221; bg_image_size=&#8221;contain&#8221; bg_img_attach=&#8221;fixed&#8221; bg_override=&#8221;ex-full&#8221; css=&#8221;.vc_custom_1709754705348{margin-top: -50px !important;}&#8221;][vc_column][vc_row_inner][vc_column_inner][vc_single_image image=&#8221;2811&#8243; img_size=&#8221;full&#8221; alignment=&#8221;center&#8221;][\/vc_column_inner][\/vc_row_inner][vc_row_inner][vc_column_inner css=&#8221;.vc_custom_1682461374201{background-color: rgba(255,255,255,0.93) !important;*background-color: rgb(255,255,255) !important;}&#8221;][vc_custom_heading text=&#8221;Aut\u00f3nomas, libres y empoderadas&#8221; font_container=&#8221;tag:h3|text_align:left|color:%237643c4&#8243; google_fonts=&#8221;font_family:Montserrat%3Aregular%2C700|font_style:700%20bold%20regular%3A700%3Anormal&#8221;][vc_empty_space height=&#8221;15px&#8221;][vc_column_text]Una serie capsular al aire por Radio 710, que a trav\u00e9s de testimonios de mujeres que cambiaron su entorno familiar, social y econ\u00f3mico, incitan y proponen el empoderamiento de otras mujeres.<\/p>\n<p>Marcela Lagarde, antrop\u00f3loga y una de las luchadoras feminista m\u00e1s reconocida en nuestro pa\u00eds y en el mundo dice \u201c<strong>sin importar en qu\u00e9 \u00e1mbito profesional se desenvuelven las mujeres, es de enorme importancia que los liderazgos que ellas ejerzan tengan como eje rector la conciencia de g\u00e9nero y que escapen a los modelos patriarcales impuestos por los liderazgos masculinos<\/strong>\u201d<\/p>\n<p>Ser aut\u00f3noma significa tomar libremente las decisiones que van a guiar nuestras vidas, desafortunadamente en M\u00e9xico, la cultura patriarcal es la que decid\u00eda hasta hace pocas d\u00e9cadas la vida de las mujeres. Si una mujer tuvo la fortuna de poder estudiar la carrera normalmente la escog\u00eda el pap\u00e1, as\u00ed como el lugar y el horario en el que pod\u00edas trabajar. Hoy, muchas mujeres, sobre todo en las ciudades, toma sus decisiones libremente lo que significa empoderarse y hacer lo que ella disponga de su vida.<\/p>\n<p>Pero para aquellas, que por razones culturales y falta de conocimiento no pueden ejercer su autonom\u00eda y su libertad, les tenemos las propuestas de mujeres poderosas, aut\u00f3nomas, libres y empoderadas a trav\u00e9s de sus historias de vida.<\/p>\n<p>Agradecemos infinitamente las voces de cada una de estas mujeres que nos permiten, a trav\u00e9s de la radio, contar sus historias y proponer a otras mujeres las posibilidades de emprendimiento y autonom\u00eda para lograr empoderarse.<\/p>\n<ul>\n<li>Alejandra del Castillo. Periodista, Escritora y Feminista.<\/li>\n<li>Margarita Cervi\u00f1o B\u00e1rcena. Psic\u00f3loga cl\u00ednica, del deporte y de la salud.<\/li>\n<li>Ang\u00e9lica Mancilla Amador. M\u00e9dico general, educadora sexual, sex\u00f3loga cl\u00ednica, psicoanalista, terapeuta de pareja y promotora de derechos humanos.<\/li>\n<li>Ameli Chaparro Mart\u00ednez. Investigadora en el Centro de Investigaciones y Estudios de G\u00e9nero y profesora en la Facultad de Ciencias Pol\u00edticas de la UNAM.<\/li>\n<li>Oralia Mayorga. Maestra en Desarrollo Humano y Terapia Gestalt, escritora.<\/li>\n<li>Martha Lamas. Feminista, Antrop\u00f3loga, Investigadora Centro de Investigaciones y Estudios de G\u00e9nero, Coordinadora del Seminario Universitario \u201cModernidad, Versiones y Dimensiones\u201d.<\/li>\n<li>Luc\u00eda Quiroga. Consultora en Comunicaci\u00f3n, Cofundadora y Directora General de \u201cFinanzas en Tacones\u201d.<\/li>\n<li>Alejandra Buggs Lomel\u00ed. Directora del Centro de Salud Mental y G\u00e9nero, Psicoterapeuta Humanista Existencial y Especialista en Estudios de G\u00e9nero.<\/li>\n<li>Alejandra Collado. Investigadora Post doctoral en el Centro de Investigaciones y Estudios de G\u00e9nero, Tallerista, Comunic\u00f3loga, Activista.<\/li>\n<li>Ana Mizrahi Corkodi. Psic\u00f3loga en procesos de transformaci\u00f3n y acompa\u00f1amiento doula, Feminista.<\/li>\n<\/ul>\n<p>[\/vc_column_text][vc_empty_space height=&#8221;15px&#8221;][\/vc_column_inner][\/vc_row_inner][vc_row_inner][vc_column_inner][vc_empty_space][vc_column_text]<div id=\"audioigniter-2837\" class=\"audioigniter-root \" data-player-type=\"full\" data-tracks-url=\"https:\/\/www.imer.mx\/radio710\/?audioigniter_playlist_id=2837\" data-display-track-no=\"true\" data-reverse-track-order=\"false\" data-display-tracklist-covers=\"true\" data-display-active-cover=\"true\" data-display-artist-names=\"true\" data-display-buy-buttons=\"true\" data-buy-buttons-target=\"true\" data-cycle-tracks=\"false\" data-display-credits=\"false\" data-display-tracklist=\"true\" data-allow-tracklist-toggle=\"true\" data-allow-tracklist-loop=\"true\" data-limit-tracklist-height=\"true\" data-volume=\"100\" data-tracklist-height=\"185\" ><\/div>[\/vc_column_text][\/vc_column_inner][\/vc_row_inner][\/vc_column][\/vc_row]<\/p>\n<\/div>","protected":false},"excerpt":{"rendered":"<p>[vc_row type=&#8221;vc_default&#8221; full_width=&#8221;stretch_row&#8221; bg_type=&#8221;image&#8221; parallax_style=&#8221;vcpb-default&#8221; bg_image_new=&#8221;id^2818|url^https:\/\/www.imer.mx\/radio710\/wp-content\/uploads\/sites\/17\/autonomas_empoderadas_radio710_parallaxjpg.jpg|caption^null|alt^null|title^autonomas_empoderadas_radio710_parallaxjpg|description^null&#8221; bg_image_repeat=&#8221;no-repeat&#8221; bg_image_size=&#8221;contain&#8221; bg_img_attach=&#8221;fixed&#8221; bg_override=&#8221;ex-full&#8221; css=&#8221;.vc_custom_1709754705348{margin-top: -50px !important;}&#8221;][vc_column][vc_row_inner][vc_column_inner][vc_single_image image=&#8221;2811&#8243; img_size=&#8221;full&#8221; alignment=&#8221;center&#8221;][\/vc_column_inner][\/vc_row_inner][vc_row_inner][vc_column_inner css=&#8221;.vc_custom_1682461374201{background-color: rgba(255,255,255,0.93) !important;*background-color: rgb(255,255,255) !important;}&#8221;][vc_custom_heading text=&#8221;Aut\u00f3nomas, libres y empoderadas&#8221; font_container=&#8221;tag:h3|text_align:left|color:%237643c4&#8243; google_fonts=&#8221;font_family:Montserrat%3Aregular%2C700|font_style:700%20bold%20regular%3A700%3Anormal&#8221;][vc_empty_space height=&#8221;15px&#8221;][vc_column_text]Una serie capsular&hellip;<\/p>\n","protected":false},"author":1,"featured_media":2810,"parent":0,"menu_order":0,"comment_status":"closed","ping_status":"closed","template":"","meta":{"wp_popup_display_lightbox":0,"wp_popup_suppress":"","wp_popup_trigger":"","wp_popup_trigger_amount":0,"wp_popup_disable_on_mobile":false,"footnotes":""},"class_list":["post-2806","page","type-page","status-publish","has-post-thumbnail","hentry","description-off"],"_links":{"self":[{"href":"https:\/\/www.imer.mx\/radio710\/wp-json\/wp\/v2\/pages\/2806","targetHints":{"allow":["GET"]}}],"collection":[{"href":"https:\/\/www.imer.mx\/radio710\/wp-json\/wp\/v2\/pages"}],"about":[{"href":"https:\/\/www.imer.mx\/radio710\/wp-json\/wp\/v2\/types\/page"}],"author":[{"embeddable":true,"href":"https:\/\/www.imer.mx\/radio710\/wp-json\/wp\/v2\/users\/1"}],"replies":[{"embeddable":true,"href":"https:\/\/www.imer.mx\/radio710\/wp-json\/wp\/v2\/comments?post=2806"}],"version-history":[{"count":3,"href":"https:\/\/www.imer.mx\/radio710\/wp-json\/wp\/v2\/pages\/2806\/revisions"}],"predecessor-version":[{"id":2847,"href":"https:\/\/www.imer.mx\/radio710\/wp-json\/wp\/v2\/pages\/2806\/revisions\/2847"}],"wp:featuredmedia":[{"embeddable":true,"href":"https:\/\/www.imer.mx\/radio710\/wp-json\/wp\/v2\/media\/2810"}],"wp:attachment":[{"href":"https:\/\/www.imer.mx\/radio710\/wp-json\/wp\/v2\/media?parent=2806"}],"curies":[{"name":"wp","href":"https:\/\/api.w.org\/{rel}","templated":true}]}}