{"id":8,"date":"2011-06-16T21:56:57","date_gmt":"2011-06-16T21:56:57","guid":{"rendered":"http:\/\/orbita.imer.gob.mx\/wordpress\/?p=8"},"modified":"2019-02-18T13:02:32","modified_gmt":"2019-02-18T20:02:32","slug":"orbitando","status":"publish","type":"page","link":"https:\/\/www.imer.mx\/orbita\/programas\/orbitando\/","title":{"rendered":"Orbitando"},"content":{"rendered":"<p><img loading=\"lazy\" decoding=\"async\" class=\"alignleft  wp-image-206\" src=\"https:\/\/www.imer.mx\/orbita\/wp-content\/uploads\/sites\/24\/orbitando-e1355786285804.jpg\" alt=\"orbitando\" width=\"190\" height=\"161\"><\/p>\n<p>\u00bfCu\u00e1nto sabes?. Te cambiamos la respuesta a una pregunta sobre cultura por la canci\u00f3n que t\u00fa quieras.<\/p>\n<p>En este espacio se establece una din\u00e1mica de preguntas y respuestas sobre conocimientos y cultura en general. La mec\u00e1nica es muy singular: llama a la estaci\u00f3n, el locutor te har\u00e1 una pregunta y si atinas a la respuesta te pone tu rola. Si tu respuesta no es la correcta, el conductor tendr\u00e1 derecho a poner la canci\u00f3n que a \u00e9l m\u00e1s le guste.<\/p>\n<p>Horarios:&nbsp;<strong>Lunes de 14:30 a 16:00 hrs. y de martes a viernes de 14:00 a 16:00 hrs.&nbsp;<\/strong><\/p>\n<p>Conductor: <strong>Julio Rodolfo Guereca Valdez.<\/strong><\/p>\n<p>&nbsp;<\/p>\n","protected":false},"excerpt":{"rendered":"<p>\u00bfCu\u00e1nto sabes?. Te cambiamos la respuesta a una pregunta sobre cultura por la canci\u00f3n que t\u00fa quieras. En este espacio se establece una din\u00e1mica de preguntas y respuestas sobre conocimientos y cultura en general. La mec\u00e1nica es muy singular: llama a la estaci\u00f3n, el locutor te har\u00e1 una pregunta y si atinas a la respuesta&hellip;<\/p>\n","protected":false},"author":1,"featured_media":0,"parent":260,"menu_order":10,"comment_status":"open","ping_status":"closed","template":"","meta":{"wp_popup_display_lightbox":0,"wp_popup_suppress":"","wp_popup_trigger":"","wp_popup_trigger_amount":0,"wp_popup_disable_on_mobile":false,"footnotes":""},"class_list":["post-8","page","type-page","status-publish","hentry","description-off"],"_links":{"self":[{"href":"https:\/\/www.imer.mx\/orbita\/wp-json\/wp\/v2\/pages\/8","targetHints":{"allow":["GET"]}}],"collection":[{"href":"https:\/\/www.imer.mx\/orbita\/wp-json\/wp\/v2\/pages"}],"about":[{"href":"https:\/\/www.imer.mx\/orbita\/wp-json\/wp\/v2\/types\/page"}],"author":[{"embeddable":true,"href":"https:\/\/www.imer.mx\/orbita\/wp-json\/wp\/v2\/users\/1"}],"replies":[{"embeddable":true,"href":"https:\/\/www.imer.mx\/orbita\/wp-json\/wp\/v2\/comments?post=8"}],"version-history":[{"count":0,"href":"https:\/\/www.imer.mx\/orbita\/wp-json\/wp\/v2\/pages\/8\/revisions"}],"up":[{"embeddable":true,"href":"https:\/\/www.imer.mx\/orbita\/wp-json\/wp\/v2\/pages\/260"}],"wp:attachment":[{"href":"https:\/\/www.imer.mx\/orbita\/wp-json\/wp\/v2\/media?parent=8"}],"curies":[{"name":"wp","href":"https:\/\/api.w.org\/{rel}","templated":true}]}}