{"id":11,"date":"2011-06-16T22:10:50","date_gmt":"2011-06-16T22:10:50","guid":{"rendered":"http:\/\/orbita.imer.gob.mx\/wordpress\/?p=11"},"modified":"2015-09-08T16:18:41","modified_gmt":"2015-09-08T22:18:41","slug":"la-pirinola","status":"publish","type":"page","link":"https:\/\/www.imer.mx\/orbita\/programas\/la-pirinola\/","title":{"rendered":"La Pirinola"},"content":{"rendered":"<p><img loading=\"lazy\" decoding=\"async\" class=\"alignleft size-full wp-image-194\" src=\"https:\/\/www.imer.mx\/orbita\/wp-content\/uploads\/sites\/24\/la_pirinola-e1355786344237.jpg\" alt=\"la_pirinola\" width=\"170\" height=\"145\" \/><\/p>\n<p>Un programa en donde participan personas con discapacidades para dar a conocer sus gustos e inquietudes. La Pirinola Gira en la Radio es realizado por La Pirinola, Actividades Culturales, Educativas y de Desarrollo para la Educaci\u00f3n Especial. Cuenta con la participaci\u00f3n de los padres de familia y personas involucradas con la discapacidad<\/p>\n<p>Horario: <strong>S\u00e1bados de 11:00 a 11:30 horas.<\/strong><\/p>\n","protected":false},"excerpt":{"rendered":"<p>Un programa en donde participan personas con discapacidades para dar a conocer sus gustos e inquietudes. La Pirinola Gira en la Radio es realizado por La Pirinola, Actividades Culturales, Educativas y de Desarrollo para la Educaci\u00f3n Especial. Cuenta con la participaci\u00f3n de los padres de familia y personas involucradas con la discapacidad Horario: S\u00e1bados de&hellip;<\/p>\n","protected":false},"author":1,"featured_media":0,"parent":260,"menu_order":0,"comment_status":"open","ping_status":"closed","template":"","meta":{"wp_popup_display_lightbox":0,"wp_popup_suppress":"","wp_popup_trigger":"","wp_popup_trigger_amount":0,"wp_popup_disable_on_mobile":false,"footnotes":""},"class_list":["post-11","page","type-page","status-publish","hentry","description-off"],"_links":{"self":[{"href":"https:\/\/www.imer.mx\/orbita\/wp-json\/wp\/v2\/pages\/11","targetHints":{"allow":["GET"]}}],"collection":[{"href":"https:\/\/www.imer.mx\/orbita\/wp-json\/wp\/v2\/pages"}],"about":[{"href":"https:\/\/www.imer.mx\/orbita\/wp-json\/wp\/v2\/types\/page"}],"author":[{"embeddable":true,"href":"https:\/\/www.imer.mx\/orbita\/wp-json\/wp\/v2\/users\/1"}],"replies":[{"embeddable":true,"href":"https:\/\/www.imer.mx\/orbita\/wp-json\/wp\/v2\/comments?post=11"}],"version-history":[{"count":0,"href":"https:\/\/www.imer.mx\/orbita\/wp-json\/wp\/v2\/pages\/11\/revisions"}],"up":[{"embeddable":true,"href":"https:\/\/www.imer.mx\/orbita\/wp-json\/wp\/v2\/pages\/260"}],"wp:attachment":[{"href":"https:\/\/www.imer.mx\/orbita\/wp-json\/wp\/v2\/media?parent=11"}],"curies":[{"name":"wp","href":"https:\/\/api.w.org\/{rel}","templated":true}]}}