{"id":34308,"date":"2022-04-30T16:59:35","date_gmt":"2022-04-30T21:59:35","guid":{"rendered":"https:\/\/www.imer.mx\/opus\/?page_id=34308"},"modified":"2022-08-02T20:56:15","modified_gmt":"2022-08-03T01:56:15","slug":"pagina-la-opera-en-el-tiempo","status":"publish","type":"page","link":"https:\/\/www.imer.mx\/opus\/pagina-la-opera-en-el-tiempo\/","title":{"rendered":"P\u00e1gina La \u00f3pera en el tiempo"},"content":{"rendered":"<h2>La \u00d3pera en el Tiempo<\/h2>\n<p>\t\t\t\t\t\t\t\t\t\t\t\t<img decoding=\"async\" src=\"https:\/\/www.imer.mx\/opus\/wp-content\/uploads\/sites\/13\/elementor\/thumbs\/La-opera-en-el-tiempo-min-po5hv6wtfan1copo09vqugbkd6l88qylpngmbhkgqg.jpg\" title=\"La \u00f3pera en el tiempo-min\" alt=\"La \u00f3pera en el tiempo-min\" \/>\t\t\t\t\t\t\t\t\t\t\t\t\t\t<\/p>\n<p>AL AIRE:<br \/>Domingos 17:00 &#8211; 20:00 horas<\/p>\n<p>\u00abDesde 2009, <b>La \u00d3pera en el Tiempo <\/b>presenta lo mejor de de 4 siglos de arte l\u00edrica en formato completo. El maestro Sergio Vela es el responsable de contextualizar las obras oper\u00edsticas; para ello ofrece vasta informaci\u00f3n no solo de la obra misma, sino tambi\u00e9n del compositor, el contexto hist\u00f3rico y de destacados de la grabaci\u00f3n, para que las personas mel\u00f3manas e iniciadas puedan disfrutar m\u00e1s las piezas. Desde luego, con un toque personal que hace \u00fanico este basti\u00f3n en la radio nacional de la \u00f3pera\u00bb.<\/p>\n<p>\t\t\t\t\t<a href=\"http:\/\/@opus945fm\" target=\"_blank\" rel=\"noopener\"><br \/>\n\t\t\t\t\t\tTwitter<br \/>\n\t\t\t\t\t\t\t\t\t\t\t<\/a><\/p>\n<h5>Episodio m\u00e1s reciente&#8230;<\/h5>\n<p>\t\t\t<a href=\"https:\/\/www.imer.mx\/opus\/programas\/la-opera-en-el-tiempo\" target=\"_blank\" role=\"button\" rel=\"noopener\"><br \/>\n\t\t\t\t\t\tVer todos los programas anteriores<br \/>\n\t\t\t\t\t<\/a><\/p>\n<h5>Conduce&#8230;<\/h5>\n<figure><img decoding=\"async\" width=\"700\" height=\"830\" src=\"https:\/\/www.imer.mx\/opus\/wp-content\/uploads\/sites\/13\/Sergio-Vela-95-min.jpeg\" alt=\"\" loading=\"lazy\" \/><\/figure>\n<h3>Sergio Vela<\/h3>\n<p>Conductor<\/p>\n<p>El maestro Sergio Vela es director de \u00f3pera, promotor art\u00edstico, dise\u00f1ador, m\u00fasico y abogado mexicano.<\/p>\n<p>Estudi\u00f3 piano con H\u00e9ctor Rojas, canto con Mar\u00eda Julius, composici\u00f3n musical con Humberto Hern\u00e1ndez Medrano y direcci\u00f3n orquestal con Roswitha Heintze (Escuela Superior de M\u00fasica de Viena) y con Murry Sidlin en la Escuela de M\u00fasica de Aspen.<br \/>Es egresado cum laude de la Escuela Libre de Derecho, donde obtuvo el t\u00edtulo de abogado.<br \/>Ha dirigido y producido \u00f3pera en el Palacio de Bellas Artes, FIC, la \u00d3pera de Virginia, el FCH de la CDMX, el Festival Puccini de Torre del Lago (Italia), el Festival Mozart de La Coru\u00f1a, el Festival de Wexford de Irlanda, el Teatro Espa\u00f1ol de Madrid, entre otros&#8230;<\/p>\n<p>\t\t\t<a href=\"https:\/\/www.imer.mx\/opus\/colaboradores-y-locutores-2\/sergio-vela\/\" target=\"_blank\" role=\"button\" rel=\"noopener\"><br \/>\n\t\t\t\t\t\tLeer m\u00e1s&#8230;<br \/>\n\t\t\t\t\t<\/a><\/p>\n<h4>La audiencia opina&#8230;<\/h4>\n<p>\t\t\t\t\t\tEl maestro Vela es un referente de la \u00f3pera en nuestro pa\u00eds, un defensor de la misma, y hombre generoso al momento de compartir su conocimiento al respecto.<br \/>\n\t\t\t\t\t\t\t\t<cite>Escucha Robert Spindomingo 17, abril<\/cite>\t\t\t<\/p>\n<h5>Programas destacados&#8230;<\/h5>\n","protected":false},"excerpt":{"rendered":"<p>La \u00d3pera en el Tiempo AL AIRE:Domingos 17:00 &#8211; 20:00 horas \u00abDesde 2009, La \u00d3pera en el Tiempo presenta lo mejor de de 4 siglos de arte l\u00edrica en formato completo. El maestro Sergio Vela es el responsable de contextualizar las obras oper\u00edsticas; para ello ofrece vasta informaci\u00f3n no solo de la obra misma, sino&hellip;<\/p>\n","protected":false},"author":184,"featured_media":0,"parent":0,"menu_order":0,"comment_status":"closed","ping_status":"closed","template":"","meta":{"wp_popup_display_lightbox":0,"wp_popup_suppress":"","wp_popup_trigger":"","wp_popup_trigger_amount":0,"wp_popup_disable_on_mobile":false,"footnotes":""},"class_list":["post-34308","page","type-page","status-publish","hentry","description-off"],"_links":{"self":[{"href":"https:\/\/www.imer.mx\/opus\/wp-json\/wp\/v2\/pages\/34308","targetHints":{"allow":["GET"]}}],"collection":[{"href":"https:\/\/www.imer.mx\/opus\/wp-json\/wp\/v2\/pages"}],"about":[{"href":"https:\/\/www.imer.mx\/opus\/wp-json\/wp\/v2\/types\/page"}],"author":[{"embeddable":true,"href":"https:\/\/www.imer.mx\/opus\/wp-json\/wp\/v2\/users\/184"}],"replies":[{"embeddable":true,"href":"https:\/\/www.imer.mx\/opus\/wp-json\/wp\/v2\/comments?post=34308"}],"version-history":[{"count":0,"href":"https:\/\/www.imer.mx\/opus\/wp-json\/wp\/v2\/pages\/34308\/revisions"}],"wp:attachment":[{"href":"https:\/\/www.imer.mx\/opus\/wp-json\/wp\/v2\/media?parent=34308"}],"curies":[{"name":"wp","href":"https:\/\/api.w.org\/{rel}","templated":true}]}}