{"id":26032,"date":"2021-08-23T13:00:10","date_gmt":"2021-08-23T18:00:10","guid":{"rendered":"https:\/\/www.imer.mx\/opus\/?page_id=26032"},"modified":"2022-06-28T11:17:36","modified_gmt":"2022-06-28T16:17:36","slug":"pagina-historia-para-todos","status":"publish","type":"page","link":"https:\/\/www.imer.mx\/opus\/pagina-historia-para-todos\/","title":{"rendered":"P\u00e1gina Historia para todos"},"content":{"rendered":"<h2>Historia para todos<\/h2>\n<p>\t\t\t\t\t\t\t\t\t\t\t\t<img decoding=\"async\" src=\"https:\/\/www.imer.mx\/opus\/wp-content\/uploads\/sites\/13\/elementor\/thumbs\/Historia-para-todos-min-1-pqhdscceii81rszh7czzjk4hpnl9r9iill6n4wy8lc.png\" title=\"Historia para todos-min (1)\" alt=\"Historia para todos-min (1)\" \/>\t\t\t\t\t\t\t\t\t\t\t\t\t\t<\/p>\n<p>AL AIRE:<br \/>Domingos 09:00 &#8211; 10:00 horas<\/p>\n<p>\u00ab<strong>Historia para todos<\/strong> es un programa conducido por el Dr. Javier Garc\u00edadiego, quien narra, describe y analiza la Historia de la Revoluci\u00f3n Mexicana, sus personajes, y contextos, para mejorar el conocimiento hist\u00f3rico del pa\u00eds. Un programa que contribuye a la comprensi\u00f3n, donde tienen cabida las diferentes versiones y se aclaran las diferencias de informaci\u00f3n en los procesos de an\u00e1lisis.\u00bb<\/p>\n<p>\t\t\t\t\t<a href=\"https:\/\/www.facebook.com\/474164952981721\/posts\/1207980489600160\/\" target=\"_blank\" rel=\"noopener\"><br \/>\n\t\t\t\t\t\tFacebook<br \/>\n\t\t\t\t\t\t\t\t\t\t\t<\/a><\/p>\n<h5>Episodio m\u00e1s reciente&#8230;<\/h5>\n<p>\t\t\t<a href=\"https:\/\/www.imer.mx\/opus\/programas\/historia-para-todos\/\" target=\"_blank\" role=\"button\" rel=\"noopener\"><br \/>\n\t\t\t\t\t\tVer todos los programas anteriores<br \/>\n\t\t\t\t\t<\/a><\/p>\n<h5>Conducen&#8230;<\/h5>\n<figure><img decoding=\"async\" width=\"700\" height=\"830\" src=\"https:\/\/www.imer.mx\/opus\/wp-content\/uploads\/sites\/13\/Javier-Garciadiego-min.jpg\" alt=\"\" loading=\"lazy\" \/><\/figure>\n<h3>Javier Garciadiego Dant\u00e1n<\/h3>\n<p>Conductor<\/p>\n<p>Historiador, investigador y acad\u00e9mico.Doctor en Historia de M\u00e9xico, por El Colegio de M\u00e9xico, y Doctor en Historia de Am\u00e9rica Latina, por la Universidad de Chicago.Ha centrado sus estudios e investigaciones en la \u00e9poca de la Revoluci\u00f3n mexicana. De 2005 a 2015, fue presidente de El Colegio de M\u00e9xico. Es presidente de la Academia Mexicana de la Historia y director de la Capilla Alfonsina. Conductor del programa Conversaciones sobre Historia, actualmente Historia para Todos.<\/p>\n<h4>La audiencia opina&#8230;<\/h4>\n<p>\t\t\t\t\t\tEl conocimiento del doctor hace que cada instante de su programa se quiera escuchar una y otra vez, para aprender nuestra historia como la debieron ense\u00f1ar en la escuela.<br \/>\n\t\t\t\t\t\t\t\t<cite>Escucha s\u00e1bado 7, agosto<\/cite>\t\t\t<\/p>\n<h5>Programas destacados&#8230;<\/h5>\n","protected":false},"excerpt":{"rendered":"<p>Historia para todos AL AIRE:Domingos 09:00 &#8211; 10:00 horas \u00abHistoria para todos es un programa conducido por el Dr. Javier Garc\u00edadiego, quien narra, describe y analiza la Historia de la Revoluci\u00f3n Mexicana, sus personajes, y contextos, para mejorar el conocimiento hist\u00f3rico del pa\u00eds. Un programa que contribuye a la comprensi\u00f3n, donde tienen cabida las diferentes&hellip;<\/p>\n","protected":false},"author":184,"featured_media":0,"parent":0,"menu_order":0,"comment_status":"closed","ping_status":"closed","template":"","meta":{"wp_popup_display_lightbox":0,"wp_popup_suppress":"","wp_popup_trigger":"","wp_popup_trigger_amount":0,"wp_popup_disable_on_mobile":false,"footnotes":""},"class_list":["post-26032","page","type-page","status-publish","hentry","description-off"],"_links":{"self":[{"href":"https:\/\/www.imer.mx\/opus\/wp-json\/wp\/v2\/pages\/26032","targetHints":{"allow":["GET"]}}],"collection":[{"href":"https:\/\/www.imer.mx\/opus\/wp-json\/wp\/v2\/pages"}],"about":[{"href":"https:\/\/www.imer.mx\/opus\/wp-json\/wp\/v2\/types\/page"}],"author":[{"embeddable":true,"href":"https:\/\/www.imer.mx\/opus\/wp-json\/wp\/v2\/users\/184"}],"replies":[{"embeddable":true,"href":"https:\/\/www.imer.mx\/opus\/wp-json\/wp\/v2\/comments?post=26032"}],"version-history":[{"count":0,"href":"https:\/\/www.imer.mx\/opus\/wp-json\/wp\/v2\/pages\/26032\/revisions"}],"wp:attachment":[{"href":"https:\/\/www.imer.mx\/opus\/wp-json\/wp\/v2\/media?parent=26032"}],"curies":[{"name":"wp","href":"https:\/\/api.w.org\/{rel}","templated":true}]}}