{"id":25355,"date":"2021-07-16T21:42:53","date_gmt":"2021-07-17T02:42:53","guid":{"rendered":"https:\/\/www.imer.mx\/opus\/?page_id=25355"},"modified":"2021-07-16T21:50:38","modified_gmt":"2021-07-17T02:50:38","slug":"textos-delta","status":"publish","type":"page","link":"https:\/\/www.imer.mx\/opus\/textos-delta\/","title":{"rendered":"Textos Delta"},"content":{"rendered":"<h2>Textos Delta<\/h2>\n<h2>Instrucciones:<\/h2>\n<p>1.- Elige uno de los siguientes textos Delta.<br \/>2.- Gr\u00e1balo en tu celular procurando no equivocarte y con la mejor intenci\u00f3n que puedas.&nbsp;<br \/>3.- Env\u00eda tu audio grabado a la direcci\u00f3n de correo opus@imer.com.mx con el asunto: Textos Delta.<br \/>4.- Las mejores grabaciones saldr\u00e1n al aire.<\/p>\n<h2>Cuent\u00ednimo<\/h2>\n<p>Mi nombre es: __________<\/p>\n<p>De la compilaci\u00f3n: &#8220;Cuentos, f\u00e1bulas y lo dem\u00e1s es silencio&#8221;, de Augusto Monterroso,<\/p>\n<p>EL PARAISO IMPERFECTO &#8211;<\/p>\n<p>&#8220;Es cierto- dijo melanc\u00f3licamente el hombre, sin quitar la vista de las llamas que ard\u00edan en la chimenea aquella noche de invierno-; en el Para\u00edso hay amigos, m\u00fasica, algunos libros; lo \u00fanico malo de irse al Cielo es que all\u00ed el cielo no se ve.&#8221;<\/p>\n<h2>Aforismo<\/h2>\n<p>Mi nombre es: __________<\/p>\n<p>Del libro &#8220;Del inconveniente de haber nacido&#8221;, de Emil Cioran:<\/p>\n<p>&#8220;No corremos hacia la muerte; huimos de la cat\u00e1strofe del nacimiento.&#8221;<\/p>\n<p>\u00a0<\/p>\n<h2>Poem\u00ednimo<\/h2>\n<p>Mi nombre es: __________<\/p>\n<p>Del poemario &#8220;Canciones para cantar en las barcas&#8221;, de Jos\u00e9 Gorostiza<\/p>\n<p>&#8220;La orilla del mar<\/p>\n<p>No es agua ni arena <br \/>la orilla del mar. <br \/>El agua sonora <br \/>de espuma sencilla, <br \/>el agua no puede <br \/>formarse la orilla. <br \/>Y porque descanse <br \/>en muelle lugar, <br \/>no es agua ni arena <br \/>la orilla del mar.&#8221;<\/p>\n<h2>Cita<\/h2>\n<p>Mi nombre es: __________<\/p>\n<p>Del libro &#8220;El pa\u00eds de las \u00faltimas cosas&#8221;, de Paul Auster:<\/p>\n<p>&#8220;La memoria no es un acto voluntario, es algo que ocurre a pesar de uno mismo, y cuando todo cambia permanentemente, es inevitable que la mente falle, que los recuerdos escapen.&#8221;<\/p>\n","protected":false},"excerpt":{"rendered":"<p>Textos Delta Instrucciones: 1.- Elige uno de los siguientes textos Delta.2.- Gr\u00e1balo en tu celular procurando no equivocarte y con la mejor intenci\u00f3n que puedas.&nbsp;3.- Env\u00eda tu audio grabado a la direcci\u00f3n de correo opus@imer.com.mx con el asunto: Textos Delta.4.- Las mejores grabaciones saldr\u00e1n al aire. Cuent\u00ednimo Mi nombre es: __________ De la compilaci\u00f3n: &#8220;Cuentos,&hellip;<\/p>\n","protected":false},"author":184,"featured_media":0,"parent":0,"menu_order":0,"comment_status":"closed","ping_status":"closed","template":"","meta":{"wp_popup_display_lightbox":0,"wp_popup_suppress":"","wp_popup_trigger":"","wp_popup_trigger_amount":0,"wp_popup_disable_on_mobile":false,"footnotes":""},"class_list":["post-25355","page","type-page","status-publish","hentry","description-off"],"_links":{"self":[{"href":"https:\/\/www.imer.mx\/opus\/wp-json\/wp\/v2\/pages\/25355","targetHints":{"allow":["GET"]}}],"collection":[{"href":"https:\/\/www.imer.mx\/opus\/wp-json\/wp\/v2\/pages"}],"about":[{"href":"https:\/\/www.imer.mx\/opus\/wp-json\/wp\/v2\/types\/page"}],"author":[{"embeddable":true,"href":"https:\/\/www.imer.mx\/opus\/wp-json\/wp\/v2\/users\/184"}],"replies":[{"embeddable":true,"href":"https:\/\/www.imer.mx\/opus\/wp-json\/wp\/v2\/comments?post=25355"}],"version-history":[{"count":0,"href":"https:\/\/www.imer.mx\/opus\/wp-json\/wp\/v2\/pages\/25355\/revisions"}],"wp:attachment":[{"href":"https:\/\/www.imer.mx\/opus\/wp-json\/wp\/v2\/media?parent=25355"}],"curies":[{"name":"wp","href":"https:\/\/api.w.org\/{rel}","templated":true}]}}