{"id":23591,"date":"2021-06-01T01:39:46","date_gmt":"2021-06-01T06:39:46","guid":{"rendered":"https:\/\/www.imer.mx\/opus\/?page_id=23591"},"modified":"2024-06-26T14:53:08","modified_gmt":"2024-06-26T20:53:08","slug":"euforia24","status":"publish","type":"page","link":"https:\/\/www.imer.mx\/opus\/euforia24\/","title":{"rendered":"Euforia 2024"},"content":{"rendered":"<h5><a href=\"#graficos\">Pintura<\/a><\/h5>\n<h5><a href=\"#endemanda\">Conciertos<br \/><\/a><\/h5>\n<h5><a href=\"#conciertos\">Videos<\/a><\/h5>\n<h5><a href=\"#calendario\">Cartel<br \/>\n<\/a><\/h5>\n<h5><a href=\"#imagenes\">Fotograf\u00edas<br \/><\/a><\/h5>\n<h5><a href=\"#conteo\">Premios Euforia<br \/>\n<\/a><\/h5>\n<h5><a href=\"https:\/\/forms.gle\/qJKsG771Mq6zCsVG8\" target=\"_blank\" rel=\"noopener\">Encuesta Opus 2024<\/a><\/h5>\n<p>\t\t\t<a href=\"https:\/\/forms.gle\/qJKsG771Mq6zCsVG8\" target=\"_blank\" rel=\"noopener\"><br \/>\n\t\t\t\t\t\t<\/a><\/p>\n<h2><a href=\"#graficos\">ESPEJOS DEL ALMA L\u00cdRICA<\/a><\/h2>\n<p><em>Por primera vez, en la celebraci\u00f3n de los 38 a\u00f1os de Opus 94, el Festival Euforia 2024 presenta la exposici\u00f3n &#8220;Espejos del alma l\u00edrica&#8221; de la artista Estefan\u00eda Cordero. Estar\u00e1 abierta al p\u00fablico en el vest\u00edbulo del IMER del 3 al 28 de junio de 2024.<\/em><\/p>\n<h2>CONCIERTOS<\/h2>\n<p>\t\t\t\t\t\t\t<a href=\"https:\/\/www.imer.mx\/opus\/wp-content\/uploads\/sites\/13\/FestivalEuforia_Poster-2-scaled.jpg\" data-elementor-open-lightbox=\"yes\" data-elementor-lightbox-slideshow=\"28225bf\" data-e-action-hash=\"#elementor-action%3Aaction%3Dlightbox%26settings%3DeyJpZCI6IjU0NTcxIiwidXJsIjoiaHR0cHM6XC9cL3d3dy5pbWVyLm14XC9vcHVzXC93cC1jb250ZW50XC91cGxvYWRzXC9zaXRlc1wvMTNcL0Zlc3RpdmFsRXVmb3JpYV9Qb3N0ZXItMi1zY2FsZWQuanBnIiwic2xpZGVzaG93IjoiMjgyMjViZiJ9\"><br \/>\n\t\t<\/a><br \/>\n\t\t\t\t\t\t\t<a href=\"https:\/\/www.imer.mx\/opus\/wp-content\/uploads\/sites\/13\/FestivalEuforia_Estefania-Cordero_IGStory.jpg\" data-elementor-open-lightbox=\"yes\" data-elementor-lightbox-slideshow=\"28225bf\" data-e-action-hash=\"#elementor-action%3Aaction%3Dlightbox%26settings%3DeyJpZCI6IjU0NTczIiwidXJsIjoiaHR0cHM6XC9cL3d3dy5pbWVyLm14XC9vcHVzXC93cC1jb250ZW50XC91cGxvYWRzXC9zaXRlc1wvMTNcL0Zlc3RpdmFsRXVmb3JpYV9Fc3RlZmFuaWEtQ29yZGVyb19JR1N0b3J5LmpwZyIsInNsaWRlc2hvdyI6IjI4MjI1YmYifQ%3D%3D\"><br \/>\n\t\t<\/a><br \/>\n\t\t\t\t\t\t\t<a href=\"https:\/\/www.imer.mx\/opus\/wp-content\/uploads\/sites\/13\/FestivalEuforia_Ditirambo_FB-IG.jpg\" data-elementor-open-lightbox=\"yes\" data-elementor-lightbox-slideshow=\"28225bf\" data-e-action-hash=\"#elementor-action%3Aaction%3Dlightbox%26settings%3DeyJpZCI6IjU0NTc0IiwidXJsIjoiaHR0cHM6XC9cL3d3dy5pbWVyLm14XC9vcHVzXC93cC1jb250ZW50XC91cGxvYWRzXC9zaXRlc1wvMTNcL0Zlc3RpdmFsRXVmb3JpYV9EaXRpcmFtYm9fRkItSUcuanBnIiwic2xpZGVzaG93IjoiMjgyMjViZiJ9\"><br \/>\n\t\t<\/a><br \/>\n\t\t\t\t\t\t\t<a href=\"https:\/\/www.imer.mx\/opus\/wp-content\/uploads\/sites\/13\/FestivalEuforia_Aventura_FB-IG-1.jpg\" data-elementor-open-lightbox=\"yes\" data-elementor-lightbox-slideshow=\"28225bf\" data-e-action-hash=\"#elementor-action%3Aaction%3Dlightbox%26settings%3DeyJpZCI6IjU0NTc2IiwidXJsIjoiaHR0cHM6XC9cL3d3dy5pbWVyLm14XC9vcHVzXC93cC1jb250ZW50XC91cGxvYWRzXC9zaXRlc1wvMTNcL0Zlc3RpdmFsRXVmb3JpYV9BdmVudHVyYV9GQi1JRy0xLmpwZyIsInNsaWRlc2hvdyI6IjI4MjI1YmYifQ%3D%3D\"><br \/>\n\t\t<\/a><br \/>\n\t\t\t\t\t\t\t<a href=\"https:\/\/www.imer.mx\/opus\/wp-content\/uploads\/sites\/13\/FestivalEuforia_Argentina_IGStory.jpg\" data-elementor-open-lightbox=\"yes\" data-elementor-lightbox-slideshow=\"28225bf\" data-e-action-hash=\"#elementor-action%3Aaction%3Dlightbox%26settings%3DeyJpZCI6IjU0NTc1IiwidXJsIjoiaHR0cHM6XC9cL3d3dy5pbWVyLm14XC9vcHVzXC93cC1jb250ZW50XC91cGxvYWRzXC9zaXRlc1wvMTNcL0Zlc3RpdmFsRXVmb3JpYV9BcmdlbnRpbmFfSUdTdG9yeS5qcGciLCJzbGlkZXNob3ciOiIyODIyNWJmIn0%3D\"><br \/>\n\t\t<\/a><br \/>\n\t\t\t\t\t\t\t<a href=\"https:\/\/www.imer.mx\/opus\/wp-content\/uploads\/sites\/13\/FestivalEuforia_ENP_FB-IG.jpg\" data-elementor-open-lightbox=\"yes\" data-elementor-lightbox-slideshow=\"28225bf\" data-e-action-hash=\"#elementor-action%3Aaction%3Dlightbox%26settings%3DeyJpZCI6IjU0NTc3IiwidXJsIjoiaHR0cHM6XC9cL3d3dy5pbWVyLm14XC9vcHVzXC93cC1jb250ZW50XC91cGxvYWRzXC9zaXRlc1wvMTNcL0Zlc3RpdmFsRXVmb3JpYV9FTlBfRkItSUcuanBnIiwic2xpZGVzaG93IjoiMjgyMjViZiJ9\"><br \/>\n\t\t<\/a><br \/>\n\t\t\t\t\t\t\t\t\t\t\t\t\t\tAnterior<br \/>\n\t\t\t\t\t\t\t\t\t\t\t\t\t\tSiguiente<\/p>\n<p>Arte por Daniel Herrera @dannnprints<\/p>\n<h2>PROGRAMAS DE MANO<\/h2>\n<p>\t\t\t\t\t\t\t\t\t\t\t\t\t<img loading=\"lazy\" decoding=\"async\" width=\"800\" height=\"1238\" src=\"https:\/\/www.imer.mx\/opus\/wp-content\/uploads\/sites\/13\/DITIRAMBO-PROGRAMA-1323x2048.jpg\" alt=\"\" \/><br \/>\n\t\t\t\t\t\t\t\t\t\t\t\t\t<img loading=\"lazy\" decoding=\"async\" width=\"800\" height=\"1238\" src=\"https:\/\/www.imer.mx\/opus\/wp-content\/uploads\/sites\/13\/PRG-2-1323x2048.jpg\" alt=\"\" \/><br \/>\n\t\t\t\t\t\t\t\t\t\t\t\t\t<img loading=\"lazy\" decoding=\"async\" width=\"800\" height=\"1238\" src=\"https:\/\/www.imer.mx\/opus\/wp-content\/uploads\/sites\/13\/PROGRAMA3-1323x2048.jpg\" alt=\"\" \/><br \/>\n\t\t\t\t\t\t\t\t\t\t\t\t\t<img loading=\"lazy\" decoding=\"async\" width=\"800\" height=\"1238\" src=\"https:\/\/www.imer.mx\/opus\/wp-content\/uploads\/sites\/13\/ORISHAS-PROGRA-1323x2048.jpg\" alt=\"\" \/><br \/>\n\t\t\t\t\t\t\t\t\t\t\t\t\t<img loading=\"lazy\" decoding=\"async\" width=\"800\" height=\"1238\" src=\"https:\/\/www.imer.mx\/opus\/wp-content\/uploads\/sites\/13\/Programa-ENP-1323x2048.jpg\" alt=\"\" \/><br \/>\n\t\t\t\t\t\t\t\t\t\t\t\t\t<img loading=\"lazy\" decoding=\"async\" width=\"800\" height=\"1238\" src=\"https:\/\/www.imer.mx\/opus\/wp-content\/uploads\/sites\/13\/ARGENTT-1323x2048.jpg\" alt=\"\" \/><br \/>\n\t\t\t\t\t\t\t\t\t\t\t\t\t<img loading=\"lazy\" decoding=\"async\" width=\"800\" height=\"1238\" src=\"https:\/\/www.imer.mx\/opus\/wp-content\/uploads\/sites\/13\/DASTRADA-PRO-1323x2048.jpg\" alt=\"\" \/><br \/>\n\t\t\t\t\t\t\t\t\t\t\t\t\t<img loading=\"lazy\" decoding=\"async\" width=\"800\" height=\"1238\" src=\"https:\/\/www.imer.mx\/opus\/wp-content\/uploads\/sites\/13\/KARO-PROGRA-1323x2048.jpg\" alt=\"\" \/><br \/>\n\t\t\t\t\t\t\t\t\t\t\t\t\t<img loading=\"lazy\" decoding=\"async\" width=\"800\" height=\"1238\" src=\"https:\/\/www.imer.mx\/opus\/wp-content\/uploads\/sites\/13\/XIBALBA-PROGRA-1323x2048.jpg\" alt=\"\" \/><br \/>\n\t\t\t\t\t\t\t\t\t\t\t\t\t<img loading=\"lazy\" decoding=\"async\" width=\"800\" height=\"1238\" src=\"https:\/\/www.imer.mx\/opus\/wp-content\/uploads\/sites\/13\/Metales-pro-1323x2048.jpg\" alt=\"\" \/>\t\t\t\t\t\t\t\t\t\t\t\t\t<\/p>\n<h2>CARTEL GENERAL<\/h2>\n<p><em>Programaci\u00f3n sujeta a cambios.<\/em><\/p>\n<p>\t\t\t\t\t\t\t\t\t\t\t\t\t<img loading=\"lazy\" decoding=\"async\" width=\"800\" height=\"1000\" src=\"https:\/\/www.imer.mx\/opus\/wp-content\/uploads\/sites\/13\/FestivalEuforia_Principal_FB-IG-819x1024.jpg\" alt=\"\" \/>\t\t\t\t\t\t\t\t\t\t\t\t\t<\/p>\n<p><em>Programaci\u00f3n sujeta a cambios.<\/em><\/p>\n<h2>VIDEOS<\/h2>\n<p>\t\t\t\t\t\t\t\t\t\t\t\t\t\t<a href=\"https:\/\/www.facebook.com\/100063588541640\/videos\/440360675273441\" target=\"_blank\" rel=\"noopener\"><br \/>\n\t\t\t\t\t\t\t<img loading=\"lazy\" decoding=\"async\" width=\"800\" height=\"1000\" src=\"https:\/\/www.imer.mx\/opus\/wp-content\/uploads\/sites\/13\/FestivalEuforia_Ditirambo_FB-IG-819x1024.jpg\" alt=\"\" \/>\t\t\t\t\t\t\t\t<\/a><br \/>\n\t\t\t\t\t\t\t\t\t\t\t\t\t\t<a href=\"https:\/\/www.facebook.com\/100063588541640\/videos\/3333948760232496\"><br \/>\n\t\t\t\t\t\t\t<img loading=\"lazy\" decoding=\"async\" width=\"800\" height=\"1000\" src=\"https:\/\/www.imer.mx\/opus\/wp-content\/uploads\/sites\/13\/FestivalEuforia_Orishas_FB-IG-819x1024.jpg\" alt=\"\" \/>\t\t\t\t\t\t\t\t<\/a><br \/>\n\t\t\t\t\t\t\t\t\t\t\t\t\t\t<a href=\"https:\/\/www.facebook.com\/100063588541640\/videos\/1017015323114472\" target=\"_blank\" rel=\"noopener\"><br \/>\n\t\t\t\t\t\t\t<img loading=\"lazy\" decoding=\"async\" width=\"800\" height=\"1000\" src=\"https:\/\/www.imer.mx\/opus\/wp-content\/uploads\/sites\/13\/FestivalEuforia_Herencia_FB-IG-819x1024.jpg\" alt=\"\" \/>\t\t\t\t\t\t\t\t<\/a><br \/>\n\t\t\t\t\t\t\t\t\t\t\t\t\t\t<a href=\"https:\/\/www.facebook.com\/100063588541640\/videos\/904023078319593\" target=\"_blank\" rel=\"noopener\"><br \/>\n\t\t\t\t\t\t\t<img loading=\"lazy\" decoding=\"async\" width=\"800\" height=\"1000\" src=\"https:\/\/www.imer.mx\/opus\/wp-content\/uploads\/sites\/13\/FestivalEuforia_ENP_FB-IG-819x1024.jpg\" alt=\"\" \/>\t\t\t\t\t\t\t\t<\/a><br \/>\n\t\t\t\t\t\t\t\t\t\t\t\t\t\t<a href=\"https:\/\/www.facebook.com\/100063588541640\/videos\/474069155110091\"><br \/>\n\t\t\t\t\t\t\t<img loading=\"lazy\" decoding=\"async\" width=\"800\" height=\"1000\" src=\"https:\/\/www.imer.mx\/opus\/wp-content\/uploads\/sites\/13\/FestivalEuforia_Aventura_FB-IG-1-819x1024.jpg\" alt=\"\" \/>\t\t\t\t\t\t\t\t<\/a><br \/>\n\t\t\t\t\t\t\t\t\t\t\t\t\t<img loading=\"lazy\" decoding=\"async\" width=\"576\" height=\"1024\" src=\"https:\/\/www.imer.mx\/opus\/wp-content\/uploads\/sites\/13\/FestivalEuforia_Argentina_IGStory-576x1024.jpg\" alt=\"\" \/>\t\t\t\t\t\t\t\t\t\t\t\t\t<\/p>\n<h2>FOTOGRAF\u00cdAS DE EUFORIA<\/h2>\n<p>\t\t\t\t\t\t\t<a href=\"https:\/\/www.imer.mx\/opus\/wp-content\/uploads\/sites\/13\/ETIQUETA-GORRAS-EUFORIA-1.jpg\" data-elementor-open-lightbox=\"yes\" data-elementor-lightbox-slideshow=\"6392ed7\" data-e-action-hash=\"#elementor-action%3Aaction%3Dlightbox%26settings%3DeyJpZCI6NTQ1NzksInVybCI6Imh0dHBzOlwvXC93d3cuaW1lci5teFwvb3B1c1wvd3AtY29udGVudFwvdXBsb2Fkc1wvc2l0ZXNcLzEzXC9FVElRVUVUQS1HT1JSQVMtRVVGT1JJQS0xLmpwZyIsInNsaWRlc2hvdyI6IjYzOTJlZDcifQ%3D%3D\"><br \/>\n\t\t\t\t\t\t\t\t\t\t\t\t\t\t<\/a><\/p>\n<h2>PREMIOS EUFORIA<\/h2>\n<h2><a href=\"https:\/\/forms.gle\/xXYhKFBCWd622PpB8\">Este a\u00f1o queremos reconocer la trayector\u00eda de artistas e instituciones que llenan de vida a nuestra escena musical. Ahora puedes participar con tu opini\u00f3n:<br \/><\/a><\/h2>\n<h2>Agradecimientos:<br \/>Instituto Mexicano de la Radio<br \/>Instituto Italiano de Cultura<br \/>Secretar\u00eda de Cultura de la Ciudad de M\u00e9xico<br \/>Facultad de M\u00fasica de la UNAM<br \/>M\u00fasica UNAM<br \/>Filarm\u00f3nica de la Ciudad de M\u00e9xico<\/p>\n<p>Arte por Daniel Herrera<\/h2>\n","protected":false},"excerpt":{"rendered":"<p>Pintura Conciertos Videos Cartel Fotograf\u00edas Premios Euforia Encuesta Opus 2024 ESPEJOS DEL ALMA L\u00cdRICA Por primera vez, en la celebraci\u00f3n de los 38 a\u00f1os de Opus 94, el Festival Euforia 2024 presenta la exposici\u00f3n &#8220;Espejos del alma l\u00edrica&#8221; de la artista Estefan\u00eda Cordero. Estar\u00e1 abierta al p\u00fablico en el vest\u00edbulo del IMER del 3 al&hellip;<\/p>\n","protected":false},"author":184,"featured_media":0,"parent":0,"menu_order":0,"comment_status":"closed","ping_status":"closed","template":"","meta":{"wp_popup_display_lightbox":0,"wp_popup_suppress":"","wp_popup_trigger":"","wp_popup_trigger_amount":0,"wp_popup_disable_on_mobile":false,"footnotes":""},"class_list":["post-23591","page","type-page","status-publish","hentry","description-off"],"_links":{"self":[{"href":"https:\/\/www.imer.mx\/opus\/wp-json\/wp\/v2\/pages\/23591","targetHints":{"allow":["GET"]}}],"collection":[{"href":"https:\/\/www.imer.mx\/opus\/wp-json\/wp\/v2\/pages"}],"about":[{"href":"https:\/\/www.imer.mx\/opus\/wp-json\/wp\/v2\/types\/page"}],"author":[{"embeddable":true,"href":"https:\/\/www.imer.mx\/opus\/wp-json\/wp\/v2\/users\/184"}],"replies":[{"embeddable":true,"href":"https:\/\/www.imer.mx\/opus\/wp-json\/wp\/v2\/comments?post=23591"}],"version-history":[{"count":0,"href":"https:\/\/www.imer.mx\/opus\/wp-json\/wp\/v2\/pages\/23591\/revisions"}],"wp:attachment":[{"href":"https:\/\/www.imer.mx\/opus\/wp-json\/wp\/v2\/media?parent=23591"}],"curies":[{"name":"wp","href":"https:\/\/api.w.org\/{rel}","templated":true}]}}