{"id":22302,"date":"2021-04-21T01:52:40","date_gmt":"2021-04-21T06:52:40","guid":{"rendered":"https:\/\/www.imer.mx\/opus\/?page_id=22302"},"modified":"2022-06-06T17:49:19","modified_gmt":"2022-06-06T22:49:19","slug":"mes-de-las-ninas-y-los-ninos-clasicos","status":"publish","type":"page","link":"https:\/\/www.imer.mx\/opus\/mes-de-las-ninas-y-los-ninos-clasicos\/","title":{"rendered":"Mes de las ni\u00f1as y los ni\u00f1os Cl\u00e1sicos"},"content":{"rendered":"<h2>Las ni\u00f1as y los ni\u00f1os&#8230; tambi\u00e9n son Cl\u00e1sicos <\/h2>\n<p>\t\t\t\t\t\t\t\t\t\t\t\t<img decoding=\"async\" width=\"800\" height=\"401\" src=\"https:\/\/www.imer.mx\/opus\/wp-content\/uploads\/sites\/13\/Mes-de-las-ni\u00f1as-y-ni\u00f1os-cl\u00e1sicos-min-1-1024x513.jpg\" alt=\"\" loading=\"lazy\" srcset=\"https:\/\/www.imer.mx\/opus\/wp-content\/uploads\/sites\/13\/Mes-de-las-ni\u00f1as-y-ni\u00f1os-cl\u00e1sicos-min-1-1024x513.jpg 1024w, https:\/\/www.imer.mx\/opus\/wp-content\/uploads\/sites\/13\/Mes-de-las-ni\u00f1as-y-ni\u00f1os-cl\u00e1sicos-min-1-300x150.jpg 300w, https:\/\/www.imer.mx\/opus\/wp-content\/uploads\/sites\/13\/Mes-de-las-ni\u00f1as-y-ni\u00f1os-cl\u00e1sicos-min-1-768x385.jpg 768w, https:\/\/www.imer.mx\/opus\/wp-content\/uploads\/sites\/13\/Mes-de-las-ni\u00f1as-y-ni\u00f1os-cl\u00e1sicos-min-1.jpg 1200w\" sizes=\"auto, (max-width: 800px) 100vw, 800px\" \/><br \/>\n\t\tId. de carrusel no v\u00e1lido. El ID del Master Slider debe ser un n\u00famero v\u00e1lido.\t\t<\/p>\n<h3>\n\t\t\t\t\t\t\tProgramaci\u00f3n especial musical\t\t\t\t\t\t<\/h3>\n<p>\t\t\t\t\t\t\tUna selecci\u00f3n especial de Miguel Rojas, con apoyo de Lucas Hern\u00e1ndez para escuchar a lo largo de la semana. Piezas de compositores o int\u00e9rpretes muy j\u00f3venes que siguen deslumbrando a los escuchas. Escucha una pieza en cada espacio al aire de Bonnie Perete, Terry Guerrero, Sergio Bustos y Juan Lara.<br \/>\n\t\t\t\t\t\t\t\t\t\t\t<a href=\"https:\/\/www.imer.mx\/opus\/piezas-para-mes-de-las-ninas-y-ninos-clasicos\/\"><br \/>\n\t\t\t\t\t\t\tVer la selecci\u00f3n\t\t\t\t\t\t<\/a><br \/>\n\t\t\t\t\t\t\t\t\t\t\t\t<img decoding=\"async\" width=\"500\" height=\"500\" src=\"https:\/\/www.imer.mx\/opus\/wp-content\/uploads\/sites\/13\/Gen\u00e9rico-Opus-1-min-1.jpg\" alt=\"\" loading=\"lazy\" srcset=\"https:\/\/www.imer.mx\/opus\/wp-content\/uploads\/sites\/13\/Gen\u00e9rico-Opus-1-min-1.jpg 500w, https:\/\/www.imer.mx\/opus\/wp-content\/uploads\/sites\/13\/Gen\u00e9rico-Opus-1-min-1-150x150.jpg 150w, https:\/\/www.imer.mx\/opus\/wp-content\/uploads\/sites\/13\/Gen\u00e9rico-Opus-1-min-1-300x300.jpg 300w\" sizes=\"auto, (max-width: 500px) 100vw, 500px\" \/>\t\t\t\t\t\t\t\t\t\t\t\t\t\t<\/p>\n<h3>Almanaque da M\u00fasica Brasileira para Crian\u00e7as.<\/h3>\n<h2>Serie: Brasil, alma l\u00edrica<\/h2>\n<p>Disco que naci\u00f3 de la imaginaci\u00f3n del Duonovo, tiene la intenci\u00f3n de acercar a los ni\u00f1os al universo de la m\u00fasica brasile\u00f1a de concierto, con el objetivo de fomentar el inter\u00e9s por este g\u00e9nero, a trav\u00e9s de la apreciaci\u00f3n musical. Se incluyen obras del padre Jos\u00e9 Mauricio Nunes Garcia, Carlos Gomes, Bras\u00edlio Itiber\u00ea, Chiquinha Gonzaga y Heitor Villa-Lobos, autores que van del periodo imperial al contempor\u00e1neo.<\/p>\n<p><strong>Transmisi\u00f3n: 30 de abril<\/strong><br \/><strong>Horario: 21:00 a 22:00 h<\/strong><\/p>\n<h2>\u00a1Pronto!<\/h2>\n<h3>Con la timidez de Chopin<\/h3>\n<h2>Serie: Especial<\/h2>\n<p>Entrevista a Mar\u00eda Hanemann, pianista de 12 a\u00f1os que nos habla sobre su interpretaci\u00f3n y sentir acerca de la m\u00fasica cl\u00e1sica.<\/p>\n<p>\t\t\t\t\t\t\t\t\t\t\t\t<img decoding=\"async\" width=\"800\" height=\"400\" src=\"https:\/\/www.imer.mx\/opus\/wp-content\/uploads\/sites\/13\/ESPECIAL-3-30-ABRIL-1024x512.jpg\" alt=\"\" loading=\"lazy\" srcset=\"https:\/\/www.imer.mx\/opus\/wp-content\/uploads\/sites\/13\/ESPECIAL-3-30-ABRIL-1024x512.jpg 1024w, https:\/\/www.imer.mx\/opus\/wp-content\/uploads\/sites\/13\/ESPECIAL-3-30-ABRIL-300x150.jpg 300w, https:\/\/www.imer.mx\/opus\/wp-content\/uploads\/sites\/13\/ESPECIAL-3-30-ABRIL-768x384.jpg 768w, https:\/\/www.imer.mx\/opus\/wp-content\/uploads\/sites\/13\/ESPECIAL-3-30-ABRIL.jpg 1134w\" sizes=\"auto, (max-width: 800px) 100vw, 800px\" \/>\t\t\t\t\t\t\t\t\t\t\t\t\t\t<\/p>\n<p><strong>Transmisi\u00f3n: 30 de abril<\/strong><br \/><strong>Horario: 11:00 a 12:00 h<\/strong><\/p>\n<h3>Ardillas saltarinas<\/h3>\n<h2>Serie: Especial<\/h2>\n<p>Entrevista a Alexander Vivero, compositor de 12 a\u00f1os que nos habla sobre su interpretaci\u00f3n y sentir acerca de la m\u00fasica cl\u00e1sica.<\/p>\n<p>\t\t\t\t\t\t\t\t\t\t\t\t<img decoding=\"async\" width=\"800\" height=\"400\" src=\"https:\/\/www.imer.mx\/opus\/wp-content\/uploads\/sites\/13\/ESPECIAL-2-30-DE-ABRIL-1024x512.jpg\" alt=\"\" loading=\"lazy\" srcset=\"https:\/\/www.imer.mx\/opus\/wp-content\/uploads\/sites\/13\/ESPECIAL-2-30-DE-ABRIL-1024x512.jpg 1024w, https:\/\/www.imer.mx\/opus\/wp-content\/uploads\/sites\/13\/ESPECIAL-2-30-DE-ABRIL-300x150.jpg 300w, https:\/\/www.imer.mx\/opus\/wp-content\/uploads\/sites\/13\/ESPECIAL-2-30-DE-ABRIL-768x384.jpg 768w, https:\/\/www.imer.mx\/opus\/wp-content\/uploads\/sites\/13\/ESPECIAL-2-30-DE-ABRIL.jpg 1134w\" sizes=\"auto, (max-width: 800px) 100vw, 800px\" \/>\t\t\t\t\t\t\t\t\t\t\t\t\t\t<\/p>\n<p><strong>Transmisi\u00f3n: 30 de abril<\/strong><br \/><strong>Horario: 11:00 a 12:00 h<\/strong><\/p>\n<p>\t\t\t\t\t\t\t\t\t\t\t\t<img decoding=\"async\" width=\"500\" height=\"500\" src=\"https:\/\/www.imer.mx\/opus\/wp-content\/uploads\/sites\/13\/Bugs-min.jpg\" alt=\"\" loading=\"lazy\" srcset=\"https:\/\/www.imer.mx\/opus\/wp-content\/uploads\/sites\/13\/Bugs-min.jpg 500w, https:\/\/www.imer.mx\/opus\/wp-content\/uploads\/sites\/13\/Bugs-min-150x150.jpg 150w, https:\/\/www.imer.mx\/opus\/wp-content\/uploads\/sites\/13\/Bugs-min-300x300.jpg 300w\" sizes=\"auto, (max-width: 500px) 100vw, 500px\" \/>\t\t\t\t\t\t\t\t\t\t\t\t\t\t<\/p>\n<h3>Cl\u00e1sicos en caricaturas<\/h3>\n<h2>Serie: Especiales Opus 94<\/h2>\n<p>Un recorrido por algunos de los momentos m\u00e1s c\u00e9lebres entre la m\u00fasica de concierto y las series y pel\u00edculas animadas infantiles.<\/p>\n<p><strong>Transmisi\u00f3n: 30 de abril<\/strong><br \/><strong>Horario: 13:00 a 14:00 h<\/strong><\/p>\n<h3>La pandemia en 6 cuerdas<\/h3>\n<h2>Serie: Especial<\/h2>\n<p>Entrevista a Axel Bastian, guitarrista y pianista de 8 a\u00f1os que nos habla sobre su interpretaci\u00f3n y sentir acerca de la m\u00fasica cl\u00e1sica.<\/p>\n<p>\t\t\t\t\t\t\t\t\t\t\t\t<img decoding=\"async\" width=\"800\" height=\"400\" src=\"https:\/\/www.imer.mx\/opus\/wp-content\/uploads\/sites\/13\/ESPECIAL-1-30-DE-ABRIL-1024x512.jpg\" alt=\"\" loading=\"lazy\" srcset=\"https:\/\/www.imer.mx\/opus\/wp-content\/uploads\/sites\/13\/ESPECIAL-1-30-DE-ABRIL-1024x512.jpg 1024w, https:\/\/www.imer.mx\/opus\/wp-content\/uploads\/sites\/13\/ESPECIAL-1-30-DE-ABRIL-300x150.jpg 300w, https:\/\/www.imer.mx\/opus\/wp-content\/uploads\/sites\/13\/ESPECIAL-1-30-DE-ABRIL-768x384.jpg 768w, https:\/\/www.imer.mx\/opus\/wp-content\/uploads\/sites\/13\/ESPECIAL-1-30-DE-ABRIL.jpg 1134w\" sizes=\"auto, (max-width: 800px) 100vw, 800px\" \/>\t\t\t\t\t\t\t\t\t\t\t\t\t\t<\/p>\n<p><strong>Transmisi\u00f3n: 30 de abril<\/strong><br \/><strong>Horario: 11:00 a 12:00 h<\/strong><\/p>\n<p>\t\t\t\t\t\t\t\t\t\t\t\t<img decoding=\"async\" width=\"501\" height=\"501\" src=\"https:\/\/www.imer.mx\/opus\/wp-content\/uploads\/sites\/13\/Tapiolankuoro_promo1_MaaritKyto\u0308harju-min.jpeg\" alt=\"\" loading=\"lazy\" srcset=\"https:\/\/www.imer.mx\/opus\/wp-content\/uploads\/sites\/13\/Tapiolankuoro_promo1_MaaritKyto\u0308harju-min.jpeg 501w, https:\/\/www.imer.mx\/opus\/wp-content\/uploads\/sites\/13\/Tapiolankuoro_promo1_MaaritKyto\u0308harju-min-150x150.jpeg 150w, https:\/\/www.imer.mx\/opus\/wp-content\/uploads\/sites\/13\/Tapiolankuoro_promo1_MaaritKyto\u0308harju-min-300x300.jpeg 300w\" sizes=\"auto, (max-width: 501px) 100vw, 501px\" \/>\t\t\t\t\t\t\t\t\t\t\t\t\t\t<\/p>\n<h3>Tapiola Sound<\/h3>\n<h2>Serie: M\u00fasica EnCantada<\/h2>\n<p>\u00daltima entrega dedicada al mes de las ni\u00f1as y los ni\u00f1os Cl\u00e1sicos. Uno de los coros m\u00e1s reconocidos a nivel internacional, fundado por Erkki Pohjola quien revolucion\u00f3 la forma de trabajo con los coros de ni\u00f1os y j\u00f3venes, reivindic\u00e1ndolos como instrumento de alto nivel art\u00edstico. Creador del &#8220;Tapiola Sound&#8221;.<\/p>\n<p><strong>Transmisi\u00f3n: 26 de abril<\/strong><br \/><strong>Horario: 21:00 a 22:00 h<\/strong><\/p>\n<p>\t\t\t\t\t\t\t\t\t\t\t\t<img decoding=\"async\" width=\"800\" height=\"714\" src=\"https:\/\/www.imer.mx\/opus\/wp-content\/uploads\/sites\/13\/caio-pagano-brasil-23-abril-1024x914.jpg\" alt=\"\" loading=\"lazy\" srcset=\"https:\/\/www.imer.mx\/opus\/wp-content\/uploads\/sites\/13\/caio-pagano-brasil-23-abril-1024x914.jpg 1024w, https:\/\/www.imer.mx\/opus\/wp-content\/uploads\/sites\/13\/caio-pagano-brasil-23-abril-300x268.jpg 300w, https:\/\/www.imer.mx\/opus\/wp-content\/uploads\/sites\/13\/caio-pagano-brasil-23-abril-768x686.jpg 768w, https:\/\/www.imer.mx\/opus\/wp-content\/uploads\/sites\/13\/caio-pagano-brasil-23-abril.jpg 1500w\" sizes=\"auto, (max-width: 800px) 100vw, 800px\" \/>\t\t\t\t\t\t\t\t\t\t\t\t\t\t<\/p>\n<h3>Caio Pagano<\/h3>\n<h2>Serie: Brasil, alma l\u00edrica<\/h2>\n<p>El notable pianista Caio Pagano edit\u00f3 la gu\u00eda pr\u00e1ctica para piano,\u00a0 escrita por el maestro Heitor Villa-Lobos en diversos momentos de su corpus. <em>Guia pratico<\/em> es una serie extensa de canciones populares de diversos lugares del Brasil, arregladas en versiones corales y para piano, fueron parte del plan del compositor por reformar el sistema de formaci\u00f3n musical de su pa\u00eds, mientras ostentaba el cargo de director de Superintendencia de educaci\u00f3n musical y art\u00edstica que desempe\u00f1\u00f3 entre 1932 y 1944.<\/p>\n<p><strong>Transmisi\u00f3n: 23 de abril<\/strong><br \/><strong>Horario: 21:00 a 22:00 h<\/strong><\/p>\n<p>\t\t\t\t\t\t\t\t\t\t\t\t<img decoding=\"async\" width=\"501\" height=\"501\" src=\"https:\/\/www.imer.mx\/opus\/wp-content\/uploads\/sites\/13\/Jilgueritos1-min.jpeg\" alt=\"\" loading=\"lazy\" srcset=\"https:\/\/www.imer.mx\/opus\/wp-content\/uploads\/sites\/13\/Jilgueritos1-min.jpeg 501w, https:\/\/www.imer.mx\/opus\/wp-content\/uploads\/sites\/13\/Jilgueritos1-min-150x150.jpeg 150w, https:\/\/www.imer.mx\/opus\/wp-content\/uploads\/sites\/13\/Jilgueritos1-min-300x300.jpeg 300w\" sizes=\"auto, (max-width: 501px) 100vw, 501px\" \/>\t\t\t\t\t\t\t\t\t\t\t\t\t\t<\/p>\n<h3>Ensambles de Santa F\u00e9 y Pa\u00eds Vasco<\/h3>\n<h2>Serie: M\u00fasica EnCantada<\/h2>\n<p>Tercera entrega dedicada al trabajo de coros infantiles, en esta ocasi\u00f3n con ensambles de la provincia de Santa F\u00e9 y del Pa\u00eds Vasco.<\/p>\n<p><strong>Transmisi\u00f3n: 19 de abril<\/strong><br \/><strong>Horario: 21:00 a 22:00 h<\/strong><\/p>\n<p>\t\t\t\t\t\t\t\t\t\t\t\t<img decoding=\"async\" width=\"500\" height=\"500\" src=\"https:\/\/www.imer.mx\/opus\/wp-content\/uploads\/sites\/13\/colorir.jpg\" alt=\"\" loading=\"lazy\" srcset=\"https:\/\/www.imer.mx\/opus\/wp-content\/uploads\/sites\/13\/colorir.jpg 500w, https:\/\/www.imer.mx\/opus\/wp-content\/uploads\/sites\/13\/colorir-150x150.jpg 150w, https:\/\/www.imer.mx\/opus\/wp-content\/uploads\/sites\/13\/colorir-300x300.jpg 300w\" sizes=\"auto, (max-width: 500px) 100vw, 500px\" \/>\t\t\t\t\t\t\t\t\t\t\t\t\t\t<\/p>\n<h3>M\u00fasica para Colorir, segunda parte.<\/h3>\n<h2>Serie: Brasil, alma l\u00edrica<\/h2>\n<p>En el mes dedicado a las infancias,presentamos la segunda y \u00faltima parte con la colecci\u00f3n M\u00fasica para Colorir, proyecto encabezado por el cantor Z\u00e9 Renato, producido por Biscoito Fino. Tres vol\u00famenes con m\u00fasica de autores fundamentales, cantados por notables artistas acompa\u00f1ados por un coro de ni\u00f1os. Sambas, forr\u00f3s y MPB para enriquecer la cultura del p\u00fablico infantil.<\/p>\n<p><strong>Transmisi\u00f3n: 16 de abril<\/strong><br \/><strong>Horario: 21:00 a 22:00 h<\/strong><\/p>\n<p>\t\t\t\t\t\t\t\t\t\t\t\t<img decoding=\"async\" width=\"501\" height=\"501\" src=\"https:\/\/www.imer.mx\/opus\/wp-content\/uploads\/sites\/13\/Efroni-min.jpg\" alt=\"\" loading=\"lazy\" srcset=\"https:\/\/www.imer.mx\/opus\/wp-content\/uploads\/sites\/13\/Efroni-min.jpg 501w, https:\/\/www.imer.mx\/opus\/wp-content\/uploads\/sites\/13\/Efroni-min-150x150.jpg 150w, https:\/\/www.imer.mx\/opus\/wp-content\/uploads\/sites\/13\/Efroni-min-300x300.jpg 300w\" sizes=\"auto, (max-width: 501px) 100vw, 501px\" \/>\t\t\t\t\t\t\t\t\t\t\t\t\t\t<\/p>\n<h3>Efroni Choir<\/h3>\n<h2>Serie: M\u00fasica EnCantada<\/h2>\n<p>Esta noche, segunda dedicada al trabajo de coros infantiles, presentamos m\u00fasica con el ensamble israel\u00ed Efroni Choir, fundado en 1981 y que fue dirigido por m\u00e1s de 30 por la maestra Maya Shavit.<\/p>\n<p><strong>Transmisi\u00f3n: 12 de abril<\/strong><br \/><strong>Horario: 21:00 a 22:00 h<\/strong><\/p>\n<p>\t\t\t\t\t\t\t\t\t\t\t\t<img decoding=\"async\" width=\"500\" height=\"500\" src=\"https:\/\/www.imer.mx\/opus\/wp-content\/uploads\/sites\/13\/colorir.jpg\" alt=\"\" loading=\"lazy\" srcset=\"https:\/\/www.imer.mx\/opus\/wp-content\/uploads\/sites\/13\/colorir.jpg 500w, https:\/\/www.imer.mx\/opus\/wp-content\/uploads\/sites\/13\/colorir-150x150.jpg 150w, https:\/\/www.imer.mx\/opus\/wp-content\/uploads\/sites\/13\/colorir-300x300.jpg 300w\" sizes=\"auto, (max-width: 500px) 100vw, 500px\" \/>\t\t\t\t\t\t\t\t\t\t\t\t\t\t<\/p>\n<h3>M\u00fasica para Colorir, primera parte.<\/h3>\n<h2>Serie: Brasil, alma l\u00edrica<\/h2>\n<p>En el mes dedicado a las infancias,presentamos la primera de dos partes con la colecci\u00f3n M\u00fasica para Colorir, proyecto encabezado por el cantor Z\u00e9 Renato, producido por Biscoito Fino. Tres vol\u00famenes con m\u00fasica de autores fundamentales, cantados por notables artistas acompa\u00f1ados por un coro de ni\u00f1os. Sambas, forr\u00f3s y MPB para enriquecer la cultura del p\u00fablico infantil.<\/p>\n<p><strong>Transmisi\u00f3n: 9 de abril<\/strong><br \/><strong>Horario: 21:00 a 22:00 h<\/strong><\/p>\n<p>\t\t\t\t\t\t\t\t\t\t\t\t<img decoding=\"async\" width=\"501\" height=\"501\" src=\"https:\/\/www.imer.mx\/opus\/wp-content\/uploads\/sites\/13\/Bloemfontein-min.jpg\" alt=\"\" loading=\"lazy\" srcset=\"https:\/\/www.imer.mx\/opus\/wp-content\/uploads\/sites\/13\/Bloemfontein-min.jpg 501w, https:\/\/www.imer.mx\/opus\/wp-content\/uploads\/sites\/13\/Bloemfontein-min-150x150.jpg 150w, https:\/\/www.imer.mx\/opus\/wp-content\/uploads\/sites\/13\/Bloemfontein-min-300x300.jpg 300w\" sizes=\"auto, (max-width: 501px) 100vw, 501px\" \/>\t\t\t\t\t\t\t\t\t\t\t\t\t\t<\/p>\n<h3>Bloemfontein  Children&#8217;s Choir<\/h3>\n<h2>Serie: M\u00fasica EnCantada<\/h2>\n<p>M\u00fasica EnCantada dedica esta emisi\u00f3n al p\u00fablico infantil con el trabajo del Coro de Ni\u00f1os de Bloemfontein, agrupaci\u00f3n sudafricana fundada en 1987 y dirigido desde entonces por el Doctor Huibrie Verster.<\/p>\n<p><strong>Transmisi\u00f3n: 5 de abril<\/strong><br \/><strong>Horario: 21:00 a 22:00 h<\/strong><\/p>\n<p>\t\t\t\t\t\t\t\t\t\t\t\t<img decoding=\"async\" width=\"500\" height=\"500\" src=\"https:\/\/www.imer.mx\/opus\/wp-content\/uploads\/sites\/13\/Francisco-Hinojosa-500x500-v2-min.jpg\" alt=\"\" loading=\"lazy\" srcset=\"https:\/\/www.imer.mx\/opus\/wp-content\/uploads\/sites\/13\/Francisco-Hinojosa-500x500-v2-min.jpg 500w, https:\/\/www.imer.mx\/opus\/wp-content\/uploads\/sites\/13\/Francisco-Hinojosa-500x500-v2-min-150x150.jpg 150w, https:\/\/www.imer.mx\/opus\/wp-content\/uploads\/sites\/13\/Francisco-Hinojosa-500x500-v2-min-300x300.jpg 300w\" sizes=\"auto, (max-width: 500px) 100vw, 500px\" \/>\t\t\t\t\t\t\t\t\t\t\t\t\t\t<\/p>\n<h3>Literatura infantil<\/h3>\n<h2>Serie: Acentos<\/h2>\n<p>La literatura es una herramienta indispensable, para todas y todos. En este aislamiento que estamos viviendo, la narrativa infantil se convierte en una forma de convivencia y entretenimiento para la familia. Platicamos con Francisco Hinojosa, uno de los escritores que ha dedicado gran parte de su obra a la literatura infantil.<\/p>\n<p><strong>Transmisi\u00f3n: 1 de abril<\/strong><br \/><strong>Horario: 20:00 a 20:30 h<\/strong><\/p>\n<h2>Ni\u00f1as y ni\u00f1os celebran con Opus 94 tocando el chelo<\/h2>\n<p><strong>Xilo Hua<\/strong><br \/>Interpreta: &#8220;La Perica&#8221; y &#8220;La Huerta del Toronjil&#8221;, ambas, de Pilar Gadea<\/p>\n<p>https:\/\/www.imer.mx\/opus\/wp-content\/uploads\/sites\/13\/Dia-del-nino-y-de-la-nina-en-Opus-94-Xilo.mp4<\/p>\n<p><strong>Constanza Morales de Alba<\/strong><br \/>Interpreta: &#8220;La Pastora&#8221; (Tradicional) y &#8220;Drag\u00f3n&#8221;, de Pilar Gadea<\/p>\n<p>https:\/\/www.imer.mx\/opus\/wp-content\/uploads\/sites\/13\/Dia-del-nino-y-de-la-nina-en-Opus-Constanza-1.mp4<\/p>\n<p><strong>Santiago Lopez de Alba<\/strong><br \/>Interpreta: &#8220;El tambor de la alegr\u00eda&#8221; (tradicional Panam\u00e1) y &#8220;San Pantale\u00f3n&#8221; (tradicional Cuba)<\/p>\n<p>https:\/\/www.imer.mx\/opus\/wp-content\/uploads\/sites\/13\/Dia-del-nino-y-de-la-nina-en-Opus-94-Santiago.mp4<\/p>\n<p><strong>Carlos\u00a0<\/strong><br \/>Interpreta: &#8220;Buen viaje&#8221; de Pilar Gadea y &#8220;Media muerte&#8221; (tradicional M\u00e9xico)<\/p>\n<p>https:\/\/www.imer.mx\/opus\/wp-content\/uploads\/sites\/13\/Dia-del-nino-y-de-la-nina-en-Opus-94-Carlos.mp4<\/p>\n<p><strong>Nina Kochen Sampaio<\/strong><br \/>Interpreta: &#8220;Mi burrito&#8221; (tradicional Alemania) y &#8220;Ratoncito&#8221;, de Pilar Gadea<\/p>\n<p>https:\/\/www.imer.mx\/opus\/wp-content\/uploads\/sites\/13\/Dia-del-nino-y-de-la-nina-en-Opus-94-Nima.mp4<\/p>\n<p><strong>Dante Rodr\u00edguez Ch\u00e1vez<\/strong><br \/>Interpreta: &#8220;Caballito de anis&#8221;, de Pilar Gadea y &#8220;Los diez perritos&#8221; (Tradicional)<\/p>\n<p>https:\/\/www.imer.mx\/opus\/wp-content\/uploads\/sites\/13\/Dia-del-nino-y-de-la-nina-en-Opus-94-Dante.mp4<\/p>\n<p>Agradecimientos:<br \/>Imagen 1: <a href=\"http:\/\/a href=&quot;https:\/\/www.freepik.es\/vectores\/musica\" data-wplink-url-error=\"true\">Vector de M\u00fasica creado por brgfx &#8211; www.freepik.es<\/a><br \/>Imagen 2: <a href=\"http:\/\/a href=&quot;https:\/\/www.freepik.es\/vectores\/musica\" data-wplink-url-error=\"true\">Vector de M\u00fasica creado por brgfx &#8211; www.freepik.es<\/a><\/p>\n","protected":false},"excerpt":{"rendered":"<p>Las ni\u00f1as y los ni\u00f1os&#8230; tambi\u00e9n son Cl\u00e1sicos Programaci\u00f3n especial musical Una selecci\u00f3n especial de Miguel Rojas, con apoyo de Lucas Hern\u00e1ndez para escuchar a lo largo de la semana. Piezas de compositores o int\u00e9rpretes muy j\u00f3venes que siguen deslumbrando a los escuchas. Escucha una pieza en cada espacio al aire de Bonnie Perete, Terry&hellip;<\/p>\n","protected":false},"author":184,"featured_media":0,"parent":0,"menu_order":0,"comment_status":"closed","ping_status":"closed","template":"","meta":{"wp_popup_display_lightbox":0,"wp_popup_suppress":"","wp_popup_trigger":"","wp_popup_trigger_amount":0,"wp_popup_disable_on_mobile":false,"footnotes":""},"class_list":["post-22302","page","type-page","status-publish","hentry","description-off"],"_links":{"self":[{"href":"https:\/\/www.imer.mx\/opus\/wp-json\/wp\/v2\/pages\/22302","targetHints":{"allow":["GET"]}}],"collection":[{"href":"https:\/\/www.imer.mx\/opus\/wp-json\/wp\/v2\/pages"}],"about":[{"href":"https:\/\/www.imer.mx\/opus\/wp-json\/wp\/v2\/types\/page"}],"author":[{"embeddable":true,"href":"https:\/\/www.imer.mx\/opus\/wp-json\/wp\/v2\/users\/184"}],"replies":[{"embeddable":true,"href":"https:\/\/www.imer.mx\/opus\/wp-json\/wp\/v2\/comments?post=22302"}],"version-history":[{"count":0,"href":"https:\/\/www.imer.mx\/opus\/wp-json\/wp\/v2\/pages\/22302\/revisions"}],"wp:attachment":[{"href":"https:\/\/www.imer.mx\/opus\/wp-json\/wp\/v2\/media?parent=22302"}],"curies":[{"name":"wp","href":"https:\/\/api.w.org\/{rel}","templated":true}]}}