{"id":19202,"date":"2021-02-14T21:27:52","date_gmt":"2021-02-15T03:27:52","guid":{"rendered":"https:\/\/www.imer.mx\/opus\/?page_id=19202"},"modified":"2023-06-07T17:36:54","modified_gmt":"2023-06-07T23:36:54","slug":"eduardo-lizalde","status":"publish","type":"page","link":"https:\/\/www.imer.mx\/opus\/colaboradores-y-locutores-2\/eduardo-lizalde\/","title":{"rendered":"Eduardo Lizalde"},"content":{"rendered":"<p><img decoding=\"async\" src=\"https:\/\/www.imer.mx\/opus\/wp-content\/uploads\/sites\/13\/elementor\/thumbs\/Eduardo-Lizalde-min-p2vrttajaytlj281w6y5bxetuidfaek3ho45g3edh4.png\" title=\"Eduardo Lizalde-min\" alt=\"Eduardo Lizalde-min\"><\/p>\n<p>Eduardo Lizalde se acerc\u00f3 desde ni\u00f1o a la literatura. Su padre Juan Lizalde, un ingeniero, dibujante y apasionado de la poes\u00eda, le ense\u00f1\u00f3 a leer y a construir sonetos desde muy peque\u00f1o. Su madre era Mar\u00eda Luisa Ch\u00e1vez Garc\u00eda de la Cadena y su abuela la se\u00f1ora Elena Garc\u00eda de la Cadena de Ch\u00e1vez fue hija del Gral. J. Trinidad Garc\u00eda de la Cadena, el cual se encuentra en la Rotonda de los Hombres Ilustres ubicada en la ciudad de Zacatecas. Es hermano del actor Enrique Lizalde y primo del cantante \u00d3scar Ch\u00e1vez. A los seis a\u00f1os de edad, ley\u00f3 la primera novela de su vida: La perla roja, de Emilio Salgari. Despu\u00e9s encontr\u00f3 la figura del tigre en las novelas de Kipling y las historietas de Tarz\u00e1n. Cuando apenas ten\u00eda 12 a\u00f1os, estaba ya inmerso en las lecturas de Balzac, Zola, William Blake y Rainer Maria Rilke.<\/p>\n<p>\u00abEmpezar a escribir joven es casi una maldici\u00f3n para cualquier escritor que se precie de ser profesional\u00bb, afirma Lizalde. Comenz\u00f3 a publicar peque\u00f1os poemas a los 18 a\u00f1os, en 1948, en el peri\u00f3dico El Universal. Despu\u00e9s public\u00f3 su primer libro de poemas a los 27 a\u00f1os de edad, titulado La mala hora. Antes hab\u00eda estudiado brevemente en la Escuela Superior de M\u00fasica y despu\u00e9s la carrera de Letras en la Facultad de Filosof\u00eda y Letras de la UNAM.<\/p>\n<p>En 1955 comenz\u00f3 su militancia en el Partido Comunista Mexicano, del cual fue expulsado a principios de la d\u00e9cada de 1960, junto a Jos\u00e9 Revueltas. Despu\u00e9s, junto con el mismo Revueltas, fund\u00f3 la Liga Leninista Espartaco, movimiento pol\u00edtico alternativo del que pronto se desencantaron ambos.<br \/>\nPor esas mismas fechas, al lado de Enrique Gonz\u00e1lez Rojo y Marco Antonio Montes de Oca, fund\u00f3 el Poeticismo, una fallida corriente literaria, que el propio Lizalde desmenuza y crit\u00edca severamente en su libro Autobiograf\u00eda de un fracaso. Ah\u00ed afirma que esta corriente consist\u00eda en hacer poemas \u00abcon originalidad, claridad, y complejidad\u00bb, una vaguedad que lo llevar\u00eda a reflexionar que en realidad \u00abno era nada\u00bb.<\/p>\n<p>Su m\u00e1s grande pasi\u00f3n es la \u00f3pera. En su juventud, cre\u00eda que con un poco de suerte pod\u00eda ser cantante, poeta y pintor.&nbsp;Estudi\u00f3 canto y composici\u00f3n en la escuela nocturna del Conservatorio Nacional al tiempo que estudiaba Letras en la Facultad de Filosof\u00eda y Letras de la UNAM.<\/p>\n<h2>Conduce<\/h2>\n<h2>&#8211; Contrapunto<\/h2>\n<h2>&#8211; Memorias y presencias<\/h2>\n","protected":false},"excerpt":{"rendered":"<p>Eduardo Lizalde se acerc\u00f3 desde ni\u00f1o a la literatura. Su padre Juan Lizalde, un ingeniero, dibujante y apasionado de la poes\u00eda, le ense\u00f1\u00f3 a leer y a construir sonetos desde muy peque\u00f1o. Su madre era Mar\u00eda Luisa Ch\u00e1vez Garc\u00eda de la Cadena y su abuela la se\u00f1ora Elena Garc\u00eda de la Cadena de Ch\u00e1vez fue&hellip;<\/p>\n","protected":false},"author":184,"featured_media":0,"parent":18759,"menu_order":0,"comment_status":"closed","ping_status":"closed","template":"","meta":{"wp_popup_display_lightbox":0,"wp_popup_suppress":"","wp_popup_trigger":"","wp_popup_trigger_amount":0,"wp_popup_disable_on_mobile":false,"footnotes":""},"class_list":["post-19202","page","type-page","status-publish","hentry","description-off"],"_links":{"self":[{"href":"https:\/\/www.imer.mx\/opus\/wp-json\/wp\/v2\/pages\/19202","targetHints":{"allow":["GET"]}}],"collection":[{"href":"https:\/\/www.imer.mx\/opus\/wp-json\/wp\/v2\/pages"}],"about":[{"href":"https:\/\/www.imer.mx\/opus\/wp-json\/wp\/v2\/types\/page"}],"author":[{"embeddable":true,"href":"https:\/\/www.imer.mx\/opus\/wp-json\/wp\/v2\/users\/184"}],"replies":[{"embeddable":true,"href":"https:\/\/www.imer.mx\/opus\/wp-json\/wp\/v2\/comments?post=19202"}],"version-history":[{"count":0,"href":"https:\/\/www.imer.mx\/opus\/wp-json\/wp\/v2\/pages\/19202\/revisions"}],"up":[{"embeddable":true,"href":"https:\/\/www.imer.mx\/opus\/wp-json\/wp\/v2\/pages\/18759"}],"wp:attachment":[{"href":"https:\/\/www.imer.mx\/opus\/wp-json\/wp\/v2\/media?parent=19202"}],"curies":[{"name":"wp","href":"https:\/\/api.w.org\/{rel}","templated":true}]}}