{"id":18244,"date":"2021-01-31T21:03:26","date_gmt":"2021-02-01T03:03:26","guid":{"rendered":"https:\/\/www.imer.mx\/opus\/?page_id=18244"},"modified":"2023-08-31T13:34:30","modified_gmt":"2023-08-31T19:34:30","slug":"pagina-viva-la-opera","status":"publish","type":"page","link":"https:\/\/www.imer.mx\/opus\/pagina-viva-la-opera\/","title":{"rendered":"P\u00e1gina Viva la \u00f3pera"},"content":{"rendered":"<h2>\u00a1Viva la \u00d3pera!<\/h2>\n<p>\t\t\t\t\t\t\t\t\t\t\t\t\t\t\t<img decoding=\"async\" src=\"https:\/\/www.imer.mx\/opus\/wp-content\/uploads\/sites\/13\/elementor\/thumbs\/VLO-3-qbqixcz8bq46pmbjkqarsfu32i3in83idqawl39m0o.jpg\" title=\"VLO 3\" alt=\"VLO 3\" loading=\"lazy\" \/>\t\t\t\t\t\t\t\t\t\t\t\t\t\t\t<\/p>\n<p>AL AIRE<br \/>Jueves 20:00 a 21:00 horas<\/p>\n<p>\u00ab<strong>\u00a1Viva la \u00d3pera!<\/strong> es un recorrido por el arte vocal a trav\u00e9s de las obras, los compositores, los int\u00e9rpretes y las personalidades relacionadas con el g\u00e9nero l\u00edrico, tanto en M\u00e9xico como en el mundo.&nbsp;La serie presenta extractos de obras, arias, canciones para voz y piano, algunas obras populares mexicanas o en espa\u00f1ol con voces oper\u00edsticas, adem\u00e1s de brindar un contexto que las ubique en su respectivo periodo hist\u00f3rico y estil\u00edstico.\u00bb<\/p>\n<p>\t\t\t\t\t<a href=\"https:\/\/www.facebook.com\/VivalaOperaMx\" target=\"_blank\" rel=\"noopener\"><br \/>\n\t\t\t\t\t\tFacebook<br \/>\n\t\t\t\t\t\t\t\t\t\t\t<\/a><br \/>\n\t\t\t\t\t<a href=\"https:\/\/twitter.com\/VivaLaOpera\" target=\"_blank\" rel=\"noopener\"><br \/>\n\t\t\t\t\t\tTwitter<br \/>\n\t\t\t\t\t\t\t\t\t\t\t<\/a><br \/>\n\t\t\t\t\t<a href=\"https:\/\/www.youtube.com\/channel\/UCBDvK2R9Gu65ICOyhKk6yqA\" target=\"_blank\" rel=\"noopener\"><br \/>\n\t\t\t\t\t\tYoutube<br \/>\n\t\t\t\t\t\t\t\t\t\t\t<\/a><\/p>\n<h5>Episodio m\u00e1s reciente&#8230;<\/h5>\n<p>\t\t\t<a href=\"https:\/\/www.imer.mx\/opus\/programas\/viva-la-opera\/\"><br \/>\n\t\t\t\t\t\tVer todos los programas anteriores<br \/>\n\t\t\t\t\t<\/a><\/p>\n<h5>Conduce&#8230;<\/h5>\n<figure><img decoding=\"async\" width=\"700\" height=\"831\" src=\"https:\/\/www.imer.mx\/opus\/wp-content\/uploads\/sites\/13\/Erick-Zerme\u00f1o-95-min.jpg\" alt=\"\" loading=\"lazy\" \/><\/figure>\n<h3>Erick Zerme\u00f1o<\/h3>\n<p>Conductor<\/p>\n<p>\t\tEs comunic\u00f3logo, periodista y mel\u00f3mano. Desde hace 15 a\u00f1os inici\u00f3 su programa radiof\u00f3nico en el IMER, &#8220;<em>Viva la \u00d3pera<\/em>&#8220;, mismo que se ha\u00a0convertido en el goce de mel\u00f3manos. Es columnista en la revista especializada Pro \u00d3pera desde hace ya varios a\u00f1os, en la cual comenta novedades y lanzamientos de m\u00fasica del g\u00e9nero.\u00a0<br \/>\n\t\t\t\t\t<a href=\"https:\/\/twitter.com\/erickzermeno\" target=\"_blank\" rel=\"noopener\"><br \/>\n\t\t\t\t\t\tTwitter<br \/>\n\t\t\t\t\t\t\t\t\t\t\t<\/a><\/p>\n<h4>La audiencia opina&#8230;<\/h4>\n<p>\t\t\t\t\t\t\u201cEs uno de los pocos, muy pocos programas radiof\u00f3nicos que se dedican a la \u00f3pera con tan buen acierto&#8230; as\u00ed que \u00a1Viva la \u00d3pera!\u201d<br \/>\n\t\t\t\t\t\t\t\t<cite>Jimmy JamesJueves 8 de abril<\/cite><br \/>\n\t\t\t\t\t\t&#8220;Como ya es usual, este programa nos deleita y nos educa en el arte del canto. Muchos a\u00f1os m\u00e1s de emisiones, Maestro!&#8221;<br \/>\n\t\t\t\t\t\t\t\t<cite>Luis M\u00e1rquezLunes 15, febrero<\/cite>\t\t\t<\/p>\n<h5>Programas destacados&#8230;<\/h5>\n<h5>Programas anteriores<\/h5>\n","protected":false},"excerpt":{"rendered":"<p>\u00a1Viva la \u00d3pera! AL AIREJueves 20:00 a 21:00 horas \u00ab\u00a1Viva la \u00d3pera! es un recorrido por el arte vocal a trav\u00e9s de las obras, los compositores, los int\u00e9rpretes y las personalidades relacionadas con el g\u00e9nero l\u00edrico, tanto en M\u00e9xico como en el mundo.&nbsp;La serie presenta extractos de obras, arias, canciones para voz y piano, algunas&hellip;<\/p>\n","protected":false},"author":184,"featured_media":36677,"parent":0,"menu_order":0,"comment_status":"closed","ping_status":"closed","template":"","meta":{"wp_popup_display_lightbox":0,"wp_popup_suppress":"","wp_popup_trigger":"","wp_popup_trigger_amount":0,"wp_popup_disable_on_mobile":false,"footnotes":""},"class_list":["post-18244","page","type-page","status-publish","has-post-thumbnail","hentry","description-off"],"_links":{"self":[{"href":"https:\/\/www.imer.mx\/opus\/wp-json\/wp\/v2\/pages\/18244","targetHints":{"allow":["GET"]}}],"collection":[{"href":"https:\/\/www.imer.mx\/opus\/wp-json\/wp\/v2\/pages"}],"about":[{"href":"https:\/\/www.imer.mx\/opus\/wp-json\/wp\/v2\/types\/page"}],"author":[{"embeddable":true,"href":"https:\/\/www.imer.mx\/opus\/wp-json\/wp\/v2\/users\/184"}],"replies":[{"embeddable":true,"href":"https:\/\/www.imer.mx\/opus\/wp-json\/wp\/v2\/comments?post=18244"}],"version-history":[{"count":0,"href":"https:\/\/www.imer.mx\/opus\/wp-json\/wp\/v2\/pages\/18244\/revisions"}],"wp:featuredmedia":[{"embeddable":true,"href":"https:\/\/www.imer.mx\/opus\/wp-json\/wp\/v2\/media\/36677"}],"wp:attachment":[{"href":"https:\/\/www.imer.mx\/opus\/wp-json\/wp\/v2\/media?parent=18244"}],"curies":[{"name":"wp","href":"https:\/\/api.w.org\/{rel}","templated":true}]}}