{"id":17628,"date":"2020-12-28T12:15:13","date_gmt":"2020-12-28T18:15:13","guid":{"rendered":"https:\/\/www.imer.mx\/opus\/?page_id=17628"},"modified":"2021-05-03T18:18:06","modified_gmt":"2021-05-03T23:18:06","slug":"transmisiones-en-vivo-de-la-metropolitan-opera-de-nueva-york-2020-2021","status":"publish","type":"page","link":"https:\/\/www.imer.mx\/opus\/transmisiones-en-vivo-de-la-metropolitan-opera-de-nueva-york-2020-2021\/","title":{"rendered":"Transmisiones en vivo de la Metropolitan Opera de Nueva York 2020 &#8211; 2021"},"content":{"rendered":"<div class=\"wpb-content-wrapper\"><p>[vc_row full_width=&#8221;stretch_row&#8221; bg_type=&#8221;image&#8221; parallax_style=&#8221;vcpb-vz-jquery&#8221; bg_image_new=&#8221;id^15910|url^https:\/\/www.imer.mx\/opus\/wp-content\/uploads\/sites\/13\/fondo_metopera_1600x1200_v3.jpg|caption^null|alt^null|title^fondo_metopera_1600x1200_v3|description^null&#8221; bg_image_repeat=&#8221;no-repeat&#8221; parallax_sense=&#8221;30&#8243; bg_override=&#8221;full&#8221; type=&#8221;vc_default&#8221; css=&#8221;.vc_custom_1576001319642{margin-top: -50px !important;margin-bottom: -50px !important;}&#8221;][vc_column][vc_row_inner css=&#8221;.vc_custom_1576001180663{background-color: rgba(12,12,12,0.6) !important;*background-color: rgb(12,12,12) !important;}&#8221;][vc_column_inner][vc_column_text css=&#8221;.vc_custom_1609179344344{border-top-width: 20px !important;border-bottom-width: 20px !important;}&#8221;]\u00ae El contenido de la transmisi\u00f3n tiene derechos reservados por la Metropolitan Opera, cualquier uso o reproducci\u00f3n del material sin permiso est\u00e1 estrictamente prohibido y constituye un delito perseguido por la ley.[\/vc_column_text][\/vc_column_inner][\/vc_row_inner][vc_custom_heading text=&#8221;Transmisiones en vivo de la Metropolitan Opera de Nueva York 2020 \u2013 2021&#8243; font_container=&#8221;tag:h3|text_align:left|color:%23ffffff&#8221; google_fonts=&#8221;font_family:Libre%20Baskerville%3Aregular%2Citalic%2C700|font_style:400%20regular%3A400%3Anormal&#8221; css=&#8221;.vc_custom_1613006797127{margin-top: 24px !important;margin-bottom: 24px !important;}&#8221;][vc_custom_heading text=&#8221;Calendario de transmisiones&#8221; font_container=&#8221;tag:h3|text_align:left|color:%23ffffff&#8221; google_fonts=&#8221;font_family:Libre%20Baskerville%3Aregular%2Citalic%2C700|font_style:400%20regular%3A400%3Anormal&#8221; css=&#8221;.vc_custom_1576001092267{margin-top: 24px !important;margin-bottom: 24px !important;}&#8221;][vc_empty_space][vc_row_inner css=&#8221;.vc_custom_1576001274267{background-color: rgba(12,12,12,0.6) !important;*background-color: rgb(12,12,12) !important;}&#8221;][vc_column_inner][vc_custom_heading text=&#8221;Diciembre de 2020&#8243; font_container=&#8221;tag:h4|text_align:left|color:%23ffffff&#8221; google_fonts=&#8221;font_family:Libre%20Baskerville%3Aregular%2Citalic%2C700|font_style:400%20regular%3A400%3Anormal&#8221;][vc_column_text css=&#8221;.vc_custom_1613004043791{border-top-width: 20px !important;border-bottom-width: 20px !important;}&#8221;]<\/p>\n<table>\n<tbody>\n<tr>\n<td width=\"30%\">S\u00e1bado 5 de Diciembre, 12:00 horas<\/td>\n<td width=\"70%\"><b>WAR AND PEACE (Guerra y paz) de Sergu\u00e9i Prokofiev.<\/b>\u00a0Guerra y paz es una \u00f3pera en dos partes, a veces arreglada para cinco actos, con m\u00fasica de Sergu\u00e9i Prok\u00f3fiev y libreto en ruso del propio compositor y Mira Mendelson, bas\u00e1ndose en la novela del mismo nombre de Le\u00f3n Tolst\u00f3i.<\/td>\n<\/tr>\n<tr>\n<td>S\u00e1bado 12 de Diciembre, 12:00 horas<\/td>\n<td><strong>FIDELIO<\/strong> <strong>de Beethoven<\/strong>. Es la \u00fanica \u00f3pera que compuso Beethoven. La \u00f3pera cuenta c\u00f3mo Leonora, disfrazada como un guardia de la prisi\u00f3n llamado &#8220;Fidelio&#8221;, rescata a su marido Florest\u00e1n de la condena de muerte por razones pol\u00edticas.<\/td>\n<\/tr>\n<tr>\n<td>S\u00e1bado 19 de Diciembre, 12:00 horas<\/td>\n<td><b>HANSEL AND GRETEL de Engelbert Humperdinck<\/b>. Hansel y Gretel es una \u00f3pera en tres actos con m\u00fasica de Engelbert Humperdinck y libreto en alem\u00e1n de Adelheide Wette, la hermana de Humperdinck, basado en el cuento hom\u00f3nimo de los hermanos Grimm. El compositor la catalogaba como una \u00f3pera de hadas.<\/td>\n<\/tr>\n<tr>\n<td>S\u00e1bado 26 de Diciembre, 12:00 horas<\/td>\n<td><b>The Magic Flute<\/b> (La Flauta M\u00e1gica), de Wolfgang Amadeus Mozart. La flauta m\u00e1gica es un singspiel en dos actos con m\u00fasica de Wolfgang Amadeus Mozart y libreto en alem\u00e1n de Emanuel Schikaneder.<\/td>\n<\/tr>\n<\/tbody>\n<\/table>\n<p>[\/vc_column_text][\/vc_column_inner][\/vc_row_inner][vc_empty_space height=&#8221;64px&#8221;][vc_row_inner css=&#8221;.vc_custom_1576001274267{background-color: rgba(12,12,12,0.6) !important;*background-color: rgb(12,12,12) !important;}&#8221;][vc_column_inner][vc_custom_heading text=&#8221;Enero de 2021&#8243; font_container=&#8221;tag:h4|text_align:left|color:%23ffffff&#8221; google_fonts=&#8221;font_family:Libre%20Baskerville%3Aregular%2Citalic%2C700|font_style:400%20regular%3A400%3Anormal&#8221;][vc_column_text css=&#8221;.vc_custom_1613004207789{border-top-width: 20px !important;border-bottom-width: 20px !important;}&#8221;]<\/p>\n<table style=\"height: 463px\" width=\"966\">\n<tbody>\n<tr>\n<td width=\"30%\">S\u00e1bado 2 de enero de 2021, 12:00 horas<\/td>\n<td width=\"70%\"><strong>SATYAGRAHA de Philip Glass.<\/strong>\u00a0Satyagraha es una \u00f3pera en tres actos con m\u00fasica de Philip Glass y libreto del mismo Glass y Constance DeJong. Se estren\u00f3 el 5 de marzo de 1980 en R\u00f3terdam<\/td>\n<\/tr>\n<tr>\n<td>S\u00e1bado 9 de enero de 2021, 12:00 horas<\/td>\n<td><b>IL BARBIERE DI SIVIGLIA (El barbero de Sevilla) de Gioachino Rossini<\/b>. El barbero de Sevilla es una \u00f3pera bufa en dos actos con m\u00fasica de Gioachino Rossini y libreto en italiano de Cesare Sterbini, basado en la comedia del mismo nombre de Pierre-Augustin de Beaumarchais.<\/td>\n<\/tr>\n<tr>\n<td>S\u00e1bado 16 de enero de 2021, 12:00 horas<\/td>\n<td><strong>La Traviata, de Giuseppe Verdi<\/strong>. La traviata es una \u00f3pera en tres actos con m\u00fasica de Giuseppe Verdi y libreto en italiano de Francesco Maria Piave, basado en la novela de Alexandre Dumas La dame aux cam\u00e9lias, aunque no directamente sino a trav\u00e9s de una adaptaci\u00f3n teatral.<\/td>\n<\/tr>\n<tr>\n<td>S\u00e1bado 23 de enero de 2021, 12:00 horas<\/td>\n<td><strong>IL TROVATORE (El trovador) de Giuseppe Verdi<\/strong>. El trovador es una \u00f3pera en cuatro actos con m\u00fasica de Giuseppe Verdi y libreto en italiano de Salvatore Cammarano, basada en la obra de teatro El trovador de Antonio Garc\u00eda Guti\u00e9rrez. Cammarano muri\u00f3 a mediados del a\u00f1o 1852 antes de terminar el libreto.<\/td>\n<\/tr>\n<tr>\n<td>S\u00e1bado 30 de enero de 2021, 12:00 horas<\/td>\n<td><strong>FAUST (Fausto) de Charles Gounod.<\/strong> Fausto es una grand op\u00e9ra en cinco actos con m\u00fasica de Charles Gounod y libreto en franc\u00e9s de Jules Barbier y Michel Carr\u00e9, versi\u00f3n de la leyenda de Fausto; adapta la pieza teatral Faust et Marguerite de los mismos Barbier y Carr\u00e9, inspirada levemente en el Fausto, parte I, de Goethe.<\/td>\n<\/tr>\n<\/tbody>\n<\/table>\n<p>[\/vc_column_text][\/vc_column_inner][\/vc_row_inner][vc_empty_space height=&#8221;64px&#8221;][vc_row_inner css=&#8221;.vc_custom_1576001274267{background-color: rgba(12,12,12,0.6) !important;*background-color: rgb(12,12,12) !important;}&#8221;][vc_column_inner][vc_custom_heading text=&#8221;Febrero de 2021&#8243; font_container=&#8221;tag:h4|text_align:left|color:%23ffffff&#8221; google_fonts=&#8221;font_family:Libre%20Baskerville%3Aregular%2Citalic%2C700|font_style:400%20regular%3A400%3Anormal&#8221;][vc_column_text css=&#8221;.vc_custom_1613004275187{border-top-width: 20px !important;border-bottom-width: 20px !important;}&#8221;]<\/p>\n<table>\n<tbody>\n<tr>\n<td width=\"30%\">S\u00e1bado 6 de febrero de 2021,<br \/>\n12:00 horas<\/td>\n<td width=\"70%\"><b>Listeners&#8217; Choice: Historic Met Broadcast<\/b>\u00a0<\/td>\n<\/tr>\n<tr>\n<td>S\u00e1bado 13 de febrero de 2021,<br \/>\n12:00 a 15:00 horas<\/td>\n<td><b>CENDRILLON (Cenicienta) de Jules Massenet<\/b>. Cendrillon es una \u00f3pera -calificada de &#8220;cuento de hadas&#8221;- en cuatro actos, con m\u00fasica de Jules Massenet sobre un libreto franc\u00e9s de Henri Cain. Fue compuesta entre 1894 y 1895, pero no fue estrenada hasta el 24 de mayo de 1899 en la Op\u00e9ra-Comique de Par\u00eds, en la cumbre de la trayectoria musical de Massenet.<\/td>\n<\/tr>\n<tr>\n<td>S\u00e1bado 20 de febrero de 2021,<br \/>\n12:00 a 14:25 horas<\/td>\n<td><b>LA RONDINE (La Golondrina) de Giacomo Puccini.<\/b>\u00a0La Rondine es una \u00f3pera en tres actos de Giacomo Puccini con libreto en italiano de Giuseppe Adami, basado a su vez en el libreto de Alfred Maria Willner y Heinz Reichert. Fue estrenada en el Th\u00e9\u00e2tre de l\u2019Op\u00e9ra en Montecarlo el 27 de marzo de 1917.<\/td>\n<\/tr>\n<tr>\n<td>S\u00e1bado 27 de febrero de 2021,<br \/>\n12:00 a 16:05 horas<\/td>\n<td><b>DER ROSENKAVALIER (El Caballero de la Rosa) de Richard Strauss<\/b>. El caballero de la rosa es una \u00f3pera en tres actos con m\u00fasica de Richard Strauss y libreto en alem\u00e1n de Hugo von Hofmannsthal.<\/td>\n<\/tr>\n<\/tbody>\n<\/table>\n<p>[\/vc_column_text][\/vc_column_inner][\/vc_row_inner][vc_empty_space height=&#8221;64px&#8221;][vc_row_inner css=&#8221;.vc_custom_1576001274267{background-color: rgba(12,12,12,0.6) !important;*background-color: rgb(12,12,12) !important;}&#8221;][vc_column_inner][vc_custom_heading text=&#8221;Marzo de 2021&#8243; font_container=&#8221;tag:h4|text_align:left|color:%23ffffff&#8221; google_fonts=&#8221;font_family:Libre%20Baskerville%3Aregular%2Citalic%2C700|font_style:400%20regular%3A400%3Anormal&#8221;][vc_column_text css=&#8221;.vc_custom_1613006237416{border-top-width: 20px !important;border-bottom-width: 20px !important;}&#8221;]<\/p>\n<table>\n<tbody>\n<tr>\n<td width=\"30%\">S\u00e1bado 6 de marzo de 2021,<br \/>\n12:00 a 15:15 horas<\/td>\n<td width=\"70%\"><strong>CARMEN de Georges Bizet.<\/strong>\u00a0Carmen es una \u00f3pera dram\u00e1tica en cuatro actos con m\u00fasica de Georges Bizet y libreto en franc\u00e9s de Ludovic Hal\u00e9vy y Henri Meilhac, basado en la novela Carmen de Prosper M\u00e9rim\u00e9e, publicada por vez primera en 1845,2\u200b la cual a su vez posiblemente estuviera influida por el poema narrativo Los gitanos (1824) de Aleksandr Pushkin.3\u200b M\u00e9rim\u00e9e hab\u00eda le\u00eddo el poema en ruso en 1840 y lo tradujo al franc\u00e9s en 1852.<\/td>\n<\/tr>\n<tr>\n<td>S\u00e1bado 13 de marzo de 2021,<br \/>\n12:00 a 15:35 horas<\/td>\n<td><b>LE NOZZE DI FIGARO (Las bodas de F\u00edgaro) de Wolfgang Amadeus Mozart<\/b>. Las bodas de F\u00edgaro es una \u00f3pera bufa en cuatro actos con m\u00fasica de Wolfgang Amadeus Mozart sobre un libreto en italiano de Lorenzo da Ponte, basado en la pieza de Pierre Augustin Caron de Beaumarchais La folle journ\u00e9e, ou Le mariage de Figaro.<\/td>\n<\/tr>\n<tr>\n<td>S\u00e1bado 20 de marzo de 2021,<br \/>\n12:00 a 14:55 horas<\/td>\n<td><b>LE COMTE ORY (El conde Ory) de Gioacchino Rossini<\/b>. El conde Ory es una \u00f3pera c\u00f3mica en dos actos con m\u00fasica de Gioachino Rossini y libreto en franc\u00e9s de Eug\u00e8ne Scribe y Charles-Gaspard Delestre-Poirson, seg\u00fan su vodevil Le Comte Ory del a\u00f1o 1817, inspirado a su vez en una balada medieval.<\/td>\n<\/tr>\n<tr>\n<td>S\u00e1bado 27 de marzo de 2021,<br \/>\n12:00 a 15:30 horas<\/td>\n<td><b>DON GIOVANNI (El libertino castigado) de Wolfgang Amadeus Mozart. <\/b>El libertino castigado o Don Juan es un drama jocoso en dos actos con m\u00fasica de Wolfgang Amadeus Mozart y libreto en italiano de Lorenzo da Ponte basado en la obra original El burlador de Sevilla y convidado de piedra de Tirso de Molina.<\/td>\n<\/tr>\n<\/tbody>\n<\/table>\n<p>[\/vc_column_text][\/vc_column_inner][\/vc_row_inner][vc_row_inner css=&#8221;.vc_custom_1576001274267{background-color: rgba(12,12,12,0.6) !important;*background-color: rgb(12,12,12) !important;}&#8221;][vc_column_inner][vc_custom_heading text=&#8221;Abril de 2021&#8243; font_container=&#8221;tag:h4|text_align:left|color:%23ffffff&#8221; google_fonts=&#8221;font_family:Libre%20Baskerville%3Aregular%2Citalic%2C700|font_style:400%20regular%3A400%3Anormal&#8221;][vc_column_text css=&#8221;.vc_custom_1613006282181{border-top-width: 20px !important;border-bottom-width: 20px !important;}&#8221;]<\/p>\n<table>\n<tbody>\n<tr>\n<td width=\"30%\">S\u00e1bado 3 de abril de 2021,<br \/>\n12:00 a 15:30 horas<\/td>\n<td width=\"70%\"><b>RUSALKA de Anton\u00edn Dvo\u0159\u00e1k. <\/b>Rusalka es una \u00f3pera en tres actos con m\u00fasica de Anton\u00edn Dvo\u0159\u00e1k y libreto en checo de Jaroslav Kvapil, estrenada en Praga el 31 de marzo de 1901 bajo la direcci\u00f3n de Karel Kova\u0159ovic.<\/td>\n<\/tr>\n<tr>\n<td>S\u00e1bado 10\u00a0de abril de 2021,<br \/>\n12:00 a 14:30 horas<\/td>\n<td><b>LA BOH\u00c8ME (La bohemia) de Giacomo Puccini.<\/b> La boh\u00e8me es una \u00f3pera en cuatro actos\u200b con m\u00fasica de Giacomo Puccini y libreto en italiano de Giuseppe Giacosa y Luigi Illica, quienes simplificaron y aunaron los diferentes episodios de la novela por entregas Escenas de la vida bohemia, de Henri Murger, publicada a lo largo de cinco a\u00f1os (1845-1849) en el peri\u00f3dico El Corsario. Refleja las experiencias del compositor durante los a\u00f1os que vivi\u00f3 como estudiante en el Conservatorio de Mil\u00e1n, donde comparti\u00f3 habitaci\u00f3n con Pietro Mascagni.<\/td>\n<\/tr>\n<tr>\n<td>S\u00e1bado 17 de abril de 2021,<br \/>\n12:00 a 13:50 horas<\/td>\n<td><b>FROM THE HOUSE OF THE DEAD (De la casa de los muertos) de Leo\u0161 Jan\u00e1cek<\/b>. De la casa de los muertos es una \u00f3pera en tres actos con m\u00fasica y libreto en checo de Leo\u0161 Jan\u00e1\u010dek basada en la novela Recuerdos de la casa de los muertos, de Fi\u00f3dor Dostoyevski. Es la \u00faltima \u00f3pera compuesta por Jan\u00e1\u010dek, y se estren\u00f3 el 12 de abril de 1930, dos a\u00f1os despu\u00e9s de su muerte.<\/td>\n<\/tr>\n<tr>\n<td>S\u00e1bado 24 de abril de 2021,<br \/>\n12:00 a 16:00 horas<\/td>\n<td><b>DIE FRAU OHNE SCHATTEN (La mujer sin sombra ) de Richard Strauss<\/b>. La mujer sin sombra es una \u00f3pera en tres actos con m\u00fasica de Richard Strauss y libreto en alem\u00e1n del poeta Hugo von Hofmannsthal. Opus 65 y sexta \u00f3pera del compositor b\u00e1varo, se\u00f1ala la cuarta colaboraci\u00f3n del distinguido binomio responsable de Elektra, El caballero de la rosa y Ariadna en Naxos.<\/td>\n<\/tr>\n<\/tbody>\n<\/table>\n<p>[\/vc_column_text][\/vc_column_inner][\/vc_row_inner][vc_row_inner css=&#8221;.vc_custom_1576001274267{background-color: rgba(12,12,12,0.6) !important;*background-color: rgb(12,12,12) !important;}&#8221;][vc_column_inner][vc_custom_heading text=&#8221;Mayo de 2021&#8243; font_container=&#8221;tag:h4|text_align:left|color:%23ffffff&#8221; google_fonts=&#8221;font_family:Libre%20Baskerville%3Aregular%2Citalic%2C700|font_style:400%20regular%3A400%3Anormal&#8221;][vc_column_text css=&#8221;.vc_custom_1613006335341{border-top-width: 20px !important;border-bottom-width: 20px !important;}&#8221;]<\/p>\n<table>\n<tbody>\n<tr>\n<td width=\"30%\">S\u00e1bado 1 de mayo de 2021,<br \/>\n12:00 a 14:55 horas<\/td>\n<td width=\"70%\"><b>ROBERTO DEVEREUX de Gaetano Donizetti<\/b>. Roberto Devereux es una tragedia l\u00edrica u \u00f3pera tr\u00e1gica, en tres actos con m\u00fasica de Gaetano Donizetti y libreto en italiano de Salvatore Cammarano.<\/td>\n<\/tr>\n<tr>\n<td>S\u00e1bado 8 de mayo de 2021,<br \/>\n12:00 a 15:05 horas<\/td>\n<td><b>ANNA NETREBKO PUCCINI GALA<\/b><\/td>\n<\/tr>\n<tr>\n<td>S\u00e1bado 15 de mayo de 2021,<br \/>\n12:00 a 16:35 horas<\/td>\n<td><b>TRISTAN UND ISOLDE (Trist\u00e1n e Isolda) de Richard Wagner<\/b>. Trist\u00e1n e Isolda es un drama musical en tres actos con m\u00fasica y libreto en alem\u00e1n de Richard Wagner, basado en gran medida en el romance de Godofredo de Estrasburgo. Fue compuesta entre 1857 y 1859 y se estren\u00f3 en M\u00fanich el 10 de junio de 1865, bajo la batuta de Hans von B\u00fclow.<\/td>\n<\/tr>\n<tr>\n<td>S\u00e1bado 22 de mayo de 2021,<br \/>\n12:00 a 15:35 horas<\/td>\n<td><b>I PURITANI (Los puritanos) de Vincenzo Bellini <\/b>Los puritanos de Escocia, m\u00e1s conocida solo como Los puritanos, es una \u00f3pera en tres actos con m\u00fasica de Vincenzo Bellini y libreto en italiano de Carlo Pepoli, basado en el drama T\u00eates rondes et cavaliers, de Jacques-Fran\u00e7ois Ancelot y X. Boniface Saintine.<\/td>\n<\/tr>\n<tr>\n<td>S\u00e1bado 29 de mayo de 2021,<br \/>\n12:00 a 15:00 horas<\/td>\n<td><b>OTELLO de Giuseppe Verdi<\/b>. Otelo es una \u00f3pera en cuatro actos con m\u00fasica de Giuseppe Verdi y libreto en italiano de Arrigo Boito, a partir de la obra de Shakespeare Otelo, el moro de Venecia. Fue la pen\u00faltima \u00f3pera de Verdi, y se estren\u00f3 en el Teatro de La Scala de Mil\u00e1n, el 5 de febrero de 1887.<\/td>\n<\/tr>\n<\/tbody>\n<\/table>\n<p>[\/vc_column_text][\/vc_column_inner][\/vc_row_inner][vc_row_inner css=&#8221;.vc_custom_1576001274267{background-color: rgba(12,12,12,0.6) !important;*background-color: rgb(12,12,12) !important;}&#8221;][vc_column_inner][vc_custom_heading text=&#8221;Junio de 2021&#8243; font_container=&#8221;tag:h4|text_align:left|color:%23ffffff&#8221; google_fonts=&#8221;font_family:Libre%20Baskerville%3Aregular%2Citalic%2C700|font_style:400%20regular%3A400%3Anormal&#8221;][vc_column_text css=&#8221;.vc_custom_1613006375864{border-top-width: 20px !important;border-bottom-width: 20px !important;}&#8221;]<\/p>\n<table>\n<tbody>\n<tr>\n<td width=\"30%\">S\u00e1bado 5 de junio de 2021,<br \/>\n12:00 a 15:10 horas<\/td>\n<td width=\"70%\"><b>BILLY BUDD de Benjamin Britten. <\/b>Billy Budd es una \u00f3pera en cuatro actos con m\u00fasica de Benjamin Britten y libreto en ingl\u00e9s de E. M. Forster y Eric Crozier basado en la novela hom\u00f3nima, de Herman Melville. La \u00f3pera se estren\u00f3 en el Covent Garden de Londres el 1 de diciembre de 1951.<\/td>\n<\/tr>\n<\/tbody>\n<\/table>\n<p>[\/vc_column_text][\/vc_column_inner][\/vc_row_inner][vc_empty_space height=&#8221;64px&#8221;][vc_row_inner css=&#8221;.vc_custom_1576001274267{background-color: rgba(12,12,12,0.6) !important;*background-color: rgb(12,12,12) !important;}&#8221;][vc_column_inner][vc_empty_space][\/vc_column_inner][\/vc_row_inner][vc_empty_space height=&#8221;128px&#8221;][\/vc_column][vc_column][\/vc_column][\/vc_row][vc_row][vc_column][vc_custom_heading text=&#8221;Transmisiones en vivo de la Metropolitan Opera de Nueva York 2020 \u2013 2021&#8243; font_container=&#8221;tag:h2|text_align:left|color:%23ffffff&#8221;][\/vc_column][\/vc_row]<\/p>\n<\/div>","protected":false},"excerpt":{"rendered":"<p>[vc_row full_width=&#8221;stretch_row&#8221; bg_type=&#8221;image&#8221; parallax_style=&#8221;vcpb-vz-jquery&#8221; bg_image_new=&#8221;id^15910|url^https:\/\/www.imer.mx\/opus\/wp-content\/uploads\/sites\/13\/fondo_metopera_1600x1200_v3.jpg|caption^null|alt^null|title^fondo_metopera_1600x1200_v3|description^null&#8221; bg_image_repeat=&#8221;no-repeat&#8221; parallax_sense=&#8221;30&#8243; bg_override=&#8221;full&#8221; type=&#8221;vc_default&#8221; css=&#8221;.vc_custom_1576001319642{margin-top: -50px !important;margin-bottom: -50px !important;}&#8221;][vc_column][vc_row_inner css=&#8221;.vc_custom_1576001180663{background-color: rgba(12,12,12,0.6) !important;*background-color: rgb(12,12,12) !important;}&#8221;][vc_column_inner][vc_column_text css=&#8221;.vc_custom_1609179344344{border-top-width: 20px !important;border-bottom-width: 20px !important;}&#8221;]\u00ae El contenido de la transmisi\u00f3n tiene derechos reservados por la Metropolitan Opera, cualquier uso o reproducci\u00f3n del material sin permiso est\u00e1 estrictamente prohibido y constituye un delito perseguido por la ley.[\/vc_column_text][\/vc_column_inner][\/vc_row_inner][vc_custom_heading&hellip;<\/p>\n","protected":false},"author":1,"featured_media":0,"parent":0,"menu_order":0,"comment_status":"closed","ping_status":"closed","template":"","meta":{"wp_popup_display_lightbox":0,"wp_popup_suppress":"","wp_popup_trigger":"","wp_popup_trigger_amount":0,"wp_popup_disable_on_mobile":false,"footnotes":""},"class_list":["post-17628","page","type-page","status-publish","hentry","description-off"],"_links":{"self":[{"href":"https:\/\/www.imer.mx\/opus\/wp-json\/wp\/v2\/pages\/17628","targetHints":{"allow":["GET"]}}],"collection":[{"href":"https:\/\/www.imer.mx\/opus\/wp-json\/wp\/v2\/pages"}],"about":[{"href":"https:\/\/www.imer.mx\/opus\/wp-json\/wp\/v2\/types\/page"}],"author":[{"embeddable":true,"href":"https:\/\/www.imer.mx\/opus\/wp-json\/wp\/v2\/users\/1"}],"replies":[{"embeddable":true,"href":"https:\/\/www.imer.mx\/opus\/wp-json\/wp\/v2\/comments?post=17628"}],"version-history":[{"count":0,"href":"https:\/\/www.imer.mx\/opus\/wp-json\/wp\/v2\/pages\/17628\/revisions"}],"wp:attachment":[{"href":"https:\/\/www.imer.mx\/opus\/wp-json\/wp\/v2\/media?parent=17628"}],"curies":[{"name":"wp","href":"https:\/\/api.w.org\/{rel}","templated":true}]}}