{"id":825,"date":"2015-02-26T14:19:02","date_gmt":"2015-02-26T20:19:02","guid":{"rendered":"http:\/\/www.imer.mx\/homenajesonoro\/?page_id=825"},"modified":"2018-09-21T13:54:45","modified_gmt":"2018-09-21T18:54:45","slug":"javierbarros","status":"publish","type":"page","link":"https:\/\/www.imer.mx\/micrositios\/javierbarros\/","title":{"rendered":"Javier Barros Sierra"},"content":{"rendered":"<div class=\"wpb-content-wrapper\"><p>[vc_row][vc_column][vc_single_image image=&#8221;26912&#8243; img_size=&#8221;full&#8221; alignment=&#8221;center&#8221;][vc_empty_space][vc_row_inner][vc_column_inner][vc_column_text]<\/p>\n<p style=\"text-align: left;\">El Instituto Mexicano de la Radio presenta una serie de\u00a0c\u00e1psulas tituladas \u201c<em>Recordando a Javier Barros Sierra<\/em>\u201d, conmemorando\u00a0el centenario del nacimiento del ingeniero, matem\u00e1tico y acad\u00e9mico <strong>Javier Barros Sierra<\/strong>, quien fuera rector de la <em>Universidad Nacional Aut\u00f3noma de M\u00e9xico<\/em> de 1966 a 1970.<\/p>\n<p style=\"text-align: left;\">Escucha la vida y obra de Javier Barros a trav\u00e9s de estos audios:<\/p>\n<p>[\/vc_column_text][\/vc_column_inner][\/vc_row_inner][\/vc_column][\/vc_row][vc_row][vc_column][vc_column_text]<\/p>\n<h3>Javier Barros<\/h3>\n<p>Esta c\u00e1psula detalla el contexto mexicano durante el conflicto estudiantil que Javier Barros Sierra abander\u00f3 y encabez\u00f3. Detalla los sucesos hist\u00f3ricos (movimiento armado, crisis econ\u00f3mica y carencia de comunicaciones) que explican lo sucedido en la d\u00e9cada de los 60 y 70.<\/p>\n<audio class=\"wp-audio-shortcode\" id=\"audio-825-1\" preload=\"none\" style=\"width: 100%;\" controls=\"controls\"><source type=\"audio\/mpeg\" src=\"https:\/\/www.imer.mx\/microsites\/wp-content\/uploads\/sites\/49\/homenaje_sonoro_javier_barros_sierra_01.mp3?_=1\" \/><a href=\"https:\/\/www.imer.mx\/microsites\/wp-content\/uploads\/sites\/49\/homenaje_sonoro_javier_barros_sierra_01.mp3\">https:\/\/www.imer.mx\/microsites\/wp-content\/uploads\/sites\/49\/homenaje_sonoro_javier_barros_sierra_01.mp3<\/a><\/audio>\n<p>&nbsp;<\/p>\n<h3>Javier Barros<\/h3>\n<p>Esta c\u00e1psula aborda la formaci\u00f3n del maestro Barros Sierra, su carrera primero como maestro en la Escuela Nacional Preparatoria y posteriormente en la facultad de Ciencias de la UNAM; adem\u00e1s su labor como empresario fundador de la lCA, y la serie de logros ingenieriles que cultiv\u00f3 en carrera.<\/p>\n<audio class=\"wp-audio-shortcode\" id=\"audio-825-2\" preload=\"none\" style=\"width: 100%;\" controls=\"controls\"><source type=\"audio\/mpeg\" src=\"https:\/\/www.imer.mx\/microsites\/wp-content\/uploads\/sites\/49\/homenaje_sonoro_javier_barros_sierra_02.mp3?_=2\" \/><a href=\"https:\/\/www.imer.mx\/microsites\/wp-content\/uploads\/sites\/49\/homenaje_sonoro_javier_barros_sierra_02.mp3\">https:\/\/www.imer.mx\/microsites\/wp-content\/uploads\/sites\/49\/homenaje_sonoro_javier_barros_sierra_02.mp3<\/a><\/audio>\n<p>&nbsp;<\/p>\n<h3>Javier Barros<\/h3>\n<p>Esta c\u00e1psula narra el conflicto estudiantil desde sus inicios, e nombramiento de Javier Barros Sierra como rector de la UNAM y su intensa defensa de la autonom\u00eda y las principales crestas del conflicto, por ejemplo las marchas encabezadas por \u00e9l y la defensa de su ideal de uni\u00f3n entre instituciones hermanas.<\/p>\n<audio class=\"wp-audio-shortcode\" id=\"audio-825-3\" preload=\"none\" style=\"width: 100%;\" controls=\"controls\"><source type=\"audio\/mpeg\" src=\"https:\/\/www.imer.mx\/microsites\/wp-content\/uploads\/sites\/49\/homenaje_sonoro_javier_barros_sierra_03.mp3?_=3\" \/><a href=\"https:\/\/www.imer.mx\/microsites\/wp-content\/uploads\/sites\/49\/homenaje_sonoro_javier_barros_sierra_03.mp3\">https:\/\/www.imer.mx\/microsites\/wp-content\/uploads\/sites\/49\/homenaje_sonoro_javier_barros_sierra_03.mp3<\/a><\/audio>\n<p>&nbsp;<\/p>\n<h3>Javier Barros<\/h3>\n<p>Esta c\u00e1psula explica la actividad de Javier Barros Sierra como servidor p\u00fablico; primero como secretario de comunicaciones y obras p\u00fablicas bajo el mando de Adolfo L\u00f3pez Mateos; las obras a nivel nacional y a nivel local en la ciudad de M\u00e9xico que tuvo a cargo. Y finalmente como primer director fundador del Instituto Mexicano del Petr\u00f3leo.<\/p>\n<audio class=\"wp-audio-shortcode\" id=\"audio-825-4\" preload=\"none\" style=\"width: 100%;\" controls=\"controls\"><source type=\"audio\/mpeg\" src=\"https:\/\/www.imer.mx\/microsites\/wp-content\/uploads\/sites\/49\/homenaje_sonoro_javier_barros_sierra_04.mp3?_=4\" \/><a href=\"https:\/\/www.imer.mx\/microsites\/wp-content\/uploads\/sites\/49\/homenaje_sonoro_javier_barros_sierra_04.mp3\">https:\/\/www.imer.mx\/microsites\/wp-content\/uploads\/sites\/49\/homenaje_sonoro_javier_barros_sierra_04.mp3<\/a><\/audio>\n<p>[\/vc_column_text][\/vc_column][\/vc_row]<\/p>\n<\/div>","protected":false},"excerpt":{"rendered":"<p>[vc_row][vc_column][vc_single_image image=&#8221;26912&#8243; img_size=&#8221;full&#8221; alignment=&#8221;center&#8221;][vc_empty_space][vc_row_inner][vc_column_inner][vc_column_text] El Instituto Mexicano de la Radio presenta una serie de\u00a0c\u00e1psulas tituladas \u201cRecordando a Javier Barros Sierra\u201d, conmemorando\u00a0el centenario del nacimiento del ingeniero, matem\u00e1tico y acad\u00e9mico Javier Barros Sierra, quien fuera rector de la Universidad Nacional Aut\u00f3noma de M\u00e9xico de 1966 a 1970. Escucha la vida y obra de Javier Barros a&hellip;<\/p>\n","protected":false},"author":1,"featured_media":0,"parent":0,"menu_order":0,"comment_status":"closed","ping_status":"open","template":"","meta":{"wp_popup_display_lightbox":0,"wp_popup_suppress":"","wp_popup_trigger":"","wp_popup_trigger_amount":0,"wp_popup_disable_on_mobile":false,"footnotes":""},"class_list":["post-825","page","type-page","status-publish","hentry","description-off"],"_links":{"self":[{"href":"https:\/\/www.imer.mx\/micrositios\/wp-json\/wp\/v2\/pages\/825","targetHints":{"allow":["GET"]}}],"collection":[{"href":"https:\/\/www.imer.mx\/micrositios\/wp-json\/wp\/v2\/pages"}],"about":[{"href":"https:\/\/www.imer.mx\/micrositios\/wp-json\/wp\/v2\/types\/page"}],"author":[{"embeddable":true,"href":"https:\/\/www.imer.mx\/micrositios\/wp-json\/wp\/v2\/users\/1"}],"replies":[{"embeddable":true,"href":"https:\/\/www.imer.mx\/micrositios\/wp-json\/wp\/v2\/comments?post=825"}],"version-history":[{"count":0,"href":"https:\/\/www.imer.mx\/micrositios\/wp-json\/wp\/v2\/pages\/825\/revisions"}],"wp:attachment":[{"href":"https:\/\/www.imer.mx\/micrositios\/wp-json\/wp\/v2\/media?parent=825"}],"curies":[{"name":"wp","href":"https:\/\/api.w.org\/{rel}","templated":true}]}}