{"id":77,"date":"2014-04-24T18:34:55","date_gmt":"2014-04-24T23:34:55","guid":{"rendered":"http:\/\/www.imer.mx\/personajes\/?page_id=77"},"modified":"2020-09-16T01:36:09","modified_gmt":"2020-09-16T06:36:09","slug":"ricardo-garibay","status":"publish","type":"page","link":"https:\/\/www.imer.mx\/micrositios\/ricardo-garibay\/","title":{"rendered":"Ricardo Garibay"},"content":{"rendered":"<div class=\"wpb-content-wrapper\"><p>[vc_row][vc_column css=&#8221;.vc_custom_1600238035600{margin-top: -50px !important;}&#8221;][vc_single_image image=&#8221;24629&#8243; img_size=&#8221;full&#8221;][\/vc_column][\/vc_row][vc_row][vc_column][vc_custom_heading text=&#8221;Ricardo Garibay&#8221; google_fonts=&#8221;font_family:Raleway%3A100%2C200%2C300%2Cregular%2C500%2C600%2C700%2C800%2C900|font_style:400%20regular%3A400%3Anormal&#8221;][\/vc_column][\/vc_row][vc_row][vc_column width=&#8221;1\/2&#8243;][vc_empty_space][vc_column_text]<\/p>\n<div id=\"attachment_28608\" style=\"width: 249px\" class=\"wp-caption alignleft\"><img loading=\"lazy\" decoding=\"async\" aria-describedby=\"caption-attachment-28608\" class=\"wp-image-28608 \" src=\"https:\/\/www.imer.mx\/micrositios\/wp-content\/uploads\/sites\/49\/micrositio_ricardo_garibay_01.jpg\" alt=\"\" width=\"239\" height=\"363\" srcset=\"https:\/\/www.imer.mx\/micrositios\/wp-content\/uploads\/sites\/49\/micrositio_ricardo_garibay_01.jpg 259w, https:\/\/www.imer.mx\/micrositios\/wp-content\/uploads\/sites\/49\/micrositio_ricardo_garibay_01-198x300.jpg 198w\" sizes=\"auto, (max-width: 239px) 100vw, 239px\" \/><p id=\"caption-attachment-28608\" class=\"wp-caption-text\">Ricardo Garibay. Foto: www.revistadelauniversidad.unam.mx<\/p><\/div>\n<p>El 18 de enero de 1923 nace Ricardo Garibay, escritor, narrador, periodista, guionista y dramaturgo mexicano. En su obra se aprecian las pasiones, el amor, el desamor, el habla popular y lugare\u00f1a, la corrupci\u00f3n pol\u00edtica, los conflictos sociales y el devenir hist\u00f3rico del M\u00e9xico moderno.<\/p>\n<p>Recibe el Premio Mazatl\u00e1n, el Premio Nacional de Periodismo, el Premio Colima, el Premio al mejor libro extranjero publicado en Francia por \u201cLa casa que arde de noche\u201d.[\/vc_column_text][\/vc_column][vc_column width=&#8221;1\/2&#8243;][vc_empty_space][vc_column_text]<img loading=\"lazy\" decoding=\"async\" class=\"alignright size-medium wp-image-28610\" src=\"https:\/\/www.imer.mx\/micrositios\/wp-content\/uploads\/sites\/49\/micrositio_ricardo_garibay_02-198x300.jpg\" alt=\"\" width=\"198\" height=\"300\" srcset=\"https:\/\/www.imer.mx\/micrositios\/wp-content\/uploads\/sites\/49\/micrositio_ricardo_garibay_02-198x300.jpg 198w, https:\/\/www.imer.mx\/micrositios\/wp-content\/uploads\/sites\/49\/micrositio_ricardo_garibay_02.jpg 259w\" sizes=\"auto, (max-width: 198px) 100vw, 198px\" \/>Participa en el IMER con tres series radiof\u00f3nicas: \u201cAstucias literarias\u201d, \u201cLo que lee el que vive\u201d y \u201cExpresiones de M\u00e9xico\u201d; adem\u00e1s de conducir programas para televisi\u00f3n.<\/p>\n<p>Entre sus obras destacan \u201cMazamitla\u201d, \u201cBeber un c\u00e1liz\u201d, Bell\u00edsima bah\u00eda\u201d, \u201cPar de reyes\u201d, \u201cAires de blues\u201d, \u201cTriste domingo\u201d, \u201cLas glorias del gran P\u00faas\u201d, \u201cAcapulco\u201d y \u201cTreinta y cinco mujeres\u201d. Muere el 3 de mayo de 1999 a los 76 a\u00f1os.<\/p>\n<p>Te invitamos a escuchar los siguientes programas seleccionados de la Fonoteca Hist\u00f3rica del IMER, sobre la vida y obra del hidalguense Ricardo Garibay.[\/vc_column_text][\/vc_column][\/vc_row][vc_row][vc_column][vc_text_separator title=&#8221;Escucha los audios&#8221; i_icon_fontawesome=&#8221;fa fa-headphones&#8221; i_color=&#8221;custom&#8221; add_icon=&#8221;true&#8221; i_custom_color=&#8221;#6b6b6b&#8221;][vc_column_text]<\/p>\n<div class=\"wp-playlist wp-audio-playlist wp-playlist-light\">\n\t\t\t<div class=\"wp-playlist-current-item\"><\/div>\n\t\t<audio controls=\"controls\" preload=\"none\" width=\"1178\"\n\t\t\t><\/audio>\n\t<div class=\"wp-playlist-next\"><\/div>\n\t<div class=\"wp-playlist-prev\"><\/div>\n\t<noscript>\n\t<ol>\n\t\t<li><a href='https:\/\/www.imer.mx\/micrositios\/wp-content\/uploads\/sites\/49\/micrositio_ricardo_garibay_01_fn08010136428.mp3'>01 Ricardo Garibay, vida y obra en el programa de Ren\u00e9 Avil\u00e9s Fabila, \u201cFantas\u00edas en carrusel\u201d, transmitido en 1995<\/a><\/li><li><a href='https:\/\/www.imer.mx\/micrositios\/wp-content\/uploads\/sites\/49\/micrositio_ricardo_garibay_02_fn08010118747.mp3'>02 Semblanza de Ricardo Garibay y fragmentos de su obra en el programa \u201cLos libros tienen la palabra\u201d, transmitido 1988<\/a><\/li><li><a href='https:\/\/www.imer.mx\/micrositios\/wp-content\/uploads\/sites\/49\/micrositio_ricardo_garibay_03_fn08010142548.mp3'>03 Escucha a Ricardo Garibay narrar \u201cBeber un c\u00e1liz en el programa \u201cNarraciones nocturnas\u201d, transmitido en 2003<\/a><\/li><li><a href='https:\/\/www.imer.mx\/micrositios\/wp-content\/uploads\/sites\/49\/micrositio_ricardo_garibay_04_fn13040032524.mp3'>04 Eduardo Lizalde presenta una c\u00e1psula sobre Ricardo Garibay en el programa Expresiones de M\u00e9xico, transmitido en 2004<\/a><\/li><li><a href='https:\/\/www.imer.mx\/micrositios\/wp-content\/uploads\/sites\/49\/micrositio_ricardo_garibay_05_fn10010168110.mp3'>05 \u201cLa casa que arde de noche\u201d narrada por Severo Mir\u00f3n en el programa \u201cPlat\u00edcame un libro\u201d, transmitido en 1988<\/a><\/li><li><a href='https:\/\/www.imer.mx\/micrositios\/wp-content\/uploads\/sites\/49\/micrositio_ricardo_garibay_06_fn10010164884.mp3'>06 Ricardo Garibay, Una v\u00eda de expiaci\u00f3n 1\u00aa. Parte en el programa de Martha Robles, Espiral de voces, transmitido en 2002<\/a><\/li><li><a href='https:\/\/www.imer.mx\/micrositios\/wp-content\/uploads\/sites\/49\/micrositio_ricardo_garibay_07_fn10010164885.mp3'>07 Ricardo Garibay, Una v\u00eda de expiaci\u00f3n 2\u00aa. Parte en el programa de Martha Robles, Espiral de voces, transmitido en 2002<\/a><\/li><li><a href='https:\/\/www.imer.mx\/micrositios\/wp-content\/uploads\/sites\/49\/micrositio_ricardo_garibay_08_fn10010164886.mp3'>08 Ricardo Garibay, Una v\u00eda de expiaci\u00f3n 3\u00aa. Parte en el programa de Martha Robles, Espiral de voces, transmitido en 2002<\/a><\/li><li><a href='https:\/\/www.imer.mx\/micrositios\/wp-content\/uploads\/sites\/49\/micrositio_ricardo_garibay_09_fn10010164887.mp3'>09 Ricardo Garibay, Una v\u00eda de expiaci\u00f3n 4\u00aa. Parte en el programa de Martha Robles, Espiral de voces, transmitido en 2002<\/a><\/li><li><a href='https:\/\/www.imer.mx\/micrositios\/wp-content\/uploads\/sites\/49\/micrositio_ricardo_garibay_10_fn08010129865.mp3'>10 \u201cLa casa que arde de noche\u201d de Ricardo Garibay, fragmento dramatizado en el programa \u201cEl sue\u00f1o de una palabra\u201d, transmitido en 2001<\/a><\/li><li><a href='https:\/\/www.imer.mx\/micrositios\/wp-content\/uploads\/sites\/49\/micrositio_ricardo_garibay_11_fn10010168107.mp3'>11 \u201cBeber un c\u00e1liz\u201d de Garibay, narrado por Severo Mir\u00f3n en el programa \u201cPlat\u00edcame un libro\u201d, transmitido en 1988<\/a><\/li><li><a href='https:\/\/www.imer.mx\/micrositios\/wp-content\/uploads\/sites\/49\/micrositio_ricardo_garibay_12_fn08010128775.mp3'>12 \u201cIngredientes de arte\u201d de Garibay, en el programa Tercera llamada, transmitido en 2002<\/a><\/li><li><a href='https:\/\/www.imer.mx\/micrositios\/wp-content\/uploads\/sites\/49\/micrositio_ricardo_garibay_13_fn08010131016.mp3'>13 La muerte de Ricardo Garibay por Ren\u00e9 Avil\u00e9s Fabila en el programa \u201cA contra corriente\u201d, transmitido en 1999<\/a><\/li>\t<\/ol>\n\t<\/noscript>\n\t<script type=\"application\/json\" class=\"wp-playlist-script\">{\"type\":\"audio\",\"tracklist\":true,\"tracknumbers\":true,\"images\":false,\"artists\":false,\"tracks\":[{\"src\":\"https:\/\/www.imer.mx\/micrositios\/wp-content\/uploads\/sites\/49\/micrositio_ricardo_garibay_01_fn08010136428.mp3\",\"type\":\"audio\/mpeg\",\"title\":\"01 Ricardo Garibay, vida y obra en el programa de Ren\\u00e9 Avil\\u00e9s Fabila, \\u201cFantas\\u00edas en carrusel\\u201d, transmitido en 1995\",\"caption\":\"\",\"description\":\"\\\"01 Ricardo Garibay, vida y obra en el programa de Ren\\u00e9 Avil\\u00e9s Fabila, \\u201cFantas\\u00edas en carrusel\\u201d, transmitido en 1995\\\" en Ricardo Garibay 01 IMER.\",\"meta\":{\"artist\":\"Ricardo Garibay 01 IMER\",\"length_formatted\":\"28:47\"},\"image\":{\"src\":\"https:\/\/www.imer.mx\/micrositios\/wp-includes\/images\/media\/audio.svg\",\"width\":48,\"height\":64},\"thumb\":{\"src\":\"https:\/\/www.imer.mx\/micrositios\/wp-includes\/images\/media\/audio.svg\",\"width\":48,\"height\":64}},{\"src\":\"https:\/\/www.imer.mx\/micrositios\/wp-content\/uploads\/sites\/49\/micrositio_ricardo_garibay_02_fn08010118747.mp3\",\"type\":\"audio\/mpeg\",\"title\":\"02 Semblanza de Ricardo Garibay y fragmentos de su obra en el programa \\u201cLos libros tienen la palabra\\u201d, transmitido 1988\",\"caption\":\"\",\"description\":\"\\\"02 Semblanza de Ricardo Garibay y fragmentos de su obra en el programa \\u201cLos libros tienen la palabra\\u201d, transmitido 1988 \\\" en Ricardo Garibay 02 IMER.\",\"meta\":{\"artist\":\"Ricardo Garibay 02 IMER\",\"length_formatted\":\"19:46\"},\"image\":{\"src\":\"https:\/\/www.imer.mx\/micrositios\/wp-includes\/images\/media\/audio.svg\",\"width\":48,\"height\":64},\"thumb\":{\"src\":\"https:\/\/www.imer.mx\/micrositios\/wp-includes\/images\/media\/audio.svg\",\"width\":48,\"height\":64}},{\"src\":\"https:\/\/www.imer.mx\/micrositios\/wp-content\/uploads\/sites\/49\/micrositio_ricardo_garibay_03_fn08010142548.mp3\",\"type\":\"audio\/mpeg\",\"title\":\"03 Escucha a Ricardo Garibay narrar \\u201cBeber un c\\u00e1liz en el programa \\u201cNarraciones nocturnas\\u201d, transmitido en 2003\",\"caption\":\"\",\"description\":\"\\\"03 Escucha a Ricardo Garibay narrar \\u201cBeber un c\\u00e1liz en el programa \\u201cNarraciones nocturnas\\u201d, transmitido en 2003\\\" en Ricardo Garibay 03 IMER.\",\"meta\":{\"artist\":\"Ricardo Garibay 03 IMER\",\"length_formatted\":\"21:02\"},\"image\":{\"src\":\"https:\/\/www.imer.mx\/micrositios\/wp-includes\/images\/media\/audio.svg\",\"width\":48,\"height\":64},\"thumb\":{\"src\":\"https:\/\/www.imer.mx\/micrositios\/wp-includes\/images\/media\/audio.svg\",\"width\":48,\"height\":64}},{\"src\":\"https:\/\/www.imer.mx\/micrositios\/wp-content\/uploads\/sites\/49\/micrositio_ricardo_garibay_04_fn13040032524.mp3\",\"type\":\"audio\/mpeg\",\"title\":\"04 Eduardo Lizalde presenta una c\\u00e1psula sobre Ricardo Garibay en el programa Expresiones de M\\u00e9xico, transmitido en 2004\",\"caption\":\"\",\"description\":\"\\\"04 Eduardo Lizalde presenta una c\\u00e1psula sobre Ricardo Garibay en el programa Expresiones de M\\u00e9xico, transmitido en 2004\\\" en Ricardo Garibay 04 IMER.\",\"meta\":{\"artist\":\"Ricardo Garibay 04 IMER\",\"length_formatted\":\"14:31\"},\"image\":{\"src\":\"https:\/\/www.imer.mx\/micrositios\/wp-includes\/images\/media\/audio.svg\",\"width\":48,\"height\":64},\"thumb\":{\"src\":\"https:\/\/www.imer.mx\/micrositios\/wp-includes\/images\/media\/audio.svg\",\"width\":48,\"height\":64}},{\"src\":\"https:\/\/www.imer.mx\/micrositios\/wp-content\/uploads\/sites\/49\/micrositio_ricardo_garibay_05_fn10010168110.mp3\",\"type\":\"audio\/mpeg\",\"title\":\"05 \\u201cLa casa que arde de noche\\u201d narrada por Severo Mir\\u00f3n en el programa \\u201cPlat\\u00edcame un libro\\u201d, transmitido en 1988\",\"caption\":\"\",\"description\":\"\\\"05 \\u201cLa casa que arde de noche\\u201d narrada por Severo Mir\\u00f3n en el programa \\u201cPlat\\u00edcame un libro\\u201d, transmitido en 1988\\\" en Ricardo Garibay 05 IMER.\",\"meta\":{\"artist\":\"Ricardo Garibay 05 IMER\",\"length_formatted\":\"12:31\"},\"image\":{\"src\":\"https:\/\/www.imer.mx\/micrositios\/wp-includes\/images\/media\/audio.svg\",\"width\":48,\"height\":64},\"thumb\":{\"src\":\"https:\/\/www.imer.mx\/micrositios\/wp-includes\/images\/media\/audio.svg\",\"width\":48,\"height\":64}},{\"src\":\"https:\/\/www.imer.mx\/micrositios\/wp-content\/uploads\/sites\/49\/micrositio_ricardo_garibay_06_fn10010164884.mp3\",\"type\":\"audio\/mpeg\",\"title\":\"06 Ricardo Garibay, Una v\\u00eda de expiaci\\u00f3n 1\\u00aa. Parte en el programa de Martha Robles, Espiral de voces, transmitido en 2002\",\"caption\":\"\",\"description\":\"\\\"06 Ricardo Garibay, Una v\\u00eda de expiaci\\u00f3n 1\\u00aa. Parte en el programa de Martha Robles, Espiral de voces, transmitido en 2002\\\" en Ricardo Garibay 06 IMER.\",\"meta\":{\"artist\":\"Ricardo Garibay 06 IMER\",\"length_formatted\":\"25:50\"},\"image\":{\"src\":\"https:\/\/www.imer.mx\/micrositios\/wp-includes\/images\/media\/audio.svg\",\"width\":48,\"height\":64},\"thumb\":{\"src\":\"https:\/\/www.imer.mx\/micrositios\/wp-includes\/images\/media\/audio.svg\",\"width\":48,\"height\":64}},{\"src\":\"https:\/\/www.imer.mx\/micrositios\/wp-content\/uploads\/sites\/49\/micrositio_ricardo_garibay_07_fn10010164885.mp3\",\"type\":\"audio\/mpeg\",\"title\":\"07 Ricardo Garibay, Una v\\u00eda de expiaci\\u00f3n 2\\u00aa. Parte en el programa de Martha Robles, Espiral de voces, transmitido en 2002\",\"caption\":\"\",\"description\":\"\\\"07 Ricardo Garibay, Una v\\u00eda de expiaci\\u00f3n 2\\u00aa. Parte en el programa de Martha Robles, Espiral de voces, transmitido en 2002\\\" en Ricardo Garibay 07 IMER.\",\"meta\":{\"artist\":\"Ricardo Garibay 07 IMER\",\"length_formatted\":\"27:20\"},\"image\":{\"src\":\"https:\/\/www.imer.mx\/micrositios\/wp-includes\/images\/media\/audio.svg\",\"width\":48,\"height\":64},\"thumb\":{\"src\":\"https:\/\/www.imer.mx\/micrositios\/wp-includes\/images\/media\/audio.svg\",\"width\":48,\"height\":64}},{\"src\":\"https:\/\/www.imer.mx\/micrositios\/wp-content\/uploads\/sites\/49\/micrositio_ricardo_garibay_08_fn10010164886.mp3\",\"type\":\"audio\/mpeg\",\"title\":\"08 Ricardo Garibay, Una v\\u00eda de expiaci\\u00f3n 3\\u00aa. Parte en el programa de Martha Robles, Espiral de voces, transmitido en 2002\",\"caption\":\"\",\"description\":\"\\\"08 Ricardo Garibay, Una v\\u00eda de expiaci\\u00f3n 3\\u00aa. Parte en el programa de Martha Robles, Espiral de voces, transmitido en 2002\\\" en Ricardo Garibay 08 IMER.\",\"meta\":{\"artist\":\"Ricardo Garibay 08 IMER\",\"length_formatted\":\"24:46\"},\"image\":{\"src\":\"https:\/\/www.imer.mx\/micrositios\/wp-includes\/images\/media\/audio.svg\",\"width\":48,\"height\":64},\"thumb\":{\"src\":\"https:\/\/www.imer.mx\/micrositios\/wp-includes\/images\/media\/audio.svg\",\"width\":48,\"height\":64}},{\"src\":\"https:\/\/www.imer.mx\/micrositios\/wp-content\/uploads\/sites\/49\/micrositio_ricardo_garibay_09_fn10010164887.mp3\",\"type\":\"audio\/mpeg\",\"title\":\"09 Ricardo Garibay, Una v\\u00eda de expiaci\\u00f3n 4\\u00aa. Parte en el programa de Martha Robles, Espiral de voces, transmitido en 2002\",\"caption\":\"\",\"description\":\"\\\"09 Ricardo Garibay, Una v\\u00eda de expiaci\\u00f3n 4\\u00aa. Parte en el programa de Martha Robles, Espiral de voces, transmitido en 2002\\\" en Ricardo Garibay 09 IMER.\",\"meta\":{\"artist\":\"Ricardo Garibay 09 IMER\",\"length_formatted\":\"30:54\"},\"image\":{\"src\":\"https:\/\/www.imer.mx\/micrositios\/wp-includes\/images\/media\/audio.svg\",\"width\":48,\"height\":64},\"thumb\":{\"src\":\"https:\/\/www.imer.mx\/micrositios\/wp-includes\/images\/media\/audio.svg\",\"width\":48,\"height\":64}},{\"src\":\"https:\/\/www.imer.mx\/micrositios\/wp-content\/uploads\/sites\/49\/micrositio_ricardo_garibay_10_fn08010129865.mp3\",\"type\":\"audio\/mpeg\",\"title\":\"10 \\u201cLa casa que arde de noche\\u201d de Ricardo Garibay, fragmento dramatizado en el programa \\u201cEl sue\\u00f1o de una palabra\\u201d, transmitido en 2001\",\"caption\":\"\",\"description\":\"\\\"10 \\u201cLa casa que arde de noche\\u201d de Ricardo Garibay, fragmento dramatizado en el programa \\u201cEl sue\\u00f1o de una palabra\\u201d, transmitido en 2001\\\" en Ricardo Garibay 10 IMER.\",\"meta\":{\"artist\":\"Ricardo Garibay 10 IMER\",\"length_formatted\":\"5:11\"},\"image\":{\"src\":\"https:\/\/www.imer.mx\/micrositios\/wp-includes\/images\/media\/audio.svg\",\"width\":48,\"height\":64},\"thumb\":{\"src\":\"https:\/\/www.imer.mx\/micrositios\/wp-includes\/images\/media\/audio.svg\",\"width\":48,\"height\":64}},{\"src\":\"https:\/\/www.imer.mx\/micrositios\/wp-content\/uploads\/sites\/49\/micrositio_ricardo_garibay_11_fn10010168107.mp3\",\"type\":\"audio\/mpeg\",\"title\":\"11 \\u201cBeber un c\\u00e1liz\\u201d de Garibay, narrado por Severo Mir\\u00f3n en el programa \\u201cPlat\\u00edcame un libro\\u201d, transmitido en 1988\",\"caption\":\"\",\"description\":\"\\\"11 \\u201cBeber un c\\u00e1liz\\u201d de Garibay, narrado por Severo Mir\\u00f3n en el programa \\u201cPlat\\u00edcame un libro\\u201d, transmitido en 1988\\\" en Ricardo Garibay 11 IMER.\",\"meta\":{\"artist\":\"Ricardo Garibay 11 IMER\",\"length_formatted\":\"12:05\"},\"image\":{\"src\":\"https:\/\/www.imer.mx\/micrositios\/wp-includes\/images\/media\/audio.svg\",\"width\":48,\"height\":64},\"thumb\":{\"src\":\"https:\/\/www.imer.mx\/micrositios\/wp-includes\/images\/media\/audio.svg\",\"width\":48,\"height\":64}},{\"src\":\"https:\/\/www.imer.mx\/micrositios\/wp-content\/uploads\/sites\/49\/micrositio_ricardo_garibay_12_fn08010128775.mp3\",\"type\":\"audio\/mpeg\",\"title\":\"12 \\u201cIngredientes de arte\\u201d de Garibay, en el programa Tercera llamada, transmitido en 2002\",\"caption\":\"\",\"description\":\"\\\"12 \\u201cIngredientes de arte\\u201d de Garibay, en el programa Tercera llamada, transmitido en 2002\\\" en Ricardo Garibay 12 IMER.\",\"meta\":{\"artist\":\"Ricardo Garibay 12 IMER\",\"length_formatted\":\"19:14\"},\"image\":{\"src\":\"https:\/\/www.imer.mx\/micrositios\/wp-includes\/images\/media\/audio.svg\",\"width\":48,\"height\":64},\"thumb\":{\"src\":\"https:\/\/www.imer.mx\/micrositios\/wp-includes\/images\/media\/audio.svg\",\"width\":48,\"height\":64}},{\"src\":\"https:\/\/www.imer.mx\/micrositios\/wp-content\/uploads\/sites\/49\/micrositio_ricardo_garibay_13_fn08010131016.mp3\",\"type\":\"audio\/mpeg\",\"title\":\"13 La muerte de Ricardo Garibay por Ren\\u00e9 Avil\\u00e9s Fabila en el programa \\u201cA contra corriente\\u201d, transmitido en 1999\",\"caption\":\"\",\"description\":\"\\\"13 La muerte de Ricardo Garibay por Ren\\u00e9 Avil\\u00e9s Fabila en el programa \\u201cA contra corriente\\u201d, transmitido en 1999\\\" en Ricardo Garibay 13 IMER.\",\"meta\":{\"artist\":\"Ricardo Garibay 13 IMER\",\"length_formatted\":\"3:45\"},\"image\":{\"src\":\"https:\/\/www.imer.mx\/micrositios\/wp-includes\/images\/media\/audio.svg\",\"width\":48,\"height\":64},\"thumb\":{\"src\":\"https:\/\/www.imer.mx\/micrositios\/wp-includes\/images\/media\/audio.svg\",\"width\":48,\"height\":64}}]}<\/script>\n<\/div>\n\t\n<p>[\/vc_column_text][\/vc_column][\/vc_row]<\/p>\n<\/div>","protected":false},"excerpt":{"rendered":"<p>[vc_row][vc_column css=&#8221;.vc_custom_1600238035600{margin-top: -50px !important;}&#8221;][vc_single_image image=&#8221;24629&#8243; img_size=&#8221;full&#8221;][\/vc_column][\/vc_row][vc_row][vc_column][vc_custom_heading text=&#8221;Ricardo Garibay&#8221; google_fonts=&#8221;font_family:Raleway%3A100%2C200%2C300%2Cregular%2C500%2C600%2C700%2C800%2C900|font_style:400%20regular%3A400%3Anormal&#8221;][\/vc_column][\/vc_row][vc_row][vc_column width=&#8221;1\/2&#8243;][vc_empty_space][vc_column_text] El 18 de enero de 1923 nace Ricardo Garibay, escritor, narrador, periodista, guionista y dramaturgo mexicano. En su obra se aprecian las pasiones, el amor, el desamor, el habla popular y lugare\u00f1a, la corrupci\u00f3n pol\u00edtica, los conflictos sociales y el devenir hist\u00f3rico del M\u00e9xico moderno.&hellip;<\/p>\n","protected":false},"author":1,"featured_media":0,"parent":0,"menu_order":0,"comment_status":"closed","ping_status":"closed","template":"","meta":{"wp_popup_display_lightbox":0,"wp_popup_suppress":"","wp_popup_trigger":"","wp_popup_trigger_amount":0,"wp_popup_disable_on_mobile":false,"footnotes":""},"class_list":["post-77","page","type-page","status-publish","hentry","description-off"],"_links":{"self":[{"href":"https:\/\/www.imer.mx\/micrositios\/wp-json\/wp\/v2\/pages\/77","targetHints":{"allow":["GET"]}}],"collection":[{"href":"https:\/\/www.imer.mx\/micrositios\/wp-json\/wp\/v2\/pages"}],"about":[{"href":"https:\/\/www.imer.mx\/micrositios\/wp-json\/wp\/v2\/types\/page"}],"author":[{"embeddable":true,"href":"https:\/\/www.imer.mx\/micrositios\/wp-json\/wp\/v2\/users\/1"}],"replies":[{"embeddable":true,"href":"https:\/\/www.imer.mx\/micrositios\/wp-json\/wp\/v2\/comments?post=77"}],"version-history":[{"count":0,"href":"https:\/\/www.imer.mx\/micrositios\/wp-json\/wp\/v2\/pages\/77\/revisions"}],"wp:attachment":[{"href":"https:\/\/www.imer.mx\/micrositios\/wp-json\/wp\/v2\/media?parent=77"}],"curies":[{"name":"wp","href":"https:\/\/api.w.org\/{rel}","templated":true}]}}