{"id":34316,"date":"2024-01-11T12:28:43","date_gmt":"2024-01-11T18:28:43","guid":{"rendered":"https:\/\/www.imer.mx\/micrositios\/?page_id=34316"},"modified":"2025-01-06T21:15:43","modified_gmt":"2025-01-07T03:15:43","slug":"mas-curioso-que-un-gato","status":"publish","type":"page","link":"https:\/\/www.imer.mx\/micrositios\/mas-curioso-que-un-gato\/","title":{"rendered":"M\u00e1s curioso que un gato"},"content":{"rendered":"<div class=\"wpb-content-wrapper\"><p>[vc_row full_width_row=&#8221;true&#8221;][vc_column css=&#8221;.vc_custom_1705002851296{margin-top: -50px !important;border-top-width: -50px !important;padding-top: -50px !important;padding-right: -50px !important;padding-bottom: -50px !important;padding-left: -50px !important;background-image: url(https:\/\/www.imer.mx\/micrositios\/wp-content\/uploads\/sites\/49\/mascurioso_parallax_2.jpg?id=34332) !important;}&#8221;][vc_row_inner][vc_column_inner width=&#8221;1\/6&#8243;][\/vc_column_inner][vc_column_inner width=&#8221;2\/3&#8243;][vc_empty_space][vc_single_image image=&#8221;34319&#8243; img_size=&#8221;full&#8221; alignment=&#8221;center&#8221; css_animation=&#8221;lightSpeedIn&#8221;][vc_empty_space][\/vc_column_inner][vc_column_inner width=&#8221;1\/6&#8243;][\/vc_column_inner][\/vc_row_inner][\/vc_column][\/vc_row][vc_row type=&#8221;vc_default&#8221; full_width=&#8221;stretch_row&#8221; css=&#8221;.vc_custom_1706216134175{background-image: url(https:\/\/www.imer.mx\/micrositios\/wp-content\/uploads\/sites\/49\/pizarron_mascurioso.jpg?id=34561) !important;background-position: center !important;background-repeat: no-repeat !important;background-size: cover !important;}&#8221;][vc_column width=&#8221;1\/4&#8243;][vc_single_image image=&#8221;34377&#8243; img_size=&#8221;medium&#8221; css_animation=&#8221;fadeInDown&#8221;][vc_single_image image=&#8221;34422&#8243; img_size=&#8221;medium&#8221; alignment=&#8221;right&#8221; css_animation=&#8221;fadeInDown&#8221;][\/vc_column][vc_column width=&#8221;1\/2&#8243;][vc_custom_heading text=&#8221;Si eres muy curioso y a menudo piensas &#8220;Mmmmm&#8230; aqu\u00ed hay gato encerrado&#8220;, este espacio es para ti. M\u00e1s curioso que un gato es un programa radiof\u00f3nico alrededor de la curiosidad y la ciencia en donde podr\u00e1s plantear preguntas, encontrar respuestas o tal vez&#8230; encontrar m\u00e1s preguntas. Lo realizamos ni\u00f1os, ni\u00f1as, adultos y adultas que siempre queremos saber m\u00e1s. Te invitamos a curiosear con nosotros&#8221; font_container=&#8221;tag:p|font_size:26|text_align:justify|color:%23ffffff|line_height:1.5&#8243; google_fonts=&#8221;font_family:Open%20Sans%3A300%2C300italic%2Cregular%2Citalic%2C600%2C600italic%2C700%2C700italic%2C800%2C800italic|font_style:300%20light%20regular%3A300%3Anormal&#8221; css=&#8221;.vc_custom_1705956274322{border-left-width: -50px !important;padding-left: -50px !important;}&#8221;][vc_single_image image=&#8221;34585&#8243; img_size=&#8221;full&#8221; alignment=&#8221;center&#8221; css_animation=&#8221;bounceInRight&#8221;][vc_empty_space height=&#8221;10px&#8221;][\/vc_column][vc_column width=&#8221;1\/4&#8243;][vc_single_image image=&#8221;34322&#8243; img_size=&#8221;medium&#8221; alignment=&#8221;right&#8221; css_animation=&#8221;fadeInDown&#8221;][vc_single_image image=&#8221;34587&#8243; img_size=&#8221;medium&#8221; alignment=&#8221;right&#8221; css_animation=&#8221;rotateInDownRight&#8221;][\/vc_column][\/vc_row][vc_row full_width_row=&#8221;true&#8221;][vc_column css=&#8221;.vc_custom_1705431783996{margin-top: -50px !important;border-top-width: -50px !important;padding-top: -50px !important;background-color: #4684a8 !important;}&#8221;][vc_row_inner css=&#8221;.vc_custom_1705599815839{margin-right: 50px !important;border-right-width: 50px !important;padding-right: 50px !important;}&#8221;][vc_column_inner width=&#8221;1\/3&#8243;][vc_single_image image=&#8221;34628&#8243; img_size=&#8221;large&#8221; alignment=&#8221;center&#8221; css_animation=&#8221;bounceInRight&#8221;][\/vc_column_inner][vc_column_inner width=&#8221;1\/3&#8243;][vc_empty_space height=&#8221;200px&#8221;][vc_custom_heading text=&#8221;Ac\u00e1 nuestros programas completos como se transmiten por las estaciones del IMER.&#8221; font_container=&#8221;tag:p|font_size:16|text_align:center|color:%23ffffff&#8221; google_fonts=&#8221;font_family:Open%20Sans%3A300%2C300italic%2Cregular%2Citalic%2C600%2C600italic%2C700%2C700italic%2C800%2C800italic|font_style:700%20bold%20regular%3A700%3Anormal&#8221; css=&#8221;.vc_custom_1706729187296{border-left-width: 100px !important;}&#8221;][vc_empty_space height=&#8221;60px&#8221;][vc_raw_html css=&#8221;.vc_custom_1736219738644{margin-top: -50px !important;border-top-width: -50px !important;padding-top: -50px !important;padding-left: 50px !important;}&#8221;]JTNDaWZyYW1lJTIwc3R5bGUlM0QlMjJib3JkZXItcmFkaXVzJTNBMTJweCUyMiUyMHNyYyUzRCUyMmh0dHBzJTNBJTJGJTJGb3Blbi5zcG90aWZ5LmNvbSUyRmVtYmVkJTJGZXBpc29kZSUyRjZrcU82TzBEUVlJZDlyWW5rTlNrdTYlM0Z1dG1fc291cmNlJTNEZ2VuZXJhdG9yJTIyJTIwd2lkdGglM0QlMjIxMDAlMjUlMjIlMjBoZWlnaHQlM0QlMjIzNTIlMjIlMjBmcmFtZUJvcmRlciUzRCUyMjAlMjIlMjBhbGxvd2Z1bGxzY3JlZW4lM0QlMjIlMjIlMjBhbGxvdyUzRCUyMmF1dG9wbGF5JTNCJTIwY2xpcGJvYXJkLXdyaXRlJTNCJTIwZW5jcnlwdGVkLW1lZGlhJTNCJTIwZnVsbHNjcmVlbiUzQiUyMHBpY3R1cmUtaW4tcGljdHVyZSUyMiUyMGxvYWRpbmclM0QlMjJsYXp5JTIyJTNFJTNDJTJGaWZyYW1lJTNF[\/vc_raw_html][vc_empty_space height=&#8221;60px&#8221;][\/vc_column_inner][vc_column_inner width=&#8221;1\/3&#8243;][vc_single_image image=&#8221;34631&#8243; img_size=&#8221;medium&#8221; alignment=&#8221;right&#8221; css_animation=&#8221;rotateInDownRight&#8221;][vc_single_image image=&#8221;34629&#8243; img_size=&#8221;full&#8221; alignment=&#8221;center&#8221; css_animation=&#8221;bounceInRight&#8221;][\/vc_column_inner][\/vc_row_inner][\/vc_column][\/vc_row][vc_row full_width_row=&#8221;true&#8221;][vc_column css=&#8221;.vc_custom_1705016903980{padding-right: -50px !important;padding-left: -50px !important;background-image: url(https:\/\/www.imer.mx\/micrositios\/wp-content\/uploads\/sites\/49\/mascurioso_parallax_2.jpg?id=34332) !important;background-position: center !important;background-repeat: no-repeat !important;background-size: cover !important;}&#8221;][vc_empty_space][vc_row_inner][vc_column_inner width=&#8221;1\/6&#8243;][\/vc_column_inner][vc_column_inner width=&#8221;2\/3&#8243; css=&#8221;.vc_custom_1705016747726{background-color: rgba(3,135,175,0.71) !important;*background-color: rgb(3,135,175) !important;border-radius: 20px !important;}&#8221;][vc_single_image image=&#8221;34320&#8243; img_size=&#8221;110&#8243; alignment=&#8221;right&#8221; css_animation=&#8221;tada&#8221; css=&#8221;.vc_custom_1705016731073{margin-bottom: -90px !important;border-bottom-width: -90px !important;padding-top: -50px !important;padding-right: -50px !important;padding-bottom: -90px !important;padding-left: -50px !important;}&#8221;][vc_custom_heading text=&#8221;\u00a1Esc\u00fachanos!&#8221; font_container=&#8221;tag:p|font_size:25|text_align:center|color:%23ffffff&#8221; google_fonts=&#8221;font_family:Open%20Sans%3A300%2C300italic%2Cregular%2Citalic%2C600%2C600italic%2C700%2C700italic%2C800%2C800italic|font_style:700%20bold%20regular%3A700%3Anormal&#8221;][vc_empty_space][vc_single_image image=&#8221;34351&#8243; img_size=&#8221;full&#8221;][vc_column_text]<\/p>\n<p>[\/vc_column_text][vc_column_text][\/vc_column_text][\/vc_column_inner][vc_column_inner width=&#8221;1\/6&#8243;][\/vc_column_inner][\/vc_row_inner][vc_empty_space][\/vc_column][\/vc_row][vc_row type=&#8221;vc_default&#8221; full_width=&#8221;stretch_row_content&#8221; css=&#8221;.vc_custom_1706123290525{background-color: #051e49 !important;}&#8221;][vc_column width=&#8221;1\/3&#8243;][\/vc_column][vc_column width=&#8221;1\/3&#8243;][vc_single_image image=&#8221;34538&#8243; img_size=&#8221;full&#8221; alignment=&#8221;center&#8221; onclick=&#8221;custom_link&#8221; css_animation=&#8221;bounceInUp&#8221; link=&#8221;https:\/\/www.imer.mx\/micrositios\/mas-curioso-que-un-gato\/ni-te-lo-imaginas\/&#8221;][\/vc_column][vc_column width=&#8221;1\/3&#8243;][\/vc_column][\/vc_row][vc_row type=&#8221;vc_default&#8221; full_width=&#8221;stretch_row_content&#8221; full_width_row=&#8221;true&#8221;][vc_column css=&#8221;.vc_custom_1705438703332{margin-top: 0px !important;border-top-width: 0px !important;padding-top: 0px !important;padding-right: -50px !important;padding-left: -50px !important;background-image: url(https:\/\/www.imer.mx\/micrositios\/wp-content\/uploads\/sites\/49\/mascurioso_parallax_3.jpg?id=34337) !important;background-position: center !important;background-repeat: no-repeat !important;background-size: cover !important;}&#8221;][vc_empty_space][vc_row_inner][vc_column_inner width=&#8221;1\/6&#8243;][\/vc_column_inner][vc_column_inner width=&#8221;2\/3&#8243; css=&#8221;.vc_custom_1705433049172{background-color: #051e49 !important;border-radius: 20px !important;}&#8221;][vc_custom_heading text=&#8221;Acomp\u00e1\u00f1anos en:&#8221; font_container=&#8221;tag:p|font_size:30|text_align:center|color:%23ffffff&#8221; google_fonts=&#8221;font_family:Open%20Sans%3A300%2C300italic%2Cregular%2Citalic%2C600%2C600italic%2C700%2C700italic%2C800%2C800italic|font_style:700%20bold%20regular%3A700%3Anormal&#8221;][vc_empty_space]<style type=\"text\/css\" data-type=\"the7_shortcodes-inline-css\">.dt-shortcode-soc-icons.soc-icons-90f1fdbe1a28bc0d5030d83954dbfcdd a {\n  margin-right: 20px;\n}\n.dt-shortcode-soc-icons a.soc-icons-90f1fdbe1a28bc0d5030d83954dbfcdd {\n  margin-right: 20px;\n}\n.dt-shortcode-soc-icons a.soc-icons-90f1fdbe1a28bc0d5030d83954dbfcdd:last-child {\n  margin-right: 0;\n}\n.dt-shortcode-soc-icons a.soc-icons-90f1fdbe1a28bc0d5030d83954dbfcdd:before,\n.dt-shortcode-soc-icons a.soc-icons-90f1fdbe1a28bc0d5030d83954dbfcdd:after {\n  padding: inherit;\n}\n.dt-shortcode-soc-icons a.soc-icons-90f1fdbe1a28bc0d5030d83954dbfcdd.dt-icon-border-on:before {\n  border:  solid ;\n}\n.dt-shortcode-soc-icons a.soc-icons-90f1fdbe1a28bc0d5030d83954dbfcdd.dt-icon-hover-border-on:after {\n  border:  solid ;\n}<\/style><div class=\"dt-shortcode-soc-icons  soc-icons-90f1fdbe1a28bc0d5030d83954dbfcdd soc-icons-center \" ><style type=\"text\/css\" data-type=\"the7_shortcodes-inline-css\">.dt-shortcode-soc-icons a.single-soc-icon-a008b60fec6fab32e381a7b995756ebe {\n  min-width: 60px;\n  min-height: 60px;\n  font-size: 40px;\n  border-radius: 100px;\n}\n.dt-shortcode-soc-icons a.single-soc-icon-a008b60fec6fab32e381a7b995756ebe:last-child {\n  margin-right: 0;\n}\n.dt-shortcode-soc-icons a.single-soc-icon-a008b60fec6fab32e381a7b995756ebe:before,\n.dt-shortcode-soc-icons a.single-soc-icon-a008b60fec6fab32e381a7b995756ebe:after {\n  min-width: 60px;\n  min-height: 60px;\n  padding: inherit;\n}\n#page .dt-shortcode-soc-icons a.single-soc-icon-a008b60fec6fab32e381a7b995756ebe.dt-icon-bg-on:before,\n#phantom .dt-shortcode-soc-icons a.single-soc-icon-a008b60fec6fab32e381a7b995756ebe.dt-icon-bg-on:before {\n  background: #ff97ba;\n}\n.dt-shortcode-soc-icons a.single-soc-icon-a008b60fec6fab32e381a7b995756ebe.dt-icon-border-on:before {\n  border: 0px solid ;\n}\n.dt-shortcode-soc-icons a.single-soc-icon-a008b60fec6fab32e381a7b995756ebe.dt-icon-hover-border-on:after {\n  border: 0px solid ;\n}\n.dt-shortcode-soc-icons a.single-soc-icon-a008b60fec6fab32e381a7b995756ebe:hover {\n  font-size: 40px;\n}\n#page .dt-shortcode-soc-icons a.single-soc-icon-a008b60fec6fab32e381a7b995756ebe:hover .soc-font-icon,\n#phantom .dt-shortcode-soc-icons a.single-soc-icon-a008b60fec6fab32e381a7b995756ebe:hover .soc-font-icon,\n#page .dt-shortcode-soc-icons a.single-soc-icon-a008b60fec6fab32e381a7b995756ebe:hover .soc-icon,\n#phantom .dt-shortcode-soc-icons a.single-soc-icon-a008b60fec6fab32e381a7b995756ebe:hover .soc-icon {\n  color: rgba(255,255,255,0.75);\n  background: none;\n}\n#page .dt-shortcode-soc-icons a.single-soc-icon-a008b60fec6fab32e381a7b995756ebe:not(:hover) .soc-font-icon,\n#phantom .dt-shortcode-soc-icons a.single-soc-icon-a008b60fec6fab32e381a7b995756ebe:not(:hover) .soc-font-icon,\n#page .dt-shortcode-soc-icons a.single-soc-icon-a008b60fec6fab32e381a7b995756ebe:not(:hover) .soc-icon,\n#phantom .dt-shortcode-soc-icons a.single-soc-icon-a008b60fec6fab32e381a7b995756ebe:not(:hover) .soc-icon {\n  color: #ffffff;\n  background: none;\n}\n.dt-shortcode-soc-icons a.single-soc-icon-a008b60fec6fab32e381a7b995756ebe .soc-font-icon,\n.dt-shortcode-soc-icons a.single-soc-icon-a008b60fec6fab32e381a7b995756ebe .soc-icon {\n  font-size: 40px;\n}<\/style><a title=\"Facebook\" href=\"https:\/\/www.facebook.com\/profile.php?id=61555662718666\" target=\"_blank\" class=\"facebook single-soc-icon-a008b60fec6fab32e381a7b995756ebe dt-icon-bg-on dt-icon-border-on dt-icon-hover-border-on dt-icon-hover-bg-on\"><i class=\"soc-icon soc-font-icon dt-icon-facebook\"><\/i><span class=\"screen-reader-text\">Facebook<\/span><\/a><style type=\"text\/css\" data-type=\"the7_shortcodes-inline-css\">.dt-shortcode-soc-icons a.single-soc-icon-7842da39a814ebe3ca7e42a448244e83 {\n  min-width: 60px;\n  min-height: 60px;\n  font-size: 40px;\n  border-radius: 100px;\n}\n.dt-shortcode-soc-icons a.single-soc-icon-7842da39a814ebe3ca7e42a448244e83:last-child {\n  margin-right: 0;\n}\n.dt-shortcode-soc-icons a.single-soc-icon-7842da39a814ebe3ca7e42a448244e83:before,\n.dt-shortcode-soc-icons a.single-soc-icon-7842da39a814ebe3ca7e42a448244e83:after {\n  min-width: 60px;\n  min-height: 60px;\n  padding: inherit;\n}\n#page .dt-shortcode-soc-icons a.single-soc-icon-7842da39a814ebe3ca7e42a448244e83.dt-icon-bg-on:before,\n#phantom .dt-shortcode-soc-icons a.single-soc-icon-7842da39a814ebe3ca7e42a448244e83.dt-icon-bg-on:before {\n  background: #ff97ba;\n}\n.dt-shortcode-soc-icons a.single-soc-icon-7842da39a814ebe3ca7e42a448244e83.dt-icon-border-on:before {\n  border: 0px solid ;\n}\n.dt-shortcode-soc-icons a.single-soc-icon-7842da39a814ebe3ca7e42a448244e83.dt-icon-hover-border-on:after {\n  border: 0px solid ;\n}\n.dt-shortcode-soc-icons a.single-soc-icon-7842da39a814ebe3ca7e42a448244e83:hover {\n  font-size: 40px;\n}\n#page .dt-shortcode-soc-icons a.single-soc-icon-7842da39a814ebe3ca7e42a448244e83:hover .soc-font-icon,\n#phantom .dt-shortcode-soc-icons a.single-soc-icon-7842da39a814ebe3ca7e42a448244e83:hover .soc-font-icon,\n#page .dt-shortcode-soc-icons a.single-soc-icon-7842da39a814ebe3ca7e42a448244e83:hover .soc-icon,\n#phantom .dt-shortcode-soc-icons a.single-soc-icon-7842da39a814ebe3ca7e42a448244e83:hover .soc-icon {\n  color: rgba(255,255,255,0.75);\n  background: none;\n}\n#page .dt-shortcode-soc-icons a.single-soc-icon-7842da39a814ebe3ca7e42a448244e83:not(:hover) .soc-font-icon,\n#phantom .dt-shortcode-soc-icons a.single-soc-icon-7842da39a814ebe3ca7e42a448244e83:not(:hover) .soc-font-icon,\n#page .dt-shortcode-soc-icons a.single-soc-icon-7842da39a814ebe3ca7e42a448244e83:not(:hover) .soc-icon,\n#phantom .dt-shortcode-soc-icons a.single-soc-icon-7842da39a814ebe3ca7e42a448244e83:not(:hover) .soc-icon {\n  color: #ffffff;\n  background: none;\n}\n.dt-shortcode-soc-icons a.single-soc-icon-7842da39a814ebe3ca7e42a448244e83 .soc-font-icon,\n.dt-shortcode-soc-icons a.single-soc-icon-7842da39a814ebe3ca7e42a448244e83 .soc-icon {\n  font-size: 40px;\n}<\/style><a title=\"Instagram\" href=\"https:\/\/www.instagram.com\/mascuriosoqueungato\/\" target=\"_blank\" class=\"instagram single-soc-icon-7842da39a814ebe3ca7e42a448244e83 dt-icon-bg-on dt-icon-border-on dt-icon-hover-border-on dt-icon-hover-bg-on\"><i class=\"soc-icon soc-font-icon dt-icon-instagram\"><\/i><span class=\"screen-reader-text\">Instagram<\/span><\/a><style type=\"text\/css\" data-type=\"the7_shortcodes-inline-css\">.dt-shortcode-soc-icons a.single-soc-icon-24632eee721568f65792acec40faea88 {\n  min-width: 60px;\n  min-height: 60px;\n  font-size: 40px;\n  border-radius: 100px;\n}\n.dt-shortcode-soc-icons a.single-soc-icon-24632eee721568f65792acec40faea88:last-child {\n  margin-right: 0;\n}\n.dt-shortcode-soc-icons a.single-soc-icon-24632eee721568f65792acec40faea88:before,\n.dt-shortcode-soc-icons a.single-soc-icon-24632eee721568f65792acec40faea88:after {\n  min-width: 60px;\n  min-height: 60px;\n  padding: inherit;\n}\n#page .dt-shortcode-soc-icons a.single-soc-icon-24632eee721568f65792acec40faea88.dt-icon-bg-on:before,\n#phantom .dt-shortcode-soc-icons a.single-soc-icon-24632eee721568f65792acec40faea88.dt-icon-bg-on:before {\n  background: #ff97ba;\n}\n.dt-shortcode-soc-icons a.single-soc-icon-24632eee721568f65792acec40faea88.dt-icon-border-on:before {\n  border: 0px solid ;\n}\n.dt-shortcode-soc-icons a.single-soc-icon-24632eee721568f65792acec40faea88.dt-icon-hover-border-on:after {\n  border: 0px solid ;\n}\n.dt-shortcode-soc-icons a.single-soc-icon-24632eee721568f65792acec40faea88:hover {\n  font-size: 40px;\n}\n#page .dt-shortcode-soc-icons a.single-soc-icon-24632eee721568f65792acec40faea88:hover .soc-font-icon,\n#phantom .dt-shortcode-soc-icons a.single-soc-icon-24632eee721568f65792acec40faea88:hover .soc-font-icon,\n#page .dt-shortcode-soc-icons a.single-soc-icon-24632eee721568f65792acec40faea88:hover .soc-icon,\n#phantom .dt-shortcode-soc-icons a.single-soc-icon-24632eee721568f65792acec40faea88:hover .soc-icon {\n  color: rgba(255,255,255,0.75);\n  background: none;\n}\n#page .dt-shortcode-soc-icons a.single-soc-icon-24632eee721568f65792acec40faea88:not(:hover) .soc-font-icon,\n#phantom .dt-shortcode-soc-icons a.single-soc-icon-24632eee721568f65792acec40faea88:not(:hover) .soc-font-icon,\n#page .dt-shortcode-soc-icons a.single-soc-icon-24632eee721568f65792acec40faea88:not(:hover) .soc-icon,\n#phantom .dt-shortcode-soc-icons a.single-soc-icon-24632eee721568f65792acec40faea88:not(:hover) .soc-icon {\n  color: #ffffff;\n  background: none;\n}\n.dt-shortcode-soc-icons a.single-soc-icon-24632eee721568f65792acec40faea88 .soc-font-icon,\n.dt-shortcode-soc-icons a.single-soc-icon-24632eee721568f65792acec40faea88 .soc-icon {\n  font-size: 40px;\n}<\/style><a title=\"\" href=\"https:\/\/www.youtube.com\/@Mascuriosoqueungato\/videos\" target=\"_blank\" class=\"fab fa-youtube single-soc-icon-24632eee721568f65792acec40faea88 dt-icon-bg-on dt-icon-border-on dt-icon-hover-border-on dt-icon-hover-bg-on\"><i class=\"soc-icon fab fa-youtube\"><\/i><span class=\"screen-reader-text\"><\/span><\/a><style type=\"text\/css\" data-type=\"the7_shortcodes-inline-css\">.dt-shortcode-soc-icons a.single-soc-icon-9ed57c15f0547eed44e4ce67d1193bd8 {\n  min-width: 60px;\n  min-height: 60px;\n  font-size: 40px;\n  border-radius: 100px;\n}\n.dt-shortcode-soc-icons a.single-soc-icon-9ed57c15f0547eed44e4ce67d1193bd8:last-child {\n  margin-right: 0;\n}\n.dt-shortcode-soc-icons a.single-soc-icon-9ed57c15f0547eed44e4ce67d1193bd8:before,\n.dt-shortcode-soc-icons a.single-soc-icon-9ed57c15f0547eed44e4ce67d1193bd8:after {\n  min-width: 60px;\n  min-height: 60px;\n  padding: inherit;\n}\n#page .dt-shortcode-soc-icons a.single-soc-icon-9ed57c15f0547eed44e4ce67d1193bd8.dt-icon-bg-on:before,\n#phantom .dt-shortcode-soc-icons a.single-soc-icon-9ed57c15f0547eed44e4ce67d1193bd8.dt-icon-bg-on:before {\n  background: #ff97ba;\n}\n.dt-shortcode-soc-icons a.single-soc-icon-9ed57c15f0547eed44e4ce67d1193bd8.dt-icon-border-on:before {\n  border: 0px solid ;\n}\n.dt-shortcode-soc-icons a.single-soc-icon-9ed57c15f0547eed44e4ce67d1193bd8.dt-icon-hover-border-on:after {\n  border: 0px solid ;\n}\n.dt-shortcode-soc-icons a.single-soc-icon-9ed57c15f0547eed44e4ce67d1193bd8:hover {\n  font-size: 40px;\n}\n#page .dt-shortcode-soc-icons a.single-soc-icon-9ed57c15f0547eed44e4ce67d1193bd8:hover .soc-font-icon,\n#phantom .dt-shortcode-soc-icons a.single-soc-icon-9ed57c15f0547eed44e4ce67d1193bd8:hover .soc-font-icon,\n#page .dt-shortcode-soc-icons a.single-soc-icon-9ed57c15f0547eed44e4ce67d1193bd8:hover .soc-icon,\n#phantom .dt-shortcode-soc-icons a.single-soc-icon-9ed57c15f0547eed44e4ce67d1193bd8:hover .soc-icon {\n  color: rgba(255,255,255,0.75);\n  background: none;\n}\n#page .dt-shortcode-soc-icons a.single-soc-icon-9ed57c15f0547eed44e4ce67d1193bd8:not(:hover) .soc-font-icon,\n#phantom .dt-shortcode-soc-icons a.single-soc-icon-9ed57c15f0547eed44e4ce67d1193bd8:not(:hover) .soc-font-icon,\n#page .dt-shortcode-soc-icons a.single-soc-icon-9ed57c15f0547eed44e4ce67d1193bd8:not(:hover) .soc-icon,\n#phantom .dt-shortcode-soc-icons a.single-soc-icon-9ed57c15f0547eed44e4ce67d1193bd8:not(:hover) .soc-icon {\n  color: #ffffff;\n  background: none;\n}\n.dt-shortcode-soc-icons a.single-soc-icon-9ed57c15f0547eed44e4ce67d1193bd8 .soc-font-icon,\n.dt-shortcode-soc-icons a.single-soc-icon-9ed57c15f0547eed44e4ce67d1193bd8 .soc-icon {\n  font-size: 40px;\n}<\/style><a title=\"\" href=\"https:\/\/podcasters.spotify.com\/pod\/show\/ms-curioso-que-un-gato\" target=\"_blank\" class=\"fab fa-spotify single-soc-icon-9ed57c15f0547eed44e4ce67d1193bd8 dt-icon-bg-on dt-icon-border-on dt-icon-hover-border-on dt-icon-hover-bg-on\"><i class=\"soc-icon fab fa-spotify\"><\/i><span class=\"screen-reader-text\"><\/span><\/a><\/div>[vc_empty_space][\/vc_column_inner][vc_column_inner width=&#8221;1\/6&#8243;][\/vc_column_inner][\/vc_row_inner][vc_empty_space][\/vc_column][\/vc_row][vc_row type=&#8221;vc_default&#8221; full_width=&#8221;stretch_row&#8221; css=&#8221;.vc_custom_1706807149039{margin-bottom: -50px !important;background-color: #3b629c !important;}&#8221;][vc_column width=&#8221;1\/3&#8243;][vc_single_image image=&#8221;34376&#8243; img_size=&#8221;medium&#8221; css_animation=&#8221;rubberBand&#8221;][\/vc_column][vc_column width=&#8221;1\/3&#8243;][vc_empty_space][vc_custom_heading text=&#8221;De la mano&#8221; font_container=&#8221;tag:p|font_size:50|text_align:center|color:%23ffffff&#8221; google_fonts=&#8221;font_family:Open%20Sans%3A300%2C300italic%2Cregular%2Citalic%2C600%2C600italic%2C700%2C700italic%2C800%2C800italic|font_style:700%20bold%20regular%3A700%3Anormal&#8221;][vc_empty_space][vc_empty_space][vc_custom_heading text=&#8221;Una producci\u00f3n de:&#8221; font_container=&#8221;tag:p|font_size:20|text_align:center|color:%23ffffff&#8221; google_fonts=&#8221;font_family:Open%20Sans%3A300%2C300italic%2Cregular%2Citalic%2C600%2C600italic%2C700%2C700italic%2C800%2C800italic|font_style:700%20bold%20regular%3A700%3Anormal&#8221;][vc_single_image image=&#8221;26458&#8243; img_size=&#8221;full&#8221; alignment=&#8221;center&#8221;][vc_custom_heading text=&#8221;En alianza con:&#8221; font_container=&#8221;tag:p|font_size:20|text_align:center|color:%23ffffff&#8221; google_fonts=&#8221;font_family:Open%20Sans%3A300%2C300italic%2Cregular%2Citalic%2C600%2C600italic%2C700%2C700italic%2C800%2C800italic|font_style:700%20bold%20regular%3A700%3Anormal&#8221;][vc_single_image image=&#8221;32360&#8243; img_size=&#8221;medium&#8221; alignment=&#8221;center&#8221; onclick=&#8221;custom_link&#8221; img_link_target=&#8221;_blank&#8221; link=&#8221;https:\/\/www.apantallados.net\/&#8221;][\/vc_column][vc_column width=&#8221;1\/3&#8243;][vc_single_image image=&#8221;34615&#8243; img_size=&#8221;full&#8221; css_animation=&#8221;bounceInRight&#8221;][\/vc_column][\/vc_row]<\/p>\n<\/div>","protected":false},"excerpt":{"rendered":"<p>[vc_row full_width_row=&#8221;true&#8221;][vc_column css=&#8221;.vc_custom_1705002851296{margin-top: -50px !important;border-top-width: -50px !important;padding-top: -50px !important;padding-right: -50px !important;padding-bottom: -50px !important;padding-left: -50px !important;background-image: url(https:\/\/www.imer.mx\/micrositios\/wp-content\/uploads\/sites\/49\/mascurioso_parallax_2.jpg?id=34332) !important;}&#8221;][vc_row_inner][vc_column_inner width=&#8221;1\/6&#8243;][\/vc_column_inner][vc_column_inner width=&#8221;2\/3&#8243;][vc_empty_space][vc_single_image image=&#8221;34319&#8243; img_size=&#8221;full&#8221; alignment=&#8221;center&#8221; css_animation=&#8221;lightSpeedIn&#8221;][vc_empty_space][\/vc_column_inner][vc_column_inner width=&#8221;1\/6&#8243;][\/vc_column_inner][\/vc_row_inner][\/vc_column][\/vc_row][vc_row type=&#8221;vc_default&#8221; full_width=&#8221;stretch_row&#8221; css=&#8221;.vc_custom_1706216134175{background-image: url(https:\/\/www.imer.mx\/micrositios\/wp-content\/uploads\/sites\/49\/pizarron_mascurioso.jpg?id=34561) !important;background-position: center !important;background-repeat: no-repeat !important;background-size: cover !important;}&#8221;][vc_column width=&#8221;1\/4&#8243;][vc_single_image image=&#8221;34377&#8243; img_size=&#8221;medium&#8221; css_animation=&#8221;fadeInDown&#8221;][vc_single_image image=&#8221;34422&#8243; img_size=&#8221;medium&#8221; alignment=&#8221;right&#8221; css_animation=&#8221;fadeInDown&#8221;][\/vc_column][vc_column width=&#8221;1\/2&#8243;][vc_custom_heading text=&#8221;Si eres muy curioso y a menudo piensas &#8220;Mmmmm&#8230; aqu\u00ed hay&hellip;<\/p>\n","protected":false},"author":1,"featured_media":0,"parent":0,"menu_order":0,"comment_status":"closed","ping_status":"closed","template":"","meta":{"wp_popup_display_lightbox":0,"wp_popup_suppress":"","wp_popup_trigger":"","wp_popup_trigger_amount":0,"wp_popup_disable_on_mobile":false,"footnotes":""},"class_list":["post-34316","page","type-page","status-publish","hentry","description-off"],"_links":{"self":[{"href":"https:\/\/www.imer.mx\/micrositios\/wp-json\/wp\/v2\/pages\/34316","targetHints":{"allow":["GET"]}}],"collection":[{"href":"https:\/\/www.imer.mx\/micrositios\/wp-json\/wp\/v2\/pages"}],"about":[{"href":"https:\/\/www.imer.mx\/micrositios\/wp-json\/wp\/v2\/types\/page"}],"author":[{"embeddable":true,"href":"https:\/\/www.imer.mx\/micrositios\/wp-json\/wp\/v2\/users\/1"}],"replies":[{"embeddable":true,"href":"https:\/\/www.imer.mx\/micrositios\/wp-json\/wp\/v2\/comments?post=34316"}],"version-history":[{"count":4,"href":"https:\/\/www.imer.mx\/micrositios\/wp-json\/wp\/v2\/pages\/34316\/revisions"}],"predecessor-version":[{"id":34876,"href":"https:\/\/www.imer.mx\/micrositios\/wp-json\/wp\/v2\/pages\/34316\/revisions\/34876"}],"wp:attachment":[{"href":"https:\/\/www.imer.mx\/micrositios\/wp-json\/wp\/v2\/media?parent=34316"}],"curies":[{"name":"wp","href":"https:\/\/api.w.org\/{rel}","templated":true}]}}