{"id":34187,"date":"2023-10-10T16:44:57","date_gmt":"2023-10-10T22:44:57","guid":{"rendered":"https:\/\/www.imer.mx\/micrositios\/?page_id=34187"},"modified":"2025-11-28T17:39:16","modified_gmt":"2025-11-28T23:39:16","slug":"en-voz-alta-construyendo-conciencias-temporada-3","status":"publish","type":"page","link":"https:\/\/www.imer.mx\/micrositios\/en-voz-alta-construyendo-conciencias-temporada-3\/","title":{"rendered":"En voz alta\u2026 Construyendo conciencias Temporada 3"},"content":{"rendered":"<div class=\"wpb-content-wrapper\"><p>[vc_row][vc_column css=&#8221;.vc_custom_1598089324173{margin-top: -50px !important;}&#8221;][vc_single_image image=&#8221;35081&#8243; img_size=&#8221;full&#8221; alignment=&#8221;center&#8221; css=&#8221;&#8221;][\/vc_column][\/vc_row][vc_row][vc_column][vc_custom_heading text=&#8221;En voz alta\u2026 Construyendo conciencias&#8221; font_container=&#8221;tag:h2|font_size:30|text_align:left&#8221; google_fonts=&#8221;font_family:Montserrat%3Aregular%2C700|font_style:700%20bold%20regular%3A700%3Anormal&#8221;][vc_custom_heading text=&#8221;Temporada 3&#8243; font_container=&#8221;tag:h2|font_size:30|text_align:left|color:%239a1938&#8243; google_fonts=&#8221;font_family:Montserrat%3Aregular%2C700|font_style:700%20bold%20regular%3A700%3Anormal&#8221;][vc_empty_space][\/vc_column][\/vc_row][vc_row][vc_column][vc_column_text]<span style=\"font-weight: 400;\">La serie de podcast <\/span><i><span style=\"font-weight: 400;\">En Voz Alta\u2026 Construyendo consciencias<\/span><\/i><span style=\"font-weight: 400;\"> ofrece una mirada profunda y reflexiva sobre la perspectiva y transversalizaci\u00f3n de g\u00e9nero en m\u00faltiples aspectos de la sociedad como la salud, la educaci\u00f3n, la justicia y la econom\u00eda. A lo largo de once episodios, Ang\u00e9lica Soriano y Jos\u00e9 V\u00e1zquez exploran temas acompa\u00f1ados de diversos especialistas en la materia.<\/span>[\/vc_column_text][\/vc_column][\/vc_row][vc_row][vc_column][vc_empty_space height=&#8221;20px&#8221;][\/vc_column][\/vc_row][vc_row type=&#8221;vc_default&#8221; content_placement=&#8221;middle&#8221; bg_type=&#8221;bg_color&#8221; bg_color_value=&#8221;#f2a7a7&#8243; css=&#8221;.vc_custom_1699399728715{padding-right: 32px !important;padding-left: 32px !important;}&#8221;][vc_column css=&#8221;.vc_custom_1665190374686{padding-right: -50px !important;padding-left: -50px !important;}&#8221;][vc_column_text]<b>Episodio 1. Las gafas moradas: \u00bfQu\u00e9 es la perspectiva de g\u00e9nero?<\/b><\/p>\n<p>A trav\u00e9s de ejemplos cotidianos, se muestra c\u00f3mo las gafas moradas ayudan a identificar comportamientos machistas. Adem\u00e1s, se resalta la diferencia entre perspectiva de g\u00e9nero y la controvertida &#8220;ideolog\u00eda de g\u00e9nero&#8221;. En este episodio nos acompa\u00f1an: Marta Clara Ferreyra Beltr\u00e1n, directora general de la Pol\u00edtica Nacional de Igualdad y Derechos de las Mujeres, del Inmujeres y Morelos Marx Madrigal Lachino, especialista en masculinidades por la Universidad Aut\u00f3noma de Quer\u00e9taro.<\/p>\n<p>&nbsp;<\/p>\n<p><iframe loading=\"lazy\" src=\"https:\/\/podcasters.spotify.com\/pod\/show\/en-voz-alta5\/embed\/episodes\/1--Las-gafas-moradas-Qu-es-la-perspectiva-de-gnero-e2bc26l\/a-aai8ikh\" width=\"100%\" height=\"200px\" frameborder=\"0\" scrolling=\"no\"><\/iframe>[\/vc_column_text][vc_empty_space height=&#8221;20px&#8221;]<div class=\"hr-thin style-line\" style=\"width: 100%;border-color: #9a293b;border-top-width: 1px;\"><\/div>[\/vc_column][\/vc_row][vc_row type=&#8221;vc_default&#8221; content_placement=&#8221;middle&#8221; bg_type=&#8221;bg_color&#8221; bg_color_value=&#8221;#f2a7a7&#8243; css=&#8221;.vc_custom_1699399728715{padding-right: 32px !important;padding-left: 32px !important;}&#8221;][vc_column css=&#8221;.vc_custom_1665190374686{padding-right: -50px !important;padding-left: -50px !important;}&#8221;][vc_column_text]<b>Episodio 2. \u00bfQu\u00e9 significa a transversalizaci\u00f3n de la perspectiva de g\u00e9nero?<\/b><\/p>\n<p>La transversalizaci\u00f3n de g\u00e9nero se ha convertido en una estrategia central de acci\u00f3n desde la IV Conferencia Mundial de Mujeres de Beijing en 1995. Exploramos las posibilidades que tiene su implementaci\u00f3n e institucionalizaci\u00f3n para reducir las desigualdades de g\u00e9nero. En este episodio nos acompa\u00f1an: Eugenia Guti\u00e9rrez Trejo-Slim, Marcela Landaz\u00e1bal Mora y Regina Samperio Rodr\u00edguez.<\/p>\n<p>&nbsp;<\/p>\n<p><iframe loading=\"lazy\" src=\"https:\/\/podcasters.spotify.com\/pod\/show\/en-voz-alta5\/embed\/episodes\/2--Qu-significa-a-transversalizacin-de-la-perspectiva-de-gnero-e2bc2b7\/a-aai8j21\" width=\"100%\" height=\"200px\" frameborder=\"0\" scrolling=\"no\"><\/iframe>[\/vc_column_text][vc_empty_space height=&#8221;20px&#8221;]<div class=\"hr-thin style-line\" style=\"width: 100%;border-color: #9a293b;border-top-width: 1px;\"><\/div>[\/vc_column][\/vc_row][vc_row type=&#8221;vc_default&#8221; content_placement=&#8221;middle&#8221; bg_type=&#8221;bg_color&#8221; bg_color_value=&#8221;#f2a7a7&#8243; css=&#8221;.vc_custom_1699399728715{padding-right: 32px !important;padding-left: 32px !important;}&#8221;][vc_column css=&#8221;.vc_custom_1665190374686{padding-right: -50px !important;padding-left: -50px !important;}&#8221;][vc_column_text]<b>Episodio 3. Legislativo y normativo: desde d\u00f3nde se legitima la transversalizaci\u00f3n de la perspectiva de g\u00e9nero<\/b><\/p>\n<p>Abordamos la importancia de la legislaci\u00f3n y la perspectiva de g\u00e9nero en los marcos jur\u00eddicos internacionales y nacionales, como la Declaraci\u00f3n Universal de Derechos Humanos y la Convenci\u00f3n para la Eliminaci\u00f3n de todas las Formas de Discriminaci\u00f3n Contra la Mujer. Asimismo, se resalta la diferencia entre igualdad formal y sustantiva.<\/p>\n<p>En este episodio nos acompa\u00f1a: Laura Saavedra, doctora en antropolog\u00eda especializada en cuestiones sobre g\u00e9nero y derecho.<\/p>\n<p>&nbsp;<\/p>\n<p><iframe loading=\"lazy\" src=\"https:\/\/podcasters.spotify.com\/pod\/show\/en-voz-alta5\/embed\/episodes\/3--Legislativo-y-normativo-desde-dnde-se-legitima-la-transversalizacin-de-la-perspectiva-de-gnero-e2bc2dk\/a-aai8jal\" width=\"100%\" height=\"200px\" frameborder=\"0\" scrolling=\"no\"><\/iframe>[\/vc_column_text][vc_empty_space height=&#8221;20px&#8221;]<div class=\"hr-thin style-line\" style=\"width: 100%;border-color: #9a293b;border-top-width: 1px;\"><\/div>[\/vc_column][\/vc_row][vc_row type=&#8221;vc_default&#8221; content_placement=&#8221;middle&#8221; bg_type=&#8221;bg_color&#8221; bg_color_value=&#8221;#f2a7a7&#8243; css=&#8221;.vc_custom_1699399728715{padding-right: 32px !important;padding-left: 32px !important;}&#8221;][vc_column css=&#8221;.vc_custom_1665190374686{padding-right: -50px !important;padding-left: -50px !important;}&#8221;][vc_column_text]<b>Episodio 4. Acceso a la justicia con perspectiva de g\u00e9nero<\/b><\/p>\n<p>Se destaca la importancia de la perspectiva de g\u00e9nero en la impartici\u00f3n de justicia, as\u00ed como los desaf\u00edos que implica; aunado a la necesidad de sensibilizar a las autoridades para garantizar un acceso igualitario a la justicia para todas las personas, independientemente de su g\u00e9nero.<\/p>\n<p>En este episodio nos acompa\u00f1an: Claudia Espinosa Almaguer, abogada feminista, y Gladys Morales, doctora en Ciencias Sociales.<\/p>\n<p>&nbsp;<\/p>\n<p><iframe loading=\"lazy\" src=\"https:\/\/podcasters.spotify.com\/pod\/show\/en-voz-alta5\/embed\/episodes\/4--Acceso-a-la-justicia-con-perspectiva-de-gnero-e2bc2fn\/a-aai8jhb\" width=\"100%\" height=\"200px\" frameborder=\"0\" scrolling=\"no\"><\/iframe>[\/vc_column_text][vc_empty_space height=&#8221;20px&#8221;]<div class=\"hr-thin style-line\" style=\"width: 100%;border-color: #9a293b;border-top-width: 1px;\"><\/div>[\/vc_column][\/vc_row][vc_row type=&#8221;vc_default&#8221; content_placement=&#8221;middle&#8221; bg_type=&#8221;bg_color&#8221; bg_color_value=&#8221;#f2a7a7&#8243; css=&#8221;.vc_custom_1699399728715{padding-right: 32px !important;padding-left: 32px !important;}&#8221;][vc_column css=&#8221;.vc_custom_1665190374686{padding-right: -50px !important;padding-left: -50px !important;}&#8221;][vc_column_text]<b>5. Transversalizaci\u00f3n de la perspectiva de g\u00e9nero en la salud<\/b><\/p>\n<p>Los roles y estereotipos de g\u00e9nero influyen en la b\u00fasqueda de atenci\u00f3n m\u00e9dica entre hombres y mujeres. La brecha que existe impacta en la esperanza de vida y el desarrollo de enfermedades. De ah\u00ed la necesidad de incorporar la perspectiva de g\u00e9nero en las pol\u00edticas p\u00fablicas.<\/p>\n<p>En este episodio nos acompa\u00f1an: Juan Guillermo Figueroa, doctor en Sociolog\u00eda y Demograf\u00eda, Ricardo Ayll\u00f3n, psic\u00f3logo y maestro en educaci\u00f3n humanista, y Norma San Jos\u00e9, directora de g\u00e9nero y salud del Centro Nacional de Equidad de G\u00e9nero y Salud Reproductiva de la Secretar\u00eda de Salud.<\/p>\n<p>&nbsp;<\/p>\n<p><iframe loading=\"lazy\" src=\"https:\/\/podcasters.spotify.com\/pod\/show\/en-voz-alta5\/embed\/episodes\/5--Transversalizacin-de-la-perspectiva-de-gnero-en-la-salud-e2bc2ih\/a-aai8jnk\" width=\"100%\" height=\"200px\" frameborder=\"0\" scrolling=\"no\"><\/iframe>[\/vc_column_text][vc_empty_space height=&#8221;20px&#8221;]<div class=\"hr-thin style-line\" style=\"width: 100%;border-color: #9a293b;border-top-width: 1px;\"><\/div>[\/vc_column][\/vc_row][vc_row type=&#8221;vc_default&#8221; content_placement=&#8221;middle&#8221; bg_type=&#8221;bg_color&#8221; bg_color_value=&#8221;#f2a7a7&#8243; css=&#8221;.vc_custom_1699399728715{padding-right: 32px !important;padding-left: 32px !important;}&#8221;][vc_column css=&#8221;.vc_custom_1665190374686{padding-right: -50px !important;padding-left: -50px !important;}&#8221;][vc_column_text]<b>6. La salud mental y su an\u00e1lisis desde la perspectiva de g\u00e9nero<\/b><\/p>\n<p>Existe una compleja relaci\u00f3n entre la salud mental y g\u00e9nero. La masculinidad hegem\u00f3nica, el binarismo y los estereotipos influyen en la b\u00fasqueda de ayuda psicol\u00f3gica, especialmente en los hombres.<\/p>\n<p>En este episodio nos acompa\u00f1an: Regina Samperio Rodr\u00edguez, H\u00e9ctor Meza Estrada, Diana Iris Tejadilla Orozco y Ricardo Ayll\u00f3n Gonz\u00e1lez.<\/p>\n<p>&nbsp;<\/p>\n<p><iframe loading=\"lazy\" src=\"https:\/\/podcasters.spotify.com\/pod\/show\/en-voz-alta5\/embed\/episodes\/6--La-salud-mental-y-su-anlisis-desde-la-perspectiva-de-gnero-e2bc2kl\/a-aai8jth\" width=\"100%\" height=\"200px\" frameborder=\"0\" scrolling=\"no\"><\/iframe>[\/vc_column_text][vc_empty_space height=&#8221;20px&#8221;]<div class=\"hr-thin style-line\" style=\"width: 100%;border-color: #9a293b;border-top-width: 1px;\"><\/div>[\/vc_column][\/vc_row][vc_row type=&#8221;vc_default&#8221; content_placement=&#8221;middle&#8221; disable_element=&#8221;yes&#8221; bg_type=&#8221;bg_color&#8221; bg_color_value=&#8221;#f2a7a7&#8243; css=&#8221;.vc_custom_1699486805630{padding-right: 32px !important;padding-left: 32px !important;}&#8221;][vc_column css=&#8221;.vc_custom_1665190374686{padding-right: -50px !important;padding-left: -50px !important;}&#8221;][vc_column_text]<b>Episodio 5. Transversalizaci\u00f3n de la perspectiva de g\u00e9nero en la salud<\/b><\/p>\n<p>Los roles y estereotipos de g\u00e9nero influyen en la b\u00fasqueda de atenci\u00f3n m\u00e9dica entre hombres y mujeres. La brecha que existe impacta en la esperanza de vida y el desarrollo de enfermedades. De ah\u00ed la necesidad de incorporar la perspectiva de g\u00e9nero en las pol\u00edticas p\u00fablicas. En este episodio nos acompa\u00f1an: Juan Guillermo Figueroa, doctor en Sociolog\u00eda y Demograf\u00eda, Ricardo Ayll\u00f3n, psic\u00f3logo y maestro en educaci\u00f3n humanista, y Norma San Jos\u00e9, directora de g\u00e9nero y salud del Centro Nacional de Equidad de G\u00e9nero y Salud Reproductiva de la Secretar\u00eda de Salud.<\/p>\n<p>&nbsp;<\/p>\n<p><iframe loading=\"lazy\" src=\"https:\/\/podcasters.spotify.com\/pod\/show\/en-voz-alta5\/embed\/episodes\/4--Acceso-a-la-justicia-con-perspectiva-de-gnero-e2bc2fn\/a-aai8jhb\" width=\"100%\" height=\"200px\" frameborder=\"0\" scrolling=\"no\"><\/iframe>[\/vc_column_text][\/vc_column][\/vc_row][vc_row][vc_column][vc_empty_space height=&#8221;20px&#8221;]<div class=\"hr-thin style-line\" style=\"width: 100%;border-top-width: 1px;\"><\/div>[vc_empty_space height=&#8221;20px&#8221;][\/vc_column][\/vc_row][vc_row][vc_column width=&#8221;1\/2&#8243;][vc_single_image image=&#8221;34188&#8243; img_size=&#8221;full&#8221; onclick=&#8221;custom_link&#8221; img_link_target=&#8221;_blank&#8221; link=&#8221;https:\/\/www.imer.mx\/micrositios\/en-voz-alta\/&#8221;][\/vc_column][vc_column width=&#8221;1\/2&#8243;][vc_single_image image=&#8221;34189&#8243; img_size=&#8221;full&#8221; onclick=&#8221;custom_link&#8221; img_link_target=&#8221;_blank&#8221; link=&#8221;https:\/\/www.imer.mx\/micrositios\/en-voz-alta-construyendo-conciencias-temporada-2\/&#8221;][\/vc_column][\/vc_row]<\/p>\n<\/div>","protected":false},"excerpt":{"rendered":"<p>[vc_row][vc_column css=&#8221;.vc_custom_1598089324173{margin-top: -50px !important;}&#8221;][vc_single_image image=&#8221;35081&#8243; img_size=&#8221;full&#8221; alignment=&#8221;center&#8221; css=&#8221;&#8221;][\/vc_column][\/vc_row][vc_row][vc_column][vc_custom_heading text=&#8221;En voz alta\u2026 Construyendo conciencias&#8221; font_container=&#8221;tag:h2|font_size:30|text_align:left&#8221; google_fonts=&#8221;font_family:Montserrat%3Aregular%2C700|font_style:700%20bold%20regular%3A700%3Anormal&#8221;][vc_custom_heading text=&#8221;Temporada 3&#8243; font_container=&#8221;tag:h2|font_size:30|text_align:left|color:%239a1938&#8243; google_fonts=&#8221;font_family:Montserrat%3Aregular%2C700|font_style:700%20bold%20regular%3A700%3Anormal&#8221;][vc_empty_space][\/vc_column][\/vc_row][vc_row][vc_column][vc_column_text]La serie de podcast En Voz Alta\u2026 Construyendo consciencias ofrece una mirada profunda y reflexiva sobre la perspectiva y transversalizaci\u00f3n de g\u00e9nero en m\u00faltiples aspectos de la sociedad como la salud, la educaci\u00f3n, la justicia y la&hellip;<\/p>\n","protected":false},"author":1,"featured_media":0,"parent":0,"menu_order":0,"comment_status":"closed","ping_status":"closed","template":"","meta":{"wp_popup_display_lightbox":0,"wp_popup_suppress":"","wp_popup_trigger":"","wp_popup_trigger_amount":0,"wp_popup_disable_on_mobile":false,"footnotes":""},"class_list":["post-34187","page","type-page","status-publish","hentry","description-off"],"_links":{"self":[{"href":"https:\/\/www.imer.mx\/micrositios\/wp-json\/wp\/v2\/pages\/34187","targetHints":{"allow":["GET"]}}],"collection":[{"href":"https:\/\/www.imer.mx\/micrositios\/wp-json\/wp\/v2\/pages"}],"about":[{"href":"https:\/\/www.imer.mx\/micrositios\/wp-json\/wp\/v2\/types\/page"}],"author":[{"embeddable":true,"href":"https:\/\/www.imer.mx\/micrositios\/wp-json\/wp\/v2\/users\/1"}],"replies":[{"embeddable":true,"href":"https:\/\/www.imer.mx\/micrositios\/wp-json\/wp\/v2\/comments?post=34187"}],"version-history":[{"count":3,"href":"https:\/\/www.imer.mx\/micrositios\/wp-json\/wp\/v2\/pages\/34187\/revisions"}],"predecessor-version":[{"id":35082,"href":"https:\/\/www.imer.mx\/micrositios\/wp-json\/wp\/v2\/pages\/34187\/revisions\/35082"}],"wp:attachment":[{"href":"https:\/\/www.imer.mx\/micrositios\/wp-json\/wp\/v2\/media?parent=34187"}],"curies":[{"name":"wp","href":"https:\/\/api.w.org\/{rel}","templated":true}]}}