{"id":33502,"date":"2023-03-29T16:34:07","date_gmt":"2023-03-29T22:34:07","guid":{"rendered":"https:\/\/www.imer.mx\/micrositios\/?page_id=33502"},"modified":"2023-03-29T16:42:50","modified_gmt":"2023-03-29T22:42:50","slug":"amplificando-nuestras-voces-chiapas","status":"publish","type":"page","link":"https:\/\/www.imer.mx\/micrositios\/amplificando-nuestras-voces-chiapas\/","title":{"rendered":"Amplificando nuestras voces &#8211; Chiapas"},"content":{"rendered":"<div class=\"wpb-content-wrapper\"><p>[vc_row][vc_column css=&#8221;.vc_custom_1598089324173{margin-top: -50px !important;}&#8221;][vc_single_image image=&#8221;33506&#8243; img_size=&#8221;full&#8221; alignment=&#8221;center&#8221;][\/vc_column][\/vc_row][vc_row][vc_column][vc_custom_heading text=&#8221;Amplificando nuestras voces &#8211; Chiapas&#8221; font_container=&#8221;tag:h2|font_size:30|text_align:left&#8221; google_fonts=&#8221;font_family:Montserrat%3Aregular%2C700|font_style:700%20bold%20regular%3A700%3Anormal&#8221;][vc_empty_space][\/vc_column][\/vc_row][vc_row][vc_column][vc_column_text]<span style=\"font-weight: 400;\">Amplificando nuestras voces es el resultado de los talleres que el Instituto Mexicano de la Radio (IMER), con el apoyo de USAID, ofreci\u00f3 a personas defensoras del territorio en Chiapas, con el objetivo de compartir el conocimiento del quehacer radiof\u00f3nico para que puedan ponerle voz a sus historias. Aqu\u00ed pueden escuchar el resultado de este trabajo colectivo. <\/span>[\/vc_column_text][\/vc_column][\/vc_row][vc_row][vc_column][vc_empty_space height=&#8221;20px&#8221;]<div class=\"hr-thin style-line\" style=\"width: 100%;border-top-width: 1px;\"><\/div>[vc_empty_space height=&#8221;20px&#8221;][\/vc_column][\/vc_row][vc_row type=&#8221;vc_default&#8221; content_placement=&#8221;middle&#8221; bg_type=&#8221;image&#8221;][vc_column css=&#8221;.vc_custom_1665190374686{padding-right: -50px !important;padding-left: -50px !important;}&#8221;][vc_column_text]<\/p>\n<div><b>1. Parteras: que las mujeres decidan con qui\u00e9n parir\u00a0<\/b><\/div>\n<div>\n<p><span style=\"font-weight: 400;\">\u00a0<\/span><\/p>\n<p><span style=\"font-weight: 400;\">El primer territorio de defensa de las mujeres es su propio cuerpo. De all\u00ed que reclamar su derecho a decidir c\u00f3mo y con qui\u00e9n parir es la lucha que han emprendido organizaciones de mujeres ind\u00edgenas de Chiapas, integradas en el movimiento Nich Ixim. En esta producci\u00f3n conoceremos sus razones para la defensa de un saber y una pr\u00e1ctica milenaria. Elaborado por Red de Parteras Nix Ixim.<\/span><\/p>\n<p>&nbsp;<\/p>\n<\/div>\n<p><iframe loading=\"lazy\" style=\"border-radius: 12px;\" src=\"https:\/\/open.spotify.com\/embed\/episode\/5N59Z0hJ5kBPMiGWL89q3O?utm_source=generator\" width=\"100%\" height=\"352\" frameborder=\"0\" allowfullscreen=\"allowfullscreen\"><\/iframe>[\/vc_column_text][\/vc_column][\/vc_row][vc_row][vc_column][vc_empty_space height=&#8221;20px&#8221;]<div class=\"hr-thin style-line\" style=\"width: 100%;border-top-width: 1px;\"><\/div>[vc_empty_space height=&#8221;20px&#8221;][\/vc_column][\/vc_row][vc_row type=&#8221;vc_default&#8221; content_placement=&#8221;middle&#8221; bg_type=&#8221;image&#8221;][vc_column css=&#8221;.vc_custom_1665190374686{padding-right: -50px !important;padding-left: -50px !important;}&#8221;][vc_column_text]<\/p>\n<div><b><b>2. <\/b><\/b><b>Miquea y Tirsa: mujeres zoques en defensa del territorio\u00a0<\/b><\/div>\n<div>\n<p><span style=\"font-weight: 400;\">\u00a0<\/span><\/p>\n<p><span style=\"font-weight: 400;\">Las mujeres defienden la Tierra y sus recursos. Miquea y Tirsa S\u00e1nchez, mujeres zoques, salieron un d\u00eda de su comunidad para seguir sus estudios. A las dos las llam\u00f3 de vuelta su cultura, su comunidad. Volvieron para organizarse y emprender la defensa de la tierra frente a cualquier actividad extractiva, pese a riesgos y amenazas. Elaborado por Defensoras de Nasakobajk<\/span><\/p>\n<p>&nbsp;<\/p>\n<\/div>\n<p><iframe loading=\"lazy\" style=\"border-radius: 12px;\" src=\"https:\/\/open.spotify.com\/embed\/episode\/7vn3L6A7SHslWVKFoWzm06?utm_source=generator\" width=\"100%\" height=\"352\" frameborder=\"0\" allowfullscreen=\"allowfullscreen\"><\/iframe>[\/vc_column_text][\/vc_column][\/vc_row][vc_row][vc_column][vc_empty_space height=&#8221;20px&#8221;]<div class=\"hr-thin style-line\" style=\"width: 100%;border-top-width: 1px;\"><\/div>[vc_empty_space height=&#8221;20px&#8221;][\/vc_column][\/vc_row][vc_row type=&#8221;vc_default&#8221; content_placement=&#8221;middle&#8221; bg_type=&#8221;image&#8221;][vc_column css=&#8221;.vc_custom_1665190374686{padding-right: -50px !important;padding-left: -50px !important;}&#8221;][vc_column_text]<\/p>\n<div><b><b>3. <\/b><\/b><b>El cine como expresi\u00f3n de identidad<\/b><\/div>\n<div><\/div>\n<div>\n<p><span style=\"font-weight: 400;\"> La defensa de la identidad. Esa es la labor de Ana Mar\u00eda Vazquez, mujer tzotzil que retrata el poder de las mujeres ind\u00edgenas a trav\u00e9s de las im\u00e1genes. El cine y la fotograf\u00eda son su herramienta de denuncia y de lucha. Su mirada cuestiona el destino que los usos y costumbres imponen a las mujeres de las comunidades cuyos sue\u00f1os rescata en sus historias. Elaborado por Boca de Polen.<\/span><\/p>\n<p>&nbsp;<\/p>\n<\/div>\n<p><iframe loading=\"lazy\" style=\"border-radius: 12px;\" src=\"https:\/\/open.spotify.com\/embed\/episode\/2IJwWzVTFI0VW2e1wITxwL?utm_source=generator\" width=\"100%\" height=\"352\" frameborder=\"0\" allowfullscreen=\"allowfullscreen\"><\/iframe>[\/vc_column_text][\/vc_column][\/vc_row]<\/p>\n<\/div>","protected":false},"excerpt":{"rendered":"<p>[vc_row][vc_column css=&#8221;.vc_custom_1598089324173{margin-top: -50px !important;}&#8221;][vc_single_image image=&#8221;33506&#8243; img_size=&#8221;full&#8221; alignment=&#8221;center&#8221;][\/vc_column][\/vc_row][vc_row][vc_column][vc_custom_heading text=&#8221;Amplificando nuestras voces &#8211; Chiapas&#8221; font_container=&#8221;tag:h2|font_size:30|text_align:left&#8221; google_fonts=&#8221;font_family:Montserrat%3Aregular%2C700|font_style:700%20bold%20regular%3A700%3Anormal&#8221;][vc_empty_space][\/vc_column][\/vc_row][vc_row][vc_column][vc_column_text]Amplificando nuestras voces es el resultado de los talleres que el Instituto Mexicano de la Radio (IMER), con el apoyo de USAID, ofreci\u00f3 a personas defensoras del territorio en Chiapas, con el objetivo de compartir el conocimiento del quehacer radiof\u00f3nico para que&hellip;<\/p>\n","protected":false},"author":1,"featured_media":0,"parent":0,"menu_order":0,"comment_status":"closed","ping_status":"closed","template":"","meta":{"wp_popup_display_lightbox":0,"wp_popup_suppress":"","wp_popup_trigger":"","wp_popup_trigger_amount":0,"wp_popup_disable_on_mobile":false,"footnotes":""},"class_list":["post-33502","page","type-page","status-publish","hentry","description-off"],"_links":{"self":[{"href":"https:\/\/www.imer.mx\/micrositios\/wp-json\/wp\/v2\/pages\/33502","targetHints":{"allow":["GET"]}}],"collection":[{"href":"https:\/\/www.imer.mx\/micrositios\/wp-json\/wp\/v2\/pages"}],"about":[{"href":"https:\/\/www.imer.mx\/micrositios\/wp-json\/wp\/v2\/types\/page"}],"author":[{"embeddable":true,"href":"https:\/\/www.imer.mx\/micrositios\/wp-json\/wp\/v2\/users\/1"}],"replies":[{"embeddable":true,"href":"https:\/\/www.imer.mx\/micrositios\/wp-json\/wp\/v2\/comments?post=33502"}],"version-history":[{"count":3,"href":"https:\/\/www.imer.mx\/micrositios\/wp-json\/wp\/v2\/pages\/33502\/revisions"}],"predecessor-version":[{"id":33507,"href":"https:\/\/www.imer.mx\/micrositios\/wp-json\/wp\/v2\/pages\/33502\/revisions\/33507"}],"wp:attachment":[{"href":"https:\/\/www.imer.mx\/micrositios\/wp-json\/wp\/v2\/media?parent=33502"}],"curies":[{"name":"wp","href":"https:\/\/api.w.org\/{rel}","templated":true}]}}