{"id":33494,"date":"2023-03-29T16:22:21","date_gmt":"2023-03-29T22:22:21","guid":{"rendered":"https:\/\/www.imer.mx\/micrositios\/?page_id=33494"},"modified":"2023-03-29T16:27:14","modified_gmt":"2023-03-29T22:27:14","slug":"en-voz-alta-construyendo-conciencias-temporada-2","status":"publish","type":"page","link":"https:\/\/www.imer.mx\/micrositios\/en-voz-alta-construyendo-conciencias-temporada-2\/","title":{"rendered":"En voz alta\u2026 Construyendo conciencias Temporada 2"},"content":{"rendered":"<div class=\"wpb-content-wrapper\"><p>[vc_row][vc_column css=&#8221;.vc_custom_1598089324173{margin-top: -50px !important;}&#8221;][vc_single_image image=&#8221;33500&#8243; img_size=&#8221;full&#8221; alignment=&#8221;center&#8221;][\/vc_column][\/vc_row][vc_row][vc_column][vc_custom_heading text=&#8221;En voz alta\u2026 Construyendo conciencias Temporada 2&#8243; font_container=&#8221;tag:h2|font_size:30|text_align:left&#8221; google_fonts=&#8221;font_family:Montserrat%3Aregular%2C700|font_style:700%20bold%20regular%3A700%3Anormal&#8221;][vc_empty_space][\/vc_column][\/vc_row][vc_row][vc_column][vc_column_text]<span style=\"font-weight: 400;\">Hablemos <\/span><i><span style=\"font-weight: 400;\">En voz alta<\/span><\/i><span style=\"font-weight: 400;\"> sobre la violencia de g\u00e9nero, la desigualdad y la discriminaci\u00f3n que viven cada d\u00eda y en distintos espacios millones de mujeres. En esta segunda temporada del p\u00f3dcast producido por la Universidad Abierta y a Distancia de M\u00e9xico, en colaboraci\u00f3n remunerada con Grupo IMER, continuamos la charla con Ang\u00e9lica Soriano y Mario Bejos para conocer y reflexionar la violencia de g\u00e9nero, y ampliamos las perspectivas con el acompa\u00f1amiento de Elia Garc\u00eda y Jos\u00e9 V\u00e1zquez, para construir sociedades m\u00e1s incluyentes, m\u00e1s igualitarias, menos violentas.<\/span>[\/vc_column_text][\/vc_column][\/vc_row][vc_row][vc_column][vc_empty_space height=&#8221;20px&#8221;]<div class=\"hr-thin style-line\" style=\"width: 100%;border-top-width: 1px;\"><\/div>[vc_empty_space height=&#8221;20px&#8221;][\/vc_column][\/vc_row][vc_row type=&#8221;vc_default&#8221; content_placement=&#8221;middle&#8221; bg_type=&#8221;image&#8221;][vc_column css=&#8221;.vc_custom_1665190374686{padding-right: -50px !important;padding-left: -50px !important;}&#8221;][vc_column_text]<\/p>\n<div><b>1. Interseccionalidad y g\u00e9nero<\/b><\/div>\n<div><\/div>\n<div>\n<p class=\"v1MsoNormal\"><span style=\"font-weight: 400;\">\u00bfInter\u2026 qu\u00e9? Hablar de interseccionalidad es necesario, no porque sea un tema de moda, sino porque es fundamental tener en cuenta todas las condiciones que atraviesan a las mujeres, como la discapacidad, el origen \u00e9tnico, el estatus migratorio, y que multiplican las discriminaciones y la desigualdad de la que son v\u00edctimas.<\/span><\/p>\n<p>&nbsp;<\/p>\n<\/div>\n<p>&nbsp;<\/p>\n<p><iframe loading=\"lazy\" style=\"border-radius: 12px;\" src=\"https:\/\/open.spotify.com\/embed\/episode\/368LrSHnp6on5wkiAgm6Qp?utm_source=generator\" width=\"100%\" height=\"352\" frameborder=\"0\" allowfullscreen=\"allowfullscreen\"><\/iframe>[\/vc_column_text][\/vc_column][\/vc_row][vc_row][vc_column][vc_empty_space height=&#8221;20px&#8221;]<div class=\"hr-thin style-line\" style=\"width: 100%;border-top-width: 1px;\"><\/div>[vc_empty_space height=&#8221;20px&#8221;][\/vc_column][\/vc_row][vc_row][vc_column][vc_column_text]<b>Cr\u00e9ditos:<\/b><\/p>\n<p><strong>Conducci\u00f3n:<\/strong> Ang\u00e9lica Soriano, Mario Bejos, Elia Garc\u00eda, y Jos\u00e9 V\u00e1zquez<\/p>\n<p><strong>Investigaci\u00f3n y gui\u00f3n:<\/strong> Martha Aguilar<\/p>\n<p><strong>Producci\u00f3n:<\/strong> Jos\u00e9 S\u00e1nchez<\/p>\n<p><strong>Coordinaci\u00f3n:<\/strong> Martha Aguilar, Carolina Dur\u00e1n y Jos\u00e9 S\u00e1nchez\u2013 Grupo IMER<\/p>\n<p>Jos\u00e9 V\u00e1zquez- colaborador de la Universidad Abierta y a Distancia de M\u00e9xico<\/p>\n<p>[\/vc_column_text][\/vc_column][\/vc_row][vc_row][vc_column][\/vc_column][\/vc_row]<\/p>\n<\/div>","protected":false},"excerpt":{"rendered":"<p>[vc_row][vc_column css=&#8221;.vc_custom_1598089324173{margin-top: -50px !important;}&#8221;][vc_single_image image=&#8221;33500&#8243; img_size=&#8221;full&#8221; alignment=&#8221;center&#8221;][\/vc_column][\/vc_row][vc_row][vc_column][vc_custom_heading text=&#8221;En voz alta\u2026 Construyendo conciencias Temporada 2&#8243; font_container=&#8221;tag:h2|font_size:30|text_align:left&#8221; google_fonts=&#8221;font_family:Montserrat%3Aregular%2C700|font_style:700%20bold%20regular%3A700%3Anormal&#8221;][vc_empty_space][\/vc_column][\/vc_row][vc_row][vc_column][vc_column_text]Hablemos En voz alta sobre la violencia de g\u00e9nero, la desigualdad y la discriminaci\u00f3n que viven cada d\u00eda y en distintos espacios millones de mujeres. En esta segunda temporada del p\u00f3dcast producido por la Universidad Abierta y a Distancia de&hellip;<\/p>\n","protected":false},"author":1,"featured_media":0,"parent":0,"menu_order":0,"comment_status":"closed","ping_status":"closed","template":"","meta":{"wp_popup_display_lightbox":0,"wp_popup_suppress":"","wp_popup_trigger":"","wp_popup_trigger_amount":0,"wp_popup_disable_on_mobile":false,"footnotes":""},"class_list":["post-33494","page","type-page","status-publish","hentry","description-off"],"_links":{"self":[{"href":"https:\/\/www.imer.mx\/micrositios\/wp-json\/wp\/v2\/pages\/33494","targetHints":{"allow":["GET"]}}],"collection":[{"href":"https:\/\/www.imer.mx\/micrositios\/wp-json\/wp\/v2\/pages"}],"about":[{"href":"https:\/\/www.imer.mx\/micrositios\/wp-json\/wp\/v2\/types\/page"}],"author":[{"embeddable":true,"href":"https:\/\/www.imer.mx\/micrositios\/wp-json\/wp\/v2\/users\/1"}],"replies":[{"embeddable":true,"href":"https:\/\/www.imer.mx\/micrositios\/wp-json\/wp\/v2\/comments?post=33494"}],"version-history":[{"count":3,"href":"https:\/\/www.imer.mx\/micrositios\/wp-json\/wp\/v2\/pages\/33494\/revisions"}],"predecessor-version":[{"id":33501,"href":"https:\/\/www.imer.mx\/micrositios\/wp-json\/wp\/v2\/pages\/33494\/revisions\/33501"}],"wp:attachment":[{"href":"https:\/\/www.imer.mx\/micrositios\/wp-json\/wp\/v2\/media?parent=33494"}],"curies":[{"name":"wp","href":"https:\/\/api.w.org\/{rel}","templated":true}]}}