{"id":33458,"date":"2023-03-28T19:17:27","date_gmt":"2023-03-29T01:17:27","guid":{"rendered":"https:\/\/www.imer.mx\/micrositios\/?page_id=33458"},"modified":"2023-03-29T16:14:29","modified_gmt":"2023-03-29T22:14:29","slug":"verde-sera","status":"publish","type":"page","link":"https:\/\/www.imer.mx\/micrositios\/verde-sera\/","title":{"rendered":"Verde Ser\u00e1"},"content":{"rendered":"<div class=\"wpb-content-wrapper\"><p>[vc_row][vc_column css=&#8221;.vc_custom_1598089324173{margin-top: -50px !important;}&#8221;][vc_single_image image=&#8221;33460&#8243; img_size=&#8221;full&#8221; alignment=&#8221;center&#8221;][\/vc_column][\/vc_row][vc_row][vc_column][vc_custom_heading text=&#8221;Verde Ser\u00e1&#8221; font_container=&#8221;tag:h2|font_size:30|text_align:left&#8221; google_fonts=&#8221;font_family:Montserrat%3Aregular%2C700|font_style:700%20bold%20regular%3A700%3Anormal&#8221;][vc_empty_space][\/vc_column][\/vc_row][vc_row][vc_column][vc_column_text]<span style=\"font-weight: 400;\">Tenemos el tiempo encima para tratar de frenar el da\u00f1o que le hemos hecho a nuestro planeta. Por eso, necesitamos escuchar informaci\u00f3n que nos ponga en marcha para tener un mundo sostenible y habitable. Este p\u00f3dcast producido por la Universidad Abierta y a Distancia de M\u00e9xico, en colaboraci\u00f3n remunerada con Grupo IMER, consta de 11 episodios en los que Aleida Calleja y Cuauht\u00e9moc Le\u00f3n nos invitan a explorar diferentes perspectivas sobre temas ambientales, que permitan promover el di\u00e1logo y el debate constructivo, al mismo tiempo que encontramos soluciones pr\u00e1cticas para reducir nuestro impacto ambiental.<\/span><\/p>\n<p>[\/vc_column_text][\/vc_column][\/vc_row][vc_row][vc_column][vc_empty_space height=&#8221;20px&#8221;]<div class=\"hr-thin style-line\" style=\"width: 100%;border-top-width: 1px;\"><\/div>[vc_empty_space height=&#8221;20px&#8221;][\/vc_column][\/vc_row][vc_row type=&#8221;vc_default&#8221; content_placement=&#8221;middle&#8221; bg_type=&#8221;image&#8221;][vc_column css=&#8221;.vc_custom_1665190374686{padding-right: -50px !important;padding-left: -50px !important;}&#8221;][vc_column_text]<\/p>\n<div>\n<p class=\"v1MsoNormal\"><b><span style=\"font-family: Arial;\">1. \u00a0Econom\u00eda circular<\/span><\/b><\/p>\n<p class=\"v1MsoNormal\"><span style=\"font-weight: 400;\">Es posible cubrir las necesidades de las personas sin deteriorar m\u00e1s al planeta. Una opci\u00f3n es extender la vida de productos y materiales. En este primer episodio participa Marina Robles titular de la Secretar\u00eda de Medio Ambiente de la Ciudad de M\u00e9xico.<\/span><\/p>\n<\/div>\n<div>\n<p>&nbsp;<\/p>\n<\/div>\n<p><iframe loading=\"lazy\" style=\"border-radius: 12px;\" src=\"https:\/\/open.spotify.com\/embed\/episode\/5lEuC00vW6IgM2zrZ44Zfb?utm_source=generator\" width=\"100%\" height=\"352\" frameborder=\"0\" allowfullscreen=\"allowfullscreen\"><\/iframe>[\/vc_column_text][\/vc_column][\/vc_row][vc_row][vc_column][vc_empty_space height=&#8221;20px&#8221;]<div class=\"hr-thin style-line\" style=\"width: 100%;border-top-width: 1px;\"><\/div>[vc_empty_space height=&#8221;20px&#8221;][\/vc_column][\/vc_row][vc_row][vc_column][vc_column_text]<b>Cr\u00e9ditos:<\/b><\/p>\n<p><span style=\"font-weight: 400;\"><em><strong>Conducci\u00f3n:<\/strong><\/em> Aleida Calleja y Cuauht\u00e9moc Le\u00f3n<\/span><\/p>\n<p><span style=\"font-weight: 400;\"><em><strong>Investigaci\u00f3n y guion:<\/strong> <\/em>Eugenio Fern\u00e1ndez<\/span><\/p>\n<p><span style=\"font-weight: 400;\"><em><strong>Producci\u00f3n:<\/strong><\/em> Alicia Rodr\u00edguez<\/span><\/p>\n<p><span style=\"font-weight: 400;\"><em><strong>Coordinaci\u00f3n:<\/strong><\/em> Maricruz Zamora \u2013 Grupo IMER<\/span><\/p>\n<p>[\/vc_column_text][\/vc_column][\/vc_row][vc_row type=&#8221;vc_default&#8221; full_width=&#8221;stretch_row&#8221; bg_type=&#8221;grad&#8221; bg_grad=&#8221;background: -webkit-gradient(linear, left top, left bottom, color-stop(0%, #79AB29), color-stop(100%, #F7FAD0));background: -moz-linear-gradient(top,#79AB29 0%,#F7FAD0 100%);background: -webkit-linear-gradient(top,#79AB29 0%,#F7FAD0 100%);background: -o-linear-gradient(top,#79AB29 0%,#F7FAD0 100%);background: -ms-linear-gradient(top,#79AB29 0%,#F7FAD0 100%);background: linear-gradient(top,#79AB29 0%,#F7FAD0 100%);&#8221;][vc_column width=&#8221;1\/2&#8243;][vc_custom_heading text=&#8221;Aleida Calleja&#8221; font_container=&#8221;tag:h2|font_size:28|text_align:left|color:%23ffffff&#8221; google_fonts=&#8221;font_family:Montserrat%3Aregular%2C700|font_style:700%20bold%20regular%3A700%3Anormal&#8221;][vc_empty_space height=&#8221;30px&#8221;][vc_column_text]<span style=\"font-weight: 400;\">Comunicadora social y analista de medios de comunicaci\u00f3n. Directora del Instituto Mexicano de la Radio desde el 2019, y fundadora de la radio de la Sierra Norte de Puebla. Fue presidenta de la Asociaci\u00f3n Mexicana de Derecho a la Informaci\u00f3n (AMEDI) y de la Asociaci\u00f3n Civil Comunicaci\u00f3n Comunitaria. Tambi\u00e9n es coautora de diversos libros entre los que se encuentran <\/span><i><span style=\"font-weight: 400;\">No m\u00e1s medios a medias. Participaci\u00f3n ciudadana en la revisi\u00f3n integral de la legislaci\u00f3n de medios electr\u00f3nicos <\/span><\/i><span style=\"font-weight: 400;\">y <\/span><i><span style=\"font-weight: 400;\">Con Permiso. La radio comunitaria en M\u00e9xico<\/span><\/i><span style=\"font-weight: 400;\">.<\/span>[\/vc_column_text][\/vc_column][vc_column width=&#8221;1\/2&#8243;][vc_single_image image=&#8221;33492&#8243; img_size=&#8221;full&#8221; style=&#8221;vc_box_circle_2&#8243; css_animation=&#8221;bounceIn&#8221;][vc_empty_space height=&#8221;28px&#8221;][\/vc_column][\/vc_row][vc_row type=&#8221;vc_default&#8221; full_width=&#8221;stretch_row&#8221; bg_type=&#8221;grad&#8221; bg_grad=&#8221;background: -webkit-gradient(linear, left top, left bottom, color-stop(0%, #79AB29), color-stop(100%, #F7FAD0));background: -moz-linear-gradient(top,#79AB29 0%,#F7FAD0 100%);background: -webkit-linear-gradient(top,#79AB29 0%,#F7FAD0 100%);background: -o-linear-gradient(top,#79AB29 0%,#F7FAD0 100%);background: -ms-linear-gradient(top,#79AB29 0%,#F7FAD0 100%);background: linear-gradient(top,#79AB29 0%,#F7FAD0 100%);&#8221; css=&#8221;.vc_custom_1680127557727{margin-bottom: -70px !important;}&#8221;][vc_column width=&#8221;1\/2&#8243;][vc_custom_heading text=&#8221;Cuauht\u00e9moc Le\u00f3n&#8221; font_container=&#8221;tag:h2|font_size:28|text_align:left|color:%23ffffff&#8221; google_fonts=&#8221;font_family:Montserrat%3Aregular%2C700|font_style:700%20bold%20regular%3A700%3Anormal&#8221;][vc_empty_space height=&#8221;30px&#8221;][vc_column_text]<span style=\"font-weight: 400;\">Doctor en Medio Ambiente (UNAM) y egresado del Programa de Estudios Avanzados en Medio Ambiente y Desarrollo (Programa LEAD-M\u00e9xico, El Colegio de M\u00e9xico). Desde hace m\u00e1s de diez a\u00f1os ha conducido una parte importante de sus investigaciones y trabajos de gesti\u00f3n vinculados al impulso de pr\u00e1cticas productivas sustentables, pol\u00edticas p\u00fablicas asociadas al medio ambiente y sobre todo en los temas de cambio clim\u00e1tico y adaptaci\u00f3n.<\/span><\/p>\n<p><span style=\"font-weight: 400;\">Es parte de una extensa red de especialistas internacionales con los que trabaja de manera interdisciplinaria en manejo alternativo de conflictos, evaluaci\u00f3n de recursos naturales, creaci\u00f3n de indicadores y modelaci\u00f3n de sistemas socioambientales.<\/span>[\/vc_column_text][\/vc_column][vc_column width=&#8221;1\/2&#8243;][vc_single_image image=&#8221;33488&#8243; img_size=&#8221;full&#8221; style=&#8221;vc_box_circle_2&#8243; css_animation=&#8221;bounceIn&#8221;][vc_empty_space height=&#8221;28px&#8221;][\/vc_column][\/vc_row]<\/p>\n<\/div>","protected":false},"excerpt":{"rendered":"<p>[vc_row][vc_column css=&#8221;.vc_custom_1598089324173{margin-top: -50px !important;}&#8221;][vc_single_image image=&#8221;33460&#8243; img_size=&#8221;full&#8221; alignment=&#8221;center&#8221;][\/vc_column][\/vc_row][vc_row][vc_column][vc_custom_heading text=&#8221;Verde Ser\u00e1&#8221; font_container=&#8221;tag:h2|font_size:30|text_align:left&#8221; google_fonts=&#8221;font_family:Montserrat%3Aregular%2C700|font_style:700%20bold%20regular%3A700%3Anormal&#8221;][vc_empty_space][\/vc_column][\/vc_row][vc_row][vc_column][vc_column_text]Tenemos el tiempo encima para tratar de frenar el da\u00f1o que le hemos hecho a nuestro planeta. Por eso, necesitamos escuchar informaci\u00f3n que nos ponga en marcha para tener un mundo sostenible y habitable. Este p\u00f3dcast producido por la Universidad Abierta y a Distancia de&hellip;<\/p>\n","protected":false},"author":1,"featured_media":0,"parent":0,"menu_order":0,"comment_status":"closed","ping_status":"closed","template":"","meta":{"wp_popup_display_lightbox":0,"wp_popup_suppress":"","wp_popup_trigger":"","wp_popup_trigger_amount":0,"wp_popup_disable_on_mobile":false,"footnotes":""},"class_list":["post-33458","page","type-page","status-publish","hentry","description-off"],"_links":{"self":[{"href":"https:\/\/www.imer.mx\/micrositios\/wp-json\/wp\/v2\/pages\/33458","targetHints":{"allow":["GET"]}}],"collection":[{"href":"https:\/\/www.imer.mx\/micrositios\/wp-json\/wp\/v2\/pages"}],"about":[{"href":"https:\/\/www.imer.mx\/micrositios\/wp-json\/wp\/v2\/types\/page"}],"author":[{"embeddable":true,"href":"https:\/\/www.imer.mx\/micrositios\/wp-json\/wp\/v2\/users\/1"}],"replies":[{"embeddable":true,"href":"https:\/\/www.imer.mx\/micrositios\/wp-json\/wp\/v2\/comments?post=33458"}],"version-history":[{"count":3,"href":"https:\/\/www.imer.mx\/micrositios\/wp-json\/wp\/v2\/pages\/33458\/revisions"}],"predecessor-version":[{"id":33493,"href":"https:\/\/www.imer.mx\/micrositios\/wp-json\/wp\/v2\/pages\/33458\/revisions\/33493"}],"wp:attachment":[{"href":"https:\/\/www.imer.mx\/micrositios\/wp-json\/wp\/v2\/media?parent=33458"}],"curies":[{"name":"wp","href":"https:\/\/api.w.org\/{rel}","templated":true}]}}