{"id":30801,"date":"2021-08-24T00:00:05","date_gmt":"2021-08-24T05:00:05","guid":{"rendered":"https:\/\/www.imer.mx\/micrositios\/?page_id=30801"},"modified":"2021-08-20T18:58:48","modified_gmt":"2021-08-20T23:58:48","slug":"200-anos-de-la-firma-de-los-tratados-de-cordoba","status":"publish","type":"page","link":"https:\/\/www.imer.mx\/micrositios\/200-anos-de-la-firma-de-los-tratados-de-cordoba\/","title":{"rendered":"200 A\u00d1OS DE LA FIRMA DE LOS TRATADOS DE C\u00d3RDOBA"},"content":{"rendered":"<div class=\"wpb-content-wrapper\"><p>[vc_row type=&#8221;vc_default&#8221; css=&#8221;.vc_custom_1629502933359{margin-top: -50px !important;}&#8221;][vc_column css=&#8221;.vc_custom_1620761363973{margin-top: -50px !important;}&#8221;]\n\t\t\t<!-- START Tratados de C\u00f3rdoba REVOLUTION SLIDER 6.7.38 --><p class=\"rs-p-wp-fix\"><\/p>\n\t\t\t<rs-module-wrap id=\"rev_slider_7_1_wrapper\" data-source=\"gallery\" style=\"visibility:hidden;background:transparent;padding:0;\">\n\t\t\t\t<rs-module id=\"rev_slider_7_1\" style=\"\" data-version=\"6.7.38\">\n\t\t\t\t\t<rs-slides style=\"overflow: hidden; position: absolute;\">\n\t\t\t\t\t\t<rs-slide style=\"position: absolute;\" data-key=\"rs-11\" data-title=\"Slide\" data-anim=\"adpr:false;\" data-in=\"o:0;\" data-out=\"a:false;\">\n\t\t\t\t\t\t\t<img decoding=\"async\" src=\"\/\/www.imer.mx\/micrositios\/wp-content\/plugins\/revslider\/sr6\/assets\/assets\/dummy.png\" alt=\"\" title=\"imagen_cortinilla_tratados_cordoba_imer\" width=\"3856\" height=\"2160\" class=\"rev-slidebg tp-rs-img rs-lazyload\" data-lazyload=\"\/\/www.imer.mx\/micrositios\/wp-content\/uploads\/sites\/49\/imagen_cortinilla_tratados_cordoba_imer.png\" data-no-retina>\n\t\t\t\t\t\t\t<rs-bgvideo \n\t\t\t\t\t\t\t\tdata-video=\"w:100%;h:100%;nse:false;l:loop;ptimer:true;vfc:true;\"\n\t\t\t\t\t\t\t\tdata-mp4=\"\/\/www.imer.mx\/micrositios\/wp-content\/uploads\/sites\/49\/cortinilla_tratados_cordoba_imer.mp4\"\n\t\t\t\t\t\t\t><\/rs-bgvideo>\n<!---->\t\t\t\t\t<\/rs-slide>\n\t\t\t\t\t<\/rs-slides>\n\t\t\t\t<\/rs-module>\n\t\t\t\t<script>\n\t\t\t\t\tsetREVStartSize({c: 'rev_slider_7_1',rl:[1240,1024,778,480],el:[868],gw:[1240],gh:[868],type:'standard',justify:'',layout:'fullscreen',offsetContainer:'',offset:'',mh:\"0\"});if (window.RS_MODULES!==undefined && window.RS_MODULES.modules!==undefined && window.RS_MODULES.modules[\"revslider71\"]!==undefined) {window.RS_MODULES.modules[\"revslider71\"].once = false;window.revapi7 = undefined;if (window.RS_MODULES.checkMinimal!==undefined) window.RS_MODULES.checkMinimal()}\n\t\t\t\t<\/script>\n\t\t\t<\/rs-module-wrap>\n\t\t\t<!-- END REVOLUTION SLIDER -->\n[\/vc_column][\/vc_row][vc_row type=&#8221;vc_default&#8221; full_width=&#8221;stretch_row&#8221; bg_type=&#8221;grad&#8221; bg_grad=&#8221;background: -webkit-gradient(linear, left top, left bottom, color-stop(0%, #9AEDDC), color-stop(100%, #EBEB99));background: -moz-linear-gradient(top,#9AEDDC 0%,#EBEB99 100%);background: -webkit-linear-gradient(top,#9AEDDC 0%,#EBEB99 100%);background: -o-linear-gradient(top,#9AEDDC 0%,#EBEB99 100%);background: -ms-linear-gradient(top,#9AEDDC 0%,#EBEB99 100%);background: linear-gradient(top,#9AEDDC 0%,#EBEB99 100%);&#8221;][vc_column width=&#8221;1\/2&#8243;][vc_custom_heading text=&#8221;200 A\u00d1OS DE LA FIRMA DE LOS TRATADOS DE C\u00d3RDOBA&#8221; font_container=&#8221;tag:h3|font_size:28|text_align:left|color:%23000000&#8243; google_fonts=&#8221;font_family:Montserrat%3Aregular%2C700|font_style:700%20bold%20regular%3A700%3Anormal&#8221;][vc_empty_space height=&#8221;30px&#8221;][vc_column_text]<\/p>\n<p class=\"p1\"><span class=\"s1\">La consumaci\u00f3n de la Independencia de M\u00e9xico estuvo acompa\u00f1ada por diversos acontecimientos y procesos que implicaron 11 a\u00f1os de lucha. Uno de los eventos clave fue la firma de los Tratados de C\u00f3rdoba, un acuerdo al que llegaron el jefe pol\u00edtico superior de la Nueva Espa\u00f1a Juan de O\u2019Donoj\u00fa y el jefe del Ej\u00e9rcito Trigarante Agust\u00edn de Iturbide. <\/span><\/p>\n<p class=\"p1\"><span class=\"s1\">El 24 de agosto de 1821, precisamente, en la villa de C\u00f3rdoba, en Veracruz, fue donde se firmaron estos tratados que, pr\u00e1cticamente, retomaban la esencia del Plan de Iguala, con algunas modificaciones. La finalidad era terminar con la guerra, evitar m\u00e1s derramamiento de sangre y que las tropas expedicionarias de Espa\u00f1a dejaran el pa\u00eds, y as\u00ed dar paso al surgimiento de una nueva naci\u00f3n, soberana e independiente. <\/span><\/p>\n<p>[\/vc_column_text][\/vc_column][vc_column width=&#8221;1\/2&#8243;][vc_column_text]<\/p>\n<p class=\"p1\"><span class=\"s1\"><img loading=\"lazy\" decoding=\"async\" class=\"alignright size-medium wp-image-30804\" src=\"https:\/\/www.imer.mx\/micrositios\/wp-content\/uploads\/sites\/49\/GMX_2021_TRATADOS-CORDOBA_TW-FB-IG-300x300.jpg\" alt=\"\" width=\"300\" height=\"300\" srcset=\"https:\/\/www.imer.mx\/micrositios\/wp-content\/uploads\/sites\/49\/GMX_2021_TRATADOS-CORDOBA_TW-FB-IG-300x300.jpg 300w, https:\/\/www.imer.mx\/micrositios\/wp-content\/uploads\/sites\/49\/GMX_2021_TRATADOS-CORDOBA_TW-FB-IG-1024x1024.jpg 1024w, https:\/\/www.imer.mx\/micrositios\/wp-content\/uploads\/sites\/49\/GMX_2021_TRATADOS-CORDOBA_TW-FB-IG-150x150.jpg 150w, https:\/\/www.imer.mx\/micrositios\/wp-content\/uploads\/sites\/49\/GMX_2021_TRATADOS-CORDOBA_TW-FB-IG-768x768.jpg 768w, https:\/\/www.imer.mx\/micrositios\/wp-content\/uploads\/sites\/49\/GMX_2021_TRATADOS-CORDOBA_TW-FB-IG-1536x1536.jpg 1536w, https:\/\/www.imer.mx\/micrositios\/wp-content\/uploads\/sites\/49\/GMX_2021_TRATADOS-CORDOBA_TW-FB-IG-2048x2048.jpg 2048w, https:\/\/www.imer.mx\/micrositios\/wp-content\/uploads\/sites\/49\/GMX_2021_TRATADOS-CORDOBA_TW-FB-IG-560x560.jpg 560w\" sizes=\"auto, (max-width: 300px) 100vw, 300px\" \/>En el marco de los 200 a\u00f1os de la Firma de los Tratados de C\u00f3rdoba, el IMER ha realizado una serie especial, para conmemorar este acontecimiento que dio pie a la consumaci\u00f3n de la Independencia de M\u00e9xico. <\/span><\/p>\n<p class=\"p1\"><span class=\"s1\"><b><i>Tratados de C\u00f3rdoba\u2026 convenios de libertad e igualdad<\/i><\/b>, una serie de 10 c\u00e1psulas en las que el historiador, jurista y acad\u00e9mico Jaime del Arenal nos cuenta sobre los antecedentes, las condiciones y los resultados de la firma de estos acuerdos entre Juan de O\u2019Donoj\u00fa y Agust\u00edn de Iturbide, mismos que ayudaron a ir concretando la Independencia de M\u00e9xico. <\/span><\/p>\n<p>[\/vc_column_text][\/vc_column][\/vc_row][vc_row type=&#8221;vc_default&#8221; full_width=&#8221;stretch_row&#8221; bg_type=&#8221;grad&#8221; bg_grad=&#8221;background: -webkit-gradient(linear, left top, left bottom, color-stop(0%, #EBEB99), color-stop(100%, #9AEDDC));background: -moz-linear-gradient(top,#EBEB99 0%,#9AEDDC 100%);background: -webkit-linear-gradient(top,#EBEB99 0%,#9AEDDC 100%);background: -o-linear-gradient(top,#EBEB99 0%,#9AEDDC 100%);background: -ms-linear-gradient(top,#EBEB99 0%,#9AEDDC 100%);background: linear-gradient(top,#EBEB99 0%,#9AEDDC 100%);&#8221;][vc_column width=&#8221;1\/6&#8243;][\/vc_column][vc_column width=&#8221;2\/3&#8243;][vc_column_text]<div id=\"audioigniter-30807\" class=\"audioigniter-root \" data-player-type=\"full\" data-tracks-url=\"https:\/\/www.imer.mx\/micrositios\/?audioigniter_playlist_id=30807\" data-display-track-no=\"true\" data-reverse-track-order=\"false\" data-display-tracklist-covers=\"true\" data-display-active-cover=\"true\" data-display-artist-names=\"true\" data-display-buy-buttons=\"true\" data-buy-buttons-target=\"true\" data-cycle-tracks=\"false\" data-display-credits=\"false\" data-display-tracklist=\"true\" data-allow-tracklist-toggle=\"true\" data-allow-tracklist-loop=\"true\" data-limit-tracklist-height=\"true\" data-volume=\"100\" data-tracklist-height=\"185\" ><\/div>[\/vc_column_text][\/vc_column][vc_column width=&#8221;1\/6&#8243;][\/vc_column][\/vc_row][vc_row][vc_column width=&#8221;1\/2&#8243;][vc_column_text]<\/p>\n<p class=\"p1\"><strong><span class=\"s1\">C\u00e1psula 01. Un convenio para el M\u00e9xico naciente<\/span><\/strong><\/p>\n<p class=\"p3\"><span class=\"s1\">Entre las leyes que constituyen un pilar en el nacimiento de M\u00e9xico se encuentran el Plan de Iguala, el acta de Independencia, la Constituci\u00f3n de C\u00e1diz y, por supuesto, los Tratados de C\u00f3rdoba, un acuerdo que se convirti\u00f3 en un documento fundamental en la historia pol\u00edtica y jur\u00eddica de nuestro pa\u00eds.<\/span><\/p>\n<p>&nbsp;<\/p>\n<p class=\"p1\"><strong><span class=\"s1\">C\u00e1psula 02. Antecedentes de los Tratados de C\u00f3rdoba<\/span><\/strong><\/p>\n<p class=\"p3\"><span class=\"s1\">En esta c\u00e1psula, el historiador Jaime del Arenal nos habla sobre uno de los documentos que fue la base para estos tratados, nos cuenta por qu\u00e9 se firmaron en la ciudad de C\u00f3rdoba en Veracruz y qui\u00e9n tuvo la iniciativa para llegar a este arreglo.<\/span><\/p>\n<p>&nbsp;<\/p>\n<p class=\"p1\"><strong><span class=\"s1\">C\u00e1psula 3. La Independencia no se reconoce, sino se da por hecha<\/span><\/strong><\/p>\n<p class=\"p3\"><span class=\"s1\">Aunque, a lo largo de la historia, se ha mencionado que en los Tratados de C\u00f3rdoba se reconoce la Independencia de M\u00e9xico, en realidad no es as\u00ed, y el historiador Jaime del Arenal nos explica el porqu\u00e9, as\u00ed como los puntos que se establecen en dichos tratados sobre el naciente imperio mexicano.<\/span><\/p>\n<p>&nbsp;<\/p>\n<p class=\"p1\"><strong><span class=\"s1\">C\u00e1psula 4. El camino institucional para el imperio<\/span><\/strong><\/p>\n<p class=\"p3\"><span class=\"s1\">\u00bfEs cierto o falso que los Tratados de C\u00f3rdoba fueron una especie de plan desarrollado por Iturbide para convertiste en emperador de M\u00e9xico? y \u00bfcu\u00e1les son algunas de las diferencias entre el Plan de Iguala y los Tratados de C\u00f3rdoba? El historiador y jurista Jaime del Arenal responde a estas inquietudes en la siguiente c\u00e1psula.<\/span><\/p>\n<p>&nbsp;<\/p>\n<p class=\"p1\"><strong><span class=\"s1\">C\u00e1psula 5. El permiso del firmante<\/span><\/strong><\/p>\n<p class=\"p3\"><span class=\"s1\">Con los Tratados de C\u00f3rdoba se evit\u00f3 una sangrienta lucha entre el Ej\u00e9rcito Trigarante y las tropas realistas que estaban en la Ciudad de M\u00e9xico. Pero \u00bfO\u2019Donoj\u00fa ten\u00eda instrucciones o las facultades para firmar este acuerdo? Lo sabremos al escuchar esta c\u00e1psula.<\/span><i><\/i><\/p>\n<p>&nbsp;<\/p>\n<p class=\"p1\"><strong><span class=\"s1\">C\u00e1psula 6. Una obra de diplomacia y astucia<\/span><\/strong><\/p>\n<p class=\"p2\"><span class=\"s1\">De acuerdo con el historiador Jaime del Arenal, no se ha reconocido lo suficiente el papel y la labor de Juan O\u2019Donoj\u00fa en la firma de los Tratados de C\u00f3rdoba, y su habilidad para negociar un acuerdo que se podr\u00eda considerar como un ejemplo, en lo que se refiere a justicia y diplomacia entre dos naciones en conflicto.<\/span><i><\/i><\/p>\n<p>[\/vc_column_text][\/vc_column][vc_column width=&#8221;1\/2&#8243;][vc_column_text]<\/p>\n<p class=\"p1\"><strong><span class=\"s1\">C\u00e1psula 7. Los tratados y el d\u00eda de la Independencia<\/span><\/strong><\/p>\n<p class=\"p2\"><span class=\"s1\">Una vez firmados los Tratados de C\u00f3rdoba, el historiador Jaime del Arenal nos explica cu\u00e1les fueron los resultados de este convenio, y c\u00f3mo se dio la entrada del Ej\u00e9rcito Trigarante en la Ciudad de M\u00e9xico el 27 de septiembre de 1821, en se\u00f1al de triunfo y de que la Independencia de M\u00e9xico, por fin se hab\u00eda logrado.<\/span><\/p>\n<p>&nbsp;<\/p>\n<p class=\"p1\"><strong><span class=\"s1\">C\u00e1psula 8. Los rechazos del reino y del congreso<\/span><\/strong><\/p>\n<p class=\"p2\"><span class=\"s1\">A pesar de que Juan O\u2019Donoj\u00fa firm\u00f3 voluntariamente los Trados de C\u00f3rdoba ni el rey ni las cortes espa\u00f1olas aceptaron estos acuerdos, lo que desat\u00f3 una crisis constitucional en el M\u00e9xico naciente. Aunque se declararon nulos en lo que se refiere a la forma de gobierno, en todos los dem\u00e1s aspectos siguieron vigentes.<\/span><\/p>\n<p>&nbsp;<\/p>\n<p class=\"p1\"><strong><span class=\"s1\">C\u00e1psula 9. Los colores trigarantes<\/span><\/strong><\/p>\n<p class=\"p2\"><span class=\"s1\">Las tres garant\u00edas establecidas en el Plan de Iguala, que se conservaron en los Tratados de C\u00f3rdoba, est\u00e1n perpetuadas en los colores de la bandera mexicana, \u00bfqu\u00e9 significaba cada color y qu\u00e9 garant\u00eda simbolizaban? El historiador Jaime del Arenal nos lo cuenta en la siguiente c\u00e1psula.<\/span><\/p>\n<p>&nbsp;<\/p>\n<p class=\"p1\"><strong><span class=\"s1\">C\u00e1psula 10. Los tratados de C\u00f3rdoba y la sociedad actual<\/span><\/strong><\/p>\n<p class=\"p2\"><span class=\"s1\">En esta \u00faltima c\u00e1psula, el historiador Jaime del Arenal hace una reflexi\u00f3n sobre lo que significan los Tratados de C\u00f3rdoba para las y los mexicanos de hoy; y nos invita a darle una nueva lectura a este documento que representa un importante acuerdo que buscaba la Independencia de forma pac\u00edfica, sin armas, sin sangre, y un convenio que pretend\u00eda la uni\u00f3n a trav\u00e9s de un programa pol\u00edtico igualitario.<\/span><\/p>\n<p>&nbsp;<\/p>\n<p class=\"p6\"><span class=\"s1\"><b>Cr\u00e9ditos:<\/b><\/span><\/p>\n<p class=\"p6\"><span class=\"s1\">Voz especialista: Jaime del Arenal Fenochio, historiador, jurista, investigador y acad\u00e9mico.<\/span><\/p>\n<p class=\"p6\"><span class=\"s1\">Producci\u00f3n: Enrique Gil y Jos\u00e9 Icth\u00e9<\/span><\/p>\n<p class=\"p6\"><span class=\"s1\">Locuci\u00f3n: Enrique Gil<\/span><\/p>\n<p class=\"p8\"><span class=\"s1\"><i>Instituto Mexicano de la Radio, 2021<\/i><\/span><\/p>\n<p>[\/vc_column_text][\/vc_column][\/vc_row][vc_row type=&#8221;vc_default&#8221;][vc_column css=&#8221;.vc_custom_1628792171229{margin-bottom: -85px !important;}&#8221;][vc_single_image image=&#8221;30823&#8243; img_size=&#8221;full&#8221;][\/vc_column][\/vc_row]<\/p>\n<\/div>","protected":false},"excerpt":{"rendered":"<p>[vc_row type=&#8221;vc_default&#8221; css=&#8221;.vc_custom_1629502933359{margin-top: -50px !important;}&#8221;][vc_column css=&#8221;.vc_custom_1620761363973{margin-top: -50px !important;}&#8221;][\/vc_column][\/vc_row][vc_row type=&#8221;vc_default&#8221; full_width=&#8221;stretch_row&#8221; bg_type=&#8221;grad&#8221; bg_grad=&#8221;background: -webkit-gradient(linear, left top, left bottom, color-stop(0%, #9AEDDC), color-stop(100%, #EBEB99));background: -moz-linear-gradient(top,#9AEDDC 0%,#EBEB99 100%);background: -webkit-linear-gradient(top,#9AEDDC 0%,#EBEB99 100%);background: -o-linear-gradient(top,#9AEDDC 0%,#EBEB99 100%);background: -ms-linear-gradient(top,#9AEDDC 0%,#EBEB99 100%);background: linear-gradient(top,#9AEDDC 0%,#EBEB99 100%);&#8221;][vc_column width=&#8221;1\/2&#8243;][vc_custom_heading text=&#8221;200 A\u00d1OS DE LA FIRMA DE LOS TRATADOS DE C\u00d3RDOBA&#8221; font_container=&#8221;tag:h3|font_size:28|text_align:left|color:%23000000&#8243; google_fonts=&#8221;font_family:Montserrat%3Aregular%2C700|font_style:700%20bold%20regular%3A700%3Anormal&#8221;][vc_empty_space height=&#8221;30px&#8221;][vc_column_text] La consumaci\u00f3n de la Independencia&hellip;<\/p>\n","protected":false},"author":1,"featured_media":0,"parent":0,"menu_order":0,"comment_status":"closed","ping_status":"closed","template":"","meta":{"wp_popup_display_lightbox":0,"wp_popup_suppress":"","wp_popup_trigger":"","wp_popup_trigger_amount":0,"wp_popup_disable_on_mobile":false,"footnotes":""},"class_list":["post-30801","page","type-page","status-publish","hentry","description-off"],"_links":{"self":[{"href":"https:\/\/www.imer.mx\/micrositios\/wp-json\/wp\/v2\/pages\/30801","targetHints":{"allow":["GET"]}}],"collection":[{"href":"https:\/\/www.imer.mx\/micrositios\/wp-json\/wp\/v2\/pages"}],"about":[{"href":"https:\/\/www.imer.mx\/micrositios\/wp-json\/wp\/v2\/types\/page"}],"author":[{"embeddable":true,"href":"https:\/\/www.imer.mx\/micrositios\/wp-json\/wp\/v2\/users\/1"}],"replies":[{"embeddable":true,"href":"https:\/\/www.imer.mx\/micrositios\/wp-json\/wp\/v2\/comments?post=30801"}],"version-history":[{"count":0,"href":"https:\/\/www.imer.mx\/micrositios\/wp-json\/wp\/v2\/pages\/30801\/revisions"}],"wp:attachment":[{"href":"https:\/\/www.imer.mx\/micrositios\/wp-json\/wp\/v2\/media?parent=30801"}],"curies":[{"name":"wp","href":"https:\/\/api.w.org\/{rel}","templated":true}]}}