{"id":30465,"date":"2021-06-17T12:39:30","date_gmt":"2021-06-17T17:39:30","guid":{"rendered":"https:\/\/www.imer.mx\/micrositios\/?page_id=30465"},"modified":"2021-06-21T12:39:50","modified_gmt":"2021-06-21T17:39:50","slug":"ramon-lopez-velarde-100","status":"publish","type":"page","link":"https:\/\/www.imer.mx\/micrositios\/ramon-lopez-velarde-100\/","title":{"rendered":"100\u00b0 ANIVERSARIO LUCTUOSO DE RAM\u00d3N L\u00d3PEZ VELARDE"},"content":{"rendered":"<div class=\"wpb-content-wrapper\"><p>[vc_row css=&#8221;.vc_custom_1619725379485{margin-top: -50px !important;}&#8221;][vc_column css=&#8221;.vc_custom_1620761363973{margin-top: -50px !important;}&#8221;]\n\t\t\t<!-- START Ram\u00f3n L\u00f3pez Velarde REVOLUTION SLIDER 6.7.38 --><p class=\"rs-p-wp-fix\"><\/p>\n\t\t\t<rs-module-wrap id=\"rev_slider_5_1_wrapper\" data-source=\"gallery\" style=\"visibility:hidden;background:transparent;padding:0;\">\n\t\t\t\t<rs-module id=\"rev_slider_5_1\" style=\"\" data-version=\"6.7.38\">\n\t\t\t\t\t<rs-slides style=\"overflow: hidden; position: absolute;\">\n\t\t\t\t\t\t<rs-slide style=\"position: absolute;\" data-key=\"rs-9\" data-title=\"Slide\" data-anim=\"adpr:false;\">\n\t\t\t\t\t\t\t<img decoding=\"async\" src=\"\/\/www.imer.mx\/micrositios\/wp-content\/plugins\/revslider\/sr6\/assets\/assets\/dummy.png\" alt=\"\" title=\"100\u00b0 ANIVERSARIO LUCTUOSO DE RAM\u00d3N L\u00d3PEZ VELARDE\" class=\"rev-slidebg tp-rs-img rs-lazyload\" data-lazyload=\"\/\/www.imer.mx\/micrositios\/wp-content\/uploads\/sites\/49\/GMX_RAMO\u0301N-LO\u0301PEZ-VELARDE_2021_PORTADA_FB.jpg\" data-no-retina>\n\t\t\t\t\t\t\t<rs-bgvideo \n\t\t\t\t\t\t\t\tdata-video=\"w:100%;h:100%;nse:false;l:loop;ptimer:true;vfc:true;\"\n\t\t\t\t\t\t\t\tdata-mp4=\"\/\/www.imer.mx\/micrositios\/wp-content\/uploads\/sites\/49\/CORTINILLA-100-ANIVERSARIO-LUCTUOSO-RAMO\u0301N-LO\u0301PEZ-VELARDE.mp4\"\n\t\t\t\t\t\t\t><\/rs-bgvideo>\n<!---->\t\t\t\t\t<\/rs-slide>\n\t\t\t\t\t<\/rs-slides>\n\t\t\t\t<\/rs-module>\n\t\t\t\t<script>\n\t\t\t\t\tsetREVStartSize({c: 'rev_slider_5_1',rl:[1240,1024,778,480],el:[],gw:[1240],gh:[868],type:'standard',justify:'',layout:'fullscreen',offsetContainer:'',offset:'',mh:\"0\"});if (window.RS_MODULES!==undefined && window.RS_MODULES.modules!==undefined && window.RS_MODULES.modules[\"revslider51\"]!==undefined) {window.RS_MODULES.modules[\"revslider51\"].once = false;window.revapi5 = undefined;if (window.RS_MODULES.checkMinimal!==undefined) window.RS_MODULES.checkMinimal()}\n\t\t\t\t<\/script>\n\t\t\t<\/rs-module-wrap>\n\t\t\t<!-- END REVOLUTION SLIDER -->\n[\/vc_column][\/vc_row][vc_row type=&#8221;vc_default&#8221; full_width=&#8221;stretch_row&#8221; bg_type=&#8221;grad&#8221; bg_grad=&#8221;background: -webkit-gradient(linear, left top, left bottom, color-stop(0%, #9AEDDC), color-stop(100%, #EBEB99));background: -moz-linear-gradient(top,#9AEDDC 0%,#EBEB99 100%);background: -webkit-linear-gradient(top,#9AEDDC 0%,#EBEB99 100%);background: -o-linear-gradient(top,#9AEDDC 0%,#EBEB99 100%);background: -ms-linear-gradient(top,#9AEDDC 0%,#EBEB99 100%);background: linear-gradient(top,#9AEDDC 0%,#EBEB99 100%);&#8221;][vc_column][vc_custom_heading text=&#8221;100\u00b0 ANIVERSARIO LUCTUOSO DE RAM\u00d3N L\u00d3PEZ VELARDE&#8221; font_container=&#8221;tag:h3|font_size:28|text_align:left|color:%23000000&#8243; google_fonts=&#8221;font_family:Montserrat%3Aregular%2C700|font_style:700%20bold%20regular%3A700%3Anormal&#8221;][vc_empty_space height=&#8221;30px&#8221;][vc_column_text]<\/p>\n<p class=\"p1\">Considerado el \u00abpoeta nacional\u00bb por excelencia, Ram\u00f3n L\u00f3pez Velarde ocupa un lugar indiscutible en el canon po\u00e9tico de las letras mexicanas. Muri\u00f3 el 19 de junio en 1921, a los 33 a\u00f1os, \u201cla edad del Cristo azul\u201d, como escribi\u00f3 en uno de sus poemas, el mismo mes en que apareci\u00f3 publicado su poema \u201cLa Suave Patria\u201d.<\/p>\n<p class=\"p1\">En toda la obra de L\u00f3pez Velarde prevalece un sentimiento nacionalista mexicano, evoca las costumbres, la tierra y a la mujer mexicana por medio de im\u00e1genes bellas, nost\u00e1lgicas e inmutables. La sensibilidad po\u00e9tica de Ram\u00f3n L\u00f3pez Velarde se nutri\u00f3 de experiencias que traducir\u00eda en la elaboraci\u00f3n de una obra sin igual, tanto por sus contenidos como por sus formas.<\/p>\n<p class=\"p1\">El IMER rinde homenaje al poeta jerezano y lo recuerda a 100 a\u00f1os de su muerte, con una serie de c\u00e1psulas que se podr\u00e1n escuchar en este minisitio y a trav\u00e9s de nuestras emisoras.<\/p>\n<p>&nbsp;<\/p>\n<p>&nbsp;<\/p>\n<p class=\"p1\"><b><i>Ram\u00f3n L\u00f3pez Velarde en su centenario, por Vicente Quirarte<\/i><\/b>, una coproducci\u00f3n especial del IMER y El Colegio Nacional, en la que el escritor Vicente Quirarte reflexiona sobre la vida y obra del llamado \u201cpoeta nacional\u201d.<\/p>\n<p>[\/vc_column_text][vc_empty_space height=&#8221;20px&#8221;][vc_column_text]<div id=\"audioigniter-30514\" class=\"audioigniter-root \" data-player-type=\"simple\" data-tracks-url=\"https:\/\/www.imer.mx\/micrositios\/?audioigniter_playlist_id=30514\" data-display-track-no=\"true\" data-reverse-track-order=\"false\" data-display-tracklist-covers=\"true\" data-display-active-cover=\"false\" data-display-artist-names=\"true\" data-display-buy-buttons=\"true\" data-buy-buttons-target=\"true\" data-cycle-tracks=\"false\" data-display-credits=\"false\" data-display-tracklist=\"true\" data-allow-tracklist-toggle=\"true\" data-allow-tracklist-loop=\"true\" data-limit-tracklist-height=\"true\" data-volume=\"100\" data-tracklist-height=\"185\" ><\/div>[\/vc_column_text][\/vc_column][\/vc_row][vc_row][vc_column][vc_empty_space height=&#8221;20px&#8221;][vc_column_text]<\/p>\n<h5 class=\"p3\"><strong><b>Cr\u00e9ditos:<\/b><\/strong><\/h5>\n<p><strong>Conducci\u00f3n:<\/strong> Vicente Quirarte<br \/>\n<strong>Producci\u00f3n:<\/strong> Jos\u00e9 Icth\u00e9 y \u00d3scar Peralta<br \/>\n<strong>M\u00fasica Original:<\/strong> Marco Rodr\u00edguez Otero<\/p>\n<p>&nbsp;<\/p>\n<p><em><strong>Direcci\u00f3n de Producci\u00f3n y Programaci\u00f3n<\/strong><\/em><\/p>\n<p><em><strong>Instituto Mexicano de la Radio, 2021<\/strong><\/em>[\/vc_column_text][\/vc_column][\/vc_row][vc_row type=&#8221;vc_default&#8221; full_width=&#8221;stretch_row&#8221; bg_type=&#8221;grad&#8221; bg_grad=&#8221;background: -webkit-gradient(linear, left top, left bottom, color-stop(0%, #9AEDDC), color-stop(100%, #EBEB99));background: -moz-linear-gradient(top,#9AEDDC 0%,#EBEB99 100%);background: -webkit-linear-gradient(top,#9AEDDC 0%,#EBEB99 100%);background: -o-linear-gradient(top,#9AEDDC 0%,#EBEB99 100%);background: -ms-linear-gradient(top,#9AEDDC 0%,#EBEB99 100%);background: linear-gradient(top,#9AEDDC 0%,#EBEB99 100%);&#8221;][vc_column][vc_column_text]<\/p>\n<p class=\"p1\"><b><i>L\u00f3pez Velarde y su suave patria<\/i><\/b><span style=\"font-weight: 400;\">: en voz de la poeta Pura L\u00f3pez Colom\u00e9 podr\u00e1n disfrutar de algunos fragmentos del famoso poema \u201cLa Suave Patria\u201d, intercalados con datos biogr\u00e1ficos de Ram\u00f3n L\u00f3pez Velarde.<\/span><\/p>\n<p>[\/vc_column_text][vc_empty_space height=&#8221;20px&#8221;][vc_column_text]<div id=\"audioigniter-30521\" class=\"audioigniter-root \" data-player-type=\"simple\" data-tracks-url=\"https:\/\/www.imer.mx\/micrositios\/?audioigniter_playlist_id=30521\" data-display-track-no=\"true\" data-reverse-track-order=\"false\" data-display-tracklist-covers=\"true\" data-display-active-cover=\"true\" data-display-artist-names=\"true\" data-display-buy-buttons=\"true\" data-buy-buttons-target=\"true\" data-cycle-tracks=\"false\" data-display-credits=\"false\" data-display-tracklist=\"true\" data-allow-tracklist-toggle=\"true\" data-allow-tracklist-loop=\"true\" data-limit-tracklist-height=\"true\" data-volume=\"100\" data-tracklist-height=\"185\" ><\/div>[\/vc_column_text][\/vc_column][\/vc_row][vc_row][vc_column][vc_empty_space height=&#8221;20px&#8221;][vc_column_text]<\/p>\n<h5 class=\"p3\"><strong><b>Cr\u00e9ditos:<\/b><\/strong><\/h5>\n<p><span style=\"font-weight: 400;\"><strong>Gui\u00f3n y locuci\u00f3n:<\/strong> Alicia Rodr\u00edguez<\/span><\/p>\n<p><span style=\"font-weight: 400;\"><strong>Voz invitada<\/strong>: Pura L\u00f3pez Colom\u00e9<\/span><\/p>\n<p><span style=\"font-weight: 400;\"><strong>Producci\u00f3n:<\/strong> Alicia Rodr\u00edguez y Jes\u00fas Gonz\u00e1lez Urb\u00e1n<\/span><\/p>\n<p>&nbsp;<\/p>\n<p><em><strong>Direcci\u00f3n de Producci\u00f3n y Programaci\u00f3n<\/strong><\/em><\/p>\n<p><em><strong>Instituto Mexicano de la Radio, 2021<\/strong><\/em>[\/vc_column_text][\/vc_column][\/vc_row][vc_row type=&#8221;vc_default&#8221; full_width=&#8221;stretch_row&#8221; bg_type=&#8221;grad&#8221; bg_grad=&#8221;background: -webkit-gradient(linear, left top, left bottom, color-stop(0%, #9AEDDC), color-stop(100%, #EBEB99));background: -moz-linear-gradient(top,#9AEDDC 0%,#EBEB99 100%);background: -webkit-linear-gradient(top,#9AEDDC 0%,#EBEB99 100%);background: -o-linear-gradient(top,#9AEDDC 0%,#EBEB99 100%);background: -ms-linear-gradient(top,#9AEDDC 0%,#EBEB99 100%);background: linear-gradient(top,#9AEDDC 0%,#EBEB99 100%);&#8221;][vc_column][vc_column_text]<\/p>\n<h5 class=\"p1\"><strong>Especial de IMER Noticias<\/strong><\/h5>\n<p class=\"p1\">Poeta nacional, poeta cat\u00f3lico, poeta moderno: estos son algunos de los t\u00edtulos que recibi\u00f3 el zacatecano Ram\u00f3n L\u00f3pez Velarde, quien a los 33 a\u00f1os ya era leyenda. Su obra ha sido analizada o comentada por personajes como Octavio Paz, Jorge Luis Borges y Jos\u00e9 Emilio Pacheco, entre otros. Hoy, en el centenario de su muerte, es recordado como un escritor que, m\u00e1s all\u00e1 de las etiquetas, se convirti\u00f3 en uno de los poetas m\u00e1s populares de M\u00e9xico y, parad\u00f3jicamente, poco le\u00eddo m\u00e1s all\u00e1 de \u201cLa Suave Patria\u201d.<\/p>\n<p>[\/vc_column_text][vc_empty_space height=&#8221;20px&#8221;][vc_column_text]<div id=\"audioigniter-30547\" class=\"audioigniter-root \" data-player-type=\"simple\" data-tracks-url=\"https:\/\/www.imer.mx\/micrositios\/?audioigniter_playlist_id=30547\" data-display-track-no=\"true\" data-reverse-track-order=\"false\" data-display-tracklist-covers=\"true\" data-display-active-cover=\"true\" data-display-artist-names=\"true\" data-display-buy-buttons=\"true\" data-buy-buttons-target=\"true\" data-cycle-tracks=\"false\" data-display-credits=\"false\" data-display-tracklist=\"true\" data-allow-tracklist-toggle=\"true\" data-allow-tracklist-loop=\"true\" data-limit-tracklist-height=\"true\" data-volume=\"100\" data-tracklist-height=\"185\" ><\/div>[\/vc_column_text][\/vc_column][\/vc_row][vc_row][vc_column][vc_empty_space height=&#8221;20px&#8221;][vc_column_text]<\/p>\n<h5 class=\"p3\"><strong><b>Cr\u00e9ditos:<\/b><\/strong><\/h5>\n<p><strong>Texto:<\/strong> Juan Carlos Vald\u00e9s<br \/>\n<strong>Producci\u00f3n:<\/strong> Jorge Jaramillo<\/p>\n<p><strong><em>IMER Noticias, 2021<\/em><\/strong>[\/vc_column_text][\/vc_column][\/vc_row][vc_row type=&#8221;vc_default&#8221; full_width=&#8221;stretch_row&#8221; bg_type=&#8221;grad&#8221; bg_grad=&#8221;background: -webkit-gradient(linear, left top, left bottom, color-stop(0%, #9AEDDC), color-stop(100%, #EBEB99));background: -moz-linear-gradient(top,#9AEDDC 0%,#EBEB99 100%);background: -webkit-linear-gradient(top,#9AEDDC 0%,#EBEB99 100%);background: -o-linear-gradient(top,#9AEDDC 0%,#EBEB99 100%);background: -ms-linear-gradient(top,#9AEDDC 0%,#EBEB99 100%);background: linear-gradient(top,#9AEDDC 0%,#EBEB99 100%);&#8221;][vc_column][vc_column_text]<\/p>\n<p class=\"p1\"><b><i>El joven L\u00f3pez Velarde:<\/i><\/b> <span style=\"font-weight: 400;\">En el centenario de la muerte de Ram\u00f3n L\u00f3pez Velarde, el Sistema Zacatecano de Radio y Televisi\u00f3n atendiendo a su vocaci\u00f3n de creador de legados sonoros patrimoniales, graba la serie &#8220;El joven L\u00f3pez Velarde&#8221; en la voz del primer actor Jos\u00e9 Carlos Ruiz con una interpretaci\u00f3n libre, quien da una nueva mirada, una nueva escucha, una nueva visi\u00f3n de la creaci\u00f3n del poeta con la perspectiva de un siglo de ausencia.<\/span><\/p>\n<p>[\/vc_column_text][vc_empty_space height=&#8221;20px&#8221;][vc_column_text]<div id=\"audioigniter-30526\" class=\"audioigniter-root \" data-player-type=\"full\" data-tracks-url=\"https:\/\/www.imer.mx\/micrositios\/?audioigniter_playlist_id=30526\" data-display-track-no=\"true\" data-reverse-track-order=\"false\" data-display-tracklist-covers=\"true\" data-display-active-cover=\"false\" data-display-artist-names=\"true\" data-display-buy-buttons=\"true\" data-buy-buttons-target=\"true\" data-cycle-tracks=\"false\" data-display-credits=\"false\" data-display-tracklist=\"true\" data-allow-tracklist-toggle=\"true\" data-allow-tracklist-loop=\"true\" data-limit-tracklist-height=\"true\" data-volume=\"100\" data-tracklist-height=\"185\" ><\/div>[\/vc_column_text][\/vc_column][\/vc_row][vc_row][vc_column][vc_empty_space height=&#8221;20px&#8221;][vc_column_text]<\/p>\n<h5 class=\"p3\"><strong><b>Cr\u00e9ditos:<\/b><\/strong><\/h5>\n<p><b><i>Sistema Zacatecano de Radio y Televisi\u00f3n,\u00a0 2021<\/i><\/b>[\/vc_column_text][vc_single_image image=&#8221;30544&#8243; img_size=&#8221;medium&#8221;][\/vc_column][\/vc_row]<\/p>\n<\/div>","protected":false},"excerpt":{"rendered":"<p>[vc_row css=&#8221;.vc_custom_1619725379485{margin-top: -50px !important;}&#8221;][vc_column css=&#8221;.vc_custom_1620761363973{margin-top: -50px !important;}&#8221;][\/vc_column][\/vc_row][vc_row type=&#8221;vc_default&#8221; full_width=&#8221;stretch_row&#8221; bg_type=&#8221;grad&#8221; bg_grad=&#8221;background: -webkit-gradient(linear, left top, left bottom, color-stop(0%, #9AEDDC), color-stop(100%, #EBEB99));background: -moz-linear-gradient(top,#9AEDDC 0%,#EBEB99 100%);background: -webkit-linear-gradient(top,#9AEDDC 0%,#EBEB99 100%);background: -o-linear-gradient(top,#9AEDDC 0%,#EBEB99 100%);background: -ms-linear-gradient(top,#9AEDDC 0%,#EBEB99 100%);background: linear-gradient(top,#9AEDDC 0%,#EBEB99 100%);&#8221;][vc_column][vc_custom_heading text=&#8221;100\u00b0 ANIVERSARIO LUCTUOSO DE RAM\u00d3N L\u00d3PEZ VELARDE&#8221; font_container=&#8221;tag:h3|font_size:28|text_align:left|color:%23000000&#8243; google_fonts=&#8221;font_family:Montserrat%3Aregular%2C700|font_style:700%20bold%20regular%3A700%3Anormal&#8221;][vc_empty_space height=&#8221;30px&#8221;][vc_column_text] Considerado el \u00abpoeta nacional\u00bb por excelencia, Ram\u00f3n L\u00f3pez Velarde ocupa&hellip;<\/p>\n","protected":false},"author":1,"featured_media":0,"parent":0,"menu_order":0,"comment_status":"closed","ping_status":"closed","template":"","meta":{"wp_popup_display_lightbox":0,"wp_popup_suppress":"","wp_popup_trigger":"","wp_popup_trigger_amount":0,"wp_popup_disable_on_mobile":false,"footnotes":""},"class_list":["post-30465","page","type-page","status-publish","hentry","description-off"],"_links":{"self":[{"href":"https:\/\/www.imer.mx\/micrositios\/wp-json\/wp\/v2\/pages\/30465","targetHints":{"allow":["GET"]}}],"collection":[{"href":"https:\/\/www.imer.mx\/micrositios\/wp-json\/wp\/v2\/pages"}],"about":[{"href":"https:\/\/www.imer.mx\/micrositios\/wp-json\/wp\/v2\/types\/page"}],"author":[{"embeddable":true,"href":"https:\/\/www.imer.mx\/micrositios\/wp-json\/wp\/v2\/users\/1"}],"replies":[{"embeddable":true,"href":"https:\/\/www.imer.mx\/micrositios\/wp-json\/wp\/v2\/comments?post=30465"}],"version-history":[{"count":0,"href":"https:\/\/www.imer.mx\/micrositios\/wp-json\/wp\/v2\/pages\/30465\/revisions"}],"wp:attachment":[{"href":"https:\/\/www.imer.mx\/micrositios\/wp-json\/wp\/v2\/media?parent=30465"}],"curies":[{"name":"wp","href":"https:\/\/api.w.org\/{rel}","templated":true}]}}