{"id":30054,"date":"2021-04-20T01:17:08","date_gmt":"2021-04-20T06:17:08","guid":{"rendered":"https:\/\/www.imer.mx\/micrositios\/?page_id=30054"},"modified":"2021-04-20T02:48:32","modified_gmt":"2021-04-20T07:48:32","slug":"mark-twain","status":"publish","type":"page","link":"https:\/\/www.imer.mx\/micrositios\/mark-twain\/","title":{"rendered":"Mark Twain"},"content":{"rendered":"<div class=\"wpb-content-wrapper\"><p>[vc_row][vc_column css=&#8221;.vc_custom_1598089324173{margin-top: -50px !important;}&#8221;][vc_single_image image=&#8221;30055&#8243; img_size=&#8221;full&#8221; alignment=&#8221;center&#8221;][\/vc_column][\/vc_row][vc_row][vc_column][vc_custom_heading text=&#8221;Mark Twain&#8221; google_fonts=&#8221;font_family:Lusitana%3Aregular%2C700|font_style:700%20bold%20regular%3A700%3Anormal&#8221;][vc_empty_space][\/vc_column][\/vc_row][vc_row][vc_column width=&#8221;1\/2&#8243;][vc_column_text]<\/p>\n<div id=\"attachment_30072\" style=\"width: 242px\" class=\"wp-caption alignright\"><img loading=\"lazy\" decoding=\"async\" aria-describedby=\"caption-attachment-30072\" class=\"size-medium wp-image-30072\" src=\"https:\/\/www.imer.mx\/micrositios\/wp-content\/uploads\/sites\/49\/microsit_mark_twain_001-232x300.jpg\" alt=\"\" width=\"232\" height=\"300\" srcset=\"https:\/\/www.imer.mx\/micrositios\/wp-content\/uploads\/sites\/49\/microsit_mark_twain_001-232x300.jpg 232w, https:\/\/www.imer.mx\/micrositios\/wp-content\/uploads\/sites\/49\/microsit_mark_twain_001.jpg 618w\" sizes=\"auto, (max-width: 232px) 100vw, 232px\" \/><p id=\"caption-attachment-30072\" class=\"wp-caption-text\">Samuel Clemens a los quince a\u00f1os. Foto: es.wikipedia.org<\/p><\/div>\n<p>Mark Twain, cuyo verdadero nombre era Samuel Langhorne Clemens, naci\u00f3 el 30 de noviembre de 1835 en Missouri, Florida y falleci\u00f3 el 21 de abril de 1910 en Connecticut. Definitivamente un escritor, fue descrito por sus contempor\u00e1neos y bi\u00f3grafos de diferentes maneras: \u201caventurero incansable\u201d, \u201chumorista\u201d, tip\u00f3grafo, periodista y mordaz cr\u00edtico social. Fue todo eso y m\u00e1s. Sin embargo, es probable que fuera William Faulkner, escritor estadounidense, el que le hizo mayor justicia al considerarlo el padre de la literatura americana.[\/vc_column_text][vc_column_text]Autor de m\u00e1s de 500 obras; Twain pas\u00f3 toda su infancia en Hannibal, un puerto fluvial en el Mississippi, donde asisti\u00f3 a la escuela p\u00fablica y encontr\u00f3 la inspiraci\u00f3n para escribir su par de novelas m\u00e1s conocidas: <em>Las aventuras de Tom Sawyer<\/em> y <em>Las aventuras de Huckleberry Finn<\/em>, esta \u00faltima considerada por muchos como &#8220;la gran novela americana&#8221;.[\/vc_column_text][vc_column_text]<\/p>\n<div id=\"attachment_30073\" style=\"width: 244px\" class=\"wp-caption alignleft\"><img loading=\"lazy\" decoding=\"async\" aria-describedby=\"caption-attachment-30073\" class=\"size-medium wp-image-30073\" src=\"https:\/\/www.imer.mx\/micrositios\/wp-content\/uploads\/sites\/49\/microsit_mark_twain_002-234x300.jpg\" alt=\"\" width=\"234\" height=\"300\" srcset=\"https:\/\/www.imer.mx\/micrositios\/wp-content\/uploads\/sites\/49\/microsit_mark_twain_002-234x300.jpg 234w, https:\/\/www.imer.mx\/micrositios\/wp-content\/uploads\/sites\/49\/microsit_mark_twain_002.jpg 416w\" sizes=\"auto, (max-width: 234px) 100vw, 234px\" \/><p id=\"caption-attachment-30073\" class=\"wp-caption-text\">Mark Twain a inicios de los 1850&#8217;s. Foto: www.infobae.com<\/p><\/div>\n<p>Tras la muerte de su padre, en 1847, Mark Twain abandon\u00f3 los estudios y empieza a trabajar de aprendiz en dos imprentas, comenz\u00f3 a crear planchas tipogr\u00e1ficas y a publicar notas en el peri\u00f3dico de su hermano, el <em>Hannibal Journal<\/em>. M\u00e1s tarde har\u00eda lo mismo en imprentas de Keokuk, Iowa, Nueva York y Filadelfia. Despu\u00e9s, se convertir\u00eda en piloto de un barco de vapor que recorr\u00eda el r\u00edo Mississippi, hasta que la Guerra civil norteamericana hizo imposible la navegaci\u00f3n. En el a\u00f1o 1861, se alist\u00f3 por un breve periodo de tiempo en una compa\u00f1\u00eda irregular de voluntarios de caballer\u00eda del ej\u00e9rcito Confederado o ej\u00e9rcito de los estados del Sur.[\/vc_column_text][vc_column_text]<\/p>\n<div id=\"attachment_30074\" style=\"width: 224px\" class=\"wp-caption alignright\"><img loading=\"lazy\" decoding=\"async\" aria-describedby=\"caption-attachment-30074\" class=\"size-medium wp-image-30074\" src=\"https:\/\/www.imer.mx\/micrositios\/wp-content\/uploads\/sites\/49\/microsit_mark_twain_003-214x300.jpg\" alt=\"\" width=\"214\" height=\"300\" srcset=\"https:\/\/www.imer.mx\/micrositios\/wp-content\/uploads\/sites\/49\/microsit_mark_twain_003-214x300.jpg 214w, https:\/\/www.imer.mx\/micrositios\/wp-content\/uploads\/sites\/49\/microsit_mark_twain_003.jpg 500w\" sizes=\"auto, (max-width: 214px) 100vw, 214px\" \/><p id=\"caption-attachment-30074\" class=\"wp-caption-text\">Mark Twain en 1867. Foto: es.wikipedia.org<\/p><\/div>\n<p>Ya contagiado por el gusto y la pasi\u00f3n de la escritura, comenz\u00f3 a trabajar como periodista en el Territorial Enterprise de Virginia City Nevada, a escribir relatos y a firmar con el seud\u00f3nimo Mark Twain. Sin embargo, sus visiones cr\u00edticas contra el racismo, la esclavitud y otros temas de urgencia social truncaron su carrera period\u00edstica. Despu\u00e9s se traslad\u00f3 a San Francisco. All\u00ed conoci\u00f3 a los escritores Artemus Ward y Bret Harte, que le animaron a dedicarse seriamente a su propia escritura. No pasar\u00eda ni un a\u00f1o para que publicara su cuento, <em>La c\u00e9lebre rana saltarina del condado de las Calaveras<\/em>, y adquiriera, por ello, una enorme fama en todo el pa\u00eds.[\/vc_column_text][vc_single_image image=&#8221;30078&#8243; img_size=&#8221;full&#8221; add_caption=&#8221;yes&#8221; alignment=&#8221;center&#8221; onclick=&#8221;link_image&#8221;][\/vc_column][vc_column width=&#8221;1\/2&#8243;][vc_column_text]<\/p>\n<div id=\"attachment_30080\" style=\"width: 234px\" class=\"wp-caption alignright\"><img loading=\"lazy\" decoding=\"async\" aria-describedby=\"caption-attachment-30080\" class=\"size-medium wp-image-30080\" src=\"https:\/\/www.imer.mx\/micrositios\/wp-content\/uploads\/sites\/49\/microsit_mark_twain_005-224x300.jpg\" alt=\"\" width=\"224\" height=\"300\" srcset=\"https:\/\/www.imer.mx\/micrositios\/wp-content\/uploads\/sites\/49\/microsit_mark_twain_005-224x300.jpg 224w, https:\/\/www.imer.mx\/micrositios\/wp-content\/uploads\/sites\/49\/microsit_mark_twain_005.jpg 448w\" sizes=\"auto, (max-width: 224px) 100vw, 224px\" \/><p id=\"caption-attachment-30080\" class=\"wp-caption-text\">Portada de la primera edici\u00f3n de Las Aventuras de Huckleberry Finn. Foto: es.wikipedia.org<\/p><\/div>\n<p>Lleg\u00f3 una \u00e9poca de conferencias y de viajes. Mark Twain visit\u00f3 Europa y Tierra Santa y los cont\u00f3 por escrito. Por ejemplo, en <em>Los inocentes en el extranjero<\/em>, se burl\u00f3 de los aspectos del Viejo Continente que sol\u00edan deslumbrar a los turistas estadounidenses e hizo sarc\u00e1sticas cr\u00edticas. En 1870 se cas\u00f3 con Olivia Langdon y se estableci\u00f3 con ella en Hartford, Connecticut. Entre esta ciudad y Quarry Farm, Nueva York, escribi\u00f3 gran parte de sus mejores obras. Entre ellas <em>El pr\u00edncipe y el mendigo, Vida en el Misisip\u00ed, Las aventuras de Huckleberry Finn, Un yanqui en la corte del Rey Arturo, El conde americano, Extractos del diario de Ad\u00e1n<\/em> y el <em>Diario de Eva<\/em>.[\/vc_column_text][vc_row_inner][vc_column_inner width=&#8221;1\/2&#8243;][vc_single_image image=&#8221;30081&#8243; img_size=&#8221;full&#8221; add_caption=&#8221;yes&#8221; alignment=&#8221;center&#8221; onclick=&#8221;link_image&#8221;][\/vc_column_inner][vc_column_inner width=&#8221;1\/2&#8243;][vc_single_image image=&#8221;30087&#8243; img_size=&#8221;full&#8221; add_caption=&#8221;yes&#8221; alignment=&#8221;center&#8221; onclick=&#8221;link_image&#8221;][\/vc_column_inner][\/vc_row_inner][vc_column_text]<\/p>\n<div id=\"attachment_30085\" style=\"width: 200px\" class=\"wp-caption alignright\"><img loading=\"lazy\" decoding=\"async\" aria-describedby=\"caption-attachment-30085\" class=\" wp-image-30085\" src=\"https:\/\/www.imer.mx\/micrositios\/wp-content\/uploads\/sites\/49\/microsit_mark_twain_008-201x300.jpg\" alt=\"\" width=\"190\" height=\"284\" srcset=\"https:\/\/www.imer.mx\/micrositios\/wp-content\/uploads\/sites\/49\/microsit_mark_twain_008-201x300.jpg 201w, https:\/\/www.imer.mx\/micrositios\/wp-content\/uploads\/sites\/49\/microsit_mark_twain_008.jpg 475w\" sizes=\"auto, (max-width: 190px) 100vw, 190px\" \/><p id=\"caption-attachment-30085\" class=\"wp-caption-text\">En 1907 recibi\u00f3 el t\u00edtulo de doctor honoris causa por la Universidad de Oxford (Reino Unido). Foto: es.wikipedia.org<\/p><\/div>\n<p>Considerado uno de los m\u00e1s destacados escritores de la historia literaria norteamericana, obtuvo popularidad gracias al manejo humor\u00edstico de sus escritos, pero tambi\u00e9n al profundo reconocimiento de la cr\u00edtica por su uso realista de los dialectos, que se hablaban a orillas del Mississippi, su perfecto retrato de la sociedad de su pa\u00eds a mitad del siglo XIX y su inteligencia como narrador. Fue una celebridad mundial durante los \u00faltimos a\u00f1os de su vida, y recibi\u00f3 el doctorado Honoris Causa por la Universidad de Oxford, Inglaterra, en 1907.[\/vc_column_text][vc_column_text]En su obra p\u00f3stuma, <em>El forastero misterioso<\/em>, Mark Twain escribi\u00f3: \u201cSat\u00e1n sol\u00eda decir que nuestra raza viv\u00eda una vida de autoenga\u00f1o continuo e ininterrumpido. Se estafaba a s\u00ed misma desde la cuna hasta la tumba con imposturas e ilusiones que tomaba por realidades, y esto convert\u00eda su vida entera en una impostura. De la veintena de buenas cualidades que imaginaba tener y de las que se envanec\u00eda, en realidad no pose\u00eda pr\u00e1cticamente ninguna. Se consideraba a s\u00ed misma como oro, y era solamente lat\u00f3n\u201d.[\/vc_column_text][vc_single_image image=&#8221;30086&#8243; img_size=&#8221;full&#8221; add_caption=&#8221;yes&#8221; alignment=&#8221;center&#8221; onclick=&#8221;link_image&#8221;][vc_column_text]El nacimiento y muerte de Mark Twain estuvieron marcados por el paso del cometa Halley; nace cuando el cometa visita a la tierra y predijo que tambi\u00e9n se ir\u00eda con \u00e9l; al siguiente regreso del cometa a la tierra, 74 a\u00f1os despu\u00e9s, Mark Twain muere el 21 de abril de 1910.<\/p>\n<p>Escucha los siguientes programas seleccionados del acervo hist\u00f3rico del IMER, sobre la vida y obra de Mark Twain.[\/vc_column_text][\/vc_column][\/vc_row][vc_row type=&#8221;vc_default&#8221; disable_element=&#8221;yes&#8221;][vc_column][vc_empty_space height=&#8221;100px&#8221;][\/vc_column][\/vc_row][vc_row][vc_column][vc_column_text]<div id=\"audioigniter-30068\" class=\"audioigniter-root \" data-player-type=\"full\" data-tracks-url=\"https:\/\/www.imer.mx\/micrositios\/?audioigniter_playlist_id=30068\" data-display-track-no=\"false\" data-reverse-track-order=\"false\" data-display-tracklist-covers=\"true\" data-display-active-cover=\"true\" data-display-artist-names=\"false\" data-display-buy-buttons=\"true\" data-buy-buttons-target=\"false\" data-cycle-tracks=\"false\" data-display-credits=\"false\" data-display-tracklist=\"true\" data-allow-tracklist-toggle=\"true\" data-allow-tracklist-loop=\"true\" data-limit-tracklist-height=\"true\" data-volume=\"100\" data-tracklist-height=\"185\" ><\/div>[\/vc_column_text][\/vc_column][\/vc_row][vc_row][vc_column css=&#8221;.vc_custom_1592519723758{margin-bottom: -85px !important;}&#8221;][vc_single_image image=&#8221;30056&#8243; img_size=&#8221;full&#8221;][\/vc_column][\/vc_row]<\/p>\n<\/div>","protected":false},"excerpt":{"rendered":"<p>[vc_row][vc_column css=&#8221;.vc_custom_1598089324173{margin-top: -50px !important;}&#8221;][vc_single_image image=&#8221;30055&#8243; img_size=&#8221;full&#8221; alignment=&#8221;center&#8221;][\/vc_column][\/vc_row][vc_row][vc_column][vc_custom_heading text=&#8221;Mark Twain&#8221; google_fonts=&#8221;font_family:Lusitana%3Aregular%2C700|font_style:700%20bold%20regular%3A700%3Anormal&#8221;][vc_empty_space][\/vc_column][\/vc_row][vc_row][vc_column width=&#8221;1\/2&#8243;][vc_column_text] Mark Twain, cuyo verdadero nombre era Samuel Langhorne Clemens, naci\u00f3 el 30 de noviembre de 1835 en Missouri, Florida y falleci\u00f3 el 21 de abril de 1910 en Connecticut. Definitivamente un escritor, fue descrito por sus contempor\u00e1neos y bi\u00f3grafos de diferentes maneras: \u201caventurero incansable\u201d,&hellip;<\/p>\n","protected":false},"author":1,"featured_media":0,"parent":0,"menu_order":0,"comment_status":"closed","ping_status":"closed","template":"","meta":{"wp_popup_display_lightbox":0,"wp_popup_suppress":"","wp_popup_trigger":"","wp_popup_trigger_amount":0,"wp_popup_disable_on_mobile":false,"footnotes":""},"class_list":["post-30054","page","type-page","status-publish","hentry","description-off"],"_links":{"self":[{"href":"https:\/\/www.imer.mx\/micrositios\/wp-json\/wp\/v2\/pages\/30054","targetHints":{"allow":["GET"]}}],"collection":[{"href":"https:\/\/www.imer.mx\/micrositios\/wp-json\/wp\/v2\/pages"}],"about":[{"href":"https:\/\/www.imer.mx\/micrositios\/wp-json\/wp\/v2\/types\/page"}],"author":[{"embeddable":true,"href":"https:\/\/www.imer.mx\/micrositios\/wp-json\/wp\/v2\/users\/1"}],"replies":[{"embeddable":true,"href":"https:\/\/www.imer.mx\/micrositios\/wp-json\/wp\/v2\/comments?post=30054"}],"version-history":[{"count":0,"href":"https:\/\/www.imer.mx\/micrositios\/wp-json\/wp\/v2\/pages\/30054\/revisions"}],"wp:attachment":[{"href":"https:\/\/www.imer.mx\/micrositios\/wp-json\/wp\/v2\/media?parent=30054"}],"curies":[{"name":"wp","href":"https:\/\/api.w.org\/{rel}","templated":true}]}}