{"id":29269,"date":"2020-08-05T04:24:27","date_gmt":"2020-08-05T09:24:27","guid":{"rendered":"https:\/\/www.imer.mx\/micrositios\/?page_id=29269"},"modified":"2020-08-05T05:05:08","modified_gmt":"2020-08-05T10:05:08","slug":"guy-de-maupassant","status":"publish","type":"page","link":"https:\/\/www.imer.mx\/micrositios\/guy-de-maupassant\/","title":{"rendered":"Guy de Maupassant"},"content":{"rendered":"<div class=\"wpb-content-wrapper\"><p>[vc_row][vc_column css=&#8221;.vc_custom_1592519618619{margin-top: -75px !important;}&#8221;][vc_single_image image=&#8221;29273&#8243; img_size=&#8221;full&#8221; alignment=&#8221;center&#8221;][\/vc_column][\/vc_row][vc_row][vc_column][vc_custom_heading text=&#8221;Guy de Maupassant&#8221; google_fonts=&#8221;font_family:Roboto%3A100%2C100italic%2C300%2C300italic%2Cregular%2Citalic%2C500%2C500italic%2C700%2C700italic%2C900%2C900italic|font_style:500%20bold%20regular%3A500%3Anormal&#8221;][vc_empty_space][\/vc_column][\/vc_row][vc_row][vc_column width=&#8221;1\/2&#8243;][vc_column_text]<\/p>\n<div id=\"attachment_29279\" style=\"width: 206px\" class=\"wp-caption alignright\"><img loading=\"lazy\" decoding=\"async\" aria-describedby=\"caption-attachment-29279\" class=\"wp-image-29279 size-medium\" src=\"https:\/\/www.imer.mx\/micrositios\/wp-content\/uploads\/sites\/49\/micrositio_maupassant_02_7_anios-196x300.jpg\" alt=\"\" width=\"196\" height=\"300\" srcset=\"https:\/\/www.imer.mx\/micrositios\/wp-content\/uploads\/sites\/49\/micrositio_maupassant_02_7_anios-196x300.jpg 196w, https:\/\/www.imer.mx\/micrositios\/wp-content\/uploads\/sites\/49\/micrositio_maupassant_02_7_anios.jpg 654w\" sizes=\"auto, (max-width: 196px) 100vw, 196px\" \/><p id=\"caption-attachment-29279\" class=\"wp-caption-text\">Guy de Maupassant a los 7 a\u00f1os de edad. Imagen: fr.wikipedia.org<\/p><\/div>\n<p>Guy de Maupassant, considerado uno de los grandes maestros del relato dentro de literatura universal, naci\u00f3 en el castillo de Miromesnil, en Normand\u00eda, Francia, el 5 de agosto de 1850. Proveniente de una familia aristocr\u00e1tica y libre pensadora, se educ\u00f3 con su madre hasta los 13 a\u00f1os, adquiriendo gran afici\u00f3n por la lectura y gran conocimiento de las obras cl\u00e1sicas. En la primera juventud, y para no interrumpir su educaci\u00f3n, sus padres lo inscribieron en el colegio eclesi\u00e1stico de Yvetot, del cual fue expulsado por rebeld\u00eda y mala conducta. A partir aquel momento, y durante toda su vida, present\u00f3 una gran aversi\u00f3n hacia cualquier asunto religioso. Finalmente consigui\u00f3 graduarse con \u00e9xito en el Liceo Rouen y hacer amistad con personajes tan determinantes como su maestro Gustave Flaubert conocido por su novela Madame Bovary.[\/vc_column_text][vc_column_text]Decidido a ser independiente y a gozar de todo lo que la vida pod\u00eda ofrecerle, Maupassant se instala en Par\u00eds para estudiar la carrera de Derecho. Sin embargo sus planes fracasaron otra vez: la guerra franco prusiana detuvo sus estudios y su trabajo en el ministerio de instrucci\u00f3n p\u00fablica no dur\u00f3 ni un par de meses. Gracias a Flaubert se anim\u00f3 a dedicarse a la literatura y aquello le cambi\u00f3 la vida. Muy pronto ya era parte del c\u00edrculo de escritores que inclu\u00eda a \u00c9mile Zola, Iv\u00e1n Turgueniev, Edmond Goncourt y Henry James, representantes todos de movimientos tan determinantes como el naturalismo y de estilos literarios de vanguardia.[\/vc_column_text][vc_column_text]<\/p>\n<div id=\"attachment_29281\" style=\"width: 198px\" class=\"wp-caption alignleft\"><img loading=\"lazy\" decoding=\"async\" aria-describedby=\"caption-attachment-29281\" class=\"size-medium wp-image-29281\" src=\"https:\/\/www.imer.mx\/micrositios\/wp-content\/uploads\/sites\/49\/micrositio_maupassant_03_bola_sebo-188x300.jpg\" alt=\"\" width=\"188\" height=\"300\" srcset=\"https:\/\/www.imer.mx\/micrositios\/wp-content\/uploads\/sites\/49\/micrositio_maupassant_03_bola_sebo-188x300.jpg 188w, https:\/\/www.imer.mx\/micrositios\/wp-content\/uploads\/sites\/49\/micrositio_maupassant_03_bola_sebo.jpg 503w\" sizes=\"auto, (max-width: 188px) 100vw, 188px\" \/><p id=\"caption-attachment-29281\" class=\"wp-caption-text\">Ilustraci\u00f3n de una edici\u00f3n del relato Bola de Sebo. Imagen: fr.wikipedia.org<\/p><\/div>\n<p>Su primer \u00e9xito editorial fue el relato breve \u201cBola de sebo\u201d (1880), considerado una obra maestra del g\u00e9nero; su estilo creativo marc\u00f3 un giro en la literatura de la \u00e9poca ya que, por un lado, se ocupa de la injusticia contra los menos favorecidos y, por el otro describ\u00eda a su personaje femenino rompiendo el estereotipo de todos los personajes femeninos que gustaban a los lectores.[\/vc_column_text][\/vc_column][vc_column width=&#8221;1\/2&#8243;][vc_column_text]Afectado durante toda su vida de graves trastornos nerviosos y f\u00edsicos, en 1892, tras un intento de suicidio en Cannes, fue ingresado en el manicomio de Par\u00eds, donde muri\u00f3, despu\u00e9s de dieciocho meses de agon\u00eda, de una par\u00e1lisis general. Sus cr\u00edticos afirman que en su novela Bel Ami, el personaje Norbert de Varenne, alter ego de Schopenhauer, resumi\u00f3 magn\u00edficamente el ag\u00f3nico sentimiento de muerte que llevaba mucho tiempo afect\u00e1ndolo: <em>\u201cLa siento en m\u00ed como si llevara dentro una bestia roedora. La he sentido poco a poco, cada mes, cada hora, devorarme al igual que una casa que se desmorona. Se ha apoderado de mi piel, de mis m\u00fasculos, de mis dientes, de todo mi cuerpo de anta\u00f1o, dej\u00e1ndome s\u00f3lo un alma desesperada que pronto ser\u00e1 tambi\u00e9n arrebatada\u201d<\/em>.[\/vc_column_text][vc_column_text]<\/p>\n<div id=\"attachment_29282\" style=\"width: 232px\" class=\"wp-caption alignright\"><img loading=\"lazy\" decoding=\"async\" aria-describedby=\"caption-attachment-29282\" class=\"size-medium wp-image-29282\" src=\"https:\/\/www.imer.mx\/micrositios\/wp-content\/uploads\/sites\/49\/micrositio_maupassant_04_le_horla-222x300.jpg\" alt=\"\" width=\"222\" height=\"300\" srcset=\"https:\/\/www.imer.mx\/micrositios\/wp-content\/uploads\/sites\/49\/micrositio_maupassant_04_le_horla-222x300.jpg 222w, https:\/\/www.imer.mx\/micrositios\/wp-content\/uploads\/sites\/49\/micrositio_maupassant_04_le_horla.jpg 740w\" sizes=\"auto, (max-width: 222px) 100vw, 222px\" \/><p id=\"caption-attachment-29282\" class=\"wp-caption-text\">Portada de El Horla, edici\u00f3n de 1908, ilustrada por William Julian-Damazy. Imagen: fr.wikipedia.org<\/p><\/div>\n<p>Interesado por cuanto le rodeaba, casi no dej\u00f3 tema sin tocar; sus historias son originales, descritas de forma natural, sin restricciones, ni perjuicios, con mucha precisi\u00f3n y fuerza dram\u00e1tica. Su obra aborda temas como el adulterio, la prostituci\u00f3n, el dinero, la violaci\u00f3n, los bastardos, el suicidio, entre otros. Durante trece a\u00f1os public\u00f3 m\u00e1s de 300 cuentos, seis novelas, un libro de poes\u00eda y varias gu\u00edas de viaje, destacan t\u00edtulos como <em>La casa Teillier, La se\u00f1orita Harriet, El horla, Una vida, Bel Ami, Pierre y Jean, La Vendetta, La mano, La cama, Una viuda<\/em> y <em>El puerto<\/em>.<\/p>\n<p>Su obra ha inspirado a un gran n\u00famero de pel\u00edculas, obras de teatro y series de televisi\u00f3n, destacan: <em>Una mujer sin amor<\/em>, pel\u00edcula mexicana conocida como <em>Cuando los hijos se van<\/em>, inspirada en la novela Pierre y Jean, dirigida por Luis Bu\u00f1uel en 1952. <em>La mujer del puerto<\/em>, basada en el cuento <em>El Puerto<\/em>, dirigida por Arcady Boytler en 1934, por Emilio G\u00f3mez Muriel en 1949 y por Arturo Ripstein en 1991. Su novela <em>Bel Ami<\/em> ha sido adaptada al cine ocho veces, la \u00faltima en 2012, dirigida por Declan Donnellan y Nick Ormerod.<\/p>\n<p>Guy de Maupassant muere el 6 de julio de 1893 a los 42 a\u00f1os. Antes de morir dej\u00f3 escrito su epitafio que dice <em>Lo he codiciado todo y no he sentido placer en nada<\/em>. Sus restos est\u00e1n enterrados en el cementerio de Motparnasse en Par\u00eds.<\/p>\n<p>Escucha los siguientes programas seleccionados del acervo hist\u00f3rico del IMER, sobre la vida y obra de Guy de Maupassant.[\/vc_column_text][\/vc_column][\/vc_row][vc_row type=&#8221;vc_default&#8221; disable_element=&#8221;yes&#8221;][vc_column][vc_empty_space height=&#8221;100px&#8221;][\/vc_column][\/vc_row][vc_row][vc_column][vc_column_text]<div id=\"audioigniter-29270\" class=\"audioigniter-root \" data-player-type=\"full\" data-tracks-url=\"https:\/\/www.imer.mx\/micrositios\/?audioigniter_playlist_id=29270\" data-display-track-no=\"false\" data-reverse-track-order=\"false\" data-display-tracklist-covers=\"true\" data-display-active-cover=\"true\" data-display-artist-names=\"false\" data-display-buy-buttons=\"false\" data-buy-buttons-target=\"false\" data-cycle-tracks=\"false\" data-display-credits=\"false\" data-display-tracklist=\"true\" data-allow-tracklist-toggle=\"true\" data-allow-tracklist-loop=\"true\" data-limit-tracklist-height=\"true\" data-volume=\"100\" data-tracklist-height=\"185\" ><\/div>[\/vc_column_text][\/vc_column][\/vc_row][vc_row][vc_column width=&#8221;1\/2&#8243;][vc_single_image image=&#8221;29277&#8243; img_size=&#8221;full&#8221; add_caption=&#8221;yes&#8221; onclick=&#8221;link_image&#8221;][\/vc_column][vc_column width=&#8221;1\/2&#8243;][vc_single_image image=&#8221;29285&#8243; img_size=&#8221;full&#8221; add_caption=&#8221;yes&#8221; onclick=&#8221;link_image&#8221;][\/vc_column][\/vc_row][vc_row][vc_column css=&#8221;.vc_custom_1592519723758{margin-bottom: -85px !important;}&#8221;][vc_single_image image=&#8221;29274&#8243; img_size=&#8221;full&#8221;][\/vc_column][\/vc_row]<\/p>\n<\/div>","protected":false},"excerpt":{"rendered":"<p>[vc_row][vc_column css=&#8221;.vc_custom_1592519618619{margin-top: -75px !important;}&#8221;][vc_single_image image=&#8221;29273&#8243; img_size=&#8221;full&#8221; alignment=&#8221;center&#8221;][\/vc_column][\/vc_row][vc_row][vc_column][vc_custom_heading text=&#8221;Guy de Maupassant&#8221; google_fonts=&#8221;font_family:Roboto%3A100%2C100italic%2C300%2C300italic%2Cregular%2Citalic%2C500%2C500italic%2C700%2C700italic%2C900%2C900italic|font_style:500%20bold%20regular%3A500%3Anormal&#8221;][vc_empty_space][\/vc_column][\/vc_row][vc_row][vc_column width=&#8221;1\/2&#8243;][vc_column_text] Guy de Maupassant, considerado uno de los grandes maestros del relato dentro de literatura universal, naci\u00f3 en el castillo de Miromesnil, en Normand\u00eda, Francia, el 5 de agosto de 1850. Proveniente de una familia aristocr\u00e1tica y libre pensadora, se educ\u00f3 con su madre&hellip;<\/p>\n","protected":false},"author":1,"featured_media":0,"parent":0,"menu_order":0,"comment_status":"closed","ping_status":"closed","template":"","meta":{"wp_popup_display_lightbox":0,"wp_popup_suppress":"","wp_popup_trigger":"","wp_popup_trigger_amount":0,"wp_popup_disable_on_mobile":false,"footnotes":""},"class_list":["post-29269","page","type-page","status-publish","hentry","description-off"],"_links":{"self":[{"href":"https:\/\/www.imer.mx\/micrositios\/wp-json\/wp\/v2\/pages\/29269","targetHints":{"allow":["GET"]}}],"collection":[{"href":"https:\/\/www.imer.mx\/micrositios\/wp-json\/wp\/v2\/pages"}],"about":[{"href":"https:\/\/www.imer.mx\/micrositios\/wp-json\/wp\/v2\/types\/page"}],"author":[{"embeddable":true,"href":"https:\/\/www.imer.mx\/micrositios\/wp-json\/wp\/v2\/users\/1"}],"replies":[{"embeddable":true,"href":"https:\/\/www.imer.mx\/micrositios\/wp-json\/wp\/v2\/comments?post=29269"}],"version-history":[{"count":0,"href":"https:\/\/www.imer.mx\/micrositios\/wp-json\/wp\/v2\/pages\/29269\/revisions"}],"wp:attachment":[{"href":"https:\/\/www.imer.mx\/micrositios\/wp-json\/wp\/v2\/media?parent=29269"}],"curies":[{"name":"wp","href":"https:\/\/api.w.org\/{rel}","templated":true}]}}