{"id":28885,"date":"2020-01-13T17:13:51","date_gmt":"2020-01-13T23:13:51","guid":{"rendered":"https:\/\/www.imer.mx\/micrositios\/?page_id=28885"},"modified":"2020-09-16T01:13:46","modified_gmt":"2020-09-16T06:13:46","slug":"chava-flores","status":"publish","type":"page","link":"https:\/\/www.imer.mx\/micrositios\/chava-flores\/","title":{"rendered":"Salvador &#8220;Chava&#8221; Flores"},"content":{"rendered":"<div class=\"wpb-content-wrapper\"><p>[vc_row][vc_column][vc_single_image image=&#8221;28886&#8243; img_size=&#8221;full&#8221; alignment=&#8221;center&#8221; image_hovers=&#8221;false&#8221; lazy_loading=&#8221;true&#8221;][\/vc_column][\/vc_row][vc_row][vc_column width=&#8221;1\/2&#8243;][vc_column_text]Salvador Flores Rivera, mejor conocido como \u201cChava Flores\u201d, nace en la Ciudad de M\u00e9xico el 14 de enero de 1920, en la calle de La Soledad, del barrio de la Merced. Es considerado el <em>cronista musical de la Ciudad de M\u00e9xico<\/em> y m\u00e1ximo folclorista urbano; de \u00e9l corre la leyenda que conoce a fondo todos los barrios y colonias populosas como la Peralvillo, la San Rafael, la Guerrero, la Doctores, la Roma, la Romita, la Santa Mar\u00eda La Rivera, Tacubaya, Azcapotzalco y muchas otras, llenas de vecindades.[\/vc_column_text][vc_column_text]Tras el fallecimiento de su padre, a los trece a\u00f1os, deja los estudios y comienza a trabajar para sostener la casa. Ejerce varios oficios: sastre, mensajero, repartidor, cobrador, contador, comerciante y ferretero. Incluso maneja una salchichoner\u00eda y adquiere un cami\u00f3n repartidor de carnes, que remata cuando quiebra el negocio.[\/vc_column_text][vc_column_text]Su acercamiento a la m\u00fasica llega al asociarse a un amigo para trabajar en una peque\u00f1a imprenta. All\u00ed es el encargado de editar la revista quincenal llamada <em>El \u00c1lbum de Oro de la Canci\u00f3n<\/em>, uno de los grandes sue\u00f1os de su juventud. \u00c9l mismo confiesa, a\u00f1os m\u00e1s tarde, que gracias a la revista tiene la oportunidad de conocer a los grandes compositores de esa \u00e9poca, a quienes entrevistaba y por quienes sent\u00eda \u201cuna gran admiraci\u00f3n, al grado de querer llegar a ser un d\u00eda como uno de ellos\u201d.[\/vc_column_text][\/vc_column][vc_column width=&#8221;1\/2&#8243;][vc_column_text]En 1951 escribe <i>Dos horas de balazos<\/i>, se inicia como compositor y es la primera canci\u00f3n que llega a la radio junto con el tema de <i>La tertulia<\/i> que son llevadas a los acetatos. El \u00e9xito es tal, que no tardan en aparecer las nuevas creaciones: <i>Boda de vecindad, Peso sobre peso (la Bartola), La interesada, El gato viudo, Mi chorro de voz, Ingrata p\u00e9rfida y Llegaron los gorrones<\/i>. Sus temas pronto se arraigan en el gusto de la gente, que convierten en sus favoritas canciones como <i>Pobre Tom, V\u00e1monos al parque, C\u00e9fira; Cerro sus ojitos Cleto, Pichicu\u00e1s, Los quince a\u00f1os de Espergencia<\/i> y, m\u00e1s adelante <i>S\u00e1bado Distrito Federal, Voy en el Metro y A qu\u00e9 le tiras cuando sue\u00f1as mexicano.<\/i>[\/vc_column_text][vc_column_text]Completamente chilango, citadino, ingenioso y divertido; sus canciones retratan la vida capitalina. Sus letras y m\u00fasica, reflejan un profundo conocimiento del folclor del Distrito Federal parodiando la manera del ser del mexicano, as\u00ed como las costumbres de un M\u00e9xico olvidado; calificado por muchos como un antrop\u00f3logo natural, un acertado conocedor del ser del mexicano y un original comediante. Act\u00faa en las m\u00e1s populares carpas y cabarets de la ciudad, ganando fama en el resto del pa\u00eds y despu\u00e9s en el continente americano.<\/p>\n<p>Recibe varios diplomas y reconocimientos por su carrera de autor y compositor; en 1983 se muda a la ciudad de Morelia Michoac\u00e1n, participa en un programa de radio y escribe el libro <i>Relatos de mi barrio.<\/i><\/p>\n<p>Chava Flores fallece el 5 de agosto de 1987 a los 67 a\u00f1os.<\/p>\n<p>Escucha los siguientes programas seleccionados de la Fonoteca Hist\u00f3rica del IMER, en los que se habla sobre la vida y m\u00fasica de Chava Flores.[\/vc_column_text][\/vc_column][\/vc_row][vc_row][vc_column][vc_text_separator title=&#8221;Escucha los audios&#8221; i_icon_fontawesome=&#8221;fa fa-headphones&#8221; i_color=&#8221;custom&#8221; add_icon=&#8221;true&#8221; i_custom_color=&#8221;#017f71&#8243;][\/vc_column][\/vc_row][vc_row][vc_column][vc_column_text]<\/p>\n<div class=\"wp-playlist wp-audio-playlist wp-playlist-light\">\n\t\t\t<div class=\"wp-playlist-current-item\"><\/div>\n\t\t<audio controls=\"controls\" preload=\"none\" width=\"1178\"\n\t\t\t><\/audio>\n\t<div class=\"wp-playlist-next\"><\/div>\n\t<div class=\"wp-playlist-prev\"><\/div>\n\t<noscript>\n\t<ol>\n\t\t<li><a href='https:\/\/www.imer.mx\/micrositios\/wp-content\/uploads\/sites\/49\/micrositio_chava_flores_01_fn14040032943.mp3'>1 Chava Flores, breve semblanza en el programa \u201cZona B\u201d, transmitido en 2003<\/a><\/li><li><a href='https:\/\/www.imer.mx\/micrositios\/wp-content\/uploads\/sites\/49\/micrositio_chava_flores_02_fn10010187155y56.mp3'>2 Chava Flores, vida y m\u00fasica en el programa de Karime Lara y Sergio Alberto Bustos, \u201cOye coraz\u00f3n\u201d, transmitido en 2003<\/a><\/li><li><a href='https:\/\/www.imer.mx\/micrositios\/wp-content\/uploads\/sites\/49\/micrositio_chava_flores_03_fn08010151894.mp3'>3 Chava Flores, vida y m\u00fasica en el programa de Linda Joy Fennley, \u201cRa\u00edces y ritmos regionales\u201d en el que participan Juan Manuel Vel\u00e1zquez \u00c1vila, Alberto Agust\u00edn Vel\u00e1zquez \u00c1vila y Carmelo Castro Terr\u00f3n, interpretando sus canciones, transmitido en 2003<\/a><\/li><li><a href='https:\/\/www.imer.mx\/micrositios\/wp-content\/uploads\/sites\/49\/micrositio_chava_flores_04_fn08010153054.mp3'>4 Chava Flores, en el programa \u201cVida y obra\u201d, transmitido en 2002<\/a><\/li><li><a href='https:\/\/www.imer.mx\/micrositios\/wp-content\/uploads\/sites\/49\/micrositio_chava_flores_05_fn08010130460.mp3'>5 Chava Flores, vida y m\u00fasica en el programa \u201cM\u00e9xico canta\u201d, transmitido en 2003<\/a><\/li><li><a href='https:\/\/www.imer.mx\/micrositios\/wp-content\/uploads\/sites\/49\/micrositio_chava_flores_06_fn08010152214.mp3'>6 Chava Flores, breve comentario de Jos\u00e9 Luis Cuevas en el programa \u201cLos pasos de Cuevas\u201d, transmitido en 2001<\/a><\/li><li><a href='https:\/\/www.imer.mx\/micrositios\/wp-content\/uploads\/sites\/49\/micrositio_chava_flores_07_fn08010129876.mp3'>7 \u201cRetratos de mi barrio\u201d, fragmentos en la voz de Chava Flores en el programa \u201cEl sue\u00f1o de una palabra\u201d, transmitido en 2001<\/a><\/li><li><a href='https:\/\/www.imer.mx\/micrositios\/wp-content\/uploads\/sites\/49\/micrositio_chava_flores_08_fn08010147791y92.mp3'>8 Homenaje a Chava Flores I, en el programa de Armando Manzanero, \u201cManzanero a trav\u00e9s de su m\u00fasica\u201d, transmitido en 2001<\/a><\/li><li><a href='https:\/\/www.imer.mx\/micrositios\/wp-content\/uploads\/sites\/49\/micrositio_chava_flores_09_fn08010147793y94.mp3'>9 Homenaje a Chava Flores II, en el programa de Armando Manzanero, \u201cManzanero a trav\u00e9s de su m\u00fasica\u201d, transmitido en 2001<\/a><\/li>\t<\/ol>\n\t<\/noscript>\n\t<script type=\"application\/json\" class=\"wp-playlist-script\">{\"type\":\"audio\",\"tracklist\":true,\"tracknumbers\":true,\"images\":false,\"artists\":false,\"tracks\":[{\"src\":\"https:\/\/www.imer.mx\/micrositios\/wp-content\/uploads\/sites\/49\/micrositio_chava_flores_01_fn14040032943.mp3\",\"type\":\"audio\/mpeg\",\"title\":\"1 Chava Flores, breve semblanza en el programa \\u201cZona B\\u201d, transmitido en 2003\",\"caption\":\"\",\"description\":\"\\u00ab1 Chava Flores, breve semblanza en el programa \\u201cZona B\\u201d, transmitido en 2003\\u00bb en Chava Flores 01 IMER.\",\"meta\":{\"artist\":\"Chava Flores 01 IMER\",\"length_formatted\":\"1:50\"},\"image\":{\"src\":\"https:\/\/www.imer.mx\/micrositios\/wp-includes\/images\/media\/audio.svg\",\"width\":48,\"height\":64},\"thumb\":{\"src\":\"https:\/\/www.imer.mx\/micrositios\/wp-includes\/images\/media\/audio.svg\",\"width\":48,\"height\":64}},{\"src\":\"https:\/\/www.imer.mx\/micrositios\/wp-content\/uploads\/sites\/49\/micrositio_chava_flores_02_fn10010187155y56.mp3\",\"type\":\"audio\/mpeg\",\"title\":\"2 Chava Flores, vida y m\\u00fasica en el programa de Karime Lara y Sergio Alberto Bustos, \\u201cOye coraz\\u00f3n\\u201d, transmitido en 2003\",\"caption\":\"\",\"description\":\"\\u00ab2 Chava Flores, vida y m\\u00fasica en el programa de Karime Lara y Sergio Alberto Bustos, \\u201cOye coraz\\u00f3n\\u201d, transmitido en 2003\\u00bb en Chava Flores 02 IMER.\",\"meta\":{\"artist\":\"Chava Flores 02 IMER\",\"length_formatted\":\"57:14\"},\"image\":{\"src\":\"https:\/\/www.imer.mx\/micrositios\/wp-includes\/images\/media\/audio.svg\",\"width\":48,\"height\":64},\"thumb\":{\"src\":\"https:\/\/www.imer.mx\/micrositios\/wp-includes\/images\/media\/audio.svg\",\"width\":48,\"height\":64}},{\"src\":\"https:\/\/www.imer.mx\/micrositios\/wp-content\/uploads\/sites\/49\/micrositio_chava_flores_03_fn08010151894.mp3\",\"type\":\"audio\/mpeg\",\"title\":\"3 Chava Flores, vida y m\\u00fasica en el programa de Linda Joy Fennley, \\u201cRa\\u00edces y ritmos regionales\\u201d en el que participan Juan Manuel Vel\\u00e1zquez \\u00c1vila, Alberto Agust\\u00edn Vel\\u00e1zquez \\u00c1vila y Carmelo Castro Terr\\u00f3n, interpretando sus canciones, transmitido en 2003\",\"caption\":\"\",\"description\":\"\\u00ab3 Chava Flores, vida y m\\u00fasica en el programa de Linda Joy Fennley, \\u201cRa\\u00edces y ritmos regionales\\u201d en el que participan Juan Manuel Vel\\u00e1zquez \\u00c1vila, Alberto Agust\\u00edn Vel\\u00e1zquez \\u00c1vila y Carmelo Castro Terr\\u00f3n, interpretando sus canciones, transmitido en 2003\\u00bb en Chava Flores 03 IMER.\",\"meta\":{\"artist\":\"Chava Flores 03 IMER\",\"length_formatted\":\"30:01\"},\"image\":{\"src\":\"https:\/\/www.imer.mx\/micrositios\/wp-includes\/images\/media\/audio.svg\",\"width\":48,\"height\":64},\"thumb\":{\"src\":\"https:\/\/www.imer.mx\/micrositios\/wp-includes\/images\/media\/audio.svg\",\"width\":48,\"height\":64}},{\"src\":\"https:\/\/www.imer.mx\/micrositios\/wp-content\/uploads\/sites\/49\/micrositio_chava_flores_04_fn08010153054.mp3\",\"type\":\"audio\/mpeg\",\"title\":\"4 Chava Flores, en el programa \\u201cVida y obra\\u201d, transmitido en 2002\",\"caption\":\"\",\"description\":\"\\u00ab4 Chava Flores, en el programa \\u201cVida y obra\\u201d, transmitido en 2002\\u00bb en Chava Flores 04 IMER.\",\"meta\":{\"artist\":\"Chava Flores 04 IMER\",\"length_formatted\":\"27:52\"},\"image\":{\"src\":\"https:\/\/www.imer.mx\/micrositios\/wp-includes\/images\/media\/audio.svg\",\"width\":48,\"height\":64},\"thumb\":{\"src\":\"https:\/\/www.imer.mx\/micrositios\/wp-includes\/images\/media\/audio.svg\",\"width\":48,\"height\":64}},{\"src\":\"https:\/\/www.imer.mx\/micrositios\/wp-content\/uploads\/sites\/49\/micrositio_chava_flores_05_fn08010130460.mp3\",\"type\":\"audio\/mpeg\",\"title\":\"5 Chava Flores, vida y m\\u00fasica en el programa \\u201cM\\u00e9xico canta\\u201d, transmitido en 2003\",\"caption\":\"\",\"description\":\"\\u00ab5 Chava Flores, vida y m\\u00fasica en el programa \\u201cM\\u00e9xico canta\\u201d, transmitido en 2003\\u00bb en Chava Flores 05 IMER.\",\"meta\":{\"artist\":\"Chava Flores 05 IMER\",\"length_formatted\":\"31:05\"},\"image\":{\"src\":\"https:\/\/www.imer.mx\/micrositios\/wp-includes\/images\/media\/audio.svg\",\"width\":48,\"height\":64},\"thumb\":{\"src\":\"https:\/\/www.imer.mx\/micrositios\/wp-includes\/images\/media\/audio.svg\",\"width\":48,\"height\":64}},{\"src\":\"https:\/\/www.imer.mx\/micrositios\/wp-content\/uploads\/sites\/49\/micrositio_chava_flores_06_fn08010152214.mp3\",\"type\":\"audio\/mpeg\",\"title\":\"6 Chava Flores, breve comentario de Jos\\u00e9 Luis Cuevas en el programa \\u201cLos pasos de Cuevas\\u201d, transmitido en 2001\",\"caption\":\"\",\"description\":\"\\u00ab6 Chava Flores, breve comentario de Jos\\u00e9 Luis Cuevas en el programa \\u201cLos pasos de Cuevas\\u201d, transmitido en 2001\\u00bb en Chava Flores 06 IMER.\",\"meta\":{\"artist\":\"Chava Flores 06 IMER\",\"length_formatted\":\"3:35\"},\"image\":{\"src\":\"https:\/\/www.imer.mx\/micrositios\/wp-includes\/images\/media\/audio.svg\",\"width\":48,\"height\":64},\"thumb\":{\"src\":\"https:\/\/www.imer.mx\/micrositios\/wp-includes\/images\/media\/audio.svg\",\"width\":48,\"height\":64}},{\"src\":\"https:\/\/www.imer.mx\/micrositios\/wp-content\/uploads\/sites\/49\/micrositio_chava_flores_07_fn08010129876.mp3\",\"type\":\"audio\/mpeg\",\"title\":\"7 \\u201cRetratos de mi barrio\\u201d, fragmentos en la voz de Chava Flores en el programa \\u201cEl sue\\u00f1o de una palabra\\u201d, transmitido en 2001\",\"caption\":\"\",\"description\":\"\\u00ab7 \\u201cRetratos de mi barrio\\u201d, fragmentos en la voz de Chava Flores en el programa \\u201cEl sue\\u00f1o de una palabra\\u201d, transmitido en 2001\\u00bb en Chava Flores 07 IMER.\",\"meta\":{\"artist\":\"Chava Flores 07 IMER\",\"length_formatted\":\"6:39\"},\"image\":{\"src\":\"https:\/\/www.imer.mx\/micrositios\/wp-includes\/images\/media\/audio.svg\",\"width\":48,\"height\":64},\"thumb\":{\"src\":\"https:\/\/www.imer.mx\/micrositios\/wp-includes\/images\/media\/audio.svg\",\"width\":48,\"height\":64}},{\"src\":\"https:\/\/www.imer.mx\/micrositios\/wp-content\/uploads\/sites\/49\/micrositio_chava_flores_08_fn08010147791y92.mp3\",\"type\":\"audio\/mpeg\",\"title\":\"8 Homenaje a Chava Flores I, en el programa de Armando Manzanero, \\u201cManzanero a trav\\u00e9s de su m\\u00fasica\\u201d, transmitido en 2001\",\"caption\":\"\",\"description\":\"\\u00ab8 Homenaje a Chava Flores I, en el programa de Armando Manzanero, \\u201cManzanero a trav\\u00e9s de su m\\u00fasica\\u201d, transmitido en 2001\\u00bb en Chava Flores 08 IMER.\",\"meta\":{\"artist\":\"Chava Flores 08 IMER\",\"length_formatted\":\"1:00:19\"},\"image\":{\"src\":\"https:\/\/www.imer.mx\/micrositios\/wp-includes\/images\/media\/audio.svg\",\"width\":48,\"height\":64},\"thumb\":{\"src\":\"https:\/\/www.imer.mx\/micrositios\/wp-includes\/images\/media\/audio.svg\",\"width\":48,\"height\":64}},{\"src\":\"https:\/\/www.imer.mx\/micrositios\/wp-content\/uploads\/sites\/49\/micrositio_chava_flores_09_fn08010147793y94.mp3\",\"type\":\"audio\/mpeg\",\"title\":\"9 Homenaje a Chava Flores II, en el programa de Armando Manzanero, \\u201cManzanero a trav\\u00e9s de su m\\u00fasica\\u201d, transmitido en 2001\",\"caption\":\"\",\"description\":\"\\u00ab9 Homenaje a Chava Flores II, en el programa de Armando Manzanero, \\u201cManzanero a trav\\u00e9s de su m\\u00fasica\\u201d, transmitido en 2001\\u00bb en Chava Flores 09 IMER.\",\"meta\":{\"artist\":\"Chava Flores 09 IMER\",\"length_formatted\":\"58:45\"},\"image\":{\"src\":\"https:\/\/www.imer.mx\/micrositios\/wp-includes\/images\/media\/audio.svg\",\"width\":48,\"height\":64},\"thumb\":{\"src\":\"https:\/\/www.imer.mx\/micrositios\/wp-includes\/images\/media\/audio.svg\",\"width\":48,\"height\":64}}]}<\/script>\n<\/div>\n\t\n<p>[\/vc_column_text][\/vc_column][\/vc_row]<\/p>\n<\/div>","protected":false},"excerpt":{"rendered":"<p>[vc_row][vc_column][vc_single_image image=&#8221;28886&#8243; img_size=&#8221;full&#8221; alignment=&#8221;center&#8221; image_hovers=&#8221;false&#8221; lazy_loading=&#8221;true&#8221;][\/vc_column][\/vc_row][vc_row][vc_column width=&#8221;1\/2&#8243;][vc_column_text]Salvador Flores Rivera, mejor conocido como \u201cChava Flores\u201d, nace en la Ciudad de M\u00e9xico el 14 de enero de 1920, en la calle de La Soledad, del barrio de la Merced. Es considerado el cronista musical de la Ciudad de M\u00e9xico y m\u00e1ximo folclorista urbano; de \u00e9l corre la&hellip;<\/p>\n","protected":false},"author":1,"featured_media":0,"parent":0,"menu_order":0,"comment_status":"closed","ping_status":"closed","template":"","meta":{"wp_popup_display_lightbox":0,"wp_popup_suppress":"","wp_popup_trigger":"","wp_popup_trigger_amount":0,"wp_popup_disable_on_mobile":false,"footnotes":""},"class_list":["post-28885","page","type-page","status-publish","hentry","description-off"],"_links":{"self":[{"href":"https:\/\/www.imer.mx\/micrositios\/wp-json\/wp\/v2\/pages\/28885","targetHints":{"allow":["GET"]}}],"collection":[{"href":"https:\/\/www.imer.mx\/micrositios\/wp-json\/wp\/v2\/pages"}],"about":[{"href":"https:\/\/www.imer.mx\/micrositios\/wp-json\/wp\/v2\/types\/page"}],"author":[{"embeddable":true,"href":"https:\/\/www.imer.mx\/micrositios\/wp-json\/wp\/v2\/users\/1"}],"replies":[{"embeddable":true,"href":"https:\/\/www.imer.mx\/micrositios\/wp-json\/wp\/v2\/comments?post=28885"}],"version-history":[{"count":0,"href":"https:\/\/www.imer.mx\/micrositios\/wp-json\/wp\/v2\/pages\/28885\/revisions"}],"wp:attachment":[{"href":"https:\/\/www.imer.mx\/micrositios\/wp-json\/wp\/v2\/media?parent=28885"}],"curies":[{"name":"wp","href":"https:\/\/api.w.org\/{rel}","templated":true}]}}