{"id":27937,"date":"2018-11-26T12:35:49","date_gmt":"2018-11-26T18:35:49","guid":{"rendered":"https:\/\/www.imer.mx\/micrositios\/?page_id=27937"},"modified":"2020-09-16T01:51:36","modified_gmt":"2020-09-16T06:51:36","slug":"jorge-negrete","status":"publish","type":"page","link":"https:\/\/www.imer.mx\/micrositios\/jorge-negrete\/","title":{"rendered":"Jorge Negrete"},"content":{"rendered":"<div class=\"wpb-content-wrapper\"><p>[vc_row][vc_column css=&#8221;.vc_custom_1600239052782{margin-top: -50px !important;}&#8221;][vc_single_image image=&#8221;27939&#8243; img_size=&#8221;full&#8221; alignment=&#8221;center&#8221; image_hovers=&#8221;false&#8221; lazy_loading=&#8221;true&#8221;][\/vc_column][\/vc_row][vc_row][vc_column][vc_custom_heading text=&#8221;Jorge Negrete&#8221; google_fonts=&#8221;font_family:PT%20Serif%3Aregular%2Citalic%2C700%2C700italic|font_style:400%20regular%3A400%3Anormal&#8221;][\/vc_column][\/vc_row][vc_row][vc_column width=&#8221;1\/2&#8243;][vc_column_text]El 30 de noviembre de 1911 nace Jorge Negrete, cantante y actor, figura emblem\u00e1tica de la \u00c9poca de Oro del cine mexicano.<\/p>\n<p>Estudia canto con el maestro Jos\u00e9 Pierson y aprende a desarrollar su voz en toda su potencia. En 1930, en la radio, interpreta por primera vez conocidas arias de \u00f3pera y canciones de compositores mexicanos como el maestro Juan S. Garrido; logra popularidad nacional e internacional.<\/p>\n<p><img loading=\"lazy\" decoding=\"async\" class=\"wp-image-27945 alignleft\" src=\"https:\/\/www.imer.mx\/micrositios\/wp-content\/uploads\/sites\/49\/micrositio_jorge_negrete_02a-300x224.jpg\" alt=\"\" width=\"260\" height=\"194\" srcset=\"https:\/\/www.imer.mx\/micrositios\/wp-content\/uploads\/sites\/49\/micrositio_jorge_negrete_02a-300x224.jpg 300w, https:\/\/www.imer.mx\/micrositios\/wp-content\/uploads\/sites\/49\/micrositio_jorge_negrete_02a.jpg 430w\" sizes=\"auto, (max-width: 260px) 100vw, 260px\" \/>En 1937 debuta en el cine, filma cerca de cincuenta pel\u00edculas entre las que destacan \u201cAll\u00e1 en el rancho grande\u201d, \u201cHistoria de un gran amor\u201d, \u201cEl pe\u00f1\u00f3n de las \u00e1nimas\u201d, \u201cLos tres alegres compadres\u201d y \u201cDos tipos de cuidado\u201d, al lado del igualmente popular Pedro Infante.[\/vc_column_text][\/vc_column][vc_column width=&#8221;1\/2&#8243;][vc_column_text]<img loading=\"lazy\" decoding=\"async\" class=\"wp-image-27946 alignright\" src=\"https:\/\/www.imer.mx\/micrositios\/wp-content\/uploads\/sites\/49\/micrositio_jorge_negrete_03-240x300.jpg\" alt=\"\" width=\"288\" height=\"360\" srcset=\"https:\/\/www.imer.mx\/micrositios\/wp-content\/uploads\/sites\/49\/micrositio_jorge_negrete_03-240x300.jpg 240w, https:\/\/www.imer.mx\/micrositios\/wp-content\/uploads\/sites\/49\/micrositio_jorge_negrete_03.jpg 480w\" sizes=\"auto, (max-width: 288px) 100vw, 288px\" \/>Funda el Sindicato de Trabajadores de la Producci\u00f3n Cinematogr\u00e1fica de la Rep\u00fablica Mexicana y la Asociaci\u00f3n Nacional de Actores, la ANDA.<\/p>\n<p>Muere el 5 de diciembre de 1953 a los 42 a\u00f1os.<\/p>\n<p>Escucha los siguientes programas seleccionados de la Fonoteca Hist\u00f3rica del IMER, en los que se presenta la vida y m\u00fasica de \u201cEl Charro Cantor, Jorge Negrete.[\/vc_column_text][\/vc_column][\/vc_row][vc_row][vc_column][vc_text_separator title=&#8221;Escucha los audios&#8221; i_icon_fontawesome=&#8221;fa fa-headphones&#8221; i_color=&#8221;custom&#8221; add_icon=&#8221;true&#8221; i_custom_color=&#8221;#017f71&#8243;][\/vc_column][\/vc_row][vc_row][vc_column][vc_column_text el_id=&#8221;jorgeplay&#8221;]<\/p>\n<div class=\"wp-playlist wp-audio-playlist wp-playlist-light\">\n\t\t\t<div class=\"wp-playlist-current-item\"><\/div>\n\t\t<audio controls=\"controls\" preload=\"none\" width=\"1178\"\n\t\t\t><\/audio>\n\t<div class=\"wp-playlist-next\"><\/div>\n\t<div class=\"wp-playlist-prev\"><\/div>\n\t<noscript>\n\t<ol>\n\t\t<li><a href='https:\/\/www.imer.mx\/micrositios\/wp-content\/uploads\/sites\/49\/micrositio_jorge_negrete_01_fn08010119193.mp3'>Jorge Negrete, su semblanza y primeras grabaciones realizadas en Nueva York a finales de los a\u00f1os 1930: \u201cBegin the beguine\u201d de Cole Porter con letra de Mar\u00eda Grever, \u201cAmor indio\u201d, \u201cSobre la playa\u201d y \u201cAc\u00e9rcate m\u00e1s\u201d, en el programa \u201cTiempo de Recordar\u201d, transmitido en 1985.<\/a><\/li><li><a href='https:\/\/www.imer.mx\/micrositios\/wp-content\/uploads\/sites\/49\/micrositio_jorge_negrete_02_fn08010153024.mp3'>Jorge Negrete, trayectoria art\u00edstica y m\u00fasica en el programa \u201cVida y obra\u201d, transmitido en 2002.<\/a><\/li><li><a href='https:\/\/www.imer.mx\/micrositios\/wp-content\/uploads\/sites\/49\/micrositio_jorge_negrete_03_fn08010147901y02.mp3'>Jorge Negrete, su m\u00fasica y el libro \u201cGloria y Jorge, cartas de amor y conflicto\u201d de Claudia de Icaza en el programa de Armando Manzanero, \u201cManzanero a trav\u00e9s de su m\u00fasica\", transmitido en enero de 1997. Primera parte.<\/a><\/li><li><a href='https:\/\/www.imer.mx\/micrositios\/wp-content\/uploads\/sites\/49\/micrositio_jorge_negrete_04_fn08010147903y04.mp3'>Jorge Negrete, su m\u00fasica y el libro \u201cGloria y Jorge, cartas de amor y conflicto\u201d de Claudia de Icaza en el programa de Armando Manzanero, \u201cManzanero a trav\u00e9s de su m\u00fasica\", transmitido en enero de 1997. Segunda parte.<\/a><\/li><li><a href='https:\/\/www.imer.mx\/micrositios\/wp-content\/uploads\/sites\/49\/micrositio_jorge_negrete_05_fn08010132296y97.mp3'>Jorge Negrete, fragmentos de su vida y canciones en el programa \u201cInmortales de XEBCO\u201d, transmitido en 2005.<\/a><\/li><li><a href='https:\/\/www.imer.mx\/micrositios\/wp-content\/uploads\/sites\/49\/micrositio_jorge_negrete_06_fn08010130474.mp3'>Jorge Negrete, vida y m\u00fasica en el programa \u201cM\u00e9xico canta\u201d, transmitido en 2003.<\/a><\/li><li><a href='https:\/\/www.imer.mx\/micrositios\/wp-content\/uploads\/sites\/49\/micrositio_jorge_negrete_07_fn08010147795y96.mp3'>Jorge Negrete su vida y canciones en el programa de Armando Manzanero \u201cManzanero a trav\u00e9s de su m\u00fasica\u201d, transmitido en 2003.<\/a><\/li><li><a href='https:\/\/www.imer.mx\/micrositios\/wp-content\/uploads\/sites\/49\/micrositio_jorge_negrete_08_fn08010118943.mp3'>Jorge Negrete, selecciones musicales de Radio 710 XEMP, transmitido en 1988.<\/a><\/li>\t<\/ol>\n\t<\/noscript>\n\t<script type=\"application\/json\" class=\"wp-playlist-script\">{\"type\":\"audio\",\"tracklist\":true,\"tracknumbers\":true,\"images\":false,\"artists\":false,\"tracks\":[{\"src\":\"https:\/\/www.imer.mx\/micrositios\/wp-content\/uploads\/sites\/49\/micrositio_jorge_negrete_01_fn08010119193.mp3\",\"type\":\"audio\/mpeg\",\"title\":\"Jorge Negrete, su semblanza y primeras grabaciones realizadas en Nueva York a finales de los a\\u00f1os 1930: \\u201cBegin the beguine\\u201d de Cole Porter con letra de Mar\\u00eda Grever, \\u201cAmor indio\\u201d, \\u201cSobre la playa\\u201d y \\u201cAc\\u00e9rcate m\\u00e1s\\u201d, en el programa \\u201cTiempo de Recordar\\u201d, transmitido en 1985.\",\"caption\":\"\",\"description\":\"\\\"Jorge Negrete, su semblanza y primeras grabaciones realizadas en Nueva York a finales de los a\\u00f1os 1930: \\u201cBegin the beguine\\u201d de Cole Porter con letra de Mar\\u00eda Grever, \\u201cAmor indio\\u201d, \\u201cSobre la playa\\u201d y \\u201cAc\\u00e9rcate m\\u00e1s\\u201d, en el programa \\u201cTiempo de Recordar\\u201d, transmitido en 1985.\\\" en Micrositios IMER - Tiempo de Recordar - Jorge Negrete.\",\"meta\":{\"artist\":\"Micrositios IMER - Tiempo de Recordar - Jorge Negrete\",\"length_formatted\":\"29:08\"},\"image\":{\"src\":\"https:\/\/www.imer.mx\/micrositios\/wp-includes\/images\/media\/audio.svg\",\"width\":48,\"height\":64},\"thumb\":{\"src\":\"https:\/\/www.imer.mx\/micrositios\/wp-includes\/images\/media\/audio.svg\",\"width\":48,\"height\":64}},{\"src\":\"https:\/\/www.imer.mx\/micrositios\/wp-content\/uploads\/sites\/49\/micrositio_jorge_negrete_02_fn08010153024.mp3\",\"type\":\"audio\/mpeg\",\"title\":\"Jorge Negrete, trayectoria art\\u00edstica y m\\u00fasica en el programa \\u201cVida y obra\\u201d, transmitido en 2002.\",\"caption\":\"\",\"description\":\"\\\"Jorge Negrete, trayectoria art\\u00edstica y m\\u00fasica en el programa \\u201cVida y obra\\u201d, transmitido en 2002.\\\" en Micrositios IMER - Jorge Negrete - Vida y obra.\",\"meta\":{\"artist\":\"Micrositios IMER - Jorge Negrete - Vida y obra\",\"length_formatted\":\"18:08\"},\"image\":{\"src\":\"https:\/\/www.imer.mx\/micrositios\/wp-includes\/images\/media\/audio.svg\",\"width\":48,\"height\":64},\"thumb\":{\"src\":\"https:\/\/www.imer.mx\/micrositios\/wp-includes\/images\/media\/audio.svg\",\"width\":48,\"height\":64}},{\"src\":\"https:\/\/www.imer.mx\/micrositios\/wp-content\/uploads\/sites\/49\/micrositio_jorge_negrete_03_fn08010147901y02.mp3\",\"type\":\"audio\/mpeg\",\"title\":\"Jorge Negrete, su m\\u00fasica y el libro \\u201cGloria y Jorge, cartas de amor y conflicto\\u201d de Claudia de Icaza en el programa de Armando Manzanero, \\u201cManzanero a trav\\u00e9s de su m\\u00fasica\\\", transmitido en enero de 1997. Primera parte.\",\"caption\":\"\",\"description\":\"\\\"Jorge Negrete, su m\\u00fasica y el libro \\u201cGloria y Jorge, cartas de amor y conflicto\\u201d de Claudia de Icaza en el programa de Armando Manzanero, \\u201cManzanero a trav\\u00e9s de su m\\u00fasica\\\", transmitido en enero de 1997. Primera parte.\\\" en Micrositios IMER - Jorge Negrete - Manzanero a trav\\u00e9s de su m\\u00fasica.\",\"meta\":{\"artist\":\"Micrositios IMER - Jorge Negrete - Manzanero a trav\\u00e9s de su m\\u00fasica\",\"length_formatted\":\"55:54\"},\"image\":{\"src\":\"https:\/\/www.imer.mx\/micrositios\/wp-includes\/images\/media\/audio.svg\",\"width\":48,\"height\":64},\"thumb\":{\"src\":\"https:\/\/www.imer.mx\/micrositios\/wp-includes\/images\/media\/audio.svg\",\"width\":48,\"height\":64}},{\"src\":\"https:\/\/www.imer.mx\/micrositios\/wp-content\/uploads\/sites\/49\/micrositio_jorge_negrete_04_fn08010147903y04.mp3\",\"type\":\"audio\/mpeg\",\"title\":\"Jorge Negrete, su m\\u00fasica y el libro \\u201cGloria y Jorge, cartas de amor y conflicto\\u201d de Claudia de Icaza en el programa de Armando Manzanero, \\u201cManzanero a trav\\u00e9s de su m\\u00fasica\\\", transmitido en enero de 1997. Segunda parte.\",\"caption\":\"\",\"description\":\"\\\"Jorge Negrete, su m\\u00fasica y el libro \\u201cGloria y Jorge, cartas de amor y conflicto\\u201d de Claudia de Icaza en el programa de Armando Manzanero, \\u201cManzanero a trav\\u00e9s de su m\\u00fasica\\\", transmitido en enero de 1997. Segunda parte.\\\" en Micrositios IMER - Jorge Negrete - Manzanero a trav\\u00e9s de su m\\u00fasica.\",\"meta\":{\"artist\":\"Micrositios IMER - Jorge Negrete - Manzanero a trav\\u00e9s de su m\\u00fasica\",\"length_formatted\":\"54:20\"},\"image\":{\"src\":\"https:\/\/www.imer.mx\/micrositios\/wp-includes\/images\/media\/audio.svg\",\"width\":48,\"height\":64},\"thumb\":{\"src\":\"https:\/\/www.imer.mx\/micrositios\/wp-includes\/images\/media\/audio.svg\",\"width\":48,\"height\":64}},{\"src\":\"https:\/\/www.imer.mx\/micrositios\/wp-content\/uploads\/sites\/49\/micrositio_jorge_negrete_05_fn08010132296y97.mp3\",\"type\":\"audio\/mpeg\",\"title\":\"Jorge Negrete, fragmentos de su vida y canciones en el programa \\u201cInmortales de XEBCO\\u201d, transmitido en 2005.\",\"caption\":\"\",\"description\":\"\\\"Jorge Negrete, fragmentos de su vida y canciones en el programa \\u201cInmortales de XEBCO\\u201d, transmitido en 2005.\\\" en Micrositios IMER - Jorge Negrete - Inmortales de XEBCO.\",\"meta\":{\"artist\":\"Micrositios IMER - Jorge Negrete - Inmortales de XEBCO\",\"length_formatted\":\"53:07\"},\"image\":{\"src\":\"https:\/\/www.imer.mx\/micrositios\/wp-includes\/images\/media\/audio.svg\",\"width\":48,\"height\":64},\"thumb\":{\"src\":\"https:\/\/www.imer.mx\/micrositios\/wp-includes\/images\/media\/audio.svg\",\"width\":48,\"height\":64}},{\"src\":\"https:\/\/www.imer.mx\/micrositios\/wp-content\/uploads\/sites\/49\/micrositio_jorge_negrete_06_fn08010130474.mp3\",\"type\":\"audio\/mpeg\",\"title\":\"Jorge Negrete, vida y m\\u00fasica en el programa \\u201cM\\u00e9xico canta\\u201d, transmitido en 2003.\",\"caption\":\"\",\"description\":\"\\\"Jorge Negrete, vida y m\\u00fasica en el programa \\u201cM\\u00e9xico canta\\u201d, transmitido en 2003.\\\" en Micrositios IMER - Jorge Negrete - M\\u00e9xico canta.\",\"meta\":{\"artist\":\"Micrositios IMER - Jorge Negrete - M\\u00e9xico canta\",\"length_formatted\":\"27:07\"},\"image\":{\"src\":\"https:\/\/www.imer.mx\/micrositios\/wp-includes\/images\/media\/audio.svg\",\"width\":48,\"height\":64},\"thumb\":{\"src\":\"https:\/\/www.imer.mx\/micrositios\/wp-includes\/images\/media\/audio.svg\",\"width\":48,\"height\":64}},{\"src\":\"https:\/\/www.imer.mx\/micrositios\/wp-content\/uploads\/sites\/49\/micrositio_jorge_negrete_07_fn08010147795y96.mp3\",\"type\":\"audio\/mpeg\",\"title\":\"Jorge Negrete su vida y canciones en el programa de Armando Manzanero \\u201cManzanero a trav\\u00e9s de su m\\u00fasica\\u201d, transmitido en 2003.\",\"caption\":\"\",\"description\":\"\\\"Jorge Negrete su vida y canciones en el programa de Armando Manzanero \\u201cManzanero a trav\\u00e9s de su m\\u00fasica\\u201d, transmitido en 2003.\\\" en Micrositios IMER - Jorge Negrete - Manzanero a trav\\u00e9s de su m\\u00fasica.\",\"meta\":{\"artist\":\"Micrositios IMER - Jorge Negrete - Manzanero a trav\\u00e9s de su m\\u00fasica\",\"length_formatted\":\"58:05\"},\"image\":{\"src\":\"https:\/\/www.imer.mx\/micrositios\/wp-includes\/images\/media\/audio.svg\",\"width\":48,\"height\":64},\"thumb\":{\"src\":\"https:\/\/www.imer.mx\/micrositios\/wp-includes\/images\/media\/audio.svg\",\"width\":48,\"height\":64}},{\"src\":\"https:\/\/www.imer.mx\/micrositios\/wp-content\/uploads\/sites\/49\/micrositio_jorge_negrete_08_fn08010118943.mp3\",\"type\":\"audio\/mpeg\",\"title\":\"Jorge Negrete, selecciones musicales de Radio 710 XEMP, transmitido en 1988.\",\"caption\":\"\",\"description\":\"\\\"Jorge Negrete, selecciones musicales de Radio 710 XEMP, transmitido en 1988.\\\" en Micrositios IMER - Jorge Negrete - Radio 710 XEMP.\",\"meta\":{\"artist\":\"Micrositios IMER - Jorge Negrete - Radio 710 XEMP\",\"length_formatted\":\"30:55\"},\"image\":{\"src\":\"https:\/\/www.imer.mx\/micrositios\/wp-includes\/images\/media\/audio.svg\",\"width\":48,\"height\":64},\"thumb\":{\"src\":\"https:\/\/www.imer.mx\/micrositios\/wp-includes\/images\/media\/audio.svg\",\"width\":48,\"height\":64}}]}<\/script>\n<\/div>\n\t\n<p>[\/vc_column_text][\/vc_column][\/vc_row]<\/p>\n<\/div>","protected":false},"excerpt":{"rendered":"<p>[vc_row][vc_column css=&#8221;.vc_custom_1600239052782{margin-top: -50px !important;}&#8221;][vc_single_image image=&#8221;27939&#8243; img_size=&#8221;full&#8221; alignment=&#8221;center&#8221; image_hovers=&#8221;false&#8221; lazy_loading=&#8221;true&#8221;][\/vc_column][\/vc_row][vc_row][vc_column][vc_custom_heading text=&#8221;Jorge Negrete&#8221; google_fonts=&#8221;font_family:PT%20Serif%3Aregular%2Citalic%2C700%2C700italic|font_style:400%20regular%3A400%3Anormal&#8221;][\/vc_column][\/vc_row][vc_row][vc_column width=&#8221;1\/2&#8243;][vc_column_text]El 30 de noviembre de 1911 nace Jorge Negrete, cantante y actor, figura emblem\u00e1tica de la \u00c9poca de Oro del cine mexicano. Estudia canto con el maestro Jos\u00e9 Pierson y aprende a desarrollar su voz en toda su potencia. En 1930, en la&hellip;<\/p>\n","protected":false},"author":1,"featured_media":0,"parent":0,"menu_order":0,"comment_status":"closed","ping_status":"closed","template":"","meta":{"wp_popup_display_lightbox":0,"wp_popup_suppress":"","wp_popup_trigger":"","wp_popup_trigger_amount":0,"wp_popup_disable_on_mobile":false,"footnotes":""},"class_list":["post-27937","page","type-page","status-publish","hentry","description-off"],"_links":{"self":[{"href":"https:\/\/www.imer.mx\/micrositios\/wp-json\/wp\/v2\/pages\/27937","targetHints":{"allow":["GET"]}}],"collection":[{"href":"https:\/\/www.imer.mx\/micrositios\/wp-json\/wp\/v2\/pages"}],"about":[{"href":"https:\/\/www.imer.mx\/micrositios\/wp-json\/wp\/v2\/types\/page"}],"author":[{"embeddable":true,"href":"https:\/\/www.imer.mx\/micrositios\/wp-json\/wp\/v2\/users\/1"}],"replies":[{"embeddable":true,"href":"https:\/\/www.imer.mx\/micrositios\/wp-json\/wp\/v2\/comments?post=27937"}],"version-history":[{"count":0,"href":"https:\/\/www.imer.mx\/micrositios\/wp-json\/wp\/v2\/pages\/27937\/revisions"}],"wp:attachment":[{"href":"https:\/\/www.imer.mx\/micrositios\/wp-json\/wp\/v2\/media?parent=27937"}],"curies":[{"name":"wp","href":"https:\/\/api.w.org\/{rel}","templated":true}]}}