{"id":27383,"date":"2018-10-03T15:22:27","date_gmt":"2018-10-03T20:22:27","guid":{"rendered":"https:\/\/www.imer.mx\/micrositios\/?page_id=27383"},"modified":"2018-10-04T13:02:47","modified_gmt":"2018-10-04T18:02:47","slug":"30-fragmentos-del-rock-mexicano","status":"publish","type":"page","link":"https:\/\/www.imer.mx\/micrositios\/30-fragmentos-del-rock-mexicano\/","title":{"rendered":"30 fragmentos del rock mexicano"},"content":{"rendered":"<div class=\"wpb-content-wrapper\"><p>[vc_row type=&#8221;vc_default&#8221; full_width=&#8221;stretch_row&#8221; content_placement=&#8221;middle&#8221; parallax=&#8221;content-moving&#8221; parallax_image=&#8221;1815&#8243; css=&#8221;.vc_custom_1538676163896{margin-top: -50px !important;padding-top: 150px !important;padding-bottom: 150px !important;background: rgba(153,153,153,0.75) url(https:\/\/www.imer.mx\/micrositios\/wp-content\/uploads\/sites\/49\/Header_Fragmentosdelrock.jpg?id=27455);background-position: center;background-repeat: no-repeat !important;background-size: cover !important;*background-color: rgb(153,153,153) !important;}&#8221; bwd_show_when_date=&#8221;__\/__\/____ __:__&#8221; bwd_show_when_date_end=&#8221;__\/__\/____ __:__&#8221;][vc_column width=&#8221;2\/3&#8243;][vc_custom_heading text=&#8221;&#8221; font_container=&#8221;tag:h1|font_size:46|text_align:left|color:%23ffffff|line_height:1&#8243; google_fonts=&#8221;font_family:Montserrat%3Aregular%2C700|font_style:400%20regular%3A400%3Anormal&#8221;][vc_custom_heading text=&#8221;&#8221; font_container=&#8221;tag:h3|text_align:left|color:%23ffffff|line_height:1&#8243; google_fonts=&#8221;font_family:Montserrat%3Aregular%2C700|font_style:400%20regular%3A400%3Anormal&#8221;][\/vc_column][vc_column width=&#8221;1\/3&#8243;][\/vc_column][\/vc_row][vc_row type=&#8221;vc_default&#8221; full_width=&#8221;stretch_row&#8221; equal_height=&#8221;yes&#8221; content_placement=&#8221;top&#8221; css=&#8221;.vc_custom_1538598055550{margin-bottom: -50px !important;padding-top: 50px !important;padding-bottom: 50px !important;background-color: #eceff1 !important;}&#8221; el_id=&#8221;el-rock-mexicano&#8221; bwd_show_when_date=&#8221;__\/__\/____ __:__&#8221; bwd_show_when_date_end=&#8221;__\/__\/____ __:__&#8221;][vc_column][vc_custom_heading text=&#8221;El Rock Mexicano&#8221; font_container=&#8221;tag:h2|font_size:38|text_align:left|color:%23009688|line_height:1&#8243; google_fonts=&#8221;font_family:Montserrat%3Aregular%2C700|font_style:400%20regular%3A400%3Anormal&#8221;][\/vc_column][vc_column width=&#8221;1\/6&#8243;][\/vc_column][vc_column width=&#8221;2\/3&#8243;][vc_raw_html]JTNDb2JqZWN0JTIwd2lkdGglM0QlMjI2MjAlMjIlMjBoZWlnaHQlM0QlMjIyNTMlMjIlMjBjbGFzc2lkJTNEJTIyY2xzaWQlM0FkMjdjZGI2ZS1hZTZkLTExY2YtOTZiOC00NDQ1NTM1NDAwMDAlMjIlMjBjb2RlYmFzZSUzRCUyMmh0dHBzJTNBJTJGJTJGZG93bmxvYWQubWFjcm9tZWRpYS5jb20lMkZwdWIlMkZzaG9ja3dhdmUlMkZjYWJzJTJGZmxhc2glMkZzd2ZsYXNoLmNhYiUyM3ZlcnNpb24lM0Q2JTJDMCUyQzQwJTJDMCUyMiUzRSUzQ3BhcmFtJTIwbmFtZSUzRCUyMmZsYXNodmFycyUyMiUyMHZhbHVlJTNEJTIyZmlsZSUzRGh0dHBzJTNBJTJGJTJGd3d3LmltZXIubXglMkZwaHB3cmFwcGVycyUyRnBvZGNhc3QlMkZhcGl0cmNrJTJGdXBsb2FkcyUyRjE5MiUyRnBsYXlsaXN0cG9kY2FzdGltZXIueG1sJTI2YW1wJTNCZGlzcGxheWhlaWdodCUzRDAlMjZhbXAlM0J2b2x1bWUlM0Q4MCUyNmFtcCUzQmF1dG9zdGFydCUzRGZhbHNlJTI2YW1wJTNCcmVwZWF0JTNEZmFsc2UlMjZhbXAlM0JzaHVmZmxlJTNEZmFsc2UlMjZhbXAlM0JzaG93ZXElM0RmYWxzZSUyNmFtcCUzQnNob3dkaWdpdHMlM0R0cnVlJTI2YW1wJTNCYXV0b3Njcm9sbCUzRGZhbHNlJTI2YW1wJTNCdGh1bWJzaW5wbGF5bGlzdCUzRGZhbHNlJTI2YW1wJTNCbGlnaHRjb2xvciUzRDB4REZGQkRDJTI2YW1wJTNCYmFja2NvbG9yJTNEMHhlODM4MzIlMjZhbXAlM0Jmcm9udGNvbG9yJTNEMHhGRkZGRkYlMjIlMjAlMkYlM0UlM0NwYXJhbSUyMG5hbWUlM0QlMjJzcmMlMjIlMjB2YWx1ZSUzRCUyMmh0dHBzJTNBJTJGJTJGd3d3LmltZXIubXglMkZwaHB3cmFwcGVycyUyRnBvZGNhc3QlMkZhcGl0cmNrJTJGdXBsb2FkcyUyRjE5MiUyRm1wM3BsYXllci5zd2YlMjIlMjAlMkYlM0UlM0NlbWJlZCUyMHdpZHRoJTNEJTIyNjIwJTIyJTIwaGVpZ2h0JTNEJTIyMjUzJTIyJTIwdHlwZSUzRCUyMmFwcGxpY2F0aW9uJTJGeC1zaG9ja3dhdmUtZmxhc2glMjIlMjBzcmMlM0QlMjJodHRwcyUzQSUyRiUyRnd3dy5pbWVyLm14JTJGcGhwd3JhcHBlcnMlMkZwb2RjYXN0JTJGYXBpdHJjayUyRnVwbG9hZHMlMkYxOTIlMkZtcDNwbGF5ZXIuc3dmJTIyJTIwZmxhc2h2YXJzJTNEJTIyZmlsZSUzRGh0dHBzJTNBJTJGJTJGd3d3LmltZXIubXglMkZwaHB3cmFwcGVycyUyRnBvZGNhc3QlMkZhcGl0cmNrJTJGdXBsb2FkcyUyRjE5MiUyRnBsYXlsaXN0cG9kY2FzdGltZXIueG1sJTI2YW1wJTNCZGlzcGxheWhlaWdodCUzRDAlMjZhbXAlM0J2b2x1bWUlM0Q4MCUyNmFtcCUzQmF1dG9zdGFydCUzRGZhbHNlJTI2YW1wJTNCcmVwZWF0JTNEZmFsc2UlMjZhbXAlM0JzaHVmZmxlJTNEZmFsc2UlMjZhbXAlM0JzaG93ZXElM0RmYWxzZSUyNmFtcCUzQnNob3dkaWdpdHMlM0R0cnVlJTI2YW1wJTNCYXV0b3Njcm9sbCUzRGZhbHNlJTI2YW1wJTNCdGh1bWJzaW5wbGF5bGlzdCUzRGZhbHNlJTI2YW1wJTNCbGlnaHRjb2xvciUzRDB4REZGQkRDJTI2YW1wJTNCYmFja2NvbG9yJTNEMHhlODM4MzIlMjZhbXAlM0Jmcm9udGNvbG9yJTNEMHhGRkZGRkYlMjIlMjAlMkYlM0UlM0MlMkZvYmplY3QlM0U=[\/vc_raw_html][\/vc_column][vc_column width=&#8221;1\/6&#8243;][\/vc_column][vc_column width=&#8221;3\/4&#8243;][vc_column_text]<\/p>\n<p style=\"text-align: justify;\">Para hablar de rock mexicano en el siglo XXI, primero debemos conocer el origen del rock and roll y entender qu\u00e9 es lo que queda de la palabra rock. Quiz\u00e1 Rock es hablar de actitud y Roll, de que siga siendo esto divertido.<\/p>\n<p style=\"text-align: justify;\">El rock and roll surge en la d\u00e9cada de los a\u00f1os cuarenta en los guetos negros donde era escuchado de forma clandestina el rhythm and blues, gospel, jazz y otros g\u00e9neros, m\u00fasica prohibida dentro de una cultura conservadora. El \u00edcono de esta \u00e9poca fue un muchacho blanco de Memphis, Elvis Presley, quien con ayuda de los medios de comunicaci\u00f3n ser\u00eda nombrado el Rey de esta m\u00fasica.<\/p>\n<p style=\"text-align: justify;\">En M\u00e9xico esa noticia lleg\u00f3 de forma r\u00e1pida, m\u00fasicos de orquestas ten\u00edan algo nuevo que proponer en sus shows en clubes nocturnos, fuera de estos y de escuelas secundarias y preparatorias, se detonar\u00eda una generaci\u00f3n de j\u00f3venes influenciados por la m\u00fasica que ven\u00eda del otro lado de la frontera, comenzando con <em>covers<\/em> para despu\u00e9s vivir un fen\u00f3meno de solistas impulsados por medios de comunicaci\u00f3n y compa\u00f1\u00edas discogr\u00e1ficas.<\/p>\n<p style=\"text-align: justify;\">En la \u00e9poca de los a\u00f1os sesenta bajo un contexto hist\u00f3rico que exig\u00eda libertad por parte de la juventud, llega el punto clim\u00e1tico del rock en M\u00e9xico con el Festival de Av\u00e1ndaro en 1971, donde m\u00e1s de 150,000 j\u00f3venes se reunieron y escucharon la m\u00fasica de su generaci\u00f3n, siendo Av\u00e1ndaro, la etapa de censura y persecuci\u00f3n dentro del rock mexicano.<\/p>\n<p style=\"text-align: justify;\">Llegar\u00eda la d\u00e9cada de los a\u00f1os ochenta y la actitud de una u otra forma era la misma, la rebeld\u00eda y las ganas de pasar un buen rato con los cuates; las disqueras y los medios de comunicaci\u00f3n entendieron que esta m\u00fasica no hab\u00eda sido olvidada; en cualquier estrato social hab\u00eda referencias del llamado rock, desde lugares como el tianguis de El Chopo hasta recintos como Rockotitl\u00e1n.<\/p>\n<p style=\"text-align: justify;\">Parte de una generaci\u00f3n conoci\u00f3 el poder de una industria que apost\u00f3 por el rock en M\u00e9xico la cual para finales de la d\u00e9cada de los a\u00f1os noventa tembl\u00f3, ya que exist\u00eda bastante incredulidad, ante la llegada de las nuevas plataformas digitales.<\/p>\n<p style=\"text-align: justify;\">En el Siglo XXI, la m\u00fasica alternativa de nuestro pa\u00eds se consolida como independiente y autogestiva, el internet cada vez era m\u00e1s r\u00e1pido y tambi\u00e9n nuestra forma de consumir y crear m\u00fasica. Conoce un poco de la historia de nuestro rock a trav\u00e9s de 30 fragmentos que concluyen en el a\u00f1o 2010. Nuestra m\u00fasica tiene buena ra\u00edz, puesto que ha estado presente durante seis d\u00e9cadas donde nuevas generaciones moldean el g\u00e9nero, lo amalgaman, lo bailan y lo defienden.<\/p>\n<p>[\/vc_column_text][\/vc_column][vc_column width=&#8221;1\/4&#8243;][vc_single_image image=&#8221;24933&#8243; img_size=&#8221;full&#8221;][vc_column_text]<\/p>\n<h6>30 fragmentos del rock mexicano: investigaci\u00f3n y conducci\u00f3n de Jorge Rugerio, producci\u00f3n de Gabriel Ochoa.<\/h6>\n<h6>Serie producida en el a\u00f1o 2010 originalmente para la extinta <strong>Radio 2010<\/strong>, emisora virtual del Instituto Mexicano de la Radio creada como parte de las celebraciones del Bicentenario de la Independencia y Centenario de la Revoluci\u00f3n Mexicanas.<\/h6>\n<p>[\/vc_column_text][\/vc_column][\/vc_row]<\/p>\n<\/div>","protected":false},"excerpt":{"rendered":"<p>[vc_row type=&#8221;vc_default&#8221; full_width=&#8221;stretch_row&#8221; content_placement=&#8221;middle&#8221; parallax=&#8221;content-moving&#8221; parallax_image=&#8221;1815&#8243; css=&#8221;.vc_custom_1538676163896{margin-top: -50px !important;padding-top: 150px !important;padding-bottom: 150px !important;background: rgba(153,153,153,0.75) url(https:\/\/www.imer.mx\/micrositios\/wp-content\/uploads\/sites\/49\/Header_Fragmentosdelrock.jpg?id=27455);background-position: center;background-repeat: no-repeat !important;background-size: cover !important;*background-color: rgb(153,153,153) !important;}&#8221; bwd_show_when_date=&#8221;__\/__\/____ __:__&#8221; bwd_show_when_date_end=&#8221;__\/__\/____ __:__&#8221;][vc_column width=&#8221;2\/3&#8243;][vc_custom_heading text=&#8221;&#8221; font_container=&#8221;tag:h1|font_size:46|text_align:left|color:%23ffffff|line_height:1&#8243; google_fonts=&#8221;font_family:Montserrat%3Aregular%2C700|font_style:400%20regular%3A400%3Anormal&#8221;][vc_custom_heading text=&#8221;&#8221; font_container=&#8221;tag:h3|text_align:left|color:%23ffffff|line_height:1&#8243; google_fonts=&#8221;font_family:Montserrat%3Aregular%2C700|font_style:400%20regular%3A400%3Anormal&#8221;][\/vc_column][vc_column width=&#8221;1\/3&#8243;][\/vc_column][\/vc_row][vc_row type=&#8221;vc_default&#8221; full_width=&#8221;stretch_row&#8221; equal_height=&#8221;yes&#8221; content_placement=&#8221;top&#8221; css=&#8221;.vc_custom_1538598055550{margin-bottom: -50px !important;padding-top: 50px !important;padding-bottom: 50px !important;background-color: #eceff1 !important;}&#8221; el_id=&#8221;el-rock-mexicano&#8221; bwd_show_when_date=&#8221;__\/__\/____ __:__&#8221; bwd_show_when_date_end=&#8221;__\/__\/____ __:__&#8221;][vc_column][vc_custom_heading text=&#8221;El Rock Mexicano&#8221;&hellip;<\/p>\n","protected":false},"author":141,"featured_media":0,"parent":0,"menu_order":0,"comment_status":"closed","ping_status":"closed","template":"","meta":{"wp_popup_display_lightbox":0,"wp_popup_suppress":"","wp_popup_trigger":"","wp_popup_trigger_amount":0,"wp_popup_disable_on_mobile":false,"footnotes":""},"class_list":["post-27383","page","type-page","status-publish","hentry","description-off"],"_links":{"self":[{"href":"https:\/\/www.imer.mx\/micrositios\/wp-json\/wp\/v2\/pages\/27383","targetHints":{"allow":["GET"]}}],"collection":[{"href":"https:\/\/www.imer.mx\/micrositios\/wp-json\/wp\/v2\/pages"}],"about":[{"href":"https:\/\/www.imer.mx\/micrositios\/wp-json\/wp\/v2\/types\/page"}],"author":[{"embeddable":true,"href":"https:\/\/www.imer.mx\/micrositios\/wp-json\/wp\/v2\/users\/141"}],"replies":[{"embeddable":true,"href":"https:\/\/www.imer.mx\/micrositios\/wp-json\/wp\/v2\/comments?post=27383"}],"version-history":[{"count":0,"href":"https:\/\/www.imer.mx\/micrositios\/wp-json\/wp\/v2\/pages\/27383\/revisions"}],"wp:attachment":[{"href":"https:\/\/www.imer.mx\/micrositios\/wp-json\/wp\/v2\/media?parent=27383"}],"curies":[{"name":"wp","href":"https:\/\/api.w.org\/{rel}","templated":true}]}}