{"id":27050,"date":"2018-09-24T17:26:49","date_gmt":"2018-09-24T22:26:49","guid":{"rendered":"https:\/\/www.imer.mx\/micrositios\/?page_id=27050"},"modified":"2020-09-16T01:56:47","modified_gmt":"2020-09-16T06:56:47","slug":"remedios-varo","status":"publish","type":"page","link":"https:\/\/www.imer.mx\/micrositios\/remedios-varo\/","title":{"rendered":"Remedios Varo"},"content":{"rendered":"<div class=\"wpb-content-wrapper\"><p>[vc_row][vc_column css=&#8221;.vc_custom_1600239363622{margin-top: -50px !important;}&#8221;][vc_single_image image=&#8221;27071&#8243; img_size=&#8221;full&#8221;][\/vc_column][\/vc_row][vc_row][vc_column][vc_custom_heading text=&#8221;Remedios Varo&#8221;][\/vc_column][\/vc_row][vc_row][vc_column width=&#8221;1\/2&#8243;][vc_column_text]El 16 de diciembre de 1908 Nace Remedios Varo, escritora, artista gr\u00e1fica y pintora surrealista espa\u00f1ola, naturalizada mexicana. A los 15 a\u00f1os ingresa a la Academia de Bellas Artes de San Fernando en Madrid, conoce a Dal\u00ed; m\u00e1s tarde vive en Par\u00eds, se interesa por las vanguardias del arte, establece amistad con Andr\u00e9 Bret\u00f3n y se introduce al c\u00edrculo surrealista.<\/p>\n<p>En 1941, por sus simpat\u00edas pol\u00edticas de izquierda es detenida por los nazis, se exilia en M\u00e9xico v\u00eda Casablanca, apoyada por la pol\u00edtica del presidente L\u00e1zaro C\u00e1rdenas; en M\u00e9xico se relaciona con los intelectuales de la \u00e9poca, Frida Khalo, Diego Rivera, Leonora Carrington, Octavio Paz, entre otros. Se dedica a la ilustraci\u00f3n publicitaria.<\/p>\n<p>A partir de 1950 comienza su creaci\u00f3n art\u00edstica apoyada por su marido Walter Gruen, pol\u00edtico austriaco tambi\u00e9n refugiado en M\u00e9xico, quien ser\u00e1 su gran soporte para que se dedique de lleno a la pintura y la escultura. Presenta sus primeras exposiciones en la Ciudad de M\u00e9xico, en 1958 obtiene el Primer Lugar en el Primer Sal\u00f3n de la Pl\u00e1stica Femenina y se convierte en una artista reconocida a nivel nacional e internacional[\/vc_column_text][\/vc_column][vc_column width=&#8221;1\/2&#8243;][vc_column_text]Su obra evoca un mundo imaginario en el que mezcla lo cient\u00edfico, lo m\u00edstico, lo esot\u00e9rico y lo m\u00e1gico por lo que produce gran impacto por la capacidad de crear mundos c\u00f3smicos y fant\u00e1sticos.<\/p>\n<p>Entre sus obras destacan \u201cLa creaci\u00f3n de las aves\u201d, \u201cTejiendo el manto terrestre\u201d, \u201cTres destinos\u201d, \u201cArmon\u00eda\u201d, \u201cMujer saliendo del psicoan\u00e1lisis\u201d, \u201cNaturaleza muerta resucitando\u201d, \u201cHacia la torre\u201d, \u201cEl flautista\u201d y \u201cMimetismo\u201d<\/p>\n<p>Remedios Varo muere a los 54 a\u00f1os en plena etapa creativa, el 8 de octubre de 1963; su esposo Walter Gruen recolecta sus obras y las dona al Museo de Arte Moderno de M\u00e9xico y la obra es declarada monumento art\u00edstico mexicano en 2001<\/p>\n<p>Escucha los siguientes programas seleccionados de la Fonoteca Hist\u00f3rica del IMER, en los que se presenta la vida y obra de Remedios Varo[\/vc_column_text][\/vc_column][\/vc_row][vc_row][vc_column][vc_text_separator title=&#8221;Escucha los audios&#8221; i_icon_fontawesome=&#8221;fa fa-headphones&#8221; i_color=&#8221;custom&#8221; add_icon=&#8221;true&#8221; i_custom_color=&#8221;#017f71&#8243;][\/vc_column][\/vc_row][vc_row][vc_column][vc_column_text]<\/p>\n<div class=\"wp-playlist wp-audio-playlist wp-playlist-light\">\n\t\t\t<div class=\"wp-playlist-current-item\"><\/div>\n\t\t<audio controls=\"controls\" preload=\"none\" width=\"1178\"\n\t\t\t><\/audio>\n\t<div class=\"wp-playlist-next\"><\/div>\n\t<div class=\"wp-playlist-prev\"><\/div>\n\t<noscript>\n\t<ol>\n\t\t<li><a href='https:\/\/www.imer.mx\/micrositios\/wp-content\/uploads\/sites\/49\/micrositio_RemediosVaro_01_FN08010133841.mp3'>01 Remedios Varo, vida y obra Primera parte en el programa de Martha Robles, \u201cMujeres del siglo XX\u201d, transmitido en 2001<\/a><\/li><li><a href='https:\/\/www.imer.mx\/micrositios\/wp-content\/uploads\/sites\/49\/micrositio_RemediosVaro_02_FN08010133842.mp3'>02 Remedios Varo, vida y obra Segunda parte en el programa de Martha Robles, \u201cMujeres del siglo XX\u201d, transmitido en 2001<\/a><\/li><li><a href='https:\/\/www.imer.mx\/micrositios\/wp-content\/uploads\/sites\/49\/micrositio_RemediosVaro_03_FN08010133843.mp3'>03 Remedios Varo, vida y obra Tercera parte en el programa de Martha Robles, \u201cMujeres del siglo XX\u201d, transmitido en 2001<\/a><\/li><li><a href='https:\/\/www.imer.mx\/micrositios\/wp-content\/uploads\/sites\/49\/micrositio_RemediosVaro_04_FN08010133844.mp3'>04 Remedios Varo, vida y obra Cuarta parte en el programa de Martha Robles, \u201cMujeres del siglo XX\u201d, transmitido en 2001<\/a><\/li><li><a href='https:\/\/www.imer.mx\/micrositios\/wp-content\/uploads\/sites\/49\/micrositio_RemediosVaro_05_FN08010133845.mp3'>05 Remedios Varo, vida y obra Quinta parte en el programa de Martha Robles, \u201cMujeres del siglo XX\u201d, transmitido en 2001<\/a><\/li><li><a href='https:\/\/www.imer.mx\/micrositios\/wp-content\/uploads\/sites\/49\/micrositio_RemediosVaro_06_FN08010133846.mp3'>06 Remedios Varo, vida y obra Sexta parte en el programa de Martha Robles, \u201cMujeres del siglo XX\u201d, transmitido en 2001<\/a><\/li><li><a href='https:\/\/www.imer.mx\/micrositios\/wp-content\/uploads\/sites\/49\/micrositio_RemediosVaro_07_FN08010133847.mp3'>07 Remedios Varo, vida y obra S\u00e9ptima parte en el programa de Martha Robles, \u201cMujeres del siglo XX\u201d, transmitido en 2001<\/a><\/li><li><a href='https:\/\/www.imer.mx\/micrositios\/wp-content\/uploads\/sites\/49\/micrositio_RemediosVaro_08_FN08010133848.mp3'>08 Remedios Varo, vida y obra Octava parte en el programa de Martha Robles, \u201cMujeres del siglo XX\u201d, transmitido en 2001<\/a><\/li><li><a href='https:\/\/www.imer.mx\/micrositios\/wp-content\/uploads\/sites\/49\/micrositio_RemediosVaro_09_FN08010133849.mp3'>09 Remedios Varo, vida y obra Novena parte en el programa de Martha Robles, \u201cMujeres del siglo XX\u201d, transmitido en 2001<\/a><\/li><li><a href='https:\/\/www.imer.mx\/micrositios\/wp-content\/uploads\/sites\/49\/micrositio_RemediosVaro_10_FN08010128994.mp3'>10 Remedios Varo, vida y obra I, dramatizaci\u00f3n en el programa \u201cHuellas de la historia\u201d, transmitido en 1994<\/a><\/li><li><a href='https:\/\/www.imer.mx\/micrositios\/wp-content\/uploads\/sites\/49\/micrositio_RemediosVaro_11_FN08010128995.mp3'>11 Remedios Varo, vida y obra II, dramatizaci\u00f3n en el programa \u201cHuellas de la historia\u201d, transmitido en 1994<\/a><\/li>\t<\/ol>\n\t<\/noscript>\n\t<script type=\"application\/json\" class=\"wp-playlist-script\">{\"type\":\"audio\",\"tracklist\":true,\"tracknumbers\":true,\"images\":false,\"artists\":false,\"tracks\":[{\"src\":\"https:\/\/www.imer.mx\/micrositios\/wp-content\/uploads\/sites\/49\/micrositio_RemediosVaro_01_FN08010133841.mp3\",\"type\":\"audio\/mpeg\",\"title\":\"01 Remedios Varo, vida y obra Primera parte en el programa de Martha Robles, \\u201cMujeres del siglo XX\\u201d, transmitido en 2001\",\"caption\":\"\",\"description\":\"\\\"01 Remedios Varo, vida y obra Primera parte en el programa de Martha Robles, \\u201cMujeres del siglo XX\\u201d, transmitido en 2001\\\" en Remedios Varo 01 - IMER.\",\"meta\":{\"artist\":\"Remedios Varo 01 - IMER\",\"length_formatted\":\"23:11\"},\"image\":{\"src\":\"https:\/\/www.imer.mx\/micrositios\/wp-includes\/images\/media\/audio.svg\",\"width\":48,\"height\":64},\"thumb\":{\"src\":\"https:\/\/www.imer.mx\/micrositios\/wp-includes\/images\/media\/audio.svg\",\"width\":48,\"height\":64}},{\"src\":\"https:\/\/www.imer.mx\/micrositios\/wp-content\/uploads\/sites\/49\/micrositio_RemediosVaro_02_FN08010133842.mp3\",\"type\":\"audio\/mpeg\",\"title\":\"02 Remedios Varo, vida y obra Segunda parte en el programa de Martha Robles, \\u201cMujeres del siglo XX\\u201d, transmitido en 2001\",\"caption\":\"\",\"description\":\"\\\"02 Remedios Varo, vida y obra Segunda parte en el programa de Martha Robles, \\u201cMujeres del siglo XX\\u201d, transmitido en 2001\\\" en Remedios Varo 02 - IMER.\",\"meta\":{\"artist\":\"Remedios Varo 02 - IMER\",\"length_formatted\":\"24:56\"},\"image\":{\"src\":\"https:\/\/www.imer.mx\/micrositios\/wp-includes\/images\/media\/audio.svg\",\"width\":48,\"height\":64},\"thumb\":{\"src\":\"https:\/\/www.imer.mx\/micrositios\/wp-includes\/images\/media\/audio.svg\",\"width\":48,\"height\":64}},{\"src\":\"https:\/\/www.imer.mx\/micrositios\/wp-content\/uploads\/sites\/49\/micrositio_RemediosVaro_03_FN08010133843.mp3\",\"type\":\"audio\/mpeg\",\"title\":\"03 Remedios Varo, vida y obra Tercera parte en el programa de Martha Robles, \\u201cMujeres del siglo XX\\u201d, transmitido en 2001\",\"caption\":\"\",\"description\":\"\\\"03 Remedios Varo, vida y obra Tercera parte en el programa de Martha Robles, \\u201cMujeres del siglo XX\\u201d, transmitido en 2001\\\" en Remedios Varo 03 - IMER.\",\"meta\":{\"artist\":\"Remedios Varo 03 - IMER\",\"length_formatted\":\"22:10\"},\"image\":{\"src\":\"https:\/\/www.imer.mx\/micrositios\/wp-includes\/images\/media\/audio.svg\",\"width\":48,\"height\":64},\"thumb\":{\"src\":\"https:\/\/www.imer.mx\/micrositios\/wp-includes\/images\/media\/audio.svg\",\"width\":48,\"height\":64}},{\"src\":\"https:\/\/www.imer.mx\/micrositios\/wp-content\/uploads\/sites\/49\/micrositio_RemediosVaro_04_FN08010133844.mp3\",\"type\":\"audio\/mpeg\",\"title\":\"04 Remedios Varo, vida y obra Cuarta parte en el programa de Martha Robles, \\u201cMujeres del siglo XX\\u201d, transmitido en 2001\",\"caption\":\"\",\"description\":\"\\\"04 Remedios Varo, vida y obra Cuarta parte en el programa de Martha Robles, \\u201cMujeres del siglo XX\\u201d, transmitido en 2001\\\" en Remedios Varo 04 - IMER.\",\"meta\":{\"artist\":\"Remedios Varo 04 - IMER\",\"length_formatted\":\"24:15\"},\"image\":{\"src\":\"https:\/\/www.imer.mx\/micrositios\/wp-includes\/images\/media\/audio.svg\",\"width\":48,\"height\":64},\"thumb\":{\"src\":\"https:\/\/www.imer.mx\/micrositios\/wp-includes\/images\/media\/audio.svg\",\"width\":48,\"height\":64}},{\"src\":\"https:\/\/www.imer.mx\/micrositios\/wp-content\/uploads\/sites\/49\/micrositio_RemediosVaro_05_FN08010133845.mp3\",\"type\":\"audio\/mpeg\",\"title\":\"05 Remedios Varo, vida y obra Quinta parte en el programa de Martha Robles, \\u201cMujeres del siglo XX\\u201d, transmitido en 2001\",\"caption\":\"\",\"description\":\"\\\"05 Remedios Varo, vida y obra Quinta parte en el programa de Martha Robles, \\u201cMujeres del siglo XX\\u201d, transmitido en 2001\\\" en Remedios Varo 05 - IMER.\",\"meta\":{\"artist\":\"Remedios Varo 05 - IMER\",\"length_formatted\":\"24:20\"},\"image\":{\"src\":\"https:\/\/www.imer.mx\/micrositios\/wp-includes\/images\/media\/audio.svg\",\"width\":48,\"height\":64},\"thumb\":{\"src\":\"https:\/\/www.imer.mx\/micrositios\/wp-includes\/images\/media\/audio.svg\",\"width\":48,\"height\":64}},{\"src\":\"https:\/\/www.imer.mx\/micrositios\/wp-content\/uploads\/sites\/49\/micrositio_RemediosVaro_06_FN08010133846.mp3\",\"type\":\"audio\/mpeg\",\"title\":\"06 Remedios Varo, vida y obra Sexta parte en el programa de Martha Robles, \\u201cMujeres del siglo XX\\u201d, transmitido en 2001\",\"caption\":\"\",\"description\":\"\\\"06 Remedios Varo, vida y obra Sexta parte en el programa de Martha Robles, \\u201cMujeres del siglo XX\\u201d, transmitido en 2001\\\" en Remedios Varo 06 - IMER.\",\"meta\":{\"artist\":\"Remedios Varo 06 - IMER\",\"length_formatted\":\"24:55\"},\"image\":{\"src\":\"https:\/\/www.imer.mx\/micrositios\/wp-includes\/images\/media\/audio.svg\",\"width\":48,\"height\":64},\"thumb\":{\"src\":\"https:\/\/www.imer.mx\/micrositios\/wp-includes\/images\/media\/audio.svg\",\"width\":48,\"height\":64}},{\"src\":\"https:\/\/www.imer.mx\/micrositios\/wp-content\/uploads\/sites\/49\/micrositio_RemediosVaro_07_FN08010133847.mp3\",\"type\":\"audio\/mpeg\",\"title\":\"07 Remedios Varo, vida y obra S\\u00e9ptima parte en el programa de Martha Robles, \\u201cMujeres del siglo XX\\u201d, transmitido en 2001\",\"caption\":\"\",\"description\":\"\\\"07 Remedios Varo, vida y obra S\\u00e9ptima parte en el programa de Martha Robles, \\u201cMujeres del siglo XX\\u201d, transmitido en 2001\\\" en Remedios Varo 07 - IMER.\",\"meta\":{\"artist\":\"Remedios Varo 07 - IMER\",\"length_formatted\":\"24:45\"},\"image\":{\"src\":\"https:\/\/www.imer.mx\/micrositios\/wp-includes\/images\/media\/audio.svg\",\"width\":48,\"height\":64},\"thumb\":{\"src\":\"https:\/\/www.imer.mx\/micrositios\/wp-includes\/images\/media\/audio.svg\",\"width\":48,\"height\":64}},{\"src\":\"https:\/\/www.imer.mx\/micrositios\/wp-content\/uploads\/sites\/49\/micrositio_RemediosVaro_08_FN08010133848.mp3\",\"type\":\"audio\/mpeg\",\"title\":\"08 Remedios Varo, vida y obra Octava parte en el programa de Martha Robles, \\u201cMujeres del siglo XX\\u201d, transmitido en 2001\",\"caption\":\"\",\"description\":\"\\\"08 Remedios Varo, vida y obra Octava parte en el programa de Martha Robles, \\u201cMujeres del siglo XX\\u201d, transmitido en 2001\\\" en Remedios Varo 08 - IMER.\",\"meta\":{\"artist\":\"Remedios Varo 08 - IMER\",\"length_formatted\":\"24:15\"},\"image\":{\"src\":\"https:\/\/www.imer.mx\/micrositios\/wp-includes\/images\/media\/audio.svg\",\"width\":48,\"height\":64},\"thumb\":{\"src\":\"https:\/\/www.imer.mx\/micrositios\/wp-includes\/images\/media\/audio.svg\",\"width\":48,\"height\":64}},{\"src\":\"https:\/\/www.imer.mx\/micrositios\/wp-content\/uploads\/sites\/49\/micrositio_RemediosVaro_09_FN08010133849.mp3\",\"type\":\"audio\/mpeg\",\"title\":\"09 Remedios Varo, vida y obra Novena parte en el programa de Martha Robles, \\u201cMujeres del siglo XX\\u201d, transmitido en 2001\",\"caption\":\"\",\"description\":\"\\\"09 Remedios Varo, vida y obra Novena parte en el programa de Martha Robles, \\u201cMujeres del siglo XX\\u201d, transmitido en 2001\\\" en Remedios Varo 09 - IMER.\",\"meta\":{\"artist\":\"Remedios Varo 09 - IMER\",\"length_formatted\":\"23:00\"},\"image\":{\"src\":\"https:\/\/www.imer.mx\/micrositios\/wp-includes\/images\/media\/audio.svg\",\"width\":48,\"height\":64},\"thumb\":{\"src\":\"https:\/\/www.imer.mx\/micrositios\/wp-includes\/images\/media\/audio.svg\",\"width\":48,\"height\":64}},{\"src\":\"https:\/\/www.imer.mx\/micrositios\/wp-content\/uploads\/sites\/49\/micrositio_RemediosVaro_10_FN08010128994.mp3\",\"type\":\"audio\/mpeg\",\"title\":\"10 Remedios Varo, vida y obra I, dramatizaci\\u00f3n en el programa \\u201cHuellas de la historia\\u201d, transmitido en 1994\",\"caption\":\"\",\"description\":\"\\\"10 Remedios Varo, vida y obra I, dramatizaci\\u00f3n en el programa \\u201cHuellas de la historia\\u201d, transmitido en 1994\\\" en Remedios Varo 10 - IMER.\",\"meta\":{\"artist\":\"Remedios Varo 10 - IMER\",\"length_formatted\":\"14:15\"},\"image\":{\"src\":\"https:\/\/www.imer.mx\/micrositios\/wp-includes\/images\/media\/audio.svg\",\"width\":48,\"height\":64},\"thumb\":{\"src\":\"https:\/\/www.imer.mx\/micrositios\/wp-includes\/images\/media\/audio.svg\",\"width\":48,\"height\":64}},{\"src\":\"https:\/\/www.imer.mx\/micrositios\/wp-content\/uploads\/sites\/49\/micrositio_RemediosVaro_11_FN08010128995.mp3\",\"type\":\"audio\/mpeg\",\"title\":\"11 Remedios Varo, vida y obra II, dramatizaci\\u00f3n en el programa \\u201cHuellas de la historia\\u201d, transmitido en 1994\",\"caption\":\"\",\"description\":\"\\\"11 Remedios Varo, vida y obra II, dramatizaci\\u00f3n en el programa \\u201cHuellas de la historia\\u201d, transmitido en 1994\\\" en Remedios Varo 11 - IMER.\",\"meta\":{\"artist\":\"Remedios Varo 11 - IMER\",\"length_formatted\":\"14:54\"},\"image\":{\"src\":\"https:\/\/www.imer.mx\/micrositios\/wp-includes\/images\/media\/audio.svg\",\"width\":48,\"height\":64},\"thumb\":{\"src\":\"https:\/\/www.imer.mx\/micrositios\/wp-includes\/images\/media\/audio.svg\",\"width\":48,\"height\":64}}]}<\/script>\n<\/div>\n\t\n<p>[\/vc_column_text][\/vc_column][\/vc_row]<\/p>\n<\/div>","protected":false},"excerpt":{"rendered":"<p>[vc_row][vc_column css=&#8221;.vc_custom_1600239363622{margin-top: -50px !important;}&#8221;][vc_single_image image=&#8221;27071&#8243; img_size=&#8221;full&#8221;][\/vc_column][\/vc_row][vc_row][vc_column][vc_custom_heading text=&#8221;Remedios Varo&#8221;][\/vc_column][\/vc_row][vc_row][vc_column width=&#8221;1\/2&#8243;][vc_column_text]El 16 de diciembre de 1908 Nace Remedios Varo, escritora, artista gr\u00e1fica y pintora surrealista espa\u00f1ola, naturalizada mexicana. A los 15 a\u00f1os ingresa a la Academia de Bellas Artes de San Fernando en Madrid, conoce a Dal\u00ed; m\u00e1s tarde vive en Par\u00eds, se interesa por las vanguardias&hellip;<\/p>\n","protected":false},"author":141,"featured_media":0,"parent":0,"menu_order":0,"comment_status":"closed","ping_status":"closed","template":"","meta":{"wp_popup_display_lightbox":0,"wp_popup_suppress":"","wp_popup_trigger":"","wp_popup_trigger_amount":0,"wp_popup_disable_on_mobile":false,"footnotes":""},"class_list":["post-27050","page","type-page","status-publish","hentry","description-off"],"_links":{"self":[{"href":"https:\/\/www.imer.mx\/micrositios\/wp-json\/wp\/v2\/pages\/27050","targetHints":{"allow":["GET"]}}],"collection":[{"href":"https:\/\/www.imer.mx\/micrositios\/wp-json\/wp\/v2\/pages"}],"about":[{"href":"https:\/\/www.imer.mx\/micrositios\/wp-json\/wp\/v2\/types\/page"}],"author":[{"embeddable":true,"href":"https:\/\/www.imer.mx\/micrositios\/wp-json\/wp\/v2\/users\/141"}],"replies":[{"embeddable":true,"href":"https:\/\/www.imer.mx\/micrositios\/wp-json\/wp\/v2\/comments?post=27050"}],"version-history":[{"count":0,"href":"https:\/\/www.imer.mx\/micrositios\/wp-json\/wp\/v2\/pages\/27050\/revisions"}],"wp:attachment":[{"href":"https:\/\/www.imer.mx\/micrositios\/wp-json\/wp\/v2\/media?parent=27050"}],"curies":[{"name":"wp","href":"https:\/\/api.w.org\/{rel}","templated":true}]}}