{"id":25873,"date":"2018-01-05T13:32:43","date_gmt":"2018-01-05T19:32:43","guid":{"rendered":"http:\/\/www.imer.mx\/micrositios\/?page_id=25873"},"modified":"2018-10-04T12:49:39","modified_gmt":"2018-10-04T17:49:39","slug":"mariano-azuela","status":"publish","type":"page","link":"https:\/\/www.imer.mx\/micrositios\/mariano-azuela\/","title":{"rendered":"Mariano Azuela"},"content":{"rendered":"<div class=\"wpb-content-wrapper\"><p>[vc_row][vc_column][vc_column_text]<img loading=\"lazy\" decoding=\"async\" class=\"aligncenter wp-image-25856 size-full\" src=\"https:\/\/www.imer.mx\/micrositios\/wp-content\/uploads\/sites\/49\/Mariano-Azuela-Desplegado.jpg\" alt=\"\" width=\"1600\" height=\"800\" srcset=\"https:\/\/www.imer.mx\/micrositios\/wp-content\/uploads\/sites\/49\/Mariano-Azuela-Desplegado.jpg 1600w, https:\/\/www.imer.mx\/micrositios\/wp-content\/uploads\/sites\/49\/Mariano-Azuela-Desplegado-300x150.jpg 300w, https:\/\/www.imer.mx\/micrositios\/wp-content\/uploads\/sites\/49\/Mariano-Azuela-Desplegado-768x384.jpg 768w, https:\/\/www.imer.mx\/micrositios\/wp-content\/uploads\/sites\/49\/Mariano-Azuela-Desplegado-1024x512.jpg 1024w\" sizes=\"auto, (max-width: 1600px) 100vw, 1600px\" \/><\/p>\n<p>[\/vc_column_text][vc_empty_space][\/vc_column][\/vc_row][vc_row][vc_column][vc_column_text]<\/p>\n<blockquote>\n<h3 style=\"text-align: center;\">Considerado el iniciador y principal novelista de la Revoluci\u00f3n Mexicana, Mariano Azuela nace en Lagos de Moreno, Jalisco, el 1\u00b0 de enero de 1873.<\/h3>\n<\/blockquote>\n<p>[\/vc_column_text][\/vc_column][\/vc_row][vc_row][vc_column width=&#8221;1\/2&#8243;][vc_column_text]Participa como m\u00e9dico en un campamento de Francisco Villa, experiencia que refleja en su novela \u201c<em><strong>Los de abajo<\/strong><\/em>\u201d, publicada en 1915 y traducida a varios idiomas. Miembro fundador de <strong>El Colegio Nacional<\/strong> y del <strong>Seminario de Cultura Mexicana<\/strong>.<\/p>\n<p>En 1942 recibe el Premio Nacional de Literatura y en 1949 el Premio Nacional de Artes y Ciencias.[\/vc_column_text][\/vc_column][vc_column width=&#8221;1\/2&#8243;][vc_column_text]<strong>Su obra est\u00e1 compuesta de lo real y lo imaginario, y acent\u00faa la mirada decepcionada y la denuncia. <\/strong><\/p>\n<p>Azuela escribe m\u00e1s de veinticinco obras entre las m\u00e1s destacadas, se encuentran:\u00a0<strong>\u201c<em>Mala yerba<\/em>\u201d<\/strong>, <strong>\u201c<em>Los caciques<\/em>\u201d<\/strong>, <strong>\u201c<em>Esa sangre<\/em>\u201d<\/strong> y <strong>\u201c<em>Los de abajo<\/em>\u201d<\/strong>.[\/vc_column_text][\/vc_column][\/vc_row][vc_row][vc_column][vc_column_text]<\/p>\n<p style=\"text-align: left;\">Sus restos descansan en la Rotonda de las Personas Ilustres; Azuela muere el 1 de marzo de 1952.<\/p>\n<p style=\"text-align: left;\">Escucha los siguientes programas seleccionados de la Fonoteca Hist\u00f3rica del Instituto Mexicano de la Radio, en los que se presenta la vida y obra del jalisciense Mariano Azuela, de la voz de Severo Mir\u00f3n, Alicia Zendejas, Ren\u00e9 Avil\u00e9s y m\u00e1s.<\/p>\n<p>[\/vc_column_text][\/vc_column][\/vc_row][vc_column width=&#8221;1\/4&#8243;][\/vc_column][vc_column width=&#8221;3\/4&#8243;][\/vc_column][vc_row][vc_column][vc_text_separator title=&#8221;Escucha los audios&#8221; i_icon_fontawesome=&#8221;fa fa-headphones&#8221; i_color=&#8221;custom&#8221; add_icon=&#8221;true&#8221; i_custom_color=&#8221;#017f71&#8243;][\/vc_column][\/vc_row][vc_row][vc_column][vc_column_text]<\/p>\n<div class=\"wp-playlist wp-audio-playlist wp-playlist-light\">\n\t\t\t<div class=\"wp-playlist-current-item\"><\/div>\n\t\t<audio controls=\"controls\" preload=\"none\" width=\"1178\"\n\t\t\t><\/audio>\n\t<div class=\"wp-playlist-next\"><\/div>\n\t<div class=\"wp-playlist-prev\"><\/div>\n\t<noscript>\n\t<ol>\n\t\t<li><a href='https:\/\/www.imer.mx\/micrositios\/wp-content\/uploads\/sites\/49\/marianoAzuela_01_FN08010118773.mp3'>01 Escucha la vida y obra de Mariano Azuela en el programa narrado y dramatizado \u201cLos libros tienen la palabra\u201d, transmitido en 1988<\/a><\/li><li><a href='https:\/\/www.imer.mx\/micrositios\/wp-content\/uploads\/sites\/49\/marianoAzuela_02_FN08010136295.mp3'>02 Escucha la dramatizaci\u00f3n de un fragmento de \u201cLos de abajo\u201d y la  semblanza de Mariano Azuela en el programa de Ren\u00e9 Avil\u00e9s Fabila, \u201cFantas\u00edas en carrusel\u201d, transmitido en 1995<\/a><\/li><li><a href='https:\/\/www.imer.mx\/micrositios\/wp-content\/uploads\/sites\/49\/marianoAzuela_03_FN08010120825y26.mp3'>03 Escucha dos cuentos de Mariano Azuela: \u201cTal ser\u00e1 la voluntad de Dios\u201d y \u201cAnuncios a l\u00ednea desplegada\u201d y m\u00fasica tradicional mexicana con el dueto \u201cFlor y Pepe\u201d, en el programa \u201cReferencias\u201d, transmitido en 1989<\/a><\/li><li><a href='https:\/\/www.imer.mx\/micrositios\/wp-content\/uploads\/sites\/49\/marianoAzuela_04_FN10010168301.mp3'>04 Escucha \u201cEsa sangre\u201d, novela de Mariano Azuela, narrada por Severo Mir\u00f3n en el programa \u201cPlat\u00edcame un libro\u201d, transmitido en 1988<\/a><\/li><li><a href='https:\/\/www.imer.mx\/micrositios\/wp-content\/uploads\/sites\/49\/marianoAzuela_05_FN10010168302.mp3'>05 Escucha \u201cMala yerba\u201d, novela de Mariano Azuela, narrada por Severo Mir\u00f3n en el programa \u201cPlat\u00edcame un libro\u201d, transmitido en 1988<\/a><\/li><li><a href='https:\/\/www.imer.mx\/micrositios\/wp-content\/uploads\/sites\/49\/marianoAzuela_06_FN10010168651.mp3'>06 Escucha \u201cLa mujer domada\u201d, obra de Mariano Azuela, narrada por Severo Mir\u00f3n en el programa \u201cPlat\u00edcame un libro, transmitido en 1988<\/a><\/li><li><a href='https:\/\/www.imer.mx\/micrositios\/wp-content\/uploads\/sites\/49\/marianoAzuela_07_FN10010168681.mp3'>07 Escucha \u201cLos caciques\u201d de Mariano Azuela, narrada por Severo Mir\u00f3n en el programa \u201cPlat\u00edcame un libro\u201d, transmitido en 1988<\/a><\/li><li><a href='https:\/\/www.imer.mx\/micrositios\/wp-content\/uploads\/sites\/49\/marianoAzuela_08_FN08010135849.mp3'>08 La escritora Alicia Zendejas presenta un comentario sobre Mariano Azuela, en el programa \u201cTres minutos con\u201d, transmitido en 1993<\/a><\/li><li><a href='https:\/\/www.imer.mx\/micrositios\/wp-content\/uploads\/sites\/49\/marianoAzuela_09_FN08010129858.mp3'>09 Escucha la dramatizaci\u00f3n de un fragmento de Mala yerba de Mariano Azuela en el programa \u201cEl sue\u00f1o de una palabra\u201d, transmitido en 2001<\/a><\/li>\t<\/ol>\n\t<\/noscript>\n\t<script type=\"application\/json\" class=\"wp-playlist-script\">{\"type\":\"audio\",\"tracklist\":true,\"tracknumbers\":true,\"images\":false,\"artists\":false,\"tracks\":[{\"src\":\"https:\/\/www.imer.mx\/micrositios\/wp-content\/uploads\/sites\/49\/marianoAzuela_01_FN08010118773.mp3\",\"type\":\"audio\/mpeg\",\"title\":\"01 Escucha la vida y obra de Mariano Azuela en el programa narrado y dramatizado \\u201cLos libros tienen la palabra\\u201d, transmitido en 1988\",\"caption\":\"\",\"description\":\"\\\"01 Escucha la vida y obra de Mariano Azuela en el programa narrado y dramatizado \\u201cLos libros tienen la palabra\\u201d, transmitido en 1988\\\" en Mariano Azuela 01 IMER.\",\"meta\":{\"artist\":\"Mariano Azuela 01 IMER\",\"length_formatted\":\"24:45\"},\"image\":{\"src\":\"https:\/\/www.imer.mx\/micrositios\/wp-includes\/images\/media\/audio.svg\",\"width\":48,\"height\":64},\"thumb\":{\"src\":\"https:\/\/www.imer.mx\/micrositios\/wp-includes\/images\/media\/audio.svg\",\"width\":48,\"height\":64}},{\"src\":\"https:\/\/www.imer.mx\/micrositios\/wp-content\/uploads\/sites\/49\/marianoAzuela_02_FN08010136295.mp3\",\"type\":\"audio\/mpeg\",\"title\":\"02 Escucha la dramatizaci\\u00f3n de un fragmento de \\u201cLos de abajo\\u201d y la  semblanza de Mariano Azuela en el programa de Ren\\u00e9 Avil\\u00e9s Fabila, \\u201cFantas\\u00edas en carrusel\\u201d, transmitido en 1995\",\"caption\":\"\",\"description\":\"\\\"02 Escucha la dramatizaci\\u00f3n de un fragmento de \\u201cLos de abajo\\u201d y la  semblanza de Mariano Azuela en el programa de Ren\\u00e9 Avil\\u00e9s Fabila, \\u201cFantas\\u00edas en carrusel\\u201d, transmitido en 1995\\\" en Mariano Azuela 02 IMER.\",\"meta\":{\"artist\":\"Mariano Azuela 02 IMER\",\"length_formatted\":\"29:37\"},\"image\":{\"src\":\"https:\/\/www.imer.mx\/micrositios\/wp-includes\/images\/media\/audio.svg\",\"width\":48,\"height\":64},\"thumb\":{\"src\":\"https:\/\/www.imer.mx\/micrositios\/wp-includes\/images\/media\/audio.svg\",\"width\":48,\"height\":64}},{\"src\":\"https:\/\/www.imer.mx\/micrositios\/wp-content\/uploads\/sites\/49\/marianoAzuela_03_FN08010120825y26.mp3\",\"type\":\"audio\/mpeg\",\"title\":\"03 Escucha dos cuentos de Mariano Azuela: \\u201cTal ser\\u00e1 la voluntad de Dios\\u201d y \\u201cAnuncios a l\\u00ednea desplegada\\u201d y m\\u00fasica tradicional mexicana con el dueto \\u201cFlor y Pepe\\u201d, en el programa \\u201cReferencias\\u201d, transmitido en 1989\",\"caption\":\"\",\"description\":\"\\\"03 Escucha dos cuentos de Mariano Azuela: \\u201cTal ser\\u00e1 la voluntad de Dios\\u201d y \\u201cAnuncios a l\\u00ednea desplegada\\u201d y m\\u00fasica tradicional mexicana con el dueto \\u201cFlor y Pepe\\u201d, en el programa \\u201cReferencias\\u201d, transmitido en 1989\\\" en Mariano Azuela 03 IMER.\",\"meta\":{\"artist\":\"Mariano Azuela 03 IMER\",\"length_formatted\":\"48:45\"},\"image\":{\"src\":\"https:\/\/www.imer.mx\/micrositios\/wp-includes\/images\/media\/audio.svg\",\"width\":48,\"height\":64},\"thumb\":{\"src\":\"https:\/\/www.imer.mx\/micrositios\/wp-includes\/images\/media\/audio.svg\",\"width\":48,\"height\":64}},{\"src\":\"https:\/\/www.imer.mx\/micrositios\/wp-content\/uploads\/sites\/49\/marianoAzuela_04_FN10010168301.mp3\",\"type\":\"audio\/mpeg\",\"title\":\"04 Escucha \\u201cEsa sangre\\u201d, novela de Mariano Azuela, narrada por Severo Mir\\u00f3n en el programa \\u201cPlat\\u00edcame un libro\\u201d, transmitido en 1988\",\"caption\":\"\",\"description\":\"\\\"04 Escucha \\u201cEsa sangre\\u201d, novela de Mariano Azuela, narrada por Severo Mir\\u00f3n en el programa \\u201cPlat\\u00edcame un libro\\u201d, transmitido en 1988\\\" en Mariano Azuela 04 IMER.\",\"meta\":{\"artist\":\"Mariano Azuela 04 IMER\",\"length_formatted\":\"10:58\"},\"image\":{\"src\":\"https:\/\/www.imer.mx\/micrositios\/wp-includes\/images\/media\/audio.svg\",\"width\":48,\"height\":64},\"thumb\":{\"src\":\"https:\/\/www.imer.mx\/micrositios\/wp-includes\/images\/media\/audio.svg\",\"width\":48,\"height\":64}},{\"src\":\"https:\/\/www.imer.mx\/micrositios\/wp-content\/uploads\/sites\/49\/marianoAzuela_05_FN10010168302.mp3\",\"type\":\"audio\/mpeg\",\"title\":\"05 Escucha \\u201cMala yerba\\u201d, novela de Mariano Azuela, narrada por Severo Mir\\u00f3n en el programa \\u201cPlat\\u00edcame un libro\\u201d, transmitido en 1988\",\"caption\":\"\",\"description\":\"\\\"05 Escucha \\u201cMala yerba\\u201d, novela de Mariano Azuela, narrada por Severo Mir\\u00f3n en el programa \\u201cPlat\\u00edcame un libro\\u201d, transmitido en 1988\\\" en Mariano Azuela 05 IMER.\",\"meta\":{\"artist\":\"Mariano Azuela 05 IMER\",\"length_formatted\":\"11:52\"},\"image\":{\"src\":\"https:\/\/www.imer.mx\/micrositios\/wp-includes\/images\/media\/audio.svg\",\"width\":48,\"height\":64},\"thumb\":{\"src\":\"https:\/\/www.imer.mx\/micrositios\/wp-includes\/images\/media\/audio.svg\",\"width\":48,\"height\":64}},{\"src\":\"https:\/\/www.imer.mx\/micrositios\/wp-content\/uploads\/sites\/49\/marianoAzuela_06_FN10010168651.mp3\",\"type\":\"audio\/mpeg\",\"title\":\"06 Escucha \\u201cLa mujer domada\\u201d, obra de Mariano Azuela, narrada por Severo Mir\\u00f3n en el programa \\u201cPlat\\u00edcame un libro, transmitido en 1988\",\"caption\":\"\",\"description\":\"\\\"06 Escucha \\u201cLa mujer domada\\u201d, obra de Mariano Azuela, narrada por Severo Mir\\u00f3n en el programa \\u201cPlat\\u00edcame un libro, transmitido en 1988\\\" en Mariano Azuela 06 IMER.\",\"meta\":{\"artist\":\"Mariano Azuela 06 IMER\",\"length_formatted\":\"10:30\"},\"image\":{\"src\":\"https:\/\/www.imer.mx\/micrositios\/wp-includes\/images\/media\/audio.svg\",\"width\":48,\"height\":64},\"thumb\":{\"src\":\"https:\/\/www.imer.mx\/micrositios\/wp-includes\/images\/media\/audio.svg\",\"width\":48,\"height\":64}},{\"src\":\"https:\/\/www.imer.mx\/micrositios\/wp-content\/uploads\/sites\/49\/marianoAzuela_07_FN10010168681.mp3\",\"type\":\"audio\/mpeg\",\"title\":\"07 Escucha \\u201cLos caciques\\u201d de Mariano Azuela, narrada por Severo Mir\\u00f3n en el programa \\u201cPlat\\u00edcame un libro\\u201d, transmitido en 1988\",\"caption\":\"\",\"description\":\"\\\"07 Escucha \\u201cLos caciques\\u201d de Mariano Azuela, narrada por Severo Mir\\u00f3n en el programa \\u201cPlat\\u00edcame un libro\\u201d, transmitido en 1988\\\" en Mariano Azuela 07 IMER.\",\"meta\":{\"artist\":\"Mariano Azuela 07 IMER\",\"length_formatted\":\"10:34\"},\"image\":{\"src\":\"https:\/\/www.imer.mx\/micrositios\/wp-includes\/images\/media\/audio.svg\",\"width\":48,\"height\":64},\"thumb\":{\"src\":\"https:\/\/www.imer.mx\/micrositios\/wp-includes\/images\/media\/audio.svg\",\"width\":48,\"height\":64}},{\"src\":\"https:\/\/www.imer.mx\/micrositios\/wp-content\/uploads\/sites\/49\/marianoAzuela_08_FN08010135849.mp3\",\"type\":\"audio\/mpeg\",\"title\":\"08 La escritora Alicia Zendejas presenta un comentario sobre Mariano Azuela, en el programa \\u201cTres minutos con\\u201d, transmitido en 1993\",\"caption\":\"\",\"description\":\"\\\"08 La escritora Alicia Zendejas presenta un comentario sobre Mariano Azuela, en el programa \\u201cTres minutos con\\u201d, transmitido en 1993\\\" en Mariano Azuela 08 IMER.\",\"meta\":{\"artist\":\"Mariano Azuela 08 IMER\",\"length_formatted\":\"2:53\"},\"image\":{\"src\":\"https:\/\/www.imer.mx\/micrositios\/wp-includes\/images\/media\/audio.svg\",\"width\":48,\"height\":64},\"thumb\":{\"src\":\"https:\/\/www.imer.mx\/micrositios\/wp-includes\/images\/media\/audio.svg\",\"width\":48,\"height\":64}},{\"src\":\"https:\/\/www.imer.mx\/micrositios\/wp-content\/uploads\/sites\/49\/marianoAzuela_09_FN08010129858.mp3\",\"type\":\"audio\/mpeg\",\"title\":\"09 Escucha la dramatizaci\\u00f3n de un fragmento de Mala yerba de Mariano Azuela en el programa \\u201cEl sue\\u00f1o de una palabra\\u201d, transmitido en 2001\",\"caption\":\"\",\"description\":\"\\\"09 Escucha la dramatizaci\\u00f3n de un fragmento de Mala yerba de Mariano Azuela en el programa \\u201cEl sue\\u00f1o de una palabra\\u201d, transmitido en 2001\\\" en Mariano Azuela 09 IMER.\",\"meta\":{\"artist\":\"Mariano Azuela 09 IMER\",\"length_formatted\":\"4:13\"},\"image\":{\"src\":\"https:\/\/www.imer.mx\/micrositios\/wp-includes\/images\/media\/audio.svg\",\"width\":48,\"height\":64},\"thumb\":{\"src\":\"https:\/\/www.imer.mx\/micrositios\/wp-includes\/images\/media\/audio.svg\",\"width\":48,\"height\":64}}]}<\/script>\n<\/div>\n\t\n<p>[\/vc_column_text][\/vc_column][\/vc_row]<\/p>\n<\/div>","protected":false},"excerpt":{"rendered":"<p>[vc_row][vc_column][vc_column_text] [\/vc_column_text][vc_empty_space][\/vc_column][\/vc_row][vc_row][vc_column][vc_column_text] Considerado el iniciador y principal novelista de la Revoluci\u00f3n Mexicana, Mariano Azuela nace en Lagos de Moreno, Jalisco, el 1\u00b0 de enero de 1873. [\/vc_column_text][\/vc_column][\/vc_row][vc_row][vc_column width=&#8221;1\/2&#8243;][vc_column_text]Participa como m\u00e9dico en un campamento de Francisco Villa, experiencia que refleja en su novela \u201cLos de abajo\u201d, publicada en 1915 y traducida a varios idiomas. Miembro fundador&hellip;<\/p>\n","protected":false},"author":1,"featured_media":0,"parent":0,"menu_order":0,"comment_status":"closed","ping_status":"closed","template":"","meta":{"wp_popup_display_lightbox":0,"wp_popup_suppress":"","wp_popup_trigger":"","wp_popup_trigger_amount":0,"wp_popup_disable_on_mobile":false,"footnotes":""},"class_list":["post-25873","page","type-page","status-publish","hentry","description-off"],"_links":{"self":[{"href":"https:\/\/www.imer.mx\/micrositios\/wp-json\/wp\/v2\/pages\/25873","targetHints":{"allow":["GET"]}}],"collection":[{"href":"https:\/\/www.imer.mx\/micrositios\/wp-json\/wp\/v2\/pages"}],"about":[{"href":"https:\/\/www.imer.mx\/micrositios\/wp-json\/wp\/v2\/types\/page"}],"author":[{"embeddable":true,"href":"https:\/\/www.imer.mx\/micrositios\/wp-json\/wp\/v2\/users\/1"}],"replies":[{"embeddable":true,"href":"https:\/\/www.imer.mx\/micrositios\/wp-json\/wp\/v2\/comments?post=25873"}],"version-history":[{"count":0,"href":"https:\/\/www.imer.mx\/micrositios\/wp-json\/wp\/v2\/pages\/25873\/revisions"}],"wp:attachment":[{"href":"https:\/\/www.imer.mx\/micrositios\/wp-json\/wp\/v2\/media?parent=25873"}],"curies":[{"name":"wp","href":"https:\/\/api.w.org\/{rel}","templated":true}]}}