{"id":25871,"date":"2018-01-05T16:37:54","date_gmt":"2018-01-05T22:37:54","guid":{"rendered":"http:\/\/www.imer.mx\/micrositios\/?page_id=25871"},"modified":"2018-09-11T13:21:49","modified_gmt":"2018-09-11T18:21:49","slug":"jorge-ibarguengoitia","status":"publish","type":"page","link":"https:\/\/www.imer.mx\/micrositios\/jorge-ibarguengoitia\/","title":{"rendered":"Jorge Ibarg\u00fcengoitia"},"content":{"rendered":"<div class=\"wpb-content-wrapper\"><p>[vc_row][vc_column][vc_column_text]<img loading=\"lazy\" decoding=\"async\" class=\"aligncenter wp-image-25889 size-full\" src=\"https:\/\/www.imer.mx\/micrositios\/wp-content\/uploads\/sites\/49\/Jorge-Ibarguengoitia-Desplegado.jpg\" alt=\"\" width=\"1600\" height=\"800\" srcset=\"https:\/\/www.imer.mx\/micrositios\/wp-content\/uploads\/sites\/49\/Jorge-Ibarguengoitia-Desplegado.jpg 1600w, https:\/\/www.imer.mx\/micrositios\/wp-content\/uploads\/sites\/49\/Jorge-Ibarguengoitia-Desplegado-300x150.jpg 300w, https:\/\/www.imer.mx\/micrositios\/wp-content\/uploads\/sites\/49\/Jorge-Ibarguengoitia-Desplegado-768x384.jpg 768w, https:\/\/www.imer.mx\/micrositios\/wp-content\/uploads\/sites\/49\/Jorge-Ibarguengoitia-Desplegado-1024x512.jpg 1024w\" sizes=\"auto, (max-width: 1600px) 100vw, 1600px\" \/>[\/vc_column_text][\/vc_column][\/vc_row][vc_row][vc_column][vc_column_text]<\/p>\n<p style=\"text-align: left;\">El 22 de enero de 1928 nace Jorge Ibarg\u00fcengoitia, estudia ingenier\u00eda y arte dram\u00e1tico en la <strong>Universidad Nacional Aut\u00f3noma de M\u00e9xico<\/strong>; escritor, dramaturgo, traductor, ensayista y periodista mexicano, considerado uno de los m\u00e1s agudos e ir\u00f3nicos de la literatura hispanoamericana. Su obra est\u00e1 llena de humor y sarcasmo; cr\u00edtico mordaz de la realidad social y pol\u00edtica de M\u00e9xico. Becario del Centro Mexicano de Escritores, de las Fundaciones Rockefeller, Fairfield y Guggenheim.<\/p>\n<p style=\"text-align: left;\">Premio Casa de las Am\u00e9ricas, Premio de Novela M\u00e9xico y Primer Premio en el Concurso de Obras Teatrales. Entre sus obras destacan <em><strong>\u201cLos rel\u00e1mpagos de agosto\u201d<\/strong><\/em>,<em><strong> \u201cMaten al le\u00f3n\u201d<\/strong><\/em>, <em><strong>\u201cEstas ruinas que ves\u201d<\/strong><\/em>, <em><strong>\u201cLas muertas\u201d<\/strong><\/em>, <em><strong>\u201cLa ley de Herodes\u201d<\/strong><\/em>, <em><strong>\u201cLos pasos de L\u00f3pez\u201d<\/strong><\/em>, <em><strong>\u201cEl atentado\u201d<\/strong><\/em>, <em><strong>\u201cInstrucciones para vivir en M\u00e9xico\u201d<\/strong><\/em>.<\/p>\n<p style=\"text-align: left;\">Su esposa, Joy Laville, pintora inglesa, naturalizada mexicana, ilustr\u00f3 las portadas de sus libros. El escritor guanajuatense muere en un accidente a\u00e9reo en Madrid el 26 de noviembre de 1983.<\/p>\n<p>[\/vc_column_text][\/vc_column][\/vc_row][vc_row][vc_column][vc_text_separator title=&#8221;Escucha los audios&#8221; i_icon_fontawesome=&#8221;fa fa-headphones&#8221; i_color=&#8221;custom&#8221; add_icon=&#8221;true&#8221; i_custom_color=&#8221;#017f71&#8243;][\/vc_column][\/vc_row][vc_row][vc_column width=&#8221;1\/4&#8243; css=&#8221;.vc_custom_1515443511135{background-color: #9fdff4 !important;}&#8221;][vc_column_text css=&#8221;.vc_custom_1515443558815{border-radius: 2px !important;}&#8221;]<\/p>\n<p class=\"p1\">Escucha los siguientes programas seleccionados de la <strong>Fonoteca Hist\u00f3rica del Instituto Mexicano de la Radio<\/strong>, en los que se presenta la vida y obra del guanajuatense <strong>Jorge Ibarg\u00fcengoitia:<\/strong><\/p>\n<p>[\/vc_column_text][\/vc_column][vc_column width=&#8221;3\/4&#8243;][vc_column_text]<\/p>\n<div class=\"wp-playlist wp-audio-playlist wp-playlist-light\">\n\t\t\t<div class=\"wp-playlist-current-item\"><\/div>\n\t\t<audio controls=\"controls\" preload=\"none\" width=\"1178\"\n\t\t\t><\/audio>\n\t<div class=\"wp-playlist-next\"><\/div>\n\t<div class=\"wp-playlist-prev\"><\/div>\n\t<noscript>\n\t<ol>\n\t\t<li><a href='https:\/\/www.imer.mx\/micrositios\/wp-content\/uploads\/sites\/49\/jorgeIbarguegoitia_01_FN08010136293.mp3'>01 Jorge Ibarg\u00fcengoitia, semblanza y fragmentos de \u201cLa vela perpetua\u201d en el programa de Ren\u00e9 Avil\u00e9s Fabila, \u201cFantas\u00edas en carrusel\u201d, transmitido en 1995<\/a><\/li><li><a href='https:\/\/www.imer.mx\/micrositios\/wp-content\/uploads\/sites\/49\/jorgeIbarguegoitia_02_FN08010119770.mp3'>02 Jorge Ibarg\u00fcengoitia, vida y obra en el programa \u201cLos rostros del arte\u201d, transmitido en junio de 1990<\/a><\/li><li><a href='https:\/\/www.imer.mx\/micrositios\/wp-content\/uploads\/sites\/49\/jorgeIbarguegoitia_03_FN08010118760.mp3'>03 Jorge Ibarg\u00fcengoitia, semblanza en el programa narrado y dramatizado \u201cLos libros tienen la palabra\u201d, transmitido en 1988<\/a><\/li><li><a href='https:\/\/www.imer.mx\/micrositios\/wp-content\/uploads\/sites\/49\/jorgeIbarguegoitia_04_FN10010168312.mp3'>04 \u201cLos rel\u00e1mpagos de agosto\u201d, novela de Jorge Ibarg\u00fcengoitia, narrada por Severo Mir\u00f3n en el programa \u201cPlat\u00edcame un libro\u201d, transmitido en 1988<\/a><\/li><li><a href='https:\/\/www.imer.mx\/micrositios\/wp-content\/uploads\/sites\/49\/jorgeIbarguegoitia_05_FN10010168274.mp3'>05 \u201cLa mujer que no\u201d, relato de Jorge Ibarg\u00fcengoitia, narrado por Severo Mir\u00f3n en el programa \u201cPlat\u00edcame un libro\u201d, transmitido en 1987<\/a><\/li><li><a href='https:\/\/www.imer.mx\/micrositios\/wp-content\/uploads\/sites\/49\/jorgeIbarguegoitia_06_FN10010168223.mp3'>06 \u201cLa Ley de Herodes\u201d, cuento de Jorge Ibarg\u00fcengoitia, narrado por Severo Mir\u00f3n en el programa \u201cPlat\u00edcame un libro\u201d, transmitido en 1986<\/a><\/li><li><a href='https:\/\/www.imer.mx\/micrositios\/wp-content\/uploads\/sites\/49\/jorgeIbarguegoitia_07_FN08010142552.mp3'>07 \u201cLa vela perpetua\u201d, relato de Jorge Ibarg\u00fcengoitia, narrado por Carlos Corres en el programa \u201cNarraciones nocturnas\u201d, transmitido en 2003<\/a><\/li><li><a href='https:\/\/www.imer.mx\/micrositios\/wp-content\/uploads\/sites\/49\/jorgeIbarguegoitia_08_FN08010142539.mp3'>08 \u201cWhat became of Pampa Hash?\u201d, cuento de Jorge Ibarg\u00fcengoitia, narrado por Carlos Corres en el programa \u201cNarraciones nocturnas\u201d, transmitido en 2001<\/a><\/li><li><a href='https:\/\/www.imer.mx\/micrositios\/wp-content\/uploads\/sites\/49\/jorgeIbarguegoitia_09_FN08010142627.mp3'>09 \u201cMis embargos\u201d, cuento de Jorge Ibarg\u00fcengoitia, narrado por Humberto Veles en el programa \u201cNarraciones nocturnas\u201d, transmitido en 2001<\/a><\/li><li><a href='https:\/\/www.imer.mx\/micrositios\/wp-content\/uploads\/sites\/49\/jorgeIbarguegoitia_10_FN08010142506.mp3'>10 \u201cLa mujer que no\u201d, relato de Jorge Ibarg\u00fcengoitia, narrado por Sergio Bustos en el programa \u201cNarraciones nocturnas\u201d, transmitido en 2000<\/a><\/li><li><a href='https:\/\/www.imer.mx\/micrositios\/wp-content\/uploads\/sites\/49\/jorgeIbarguegoitia_11_FN08010118777.mp3'>11 \u201cLas muertas\u201d, novela de Jorge Ibarg\u00fcengoitia, en el programa \u201cLos libros tienen la palabra\u201d, transmitido en 1988<\/a><\/li><li><a href='https:\/\/www.imer.mx\/micrositios\/wp-content\/uploads\/sites\/49\/jorgeIbarguegoitia_12_FN10010165394.mp3'>12 Jorge Ibarg\u00fcengoitia, vida y obra en el programa \u201cUn pa\u00eds de todos, una historia de todos\u201d, transmitido en 2003<\/a><\/li><li><a href='https:\/\/www.imer.mx\/micrositios\/wp-content\/uploads\/sites\/49\/jorgeIbarguegoitia_13_FN08010128774y75.mp3'>13 \u201cConversaciones con Bloomsbury\u201d, cuento de Jorge Ibarg\u00fcengoitia, dramatizado en el programa \u201cTercera llamada\u201d, transmitido en 1985<\/a><\/li>\t<\/ol>\n\t<\/noscript>\n\t<script type=\"application\/json\" class=\"wp-playlist-script\">{\"type\":\"audio\",\"tracklist\":true,\"tracknumbers\":true,\"images\":false,\"artists\":false,\"tracks\":[{\"src\":\"https:\/\/www.imer.mx\/micrositios\/wp-content\/uploads\/sites\/49\/jorgeIbarguegoitia_01_FN08010136293.mp3\",\"type\":\"audio\/mpeg\",\"title\":\"01 Jorge Ibarg\\u00fcengoitia, semblanza y fragmentos de \\u201cLa vela perpetua\\u201d en el programa de Ren\\u00e9 Avil\\u00e9s Fabila, \\u201cFantas\\u00edas en carrusel\\u201d, transmitido en 1995\",\"caption\":\"\",\"description\":\"\\\"01 Jorge Ibarg\\u00fcengoitia, semblanza y fragmentos de \\u201cLa vela perpetua\\u201d en el programa de Ren\\u00e9 Avil\\u00e9s Fabila, \\u201cFantas\\u00edas en carrusel\\u201d, transmitido en 1995\\\" en Jorge Ibarg\\u00fcengoitia 01 IMER.\",\"meta\":{\"artist\":\"Jorge Ibarg\\u00fcengoitia 01 IMER\",\"length_formatted\":\"30:35\"},\"image\":{\"src\":\"https:\/\/www.imer.mx\/micrositios\/wp-includes\/images\/media\/audio.svg\",\"width\":48,\"height\":64},\"thumb\":{\"src\":\"https:\/\/www.imer.mx\/micrositios\/wp-includes\/images\/media\/audio.svg\",\"width\":48,\"height\":64}},{\"src\":\"https:\/\/www.imer.mx\/micrositios\/wp-content\/uploads\/sites\/49\/jorgeIbarguegoitia_02_FN08010119770.mp3\",\"type\":\"audio\/mpeg\",\"title\":\"02 Jorge Ibarg\\u00fcengoitia, vida y obra en el programa \\u201cLos rostros del arte\\u201d, transmitido en junio de 1990\",\"caption\":\"\",\"description\":\"\\\"02 Jorge Ibarg\\u00fcengoitia, vida y obra en el programa \\u201cLos rostros del arte\\u201d, transmitido en junio de 1990\\\" en Jorge Ibarg\\u00fcengoitia 02 IMER.\",\"meta\":{\"artist\":\"Jorge Ibarg\\u00fcengoitia 02 IMER\",\"length_formatted\":\"15:04\"},\"image\":{\"src\":\"https:\/\/www.imer.mx\/micrositios\/wp-includes\/images\/media\/audio.svg\",\"width\":48,\"height\":64},\"thumb\":{\"src\":\"https:\/\/www.imer.mx\/micrositios\/wp-includes\/images\/media\/audio.svg\",\"width\":48,\"height\":64}},{\"src\":\"https:\/\/www.imer.mx\/micrositios\/wp-content\/uploads\/sites\/49\/jorgeIbarguegoitia_03_FN08010118760.mp3\",\"type\":\"audio\/mpeg\",\"title\":\"03 Jorge Ibarg\\u00fcengoitia, semblanza en el programa narrado y dramatizado \\u201cLos libros tienen la palabra\\u201d, transmitido en 1988\",\"caption\":\"\",\"description\":\"\\\"03 Jorge Ibarg\\u00fcengoitia, semblanza en el programa narrado y dramatizado \\u201cLos libros tienen la palabra\\u201d, transmitido en 1988\\\" en Jorge Ibarg\\u00fcengoitia 03 IMER.\",\"meta\":{\"artist\":\"Jorge Ibarg\\u00fcengoitia 03 IMER\",\"length_formatted\":\"28:37\"},\"image\":{\"src\":\"https:\/\/www.imer.mx\/micrositios\/wp-includes\/images\/media\/audio.svg\",\"width\":48,\"height\":64},\"thumb\":{\"src\":\"https:\/\/www.imer.mx\/micrositios\/wp-includes\/images\/media\/audio.svg\",\"width\":48,\"height\":64}},{\"src\":\"https:\/\/www.imer.mx\/micrositios\/wp-content\/uploads\/sites\/49\/jorgeIbarguegoitia_04_FN10010168312.mp3\",\"type\":\"audio\/mpeg\",\"title\":\"04 \\u201cLos rel\\u00e1mpagos de agosto\\u201d, novela de Jorge Ibarg\\u00fcengoitia, narrada por Severo Mir\\u00f3n en el programa \\u201cPlat\\u00edcame un libro\\u201d, transmitido en 1988\",\"caption\":\"\",\"description\":\"\\\"04 \\u201cLos rel\\u00e1mpagos de agosto\\u201d, novela de Jorge Ibarg\\u00fcengoitia, narrada por Severo Mir\\u00f3n en el programa \\u201cPlat\\u00edcame un libro\\u201d, transmitido en 1988\\\" en Jorge Ibarg\\u00fcengoitia 04 IMER.\",\"meta\":{\"artist\":\"Jorge Ibarg\\u00fcengoitia 04 IMER\",\"length_formatted\":\"9:47\"},\"image\":{\"src\":\"https:\/\/www.imer.mx\/micrositios\/wp-includes\/images\/media\/audio.svg\",\"width\":48,\"height\":64},\"thumb\":{\"src\":\"https:\/\/www.imer.mx\/micrositios\/wp-includes\/images\/media\/audio.svg\",\"width\":48,\"height\":64}},{\"src\":\"https:\/\/www.imer.mx\/micrositios\/wp-content\/uploads\/sites\/49\/jorgeIbarguegoitia_05_FN10010168274.mp3\",\"type\":\"audio\/mpeg\",\"title\":\"05 \\u201cLa mujer que no\\u201d, relato de Jorge Ibarg\\u00fcengoitia, narrado por Severo Mir\\u00f3n en el programa \\u201cPlat\\u00edcame un libro\\u201d, transmitido en 1987\",\"caption\":\"\",\"description\":\"\\\"05 \\u201cLa mujer que no\\u201d, relato de Jorge Ibarg\\u00fcengoitia, narrado por Severo Mir\\u00f3n en el programa \\u201cPlat\\u00edcame un libro\\u201d, transmitido en 1987\\\" en Jorge Ibarg\\u00fcengoitia 05 IMER.\",\"meta\":{\"artist\":\"Jorge Ibarg\\u00fcengoitia 05 IMER\",\"length_formatted\":\"10:35\"},\"image\":{\"src\":\"https:\/\/www.imer.mx\/micrositios\/wp-includes\/images\/media\/audio.svg\",\"width\":48,\"height\":64},\"thumb\":{\"src\":\"https:\/\/www.imer.mx\/micrositios\/wp-includes\/images\/media\/audio.svg\",\"width\":48,\"height\":64}},{\"src\":\"https:\/\/www.imer.mx\/micrositios\/wp-content\/uploads\/sites\/49\/jorgeIbarguegoitia_06_FN10010168223.mp3\",\"type\":\"audio\/mpeg\",\"title\":\"06 \\u201cLa Ley de Herodes\\u201d, cuento de Jorge Ibarg\\u00fcengoitia, narrado por Severo Mir\\u00f3n en el programa \\u201cPlat\\u00edcame un libro\\u201d, transmitido en 1986\",\"caption\":\"\",\"description\":\"\\\"06 \\u201cLa Ley de Herodes\\u201d, cuento de Jorge Ibarg\\u00fcengoitia, narrado por Severo Mir\\u00f3n en el programa \\u201cPlat\\u00edcame un libro\\u201d, transmitido en 1986\\\" en Jorge Ibarg\\u00fcengoitia 06 IMER.\",\"meta\":{\"artist\":\"Jorge Ibarg\\u00fcengoitia 06 IMER\",\"length_formatted\":\"9:29\"},\"image\":{\"src\":\"https:\/\/www.imer.mx\/micrositios\/wp-includes\/images\/media\/audio.svg\",\"width\":48,\"height\":64},\"thumb\":{\"src\":\"https:\/\/www.imer.mx\/micrositios\/wp-includes\/images\/media\/audio.svg\",\"width\":48,\"height\":64}},{\"src\":\"https:\/\/www.imer.mx\/micrositios\/wp-content\/uploads\/sites\/49\/jorgeIbarguegoitia_07_FN08010142552.mp3\",\"type\":\"audio\/mpeg\",\"title\":\"07 \\u201cLa vela perpetua\\u201d, relato de Jorge Ibarg\\u00fcengoitia, narrado por Carlos Corres en el programa \\u201cNarraciones nocturnas\\u201d, transmitido en 2003\",\"caption\":\"\",\"description\":\"\\\"07 \\u201cLa vela perpetua\\u201d, relato de Jorge Ibarg\\u00fcengoitia, narrado por Carlos Corres en el programa \\u201cNarraciones nocturnas\\u201d, transmitido en 2003\\\" en Jorge Ibarg\\u00fcengoitia 07 IMER.\",\"meta\":{\"artist\":\"Jorge Ibarg\\u00fcengoitia 07 IMER\",\"length_formatted\":\"26:02\"},\"image\":{\"src\":\"https:\/\/www.imer.mx\/micrositios\/wp-includes\/images\/media\/audio.svg\",\"width\":48,\"height\":64},\"thumb\":{\"src\":\"https:\/\/www.imer.mx\/micrositios\/wp-includes\/images\/media\/audio.svg\",\"width\":48,\"height\":64}},{\"src\":\"https:\/\/www.imer.mx\/micrositios\/wp-content\/uploads\/sites\/49\/jorgeIbarguegoitia_08_FN08010142539.mp3\",\"type\":\"audio\/mpeg\",\"title\":\"08 \\u201cWhat became of Pampa Hash?\\u201d, cuento de Jorge Ibarg\\u00fcengoitia, narrado por Carlos Corres en el programa \\u201cNarraciones nocturnas\\u201d, transmitido en 2001\",\"caption\":\"\",\"description\":\"\\\"08 \\u201cWhat became of Pampa Hash?\\u201d, cuento de Jorge Ibarg\\u00fcengoitia, narrado por Carlos Corres en el programa \\u201cNarraciones nocturnas\\u201d, transmitido en 2001\\\" en Jorge Ibarg\\u00fcengoitia 08 IMER.\",\"meta\":{\"artist\":\"Jorge Ibarg\\u00fcengoitia 08 IMER\",\"length_formatted\":\"22:44\"},\"image\":{\"src\":\"https:\/\/www.imer.mx\/micrositios\/wp-includes\/images\/media\/audio.svg\",\"width\":48,\"height\":64},\"thumb\":{\"src\":\"https:\/\/www.imer.mx\/micrositios\/wp-includes\/images\/media\/audio.svg\",\"width\":48,\"height\":64}},{\"src\":\"https:\/\/www.imer.mx\/micrositios\/wp-content\/uploads\/sites\/49\/jorgeIbarguegoitia_09_FN08010142627.mp3\",\"type\":\"audio\/mpeg\",\"title\":\"09 \\u201cMis embargos\\u201d, cuento de Jorge Ibarg\\u00fcengoitia, narrado por Humberto Veles en el programa \\u201cNarraciones nocturnas\\u201d, transmitido en 2001\",\"caption\":\"\",\"description\":\"\\\"09 \\u201cMis embargos\\u201d, cuento de Jorge Ibarg\\u00fcengoitia, narrado por Humberto Veles en el programa \\u201cNarraciones nocturnas\\u201d, transmitido en 2001\\\" en Jorge Ibarg\\u00fcengoitia 09 IMER.\",\"meta\":{\"artist\":\"Jorge Ibarg\\u00fcengoitia 09 IMER\",\"length_formatted\":\"28:50\"},\"image\":{\"src\":\"https:\/\/www.imer.mx\/micrositios\/wp-includes\/images\/media\/audio.svg\",\"width\":48,\"height\":64},\"thumb\":{\"src\":\"https:\/\/www.imer.mx\/micrositios\/wp-includes\/images\/media\/audio.svg\",\"width\":48,\"height\":64}},{\"src\":\"https:\/\/www.imer.mx\/micrositios\/wp-content\/uploads\/sites\/49\/jorgeIbarguegoitia_10_FN08010142506.mp3\",\"type\":\"audio\/mpeg\",\"title\":\"10 \\u201cLa mujer que no\\u201d, relato de Jorge Ibarg\\u00fcengoitia, narrado por Sergio Bustos en el programa \\u201cNarraciones nocturnas\\u201d, transmitido en 2000\",\"caption\":\"\",\"description\":\"\\\"10 \\u201cLa mujer que no\\u201d, relato de Jorge Ibarg\\u00fcengoitia, narrado por Sergio Bustos en el programa \\u201cNarraciones nocturnas\\u201d, transmitido en 2000\\\" en Jorge Ibarg\\u00fcengoitia 10 IMER.\",\"meta\":{\"artist\":\"Jorge Ibarg\\u00fcengoitia 10 IMER\",\"length_formatted\":\"26:14\"},\"image\":{\"src\":\"https:\/\/www.imer.mx\/micrositios\/wp-includes\/images\/media\/audio.svg\",\"width\":48,\"height\":64},\"thumb\":{\"src\":\"https:\/\/www.imer.mx\/micrositios\/wp-includes\/images\/media\/audio.svg\",\"width\":48,\"height\":64}},{\"src\":\"https:\/\/www.imer.mx\/micrositios\/wp-content\/uploads\/sites\/49\/jorgeIbarguegoitia_11_FN08010118777.mp3\",\"type\":\"audio\/mpeg\",\"title\":\"11 \\u201cLas muertas\\u201d, novela de Jorge Ibarg\\u00fcengoitia, en el programa \\u201cLos libros tienen la palabra\\u201d, transmitido en 1988\",\"caption\":\"\",\"description\":\"\\\"11 \\u201cLas muertas\\u201d, novela de Jorge Ibarg\\u00fcengoitia, en el programa \\u201cLos libros tienen la palabra\\u201d, transmitido en 1988\\\" en Jorge Ibarg\\u00fcengoitia 11 IMER.\",\"meta\":{\"artist\":\"Jorge Ibarg\\u00fcengoitia 11 IMER\",\"length_formatted\":\"5:15\"},\"image\":{\"src\":\"https:\/\/www.imer.mx\/micrositios\/wp-includes\/images\/media\/audio.svg\",\"width\":48,\"height\":64},\"thumb\":{\"src\":\"https:\/\/www.imer.mx\/micrositios\/wp-includes\/images\/media\/audio.svg\",\"width\":48,\"height\":64}},{\"src\":\"https:\/\/www.imer.mx\/micrositios\/wp-content\/uploads\/sites\/49\/jorgeIbarguegoitia_12_FN10010165394.mp3\",\"type\":\"audio\/mpeg\",\"title\":\"12 Jorge Ibarg\\u00fcengoitia, vida y obra en el programa \\u201cUn pa\\u00eds de todos, una historia de todos\\u201d, transmitido en 2003\",\"caption\":\"\",\"description\":\"\\\"12 Jorge Ibarg\\u00fcengoitia, vida y obra en el programa \\u201cUn pa\\u00eds de todos, una historia de todos\\u201d, transmitido en 2003\\\" en Jorge Ibarg\\u00fcengoitia 12 IMER.\",\"meta\":{\"artist\":\"Jorge Ibarg\\u00fcengoitia 12 IMER\",\"length_formatted\":\"3:22\"},\"image\":{\"src\":\"https:\/\/www.imer.mx\/micrositios\/wp-includes\/images\/media\/audio.svg\",\"width\":48,\"height\":64},\"thumb\":{\"src\":\"https:\/\/www.imer.mx\/micrositios\/wp-includes\/images\/media\/audio.svg\",\"width\":48,\"height\":64}},{\"src\":\"https:\/\/www.imer.mx\/micrositios\/wp-content\/uploads\/sites\/49\/jorgeIbarguegoitia_13_FN08010128774y75.mp3\",\"type\":\"audio\/mpeg\",\"title\":\"13 \\u201cConversaciones con Bloomsbury\\u201d, cuento de Jorge Ibarg\\u00fcengoitia, dramatizado en el programa \\u201cTercera llamada\\u201d, transmitido en 1985\",\"caption\":\"\",\"description\":\"\\\"13 \\u201cConversaciones con Bloomsbury\\u201d, cuento de Jorge Ibarg\\u00fcengoitia, dramatizado en el programa \\u201cTercera llamada\\u201d, transmitido en 1985\\\" en Jorge Ibarg\\u00fcengoitia 13 IMER.\",\"meta\":{\"artist\":\"Jorge Ibarg\\u00fcengoitia 13 IMER\",\"length_formatted\":\"29:11\"},\"image\":{\"src\":\"https:\/\/www.imer.mx\/micrositios\/wp-includes\/images\/media\/audio.svg\",\"width\":48,\"height\":64},\"thumb\":{\"src\":\"https:\/\/www.imer.mx\/micrositios\/wp-includes\/images\/media\/audio.svg\",\"width\":48,\"height\":64}}]}<\/script>\n<\/div>\n\t\n<p>[\/vc_column_text][\/vc_column][\/vc_row]<\/p>\n<\/div>","protected":false},"excerpt":{"rendered":"<p>[vc_row][vc_column][vc_column_text][\/vc_column_text][\/vc_column][\/vc_row][vc_row][vc_column][vc_column_text] El 22 de enero de 1928 nace Jorge Ibarg\u00fcengoitia, estudia ingenier\u00eda y arte dram\u00e1tico en la Universidad Nacional Aut\u00f3noma de M\u00e9xico; escritor, dramaturgo, traductor, ensayista y periodista mexicano, considerado uno de los m\u00e1s agudos e ir\u00f3nicos de la literatura hispanoamericana. Su obra est\u00e1 llena de humor y sarcasmo; cr\u00edtico mordaz de la realidad social&hellip;<\/p>\n","protected":false},"author":1,"featured_media":0,"parent":0,"menu_order":0,"comment_status":"closed","ping_status":"closed","template":"","meta":{"wp_popup_display_lightbox":0,"wp_popup_suppress":"","wp_popup_trigger":"","wp_popup_trigger_amount":0,"wp_popup_disable_on_mobile":false,"footnotes":""},"class_list":["post-25871","page","type-page","status-publish","hentry","description-off"],"_links":{"self":[{"href":"https:\/\/www.imer.mx\/micrositios\/wp-json\/wp\/v2\/pages\/25871","targetHints":{"allow":["GET"]}}],"collection":[{"href":"https:\/\/www.imer.mx\/micrositios\/wp-json\/wp\/v2\/pages"}],"about":[{"href":"https:\/\/www.imer.mx\/micrositios\/wp-json\/wp\/v2\/types\/page"}],"author":[{"embeddable":true,"href":"https:\/\/www.imer.mx\/micrositios\/wp-json\/wp\/v2\/users\/1"}],"replies":[{"embeddable":true,"href":"https:\/\/www.imer.mx\/micrositios\/wp-json\/wp\/v2\/comments?post=25871"}],"version-history":[{"count":0,"href":"https:\/\/www.imer.mx\/micrositios\/wp-json\/wp\/v2\/pages\/25871\/revisions"}],"wp:attachment":[{"href":"https:\/\/www.imer.mx\/micrositios\/wp-json\/wp\/v2\/media?parent=25871"}],"curies":[{"name":"wp","href":"https:\/\/api.w.org\/{rel}","templated":true}]}}