{"id":25232,"date":"2017-04-05T16:38:15","date_gmt":"2017-04-05T21:38:15","guid":{"rendered":"http:\/\/www.imer.mx\/micrositios\/?page_id=25232"},"modified":"2018-09-11T13:21:00","modified_gmt":"2018-09-11T18:21:00","slug":"antonieta-rivas-mercado","status":"publish","type":"page","link":"https:\/\/www.imer.mx\/micrositios\/antonieta-rivas-mercado\/","title":{"rendered":"Antonieta Rivas Mercado"},"content":{"rendered":"<div class=\"wpb-content-wrapper\"><p>[vc_row][vc_column][vc_single_image image=&#8221;25236&#8243; img_size=&#8221;full&#8221;][\/vc_column][\/vc_row][vc_row][vc_column][vc_column_text]El 28 de abril de 1900 nace <strong>Antonieta Rivas<\/strong> <strong>Mercado<\/strong>, actriz, mecenas, escritora, promotora cultural, defensora de los derechos humanos de la mujer y activista pol\u00edtica mexicana. Hija de Matilde Castellanos Haaf y del c\u00e9lebre arquitecto Antonio Rivas Mercado, autor del \u00c1ngel de la Independencia, entre otros monumentos y edificios hist\u00f3ricos del porfiriato.<\/p>\n<p>Gracias al impulso de Antonieta, patrocina el Teatro Ulises, grupo integrado por Salvador Novo, Xavier Villaurrutia, Gilberto Owen, Agust\u00edn Lazo, Roberto Montenegro, Manuel Rodr\u00edguez Lozano, Lupe Medina de Ortega, Clementina Otero entre otros; se publican libros, se crea la Orquesta Sinf\u00f3nica Mexicana bajo la direcci\u00f3n de Carlos Ch\u00e1vez. <strong>Antonieta Rivas Mercado<\/strong> es un icono en la cultura universal del siglo XX.[\/vc_column_text][\/vc_column][\/vc_row][vc_row][vc_column][vc_column_text]<\/p>\n<div class=\"wp-playlist wp-audio-playlist wp-playlist-light\">\n\t\t\t<div class=\"wp-playlist-current-item\"><\/div>\n\t\t<audio controls=\"controls\" preload=\"none\" width=\"1178\"\n\t\t\t><\/audio>\n\t<div class=\"wp-playlist-next\"><\/div>\n\t<div class=\"wp-playlist-prev\"><\/div>\n\t<noscript>\n\t<ol>\n\t\t<li><a href='https:\/\/www.imer.mx\/micrositios\/wp-content\/uploads\/sites\/49\/14_FN08010136408_antonieta-rivas-mercado.mp3'>Escucha a Ren\u00e9 Avil\u00e9s Fabila en el programa \u201cFantas\u00edas en carrusel\u201d, transmitido en 1995, en el que habla sobre Antonieta Rivas Mercado y el libro \u201cA la Sombra del \u00e1ngel\u201d de Kathryn S. Blair, novela hist\u00f3rica sobre Antonieta<\/a><\/li><li><a href='https:\/\/www.imer.mx\/micrositios\/wp-content\/uploads\/sites\/49\/13_FN08010121919_antonieta-rivas-mercado.mp3'>Escucha fragmentos de \u201cLa Huida\u201d novela de la escritora Antonieta Rivas Mercado, con m\u00fasica del compositor cubano Juan Almeida, en el programa \u201cLetra y m\u00fasica en Am\u00e9rica Latina\u201d, producido por  Ren\u00e9 Villanueva. En la lectura Estela Chac\u00f3n, transmitido en febrero de 1991<\/a><\/li><li><a href='https:\/\/www.imer.mx\/micrositios\/wp-content\/uploads\/sites\/49\/12_FN10010165190_antonieta-rivas-mercado.mp3'>Escucha una semblanza sobre Antonieta Rivas Mercado en el programa \u201cUn pa\u00eds de todos, una historia de todos\u201d transmitido en febrero de 2003<\/a><\/li><li><a href='https:\/\/www.imer.mx\/micrositios\/wp-content\/uploads\/sites\/49\/11_FN08010133921_antonieta-rivas-mercado.mp3'>Martha Robles habla sobre Antonieta Rivas Mercado. Sexta parte, \u201cFin de la vida de Antonieta\u201d, en el programa \u201cMujeres del siglo XX\u201d, transmitido en 2001<\/a><\/li><li><a href='https:\/\/www.imer.mx\/micrositios\/wp-content\/uploads\/sites\/49\/10_FN08010133920_antonieta-rivas-mercado.mp3'>Martha Robles habla sobre Antonieta Rivas Mercado. Quinta parte, \u201cAfinidades de Antonieta con Jorge Cuesta\u201d, en el programa \u201cMujeres del siglo XX\u201d, transmitido en 2001<\/a><\/li><li><a href='https:\/\/www.imer.mx\/micrositios\/wp-content\/uploads\/sites\/49\/09_FN08010133919_antonieta-rivas-mercado.mp3'>Martha Robles habla sobre Antonieta Rivas Mercado. Cuarta parte, \u201cCompromiso agrario\u201d, en el programa \u201cMujeres del siglo XX\u201d, transmitido en 2001<\/a><\/li><li><a href='https:\/\/www.imer.mx\/micrositios\/wp-content\/uploads\/sites\/49\/08_FN08010133918_antonieta-rivas-mercado.mp3'>Martha Robles habla sobre Antonieta Rivas Mercado, Tercera parte, \u201cVasconcelos da reconocimiento al talento y generosidad de Antonieta\u201d, en el programa \u201cMujeres del siglo XX\u201d, transmitido en 2001<\/a><\/li><li><a href='https:\/\/www.imer.mx\/micrositios\/wp-content\/uploads\/sites\/49\/07_FN08010133917_antonieta-rivas-mercado.mp3'>Martha Robles habla sobre Antonieta Rivas Mercado, Segunda parte, \u201cAntonieta y Valeria, la dualidad\u201d,  en el programa \u201cMujeres del siglo XX\u201d, transmitido en 2001<\/a><\/li><li><a href='https:\/\/www.imer.mx\/micrositios\/wp-content\/uploads\/sites\/49\/06_FN08010133916_antonieta-rivas-mercado.mp3'>Martha Robles habla sobre Antonieta Rivas Mercado, Primera parte, \u201cla relaci\u00f3n de Antonieta con Vasconcelos\u201d, en el programa \u201cMujeres del siglo XX\u201d, transmitido en 2001<\/a><\/li><li><a href='https:\/\/www.imer.mx\/micrositios\/wp-content\/uploads\/sites\/49\/05_FN08010128956_antonieta-rivas-mercado.mp3'>Escucha el programa \u201cHuellas de la historia\u201d, dedicado a Antonieta Rivas Mercado, transmitido en 1994<\/a><\/li><li><a href='https:\/\/www.imer.mx\/micrositios\/wp-content\/uploads\/sites\/49\/04_FN08010121920_antonieta-rivas-mercado.mp3'>Escucha fragmentos de las \u00faltimas cartas escritas por Antonieta Rivas Mercado, con m\u00fasica de Manuel Mar\u00eda Ponce, en el programa \u201cLetra y M\u00fasica en Am\u00e9rica Latina\u201d, producido por Ren\u00e9 Villanueva; en la lectura Estela Chac\u00f3n, transmitido en febrero de 1991<\/a><\/li><li><a href='https:\/\/www.imer.mx\/micrositios\/wp-content\/uploads\/sites\/49\/03_FN08010141293_antonieta-rivas-mercado.mp3'>Colombia Moya habla sobre Antonieta Rivas Mercado, su vida y su participaci\u00f3n en la pol\u00edtica y la cultura, en el programa \u201cDanza y variaciones\u201d, transmitido en 2003<\/a><\/li><li><a href='https:\/\/www.imer.mx\/micrositios\/wp-content\/uploads\/sites\/49\/02_FN08010135713_antonieta-rivas-mercado.mp3'>Martha Robles habla sobre Antonieta Rivas Mercado, su vida y obra, en el programa \u201cBiograf\u00edas clandestinas\u201d, transmitido en 1994<\/a><\/li><li><a href='https:\/\/www.imer.mx\/micrositios\/wp-content\/uploads\/sites\/49\/01_FN08010142336_antonieta-rivas-mercado.mp3'>Leonor Cortina habla sobre Antonieta Rivas Mercado, su vida y tr\u00e1gico suicidio, en el programa \u201cLa mujer en el arte y la cultura\u201d, transmitido en 2003<\/a><\/li>\t<\/ol>\n\t<\/noscript>\n\t<script type=\"application\/json\" class=\"wp-playlist-script\">{\"type\":\"audio\",\"tracklist\":true,\"tracknumbers\":true,\"images\":true,\"artists\":true,\"tracks\":[{\"src\":\"https:\/\/www.imer.mx\/micrositios\/wp-content\/uploads\/sites\/49\/14_FN08010136408_antonieta-rivas-mercado.mp3\",\"type\":\"audio\/mpeg\",\"title\":\"Escucha a Ren\\u00e9 Avil\\u00e9s Fabila en el programa \\u201cFantas\\u00edas en carrusel\\u201d, transmitido en 1995, en el que habla sobre Antonieta Rivas Mercado y el libro \\u201cA la Sombra del \\u00e1ngel\\u201d de Kathryn S. Blair, novela hist\\u00f3rica sobre Antonieta\",\"caption\":\"\",\"description\":\"\\\"Escucha a Ren\\u00e9 Avil\\u00e9s Fabila en el programa \\u201cFantas\\u00edas en carrusel\\u201d, transmitido en 1995, en el que habla sobre Antonieta Rivas Mercado y el libro \\u201cA la Sombra del \\u00e1ngel\\u201d de Kathryn S. Blair, novela hist\\u00f3rica sobre Antonieta\\\" en Antonieta Rivas Mercado 14 IMER.\",\"meta\":{\"artist\":\"Antonieta Rivas Mercado 14 IMER\",\"length_formatted\":\"27:05\"},\"image\":{\"src\":\"https:\/\/www.imer.mx\/micrositios\/wp-includes\/images\/media\/audio.svg\",\"width\":48,\"height\":64},\"thumb\":{\"src\":\"https:\/\/www.imer.mx\/micrositios\/wp-includes\/images\/media\/audio.svg\",\"width\":48,\"height\":64}},{\"src\":\"https:\/\/www.imer.mx\/micrositios\/wp-content\/uploads\/sites\/49\/13_FN08010121919_antonieta-rivas-mercado.mp3\",\"type\":\"audio\/mpeg\",\"title\":\"Escucha fragmentos de \\u201cLa Huida\\u201d novela de la escritora Antonieta Rivas Mercado, con m\\u00fasica del compositor cubano Juan Almeida, en el programa \\u201cLetra y m\\u00fasica en Am\\u00e9rica Latina\\u201d, producido por  Ren\\u00e9 Villanueva. En la lectura Estela Chac\\u00f3n, transmitido en febrero de 1991\",\"caption\":\"\",\"description\":\"\\\"Escucha fragmentos de \\u201cLa Huida\\u201d novela de la escritora Antonieta Rivas Mercado, con m\\u00fasica del compositor cubano Juan Almeida, en el programa \\u201cLetra y m\\u00fasica en Am\\u00e9rica Latina\\u201d, producido por  Ren\\u00e9 Villanueva. En la lectura Estela Chac\\u00f3n, transmitido en febrero de 1991\\\" en Antonieta Rivas Mercado 13 IMER.\",\"meta\":{\"artist\":\"Antonieta Rivas Mercado 13 IMER\",\"length_formatted\":\"28:27\"},\"image\":{\"src\":\"https:\/\/www.imer.mx\/micrositios\/wp-includes\/images\/media\/audio.svg\",\"width\":48,\"height\":64},\"thumb\":{\"src\":\"https:\/\/www.imer.mx\/micrositios\/wp-includes\/images\/media\/audio.svg\",\"width\":48,\"height\":64}},{\"src\":\"https:\/\/www.imer.mx\/micrositios\/wp-content\/uploads\/sites\/49\/12_FN10010165190_antonieta-rivas-mercado.mp3\",\"type\":\"audio\/mpeg\",\"title\":\"Escucha una semblanza sobre Antonieta Rivas Mercado en el programa \\u201cUn pa\\u00eds de todos, una historia de todos\\u201d transmitido en febrero de 2003\",\"caption\":\"\",\"description\":\"\\\"Escucha una semblanza sobre Antonieta Rivas Mercado en el programa \\u201cUn pa\\u00eds de todos, una historia de todos\\u201d transmitido en febrero de 2003\\\" en Antonieta Rivas Mercado 12 IMER.\",\"meta\":{\"artist\":\"Antonieta Rivas Mercado 12 IMER\",\"length_formatted\":\"31:28\"},\"image\":{\"src\":\"https:\/\/www.imer.mx\/micrositios\/wp-includes\/images\/media\/audio.svg\",\"width\":48,\"height\":64},\"thumb\":{\"src\":\"https:\/\/www.imer.mx\/micrositios\/wp-includes\/images\/media\/audio.svg\",\"width\":48,\"height\":64}},{\"src\":\"https:\/\/www.imer.mx\/micrositios\/wp-content\/uploads\/sites\/49\/11_FN08010133921_antonieta-rivas-mercado.mp3\",\"type\":\"audio\/mpeg\",\"title\":\"Martha Robles habla sobre Antonieta Rivas Mercado. Sexta parte, \\u201cFin de la vida de Antonieta\\u201d, en el programa \\u201cMujeres del siglo XX\\u201d, transmitido en 2001\",\"caption\":\"\",\"description\":\"\\\"Martha Robles habla sobre Antonieta Rivas Mercado. Sexta parte, \\u201cFin de la vida de Antonieta\\u201d, en el programa \\u201cMujeres del siglo XX\\u201d, transmitido en 2001\\\" en Antonieta Rivas Mercado 11 IMER.\",\"meta\":{\"artist\":\"Antonieta Rivas Mercado 11 IMER\",\"length_formatted\":\"18:55\"},\"image\":{\"src\":\"https:\/\/www.imer.mx\/micrositios\/wp-includes\/images\/media\/audio.svg\",\"width\":48,\"height\":64},\"thumb\":{\"src\":\"https:\/\/www.imer.mx\/micrositios\/wp-includes\/images\/media\/audio.svg\",\"width\":48,\"height\":64}},{\"src\":\"https:\/\/www.imer.mx\/micrositios\/wp-content\/uploads\/sites\/49\/10_FN08010133920_antonieta-rivas-mercado.mp3\",\"type\":\"audio\/mpeg\",\"title\":\"Martha Robles habla sobre Antonieta Rivas Mercado. Quinta parte, \\u201cAfinidades de Antonieta con Jorge Cuesta\\u201d, en el programa \\u201cMujeres del siglo XX\\u201d, transmitido en 2001\",\"caption\":\"\",\"description\":\"\\\"Martha Robles habla sobre Antonieta Rivas Mercado. Quinta parte, \\u201cAfinidades de Antonieta con Jorge Cuesta\\u201d, en el programa \\u201cMujeres del siglo XX\\u201d, transmitido en 2001\\\" en Antonieta Rivas Mercado 10 IMER.\",\"meta\":{\"artist\":\"Antonieta Rivas Mercado 10 IMER\",\"length_formatted\":\"21:13\"},\"image\":{\"src\":\"https:\/\/www.imer.mx\/micrositios\/wp-includes\/images\/media\/audio.svg\",\"width\":48,\"height\":64},\"thumb\":{\"src\":\"https:\/\/www.imer.mx\/micrositios\/wp-includes\/images\/media\/audio.svg\",\"width\":48,\"height\":64}},{\"src\":\"https:\/\/www.imer.mx\/micrositios\/wp-content\/uploads\/sites\/49\/09_FN08010133919_antonieta-rivas-mercado.mp3\",\"type\":\"audio\/mpeg\",\"title\":\"Martha Robles habla sobre Antonieta Rivas Mercado. Cuarta parte, \\u201cCompromiso agrario\\u201d, en el programa \\u201cMujeres del siglo XX\\u201d, transmitido en 2001\",\"caption\":\"\",\"description\":\"\\\"Martha Robles habla sobre Antonieta Rivas Mercado. Cuarta parte, \\u201cCompromiso agrario\\u201d, en el programa \\u201cMujeres del siglo XX\\u201d, transmitido en 2001\\\" en Antonieta Rivas Mercado 9 IMER.\",\"meta\":{\"artist\":\"Antonieta Rivas Mercado 9 IMER\",\"length_formatted\":\"19:01\"},\"image\":{\"src\":\"https:\/\/www.imer.mx\/micrositios\/wp-includes\/images\/media\/audio.svg\",\"width\":48,\"height\":64},\"thumb\":{\"src\":\"https:\/\/www.imer.mx\/micrositios\/wp-includes\/images\/media\/audio.svg\",\"width\":48,\"height\":64}},{\"src\":\"https:\/\/www.imer.mx\/micrositios\/wp-content\/uploads\/sites\/49\/08_FN08010133918_antonieta-rivas-mercado.mp3\",\"type\":\"audio\/mpeg\",\"title\":\"Martha Robles habla sobre Antonieta Rivas Mercado, Tercera parte, \\u201cVasconcelos da reconocimiento al talento y generosidad de Antonieta\\u201d, en el programa \\u201cMujeres del siglo XX\\u201d, transmitido en 2001\",\"caption\":\"\",\"description\":\"\\\"Martha Robles habla sobre Antonieta Rivas Mercado, Tercera parte, \\u201cVasconcelos da reconocimiento al talento y generosidad de Antonieta\\u201d, en el programa \\u201cMujeres del siglo XX\\u201d, transmitido en 2001\\\" en Antonieta Rivas Mercado 8 IMER.\",\"meta\":{\"artist\":\"Antonieta Rivas Mercado 8 IMER\",\"length_formatted\":\"19:14\"},\"image\":{\"src\":\"https:\/\/www.imer.mx\/micrositios\/wp-includes\/images\/media\/audio.svg\",\"width\":48,\"height\":64},\"thumb\":{\"src\":\"https:\/\/www.imer.mx\/micrositios\/wp-includes\/images\/media\/audio.svg\",\"width\":48,\"height\":64}},{\"src\":\"https:\/\/www.imer.mx\/micrositios\/wp-content\/uploads\/sites\/49\/07_FN08010133917_antonieta-rivas-mercado.mp3\",\"type\":\"audio\/mpeg\",\"title\":\"Martha Robles habla sobre Antonieta Rivas Mercado, Segunda parte, \\u201cAntonieta y Valeria, la dualidad\\u201d,  en el programa \\u201cMujeres del siglo XX\\u201d, transmitido en 2001\",\"caption\":\"\",\"description\":\"\\\"Martha Robles habla sobre Antonieta Rivas Mercado, Segunda parte, \\u201cAntonieta y Valeria, la dualidad\\u201d,  en el programa \\u201cMujeres del siglo XX\\u201d, transmitido en 2001\\\" en Antonieta Rivas Mercado 7 IMER.\",\"meta\":{\"artist\":\"Antonieta Rivas Mercado 7 IMER\",\"length_formatted\":\"16:30\"},\"image\":{\"src\":\"https:\/\/www.imer.mx\/micrositios\/wp-includes\/images\/media\/audio.svg\",\"width\":48,\"height\":64},\"thumb\":{\"src\":\"https:\/\/www.imer.mx\/micrositios\/wp-includes\/images\/media\/audio.svg\",\"width\":48,\"height\":64}},{\"src\":\"https:\/\/www.imer.mx\/micrositios\/wp-content\/uploads\/sites\/49\/06_FN08010133916_antonieta-rivas-mercado.mp3\",\"type\":\"audio\/mpeg\",\"title\":\"Martha Robles habla sobre Antonieta Rivas Mercado, Primera parte, \\u201cla relaci\\u00f3n de Antonieta con Vasconcelos\\u201d, en el programa \\u201cMujeres del siglo XX\\u201d, transmitido en 2001\",\"caption\":\"\",\"description\":\"\\\"Martha Robles habla sobre Antonieta Rivas Mercado, Primera parte, \\u201cla relaci\\u00f3n de Antonieta con Vasconcelos\\u201d, en el programa \\u201cMujeres del siglo XX\\u201d, transmitido en 2001\\\" en Antonieta Rivas Mercado 6 IMER.\",\"meta\":{\"artist\":\"Antonieta Rivas Mercado 6 IMER\",\"length_formatted\":\"17:16\"},\"image\":{\"src\":\"https:\/\/www.imer.mx\/micrositios\/wp-includes\/images\/media\/audio.svg\",\"width\":48,\"height\":64},\"thumb\":{\"src\":\"https:\/\/www.imer.mx\/micrositios\/wp-includes\/images\/media\/audio.svg\",\"width\":48,\"height\":64}},{\"src\":\"https:\/\/www.imer.mx\/micrositios\/wp-content\/uploads\/sites\/49\/05_FN08010128956_antonieta-rivas-mercado.mp3\",\"type\":\"audio\/mpeg\",\"title\":\"Escucha el programa \\u201cHuellas de la historia\\u201d, dedicado a Antonieta Rivas Mercado, transmitido en 1994\",\"caption\":\"\",\"description\":\"\\\"Escucha el programa \\u201cHuellas de la historia\\u201d, dedicado a Antonieta Rivas Mercado, transmitido en 1994\\\" en Antonieta Rivas Mercado 5 IMER.\",\"meta\":{\"artist\":\"Antonieta Rivas Mercado 5 IMER\",\"length_formatted\":\"13:49\"},\"image\":{\"src\":\"https:\/\/www.imer.mx\/micrositios\/wp-includes\/images\/media\/audio.svg\",\"width\":48,\"height\":64},\"thumb\":{\"src\":\"https:\/\/www.imer.mx\/micrositios\/wp-includes\/images\/media\/audio.svg\",\"width\":48,\"height\":64}},{\"src\":\"https:\/\/www.imer.mx\/micrositios\/wp-content\/uploads\/sites\/49\/04_FN08010121920_antonieta-rivas-mercado.mp3\",\"type\":\"audio\/mpeg\",\"title\":\"Escucha fragmentos de las \\u00faltimas cartas escritas por Antonieta Rivas Mercado, con m\\u00fasica de Manuel Mar\\u00eda Ponce, en el programa \\u201cLetra y M\\u00fasica en Am\\u00e9rica Latina\\u201d, producido por Ren\\u00e9 Villanueva; en la lectura Estela Chac\\u00f3n, transmitido en febrero de 1991\",\"caption\":\"\",\"description\":\"\\\"Escucha fragmentos de las \\u00faltimas cartas escritas por Antonieta Rivas Mercado, con m\\u00fasica de Manuel Mar\\u00eda Ponce, en el programa \\u201cLetra y M\\u00fasica en Am\\u00e9rica Latina\\u201d, producido por Ren\\u00e9 Villanueva; en la lectura Estela Chac\\u00f3n, transmitido en febrero de 1991\\\" en Antonieta Rivas Mercado 4 IMER.\",\"meta\":{\"artist\":\"Antonieta Rivas Mercado 4 IMER\",\"length_formatted\":\"23:13\"},\"image\":{\"src\":\"https:\/\/www.imer.mx\/micrositios\/wp-includes\/images\/media\/audio.svg\",\"width\":48,\"height\":64},\"thumb\":{\"src\":\"https:\/\/www.imer.mx\/micrositios\/wp-includes\/images\/media\/audio.svg\",\"width\":48,\"height\":64}},{\"src\":\"https:\/\/www.imer.mx\/micrositios\/wp-content\/uploads\/sites\/49\/03_FN08010141293_antonieta-rivas-mercado.mp3\",\"type\":\"audio\/mpeg\",\"title\":\"Colombia Moya habla sobre Antonieta Rivas Mercado, su vida y su participaci\\u00f3n en la pol\\u00edtica y la cultura, en el programa \\u201cDanza y variaciones\\u201d, transmitido en 2003\",\"caption\":\"\",\"description\":\"\\\"Colombia Moya habla sobre Antonieta Rivas Mercado, su vida y su participaci\\u00f3n en la pol\\u00edtica y la cultura, en el programa \\u201cDanza y variaciones\\u201d, transmitido en 2003\\\" en Antonieta Rivas Mercado 3 IMER.\",\"meta\":{\"artist\":\"Antonieta Rivas Mercado 3 IMER\",\"length_formatted\":\"5:11\"},\"image\":{\"src\":\"https:\/\/www.imer.mx\/micrositios\/wp-includes\/images\/media\/audio.svg\",\"width\":48,\"height\":64},\"thumb\":{\"src\":\"https:\/\/www.imer.mx\/micrositios\/wp-includes\/images\/media\/audio.svg\",\"width\":48,\"height\":64}},{\"src\":\"https:\/\/www.imer.mx\/micrositios\/wp-content\/uploads\/sites\/49\/02_FN08010135713_antonieta-rivas-mercado.mp3\",\"type\":\"audio\/mpeg\",\"title\":\"Martha Robles habla sobre Antonieta Rivas Mercado, su vida y obra, en el programa \\u201cBiograf\\u00edas clandestinas\\u201d, transmitido en 1994\",\"caption\":\"\",\"description\":\"\\\"Martha Robles habla sobre Antonieta Rivas Mercado, su vida y obra, en el programa \\u201cBiograf\\u00edas clandestinas\\u201d, transmitido en 1994   \\\" en Antonieta Rivas Mercado 2 IMER.\",\"meta\":{\"artist\":\"Antonieta Rivas Mercado 2 IMER\",\"length_formatted\":\"10:10\"},\"image\":{\"src\":\"https:\/\/www.imer.mx\/micrositios\/wp-includes\/images\/media\/audio.svg\",\"width\":48,\"height\":64},\"thumb\":{\"src\":\"https:\/\/www.imer.mx\/micrositios\/wp-includes\/images\/media\/audio.svg\",\"width\":48,\"height\":64}},{\"src\":\"https:\/\/www.imer.mx\/micrositios\/wp-content\/uploads\/sites\/49\/01_FN08010142336_antonieta-rivas-mercado.mp3\",\"type\":\"audio\/mpeg\",\"title\":\"Leonor Cortina habla sobre Antonieta Rivas Mercado, su vida y tr\\u00e1gico suicidio, en el programa \\u201cLa mujer en el arte y la cultura\\u201d, transmitido en 2003\",\"caption\":\"\",\"description\":\"\\\"Leonor Cortina habla sobre Antonieta Rivas Mercado, su vida y tr\\u00e1gico suicidio, en el programa \\u201cLa mujer en el arte y la cultura\\u201d, transmitido en 2003\\\" en Antonieta Rivas Mercado 1 IMER.\",\"meta\":{\"artist\":\"Antonieta Rivas Mercado 1 IMER\",\"length_formatted\":\"26:17\"},\"image\":{\"src\":\"https:\/\/www.imer.mx\/micrositios\/wp-includes\/images\/media\/audio.svg\",\"width\":48,\"height\":64},\"thumb\":{\"src\":\"https:\/\/www.imer.mx\/micrositios\/wp-includes\/images\/media\/audio.svg\",\"width\":48,\"height\":64}}]}<\/script>\n<\/div>\n\t\n<p>[\/vc_column_text][\/vc_column][\/vc_row]<\/p>\n<\/div>","protected":false},"excerpt":{"rendered":"<p>[vc_row][vc_column][vc_single_image image=&#8221;25236&#8243; img_size=&#8221;full&#8221;][\/vc_column][\/vc_row][vc_row][vc_column][vc_column_text]El 28 de abril de 1900 nace Antonieta Rivas Mercado, actriz, mecenas, escritora, promotora cultural, defensora de los derechos humanos de la mujer y activista pol\u00edtica mexicana. Hija de Matilde Castellanos Haaf y del c\u00e9lebre arquitecto Antonio Rivas Mercado, autor del \u00c1ngel de la Independencia, entre otros monumentos y edificios hist\u00f3ricos del porfiriato.&hellip;<\/p>\n","protected":false},"author":1,"featured_media":0,"parent":0,"menu_order":0,"comment_status":"closed","ping_status":"closed","template":"","meta":{"wp_popup_display_lightbox":0,"wp_popup_suppress":"","wp_popup_trigger":"","wp_popup_trigger_amount":0,"wp_popup_disable_on_mobile":false,"footnotes":""},"class_list":["post-25232","page","type-page","status-publish","hentry","description-off"],"_links":{"self":[{"href":"https:\/\/www.imer.mx\/micrositios\/wp-json\/wp\/v2\/pages\/25232","targetHints":{"allow":["GET"]}}],"collection":[{"href":"https:\/\/www.imer.mx\/micrositios\/wp-json\/wp\/v2\/pages"}],"about":[{"href":"https:\/\/www.imer.mx\/micrositios\/wp-json\/wp\/v2\/types\/page"}],"author":[{"embeddable":true,"href":"https:\/\/www.imer.mx\/micrositios\/wp-json\/wp\/v2\/users\/1"}],"replies":[{"embeddable":true,"href":"https:\/\/www.imer.mx\/micrositios\/wp-json\/wp\/v2\/comments?post=25232"}],"version-history":[{"count":0,"href":"https:\/\/www.imer.mx\/micrositios\/wp-json\/wp\/v2\/pages\/25232\/revisions"}],"wp:attachment":[{"href":"https:\/\/www.imer.mx\/micrositios\/wp-json\/wp\/v2\/media?parent=25232"}],"curies":[{"name":"wp","href":"https:\/\/api.w.org\/{rel}","templated":true}]}}