{"id":6,"date":"2025-10-27T14:41:43","date_gmt":"2025-10-27T20:41:43","guid":{"rendered":"https:\/\/www.imer.mx\/luciernagas1350\/?page_id=6"},"modified":"2026-02-27T15:16:57","modified_gmt":"2026-02-27T21:16:57","slug":"inicio","status":"publish","type":"page","link":"https:\/\/www.imer.mx\/luciernagas1350\/","title":{"rendered":"Inicio"},"content":{"rendered":"<div class=\"wpb-content-wrapper\"><p>[vc_row full_width=&#8221;stretch_row_content&#8221; type=&#8221;vc_default&#8221; css=&#8221;.vc_custom_1762195582990{margin-top: -50px !important;}&#8221;][vc_column][vc_raw_html css=&#8221;&#8221;]JTVCc29uYWFyX2F1ZGlvcGxheWVyJTIwZmVlZCUzRCUyMmh0dHBzJTNBJTJGJTJGczIubWV4c2lkZS5uZXQlMkY4MDI2JTJGc3RyZWFtJTIyJTIwZmVlZF90aXRsZSUzRCUyMkx1Y2klQzMlQTlybmFnYXMlMjAxMzUwJTIwZW4lMjB2aXZvJTIyJTIwcHJvZ3Jlc3NfYmFyX3N0eWxlJTNEJTIybWVkaWFFbGVtZW50JTIyJTIwd2F2ZV9iYXJfd2lkdGglM0QlMjIxJTIyJTIwd2F2ZV9iYXJfZ2FwJTNEJTIyMSUyMiUyMHdhdmVfY29sb3IlM0QlMjIlMjNlODgyYzklMjIlMjB3YXZlX3Byb2dyZXNzX2NvbG9yJTNEJTIyJTIzNjk0YTk0JTIyJTIwcGxheWVyX2xheW91dCUzRCUyMnNraW5fYm94ZWRfdHJhY2tsaXN0JTIyJTIwc2hvd190cmFja19tYXJrZXQlM0QlMjJ0cnVlJTIyJTIwY3NzJTNEJTIyLnNycF9tZXRhJTJDJTIwLnNycF9tZXRhLmFsYnVtLXRpdGxlJTdCZm9udC1zaXplJTNBMjBweCUzQmNvbG9yJTNBJTIzNjk0YTk0JTNCJTdELmNvbnRyb2wlMjBkaXYlMkMlMjAuY29udHJvbCUyMGklMkMlMjAuc3JwLXBsYXktYnV0dG9uJTIwLnNyaWNvbi1wbGF5JTJDJTIwLmFsYnVtLXBsYXllciUyMC5zcnBfbm90ZUJ1dHRvbiU3QmNvbG9yJTNBJTIzNjk0YTk0JTNCJTdELmNvbnRyb2wlMjAucGxheSUyQyUyMC5zcnAtcGxheS1jaXJjbGUlMkMlMjAuc3Jfc3BlZWRSYXRlJTIwZGl2JTdCYm9yZGVyLWNvbG9yJTNBJTIzNjk0YTk0JTNCJTdELnNycF9wbGF5ZXJfYm94ZWQlMkMlMjAuc2tpbl9mbG9hdGVkJTIwLmFsYnVtLXBsYXllciUyQyUyMC5zcnAtYXJ0d29ya2JnJTdCYmFja2dyb3VuZC1jb2xvciUzQXJnYmElMjgyNTUlMkMyNTUlMkMyNTUlMkMwJTI5JTNCJTdEJTIyJTVEJTVCJTJGc29uYWFyX2F1ZGlvcGxheWVyJTVE[\/vc_raw_html][\/vc_column][\/vc_row][vc_row full_width=&#8221;stretch_row_content_no_spaces&#8221; type=&#8221;vc_default&#8221; css=&#8221;.vc_custom_1772049021028{margin-top: -35px !important;}&#8221;][vc_column][vc_single_image image=&#8221;117&#8243; img_size=&#8221;full&#8221; alignment=&#8221;center&#8221; css=&#8221;&#8221; image_hovers=&#8221;false&#8221;][\/vc_column][\/vc_row][vc_row type=&#8221;vc_default&#8221; css=&#8221;.vc_custom_1772049200809{margin-top: 35px !important;margin-bottom: -85px !important;}&#8221;][vc_column width=&#8221;1\/4&#8243;][vc_single_image image=&#8221;241&#8243; img_size=&#8221;full&#8221; alignment=&#8221;center&#8221; onclick=&#8221;custom_link&#8221; css=&#8221;&#8221; link=&#8221;https:\/\/www.imer.mx\/luciernagas1350\/series\/&#8221;][\/vc_column][vc_column width=&#8221;1\/4&#8243;][vc_single_image image=&#8221;240&#8243; img_size=&#8221;full&#8221; alignment=&#8221;center&#8221; onclick=&#8221;custom_link&#8221; css=&#8221;&#8221; link=&#8221;https:\/\/www.imer.mx\/luciernagas1350\/programacion\/&#8221;][\/vc_column][vc_column width=&#8221;1\/4&#8243;][vc_single_image image=&#8221;239&#8243; img_size=&#8221;full&#8221; alignment=&#8221;center&#8221; onclick=&#8221;custom_link&#8221; css=&#8221;&#8221; link=&#8221;https:\/\/www.imer.mx\/luciernagas1350\/manifiesto\/&#8221;][\/vc_column][vc_column width=&#8221;1\/4&#8243;][vc_single_image image=&#8221;238&#8243; img_size=&#8221;full&#8221; alignment=&#8221;center&#8221; onclick=&#8221;custom_link&#8221; css=&#8221;&#8221; link=&#8221;https:\/\/www.imer.mx\/luciernagas1350\/convocatoria\/&#8221;][\/vc_column][\/vc_row][vc_row disable_element=&#8221;yes&#8221; type=&#8221;vc_default&#8221;][vc_column][vc_column_text css=&#8221;&#8221;]Aqui va Slider Revolution[\/vc_column_text][\/vc_column][\/vc_row][vc_row disable_element=&#8221;yes&#8221; type=&#8221;vc_default&#8221;][vc_column][vc_empty_space][\/vc_column][\/vc_row][vc_row disable_element=&#8221;yes&#8221; type=&#8221;vc_default&#8221;][vc_column width=&#8221;1\/2&#8243;][vc_column_text css=&#8221;&#8221;]Carrusel de destacados principales[\/vc_column_text][\/vc_column][vc_column width=&#8221;1\/2&#8243;][vc_column_text css=&#8221;&#8221;]Carrusel de programas[\/vc_column_text][\/vc_column][\/vc_row][vc_row disable_element=&#8221;yes&#8221; type=&#8221;vc_default&#8221;][vc_column][vc_column_text css=&#8221;&#8221;]Carrusel del blog[\/vc_column_text][\/vc_column][\/vc_row][vc_row type=&#8221;vc_default&#8221;][vc_column][vc_tabs interval=&#8221;0&#8243; title_size=&#8221;h4&#8243; style=&#8221;tab-style-three&#8221;][vc_tab title=&#8221;Contacto&#8221; tab_id=&#8221;f59efb79-be75-1&#8243;][vc_row_inner][vc_column_inner width=&#8221;1\/2&#8243;][vc_single_image image=&#8221;223&#8243; img_size=&#8221;full&#8221; alignment=&#8221;center&#8221; css=&#8221;&#8221;][\/vc_column_inner][vc_column_inner width=&#8221;1\/2&#8243;]<div class=\"dt-fancy-separator title-left h4-size style-thick accent-title-color\" style=\"width: 100%;\"><div class=\"dt-fancy-title\"><span class=\"separator-holder separator-left\" style=\"border-color: #291C49;\"><\/span>Informaci\u00f3n de contacto<span class=\"separator-holder separator-right\" style=\"border-color: #291C49;\"><\/span><\/div><\/div>[vc_empty_space]<style type=\"text\/css\" data-type=\"the7_shortcodes-inline-css\">.icon-with-text-shortcode.icon-text-id-213cd9dfb0c8afd80cca1eacde3a1767 .text-icon {\n  width: 60px;\n  height: 60px;\n  line-height: 60px;\n  font-size: 22px;\n  border-radius: 0px;\n  margin: 0px 30px 0px 0px;\n}\n.icon-with-text-shortcode.icon-text-id-213cd9dfb0c8afd80cca1eacde3a1767 .text-icon .icon-inner {\n  min-width: 60px;\n  min-height: 60px;\n  border-radius: 0px;\n}\n@media all and (-ms-high-contrast: none) {\n  .icon-with-text-shortcode.icon-text-id-213cd9dfb0c8afd80cca1eacde3a1767 .text-icon .icon-inner {\n    height: 60px;\n  }\n}\n.icon-with-text-shortcode.icon-text-id-213cd9dfb0c8afd80cca1eacde3a1767 .text-icon .dt-hover-icon {\n  line-height: 60px;\n}\n.icon-with-text-shortcode.icon-text-id-213cd9dfb0c8afd80cca1eacde3a1767 .text-icon:before,\n.icon-with-text-shortcode.icon-text-id-213cd9dfb0c8afd80cca1eacde3a1767 .text-icon:after,\n.icon-with-text-shortcode.icon-text-id-213cd9dfb0c8afd80cca1eacde3a1767 .text-icon .icon-inner:before,\n.icon-with-text-shortcode.icon-text-id-213cd9dfb0c8afd80cca1eacde3a1767 .text-icon .icon-inner:after {\n  min-width: 100%;\n  min-height: 100%;\n  padding: inherit;\n  border-radius: inherit;\n}\n#page .icon-with-text-shortcode.icon-text-id-213cd9dfb0c8afd80cca1eacde3a1767 .text-icon.dt-icon-bg-on .icon-inner:before,\n#phantom .icon-with-text-shortcode.icon-text-id-213cd9dfb0c8afd80cca1eacde3a1767 .text-icon.dt-icon-bg-on .icon-inner:before {\n  background: #EDEDED;\n}\n.icon-with-text-shortcode.icon-text-id-213cd9dfb0c8afd80cca1eacde3a1767 .text-icon.dt-icon-border-on:before {\n  border-width: 0px;\n  border-style: solid;\n}\n.dt-icon-border-dashed.icon-with-text-shortcode.icon-text-id-213cd9dfb0c8afd80cca1eacde3a1767 .text-icon.dt-icon-border-on:before {\n  border-style: dashed;\n}\n.dt-icon-border-dotted.icon-with-text-shortcode.icon-text-id-213cd9dfb0c8afd80cca1eacde3a1767 .text-icon.dt-icon-border-on:before {\n  border-style: dotted;\n}\n.dt-icon-border-double.icon-with-text-shortcode.icon-text-id-213cd9dfb0c8afd80cca1eacde3a1767 .text-icon.dt-icon-border-on:before {\n  border-style: double;\n}\n.icon-with-text-shortcode.icon-text-id-213cd9dfb0c8afd80cca1eacde3a1767 .text-icon.dt-icon-border-dashed.dt-icon-border-on:before {\n  border-style: dashed;\n}\n.icon-with-text-shortcode.icon-text-id-213cd9dfb0c8afd80cca1eacde3a1767 .text-icon.dt-icon-border-dotted.dt-icon-border-on:before {\n  border-style: dotted;\n}\n.icon-with-text-shortcode.icon-text-id-213cd9dfb0c8afd80cca1eacde3a1767 .text-icon.dt-icon-border-double.dt-icon-border-on:before {\n  border-style: double;\n}\n.icon-with-text-shortcode.icon-text-id-213cd9dfb0c8afd80cca1eacde3a1767 .text-icon.dt-icon-hover-border-on:after {\n  border-width: 0px;\n  border-style: solid;\n}\n.icon-with-text-shortcode.icon-text-id-213cd9dfb0c8afd80cca1eacde3a1767 .text-icon.dt-icon-border-dashed.dt-icon-hover-border-on:after {\n  border-style: dashed;\n}\n.icon-with-text-shortcode.icon-text-id-213cd9dfb0c8afd80cca1eacde3a1767 .text-icon.dt-icon-border-dotted.dt-icon-hover-border-on:after {\n  border-style: dotted;\n}\n.icon-with-text-shortcode.icon-text-id-213cd9dfb0c8afd80cca1eacde3a1767 .text-icon.dt-icon-border-double.dt-icon-hover-border-on:after {\n  border-style: double;\n}\n.icon-with-text-shortcode.icon-text-id-213cd9dfb0c8afd80cca1eacde3a1767 .text-icon.dt-icon-hover-on:hover {\n  font-size: 22px;\n}\n#page .icon-with-text-shortcode.icon-text-id-213cd9dfb0c8afd80cca1eacde3a1767 .text-icon.dt-icon-hover-on:hover .soc-font-icon,\n#phantom .icon-with-text-shortcode.icon-text-id-213cd9dfb0c8afd80cca1eacde3a1767 .text-icon.dt-icon-hover-on:hover .soc-font-icon,\n#page .icon-with-text-shortcode.icon-text-id-213cd9dfb0c8afd80cca1eacde3a1767 .text-icon.dt-icon-hover-on:hover .soc-icon,\n#phantom .icon-with-text-shortcode.icon-text-id-213cd9dfb0c8afd80cca1eacde3a1767 .text-icon.dt-icon-hover-on:hover .soc-icon {\n  color: #fff;\n  background: none;\n}\n#page .icon-with-text-shortcode.icon-text-id-213cd9dfb0c8afd80cca1eacde3a1767 .text-icon.dt-icon-hover-on:not(:hover) .soc-font-icon,\n#phantom .icon-with-text-shortcode.icon-text-id-213cd9dfb0c8afd80cca1eacde3a1767 .text-icon.dt-icon-hover-on:not(:hover) .soc-font-icon,\n#page .icon-with-text-shortcode.icon-text-id-213cd9dfb0c8afd80cca1eacde3a1767 .text-icon.dt-icon-hover-on:not(:hover) .soc-icon,\n#phantom .icon-with-text-shortcode.icon-text-id-213cd9dfb0c8afd80cca1eacde3a1767 .text-icon.dt-icon-hover-on:not(:hover) .soc-icon,\n#page .icon-with-text-shortcode.icon-text-id-213cd9dfb0c8afd80cca1eacde3a1767 .text-icon.dt-icon-hover-off .soc-font-icon,\n#phantom .icon-with-text-shortcode.icon-text-id-213cd9dfb0c8afd80cca1eacde3a1767 .text-icon.dt-icon-hover-off .soc-font-icon,\n#page .icon-with-text-shortcode.icon-text-id-213cd9dfb0c8afd80cca1eacde3a1767 .text-icon.dt-icon-hover-off .soc-icon,\n#phantom .icon-with-text-shortcode.icon-text-id-213cd9dfb0c8afd80cca1eacde3a1767 .text-icon.dt-icon-hover-off .soc-icon {\n  color: #694A94;\n  background: none;\n}\n.icon-with-text-shortcode.icon-text-id-213cd9dfb0c8afd80cca1eacde3a1767.layout-1 {\n  grid-template-columns: 60px minmax(0,1fr);\n  grid-column-gap: 30px;\n}\n.icon-with-text-shortcode.icon-text-id-213cd9dfb0c8afd80cca1eacde3a1767.layout-2 {\n  grid-template-columns: minmax(0,1fr) 60px;\n  grid-column-gap: 0px;\n}\n.icon-with-text-shortcode.icon-text-id-213cd9dfb0c8afd80cca1eacde3a1767.layout-2 .text-icon {\n  margin-left: 0;\n}\n.icon-with-text-shortcode.icon-text-id-213cd9dfb0c8afd80cca1eacde3a1767.layout-3 {\n  grid-template-columns: 60px minmax(0,1fr);\n}\n.icon-with-text-shortcode.icon-text-id-213cd9dfb0c8afd80cca1eacde3a1767.layout-3 .dt-text-title {\n  margin-left: 30px;\n}\n.icon-with-text-shortcode.icon-text-id-213cd9dfb0c8afd80cca1eacde3a1767 .dt-text-title,\n.icon-with-text-shortcode.icon-text-id-213cd9dfb0c8afd80cca1eacde3a1767 .dt-text-title a {\n  color: #694A94;\n  background: none;\n  font-weight: bold;\n}\n.icon-with-text-shortcode.icon-text-id-213cd9dfb0c8afd80cca1eacde3a1767 .dt-text-title {\n  margin-bottom: 0px;\n}\n.icon-with-text-shortcode.icon-text-id-213cd9dfb0c8afd80cca1eacde3a1767 .dt-text-desc {\n  margin-bottom: 0px;\n}<\/style><div class=\"icon-with-text-shortcode  icon-text-id-213cd9dfb0c8afd80cca1eacde3a1767 layout-1  \" ><span   class=\"text-icon dt-icon-bg-on dt-icon-border-on dt-icon-hover-off\" ><span class=\"icon-inner\"><i class=\"dt-regular-icon soc-icon icomoon-the7-font-the7-map-02\"><\/i><i class=\"dt-hover-icon soc-icon icomoon-the7-font-the7-map-02\"><\/i><\/span><\/span><h4 class=\"dt-text-title\"  >Generales<\/h4><div class=\"dt-text-desc\">Mayorazgo 83, col. Xoco<br \/>\nC. P. 03330, Alcald\u00eda, Benito Ju\u00e1rez<br \/>\nCiudad de M\u00e9xico<\/div><\/div>[vc_empty_space]<style type=\"text\/css\" data-type=\"the7_shortcodes-inline-css\">.icon-with-text-shortcode.icon-text-id-b6b302a68d9c35a45afbdf407b21a0ae .text-icon {\n  width: 60px;\n  height: 60px;\n  line-height: 60px;\n  font-size: 22px;\n  border-radius: 0px;\n  margin: 0px 30px 0px 0px;\n}\n.icon-with-text-shortcode.icon-text-id-b6b302a68d9c35a45afbdf407b21a0ae .text-icon .icon-inner {\n  min-width: 60px;\n  min-height: 60px;\n  border-radius: 0px;\n}\n@media all and (-ms-high-contrast: none) {\n  .icon-with-text-shortcode.icon-text-id-b6b302a68d9c35a45afbdf407b21a0ae .text-icon .icon-inner {\n    height: 60px;\n  }\n}\n.icon-with-text-shortcode.icon-text-id-b6b302a68d9c35a45afbdf407b21a0ae .text-icon .dt-hover-icon {\n  line-height: 60px;\n}\n.icon-with-text-shortcode.icon-text-id-b6b302a68d9c35a45afbdf407b21a0ae .text-icon:before,\n.icon-with-text-shortcode.icon-text-id-b6b302a68d9c35a45afbdf407b21a0ae .text-icon:after,\n.icon-with-text-shortcode.icon-text-id-b6b302a68d9c35a45afbdf407b21a0ae .text-icon .icon-inner:before,\n.icon-with-text-shortcode.icon-text-id-b6b302a68d9c35a45afbdf407b21a0ae .text-icon .icon-inner:after {\n  min-width: 100%;\n  min-height: 100%;\n  padding: inherit;\n  border-radius: inherit;\n}\n#page .icon-with-text-shortcode.icon-text-id-b6b302a68d9c35a45afbdf407b21a0ae .text-icon.dt-icon-bg-on .icon-inner:before,\n#phantom .icon-with-text-shortcode.icon-text-id-b6b302a68d9c35a45afbdf407b21a0ae .text-icon.dt-icon-bg-on .icon-inner:before {\n  background: #EDEDED;\n}\n.icon-with-text-shortcode.icon-text-id-b6b302a68d9c35a45afbdf407b21a0ae .text-icon.dt-icon-border-on:before {\n  border-width: 0px;\n  border-style: solid;\n}\n.dt-icon-border-dashed.icon-with-text-shortcode.icon-text-id-b6b302a68d9c35a45afbdf407b21a0ae .text-icon.dt-icon-border-on:before {\n  border-style: dashed;\n}\n.dt-icon-border-dotted.icon-with-text-shortcode.icon-text-id-b6b302a68d9c35a45afbdf407b21a0ae .text-icon.dt-icon-border-on:before {\n  border-style: dotted;\n}\n.dt-icon-border-double.icon-with-text-shortcode.icon-text-id-b6b302a68d9c35a45afbdf407b21a0ae .text-icon.dt-icon-border-on:before {\n  border-style: double;\n}\n.icon-with-text-shortcode.icon-text-id-b6b302a68d9c35a45afbdf407b21a0ae .text-icon.dt-icon-border-dashed.dt-icon-border-on:before {\n  border-style: dashed;\n}\n.icon-with-text-shortcode.icon-text-id-b6b302a68d9c35a45afbdf407b21a0ae .text-icon.dt-icon-border-dotted.dt-icon-border-on:before {\n  border-style: dotted;\n}\n.icon-with-text-shortcode.icon-text-id-b6b302a68d9c35a45afbdf407b21a0ae .text-icon.dt-icon-border-double.dt-icon-border-on:before {\n  border-style: double;\n}\n.icon-with-text-shortcode.icon-text-id-b6b302a68d9c35a45afbdf407b21a0ae .text-icon.dt-icon-hover-border-on:after {\n  border-width: 0px;\n  border-style: solid;\n}\n.icon-with-text-shortcode.icon-text-id-b6b302a68d9c35a45afbdf407b21a0ae .text-icon.dt-icon-border-dashed.dt-icon-hover-border-on:after {\n  border-style: dashed;\n}\n.icon-with-text-shortcode.icon-text-id-b6b302a68d9c35a45afbdf407b21a0ae .text-icon.dt-icon-border-dotted.dt-icon-hover-border-on:after {\n  border-style: dotted;\n}\n.icon-with-text-shortcode.icon-text-id-b6b302a68d9c35a45afbdf407b21a0ae .text-icon.dt-icon-border-double.dt-icon-hover-border-on:after {\n  border-style: double;\n}\n.icon-with-text-shortcode.icon-text-id-b6b302a68d9c35a45afbdf407b21a0ae .text-icon.dt-icon-hover-on:hover {\n  font-size: 22px;\n}\n#page .icon-with-text-shortcode.icon-text-id-b6b302a68d9c35a45afbdf407b21a0ae .text-icon.dt-icon-hover-on:hover .soc-font-icon,\n#phantom .icon-with-text-shortcode.icon-text-id-b6b302a68d9c35a45afbdf407b21a0ae .text-icon.dt-icon-hover-on:hover .soc-font-icon,\n#page .icon-with-text-shortcode.icon-text-id-b6b302a68d9c35a45afbdf407b21a0ae .text-icon.dt-icon-hover-on:hover .soc-icon,\n#phantom .icon-with-text-shortcode.icon-text-id-b6b302a68d9c35a45afbdf407b21a0ae .text-icon.dt-icon-hover-on:hover .soc-icon {\n  color: #fff;\n  background: none;\n}\n#page .icon-with-text-shortcode.icon-text-id-b6b302a68d9c35a45afbdf407b21a0ae .text-icon.dt-icon-hover-on:not(:hover) .soc-font-icon,\n#phantom .icon-with-text-shortcode.icon-text-id-b6b302a68d9c35a45afbdf407b21a0ae .text-icon.dt-icon-hover-on:not(:hover) .soc-font-icon,\n#page .icon-with-text-shortcode.icon-text-id-b6b302a68d9c35a45afbdf407b21a0ae .text-icon.dt-icon-hover-on:not(:hover) .soc-icon,\n#phantom .icon-with-text-shortcode.icon-text-id-b6b302a68d9c35a45afbdf407b21a0ae .text-icon.dt-icon-hover-on:not(:hover) .soc-icon,\n#page .icon-with-text-shortcode.icon-text-id-b6b302a68d9c35a45afbdf407b21a0ae .text-icon.dt-icon-hover-off .soc-font-icon,\n#phantom .icon-with-text-shortcode.icon-text-id-b6b302a68d9c35a45afbdf407b21a0ae .text-icon.dt-icon-hover-off .soc-font-icon,\n#page .icon-with-text-shortcode.icon-text-id-b6b302a68d9c35a45afbdf407b21a0ae .text-icon.dt-icon-hover-off .soc-icon,\n#phantom .icon-with-text-shortcode.icon-text-id-b6b302a68d9c35a45afbdf407b21a0ae .text-icon.dt-icon-hover-off .soc-icon {\n  color: #694A94;\n  background: none;\n}\n.icon-with-text-shortcode.icon-text-id-b6b302a68d9c35a45afbdf407b21a0ae.layout-1 {\n  grid-template-columns: 60px minmax(0,1fr);\n  grid-column-gap: 30px;\n}\n.icon-with-text-shortcode.icon-text-id-b6b302a68d9c35a45afbdf407b21a0ae.layout-2 {\n  grid-template-columns: minmax(0,1fr) 60px;\n  grid-column-gap: 0px;\n}\n.icon-with-text-shortcode.icon-text-id-b6b302a68d9c35a45afbdf407b21a0ae.layout-2 .text-icon {\n  margin-left: 0;\n}\n.icon-with-text-shortcode.icon-text-id-b6b302a68d9c35a45afbdf407b21a0ae.layout-3 {\n  grid-template-columns: 60px minmax(0,1fr);\n}\n.icon-with-text-shortcode.icon-text-id-b6b302a68d9c35a45afbdf407b21a0ae.layout-3 .dt-text-title {\n  margin-left: 30px;\n}\n.icon-with-text-shortcode.icon-text-id-b6b302a68d9c35a45afbdf407b21a0ae .dt-text-title,\n.icon-with-text-shortcode.icon-text-id-b6b302a68d9c35a45afbdf407b21a0ae .dt-text-title a {\n  color: #694A94;\n  background: none;\n  font-weight: bold;\n}\n.icon-with-text-shortcode.icon-text-id-b6b302a68d9c35a45afbdf407b21a0ae .dt-text-title {\n  margin-bottom: 0px;\n}\n.icon-with-text-shortcode.icon-text-id-b6b302a68d9c35a45afbdf407b21a0ae .dt-text-desc {\n  margin-bottom: 0px;\n}<\/style><div class=\"icon-with-text-shortcode  icon-text-id-b6b302a68d9c35a45afbdf407b21a0ae layout-1  \" ><span   class=\"text-icon dt-icon-bg-on dt-icon-border-on dt-icon-hover-off\" ><span class=\"icon-inner\"><i class=\"dt-regular-icon soc-icon icomoon-the7-font-the7-phone-05\"><\/i><i class=\"dt-hover-icon soc-icon icomoon-the7-font-the7-phone-05\"><\/i><\/span><\/span><h4 class=\"dt-text-title\"  >Tel\u00e9fono en cabina<\/h4><div class=\"dt-text-desc\">55 5604 7926<\/div><\/div>[\/vc_column_inner][\/vc_row_inner][\/vc_tab][vc_tab title=&#8221;Ficha t\u00e9cnica&#8221; tab_id=&#8221;2f5bb29e-c652-5&#8243;][vc_row_inner][vc_column_inner width=&#8221;1\/2&#8243;][vc_single_image image=&#8221;224&#8243; img_size=&#8221;full&#8221; alignment=&#8221;center&#8221; css=&#8221;&#8221;][\/vc_column_inner][vc_column_inner width=&#8221;1\/2&#8243;]<div class=\"dt-fancy-separator title-left h4-size style-thick accent-title-color\" style=\"width: 100%;\"><div class=\"dt-fancy-title\"><span class=\"separator-holder separator-left\" style=\"border-color: #291C49;\"><\/span>Ficha t\u00e9cnica<span class=\"separator-holder separator-right\" style=\"border-color: #291C49;\"><\/span><\/div><\/div>[vc_empty_space]<div class=\"standard-arrow list-divider bullet-top\"><ul>\n<li><strong>Nombre de la emisora:<\/strong> Luci\u00e9rnagas 13-50<\/li>\n<li><strong>Ubicaci\u00f3n:<\/strong> Ciudad de M\u00e9xico<\/li>\n<li><strong>Frecuencia:<\/strong> 1350 kHz en amplitud modulada (AM)<\/li>\n<li><strong>Siglas:<\/strong> XEQK-AM<\/li>\n<li><strong>Lema:<\/strong> Encendemos las voces<\/li>\n<li><strong>Transmisi\u00f3n:<\/strong> 1350 AM \/ Web<\/li>\n<li><strong>Horario de transmisi\u00f3n:<\/strong> 24 horas<\/li>\n<li><strong>Gerencia:<\/strong> Claudia Ortigoza P\u00e9rez<\/li>\n<li><strong>\u00c1rea de cobertura:<\/strong> Ciudad de M\u00e9xico, Estado de M\u00e9xico, Hidalgo.<\/li>\n<li><strong>Aniversario:<\/strong> 01 de marzo<\/li>\n<\/ul>\n<\/div>[\/vc_column_inner][\/vc_row_inner][\/vc_tab][vc_tab title=&#8221;Con\u00f3cenos&#8221; tab_id=&#8221;1772065787178-2-4&#8243;][vc_row_inner][vc_column_inner width=&#8221;1\/2&#8243;][vc_single_image image=&#8221;225&#8243; img_size=&#8221;full&#8221; alignment=&#8221;center&#8221; css=&#8221;&#8221;][\/vc_column_inner][vc_column_inner width=&#8221;1\/2&#8243;]<div class=\"dt-fancy-separator title-left h4-size style-thick accent-title-color\" style=\"width: 100%;\"><div class=\"dt-fancy-title\"><span class=\"separator-holder separator-left\" style=\"border-color: #291C49;\"><\/span>Qui\u00e9nes somxs<span class=\"separator-holder separator-right\" style=\"border-color: #291C49;\"><\/span><\/div><\/div>[vc_empty_space][vc_column_text css=&#8221;&#8221;]Luci\u00e9rnagas 13-50 es la primera emisora p\u00fablica en M\u00e9xico con perspectiva de g\u00e9nero. Surge para encender, desde la radio p\u00fablica, un resplandor colectivo que contribuya a transformar la cultura, la comunicaci\u00f3n y la vida social, como se expresa en su manifiesto \ufffc.<\/p>\n<p>Inspirada en la imagen de las luci\u00e9rnagas, la emisora asume la luz como met\u00e1fora de visibilidad y gu\u00eda. Su prop\u00f3sito es nombrar lo que fue silenciado, cuestionar lo que se normaliz\u00f3 como violencia y reconocer la diversidad que habita en nuestra sociedad. A trav\u00e9s de la palabra y el sonido, promueve una cultura del cuidado, la equidad, la justicia y la paz.<\/p>\n<p>Es un espacio de encuentro para colectivas, activistas, artistas, acad\u00e9micas, comunicadoras, hombres que reflexionan sobre sus masculinidades y todas las personas comprometidas con los derechos humanos.[\/vc_column_text][\/vc_column_inner][\/vc_row_inner][\/vc_tab][\/vc_tabs][\/vc_column][\/vc_row][vc_row][vc_column][\/vc_column][\/vc_row]<\/p>\n<\/div>","protected":false},"excerpt":{"rendered":"<p>[vc_row full_width=&#8221;stretch_row_content&#8221; type=&#8221;vc_default&#8221; css=&#8221;.vc_custom_1762195582990{margin-top: -50px !important;}&#8221;][vc_column][vc_raw_html css=&#8221;&#8221;]JTVCc29uYWFyX2F1ZGlvcGxheWVyJTIwZmVlZCUzRCUyMmh0dHBzJTNBJTJGJTJGczIubWV4c2lkZS5uZXQlMkY4MDI2JTJGc3RyZWFtJTIyJTIwZmVlZF90aXRsZSUzRCUyMkx1Y2klQzMlQTlybmFnYXMlMjAxMzUwJTIwZW4lMjB2aXZvJTIyJTIwcHJvZ3Jlc3NfYmFyX3N0eWxlJTNEJTIybWVkaWFFbGVtZW50JTIyJTIwd2F2ZV9iYXJfd2lkdGglM0QlMjIxJTIyJTIwd2F2ZV9iYXJfZ2FwJTNEJTIyMSUyMiUyMHdhdmVfY29sb3IlM0QlMjIlMjNlODgyYzklMjIlMjB3YXZlX3Byb2dyZXNzX2NvbG9yJTNEJTIyJTIzNjk0YTk0JTIyJTIwcGxheWVyX2xheW91dCUzRCUyMnNraW5fYm94ZWRfdHJhY2tsaXN0JTIyJTIwc2hvd190cmFja19tYXJrZXQlM0QlMjJ0cnVlJTIyJTIwY3NzJTNEJTIyLnNycF9tZXRhJTJDJTIwLnNycF9tZXRhLmFsYnVtLXRpdGxlJTdCZm9udC1zaXplJTNBMjBweCUzQmNvbG9yJTNBJTIzNjk0YTk0JTNCJTdELmNvbnRyb2wlMjBkaXYlMkMlMjAuY29udHJvbCUyMGklMkMlMjAuc3JwLXBsYXktYnV0dG9uJTIwLnNyaWNvbi1wbGF5JTJDJTIwLmFsYnVtLXBsYXllciUyMC5zcnBfbm90ZUJ1dHRvbiU3QmNvbG9yJTNBJTIzNjk0YTk0JTNCJTdELmNvbnRyb2wlMjAucGxheSUyQyUyMC5zcnAtcGxheS1jaXJjbGUlMkMlMjAuc3Jfc3BlZWRSYXRlJTIwZGl2JTdCYm9yZGVyLWNvbG9yJTNBJTIzNjk0YTk0JTNCJTdELnNycF9wbGF5ZXJfYm94ZWQlMkMlMjAuc2tpbl9mbG9hdGVkJTIwLmFsYnVtLXBsYXllciUyQyUyMC5zcnAtYXJ0d29ya2JnJTdCYmFja2dyb3VuZC1jb2xvciUzQXJnYmElMjgyNTUlMkMyNTUlMkMyNTUlMkMwJTI5JTNCJTdEJTIyJTVEJTVCJTJGc29uYWFyX2F1ZGlvcGxheWVyJTVE[\/vc_raw_html][\/vc_column][\/vc_row][vc_row full_width=&#8221;stretch_row_content_no_spaces&#8221; type=&#8221;vc_default&#8221; css=&#8221;.vc_custom_1772049021028{margin-top: -35px !important;}&#8221;][vc_column][vc_single_image image=&#8221;117&#8243; img_size=&#8221;full&#8221; alignment=&#8221;center&#8221; css=&#8221;&#8221; image_hovers=&#8221;false&#8221;][\/vc_column][\/vc_row][vc_row type=&#8221;vc_default&#8221; css=&#8221;.vc_custom_1772049200809{margin-top: 35px !important;margin-bottom: -85px !important;}&#8221;][vc_column width=&#8221;1\/4&#8243;][vc_single_image image=&#8221;241&#8243; img_size=&#8221;full&#8221; alignment=&#8221;center&#8221; onclick=&#8221;custom_link&#8221; css=&#8221;&#8221; link=&#8221;https:\/\/www.imer.mx\/luciernagas1350\/series\/&#8221;][\/vc_column][vc_column width=&#8221;1\/4&#8243;][vc_single_image image=&#8221;240&#8243; img_size=&#8221;full&#8221; alignment=&#8221;center&#8221; onclick=&#8221;custom_link&#8221; css=&#8221;&#8221; link=&#8221;https:\/\/www.imer.mx\/luciernagas1350\/programacion\/&#8221;][\/vc_column][vc_column width=&#8221;1\/4&#8243;][vc_single_image image=&#8221;239&#8243; img_size=&#8221;full&#8221; alignment=&#8221;center&#8221; onclick=&#8221;custom_link&#8221; css=&#8221;&#8221; link=&#8221;https:\/\/www.imer.mx\/luciernagas1350\/manifiesto\/&#8221;][\/vc_column][vc_column width=&#8221;1\/4&#8243;][vc_single_image image=&#8221;238&#8243; img_size=&#8221;full&#8221; alignment=&#8221;center&#8221; onclick=&#8221;custom_link&#8221; css=&#8221;&#8221; link=&#8221;https:\/\/www.imer.mx\/luciernagas1350\/convocatoria\/&#8221;][\/vc_column][\/vc_row][vc_row disable_element=&#8221;yes&#8221; type=&#8221;vc_default&#8221;][vc_column][vc_column_text css=&#8221;&#8221;]Aqui va&hellip;<\/p>\n","protected":false},"author":1,"featured_media":0,"parent":0,"menu_order":0,"comment_status":"closed","ping_status":"closed","template":"","meta":{"wp_popup_display_lightbox":0,"wp_popup_suppress":"","wp_popup_trigger":"","wp_popup_trigger_amount":0,"wp_popup_disable_on_mobile":false,"footnotes":""},"class_list":["post-6","page","type-page","status-publish","hentry","description-off"],"_links":{"self":[{"href":"https:\/\/www.imer.mx\/luciernagas1350\/wp-json\/wp\/v2\/pages\/6","targetHints":{"allow":["GET"]}}],"collection":[{"href":"https:\/\/www.imer.mx\/luciernagas1350\/wp-json\/wp\/v2\/pages"}],"about":[{"href":"https:\/\/www.imer.mx\/luciernagas1350\/wp-json\/wp\/v2\/types\/page"}],"author":[{"embeddable":true,"href":"https:\/\/www.imer.mx\/luciernagas1350\/wp-json\/wp\/v2\/users\/1"}],"replies":[{"embeddable":true,"href":"https:\/\/www.imer.mx\/luciernagas1350\/wp-json\/wp\/v2\/comments?post=6"}],"version-history":[{"count":2,"href":"https:\/\/www.imer.mx\/luciernagas1350\/wp-json\/wp\/v2\/pages\/6\/revisions"}],"predecessor-version":[{"id":242,"href":"https:\/\/www.imer.mx\/luciernagas1350\/wp-json\/wp\/v2\/pages\/6\/revisions\/242"}],"wp:attachment":[{"href":"https:\/\/www.imer.mx\/luciernagas1350\/wp-json\/wp\/v2\/media?parent=6"}],"curies":[{"name":"wp","href":"https:\/\/api.w.org\/{rel}","templated":true}]}}