{"id":156,"date":"2026-02-11T12:37:25","date_gmt":"2026-02-11T18:37:25","guid":{"rendered":"https:\/\/www.imer.mx\/luciernagas1350\/?page_id=156"},"modified":"2026-03-06T10:19:05","modified_gmt":"2026-03-06T16:19:05","slug":"manifiesto","status":"publish","type":"page","link":"https:\/\/www.imer.mx\/luciernagas1350\/manifiesto\/","title":{"rendered":"Manifiesto de Luci\u00e9rnagas 13-50"},"content":{"rendered":"<div class=\"wpb-content-wrapper\"><p>[vc_row][vc_column]<div id=\"ultimate-heading-8166a091462860ba\" class=\"uvc-heading ult-adjust-bottom-margin ultimate-heading-8166a091462860ba uvc-5983  uvc-heading-default-font-sizes\" data-hspacer=\"line_only\"  data-halign=\"left\" style=\"text-align:left\"><div class=\"uvc-main-heading ult-responsive\"  data-ultimate-target='.uvc-heading.ultimate-heading-8166a091462860ba h2'  data-responsive-json-new='{\"font-size\":\"\",\"line-height\":\"\"}' ><h2 style=\"--font-weight:theme;\">Manifiesto de Luci\u00e9rnagas 13-50<\/h2><\/div><div class=\"uvc-heading-spacer line_only\" style=\"topheight:1px;\"><span class=\"uvc-headings-line\" style=\"border-style:solid;border-bottom-width:1px;border-color:#ccc;width:autopx;\"><\/span><\/div><\/div>[vc_empty_space][\/vc_column][\/vc_row][vc_row][vc_column width=&#8221;2\/3&#8243;][vc_column_text css=&#8221;&#8221;]En la oscuridad de los discursos dominantes, donde las voces de las mujeres y de las diversidades han sido silenciadas, <strong>nace Luci\u00e9rnagas 13-50<\/strong>, la primera emisora p\u00fablica en M\u00e9xico con programaci\u00f3n basada completamente en perspectiva de g\u00e9nero.<br \/>\nLlega para encender muchas luces que, unidas, formen un resplandor colectivo capaz de transformar la cultura, la comunicaci\u00f3n y la vida social.<\/p>\n<p>Como las luci\u00e9rnagas que inspiran nuestro nombre, somos luz intermitente pero persistente; somos se\u00f1al y gu\u00eda en medio de la noche patriarcal. Nuestra bioluminiscencia es colectiva: <strong>brillamos juntas, brillamos todas, todes y todos<\/strong>.<\/p>\n<p><strong>Creemos en una radio que escucha, que acompa\u00f1a, que dialoga.<\/strong><br \/>\nUna radio que visibiliza las historias, los cuerpos, las luchas y los sue\u00f1os de quienes hist\u00f3ricamente fueron relegades a la sombra.<br \/>\nUna radio que no entretiene la indiferencia, sino que <strong>ilumina las realidades<\/strong>, cuestiona las violencias y propone horizontes de igualdad, justicia y paz.<\/p>\n<p>Desde esta frecuencia p\u00fablica, alzamos la voz para:<\/p>\n<ul>\n<li>Nombrar lo que fue silenciado.<\/li>\n<li>Denunciar lo que fue normalizado.<\/li>\n<li>Reconocer la diversidad que nos habita.<\/li>\n<li>Construir, desde la palabra y el sonido, una cultura del cuidado, la equidad y los derechos humanos.<\/li>\n<\/ul>\n<p><strong>Luci\u00e9rnagas 13-50<\/strong> es un espacio de encuentro para las colectivas, activistas, artistas, acad\u00e9micas, comunicadoras, hombres con masculinidades alternativas y todas las personas que creen en un mundo m\u00e1s justo e incluyente.<br \/>\nSomos parte de una constelaci\u00f3n de resistencias feministas que, desde lo cotidiano, alumbran los caminos del cambio.<\/p>\n<p>Porque cada palabra puede ser una chispa.<br \/>\nPorque cada historia puede ser una luz.<br \/>\nPorque juntas, nuestras luces hacen visible otro mundo posible.<\/p>\n<p>Luci\u00e9rnaga 13-50 Radio \u2014 A todas luces, por la igualdad, la diversidad y la esperanza.<\/p>\n<p><strong>Luci\u00e9rnagas 13-50<\/strong>, la primera emisora p\u00fablica en M\u00e9xico con perspectiva de g\u00e9nero, llega para encender muchas luces que, unidas, formen un resplandor colectivo capaz de transformar la cultura, la comunicaci\u00f3n y la vida social.<\/p>\n<p><strong>Creemos en una radio que escucha, que acompa\u00f1a, que dialoga.<\/strong><br \/>\nUna radio que visibiliza las historias, los cuerpos, las luchas y los sue\u00f1os de quienes hist\u00f3ricamente fueron relegades a la sombra.<br \/>\nUna radio que no entretiene la indiferencia, sino que <strong>ilumina las realidades<\/strong>, cuestiona las violencias y propone horizontes de igualdad, justicia y paz.<\/p>\n<p><strong>Luci\u00e9rnagas 13-50<\/strong> es un espacio de encuentro para las colectivas, activistas, artistas, acad\u00e9micas, comunicadoras, hombres con masculinidades alternativas y todas las personas que creen en un mundo m\u00e1s justo e incluyente.<br \/>\nSomos parte de una constelaci\u00f3n de resistencias feministas que, desde lo cotidiano, alumbran los caminos del cambio.<\/p>\n<p>Porque cada palabra puede ser una chispa.<br \/>\nPorque cada historia puede ser una luz.<br \/>\nPorque juntas, nuestras luces hacen visible otro mundo posible.<\/p>\n<p>Luci\u00e9rnaga 13-50 Radio \u2014 A todas luces, por la igualdad, la diversidad y la esperanza.[\/vc_column_text][\/vc_column][vc_column width=&#8221;1\/3&#8243;][vc_column_text]<\/p>\n<div style=\"width: 640px;\" class=\"wp-video\"><video class=\"wp-video-shortcode\" id=\"video-156-1\" width=\"640\" height=\"360\" preload=\"metadata\" controls=\"controls\"><source type=\"video\/mp4\" src=\"https:\/\/www.imer.mx\/imer.mx\/manifiesto_luciernagas1350am.mp4?_=1\" \/><a href=\"https:\/\/www.imer.mx\/imer.mx\/manifiesto_luciernagas1350am.mp4\">https:\/\/www.imer.mx\/imer.mx\/manifiesto_luciernagas1350am.mp4<\/a><\/video><\/div>\n<p>[\/vc_column_text][\/vc_column][\/vc_row]<\/p>\n<\/div>","protected":false},"excerpt":{"rendered":"<p>[vc_row][vc_column][vc_empty_space][\/vc_column][\/vc_row][vc_row][vc_column width=&#8221;2\/3&#8243;][vc_column_text css=&#8221;&#8221;]En la oscuridad de los discursos dominantes, donde las voces de las mujeres y de las diversidades han sido silenciadas, nace Luci\u00e9rnagas 13-50, la primera emisora p\u00fablica en M\u00e9xico con programaci\u00f3n basada completamente en perspectiva de g\u00e9nero. Llega para encender muchas luces que, unidas, formen un resplandor colectivo capaz de transformar la cultura,&hellip;<\/p>\n","protected":false},"author":1,"featured_media":0,"parent":0,"menu_order":0,"comment_status":"closed","ping_status":"closed","template":"","meta":{"wp_popup_display_lightbox":0,"wp_popup_suppress":"","wp_popup_trigger":"","wp_popup_trigger_amount":0,"wp_popup_disable_on_mobile":false,"footnotes":""},"class_list":["post-156","page","type-page","status-publish","hentry","description-off"],"_links":{"self":[{"href":"https:\/\/www.imer.mx\/luciernagas1350\/wp-json\/wp\/v2\/pages\/156","targetHints":{"allow":["GET"]}}],"collection":[{"href":"https:\/\/www.imer.mx\/luciernagas1350\/wp-json\/wp\/v2\/pages"}],"about":[{"href":"https:\/\/www.imer.mx\/luciernagas1350\/wp-json\/wp\/v2\/types\/page"}],"author":[{"embeddable":true,"href":"https:\/\/www.imer.mx\/luciernagas1350\/wp-json\/wp\/v2\/users\/1"}],"replies":[{"embeddable":true,"href":"https:\/\/www.imer.mx\/luciernagas1350\/wp-json\/wp\/v2\/comments?post=156"}],"version-history":[{"count":3,"href":"https:\/\/www.imer.mx\/luciernagas1350\/wp-json\/wp\/v2\/pages\/156\/revisions"}],"predecessor-version":[{"id":253,"href":"https:\/\/www.imer.mx\/luciernagas1350\/wp-json\/wp\/v2\/pages\/156\/revisions\/253"}],"wp:attachment":[{"href":"https:\/\/www.imer.mx\/luciernagas1350\/wp-json\/wp\/v2\/media?parent=156"}],"curies":[{"name":"wp","href":"https:\/\/api.w.org\/{rel}","templated":true}]}}